{"id":9483,"date":"2019-08-05T16:29:14","date_gmt":"2019-08-05T14:29:14","guid":{"rendered":"https:\/\/www.manicdepression.fr\/produit\/joy-disaster-staygatow\/"},"modified":"2020-12-03T15:37:02","modified_gmt":"2020-12-03T14:37:02","slug":"joy-disaster-staygatow","status":"publish","type":"product","link":"https:\/\/www.manicdepression.fr\/en\/produit\/joy-disaster-staygatow\/","title":{"rendered":"Joy\/Disaster &#8220;St\u00e4yG\u00e4t\u00f4W&#8221;"},"content":{"rendered":"<p>CD<br \/>\nPost Punk, Cold Rock<br \/>\nManic Depression<br \/>\nMD016<\/p>\n<p>Pressure<br \/>\nInside<br \/>\nThe Light<br \/>\nDory<br \/>\nVision 98<br \/>\nDamage Addiction<br \/>\nPrimitive Agent<br \/>\nToday<br \/>\nCold Sequence<br \/>\nWhite Attraction<br \/>\nRemember The Time<\/p>\n<p><iframe loading=\"lazy\" title=\"Joy Disaster - Dory\" width=\"720\" height=\"540\" src=\"https:\/\/www.youtube.com\/embed\/205Uml6vYfU?feature=oembed\" frameborder=\"0\" allow=\"accelerometer; autoplay; clipboard-write; encrypted-media; gyroscope; picture-in-picture\" allowfullscreen><\/iframe><\/p>\n","protected":false},"excerpt":{"rendered":"<p>CD<br>Post Punk, Cold Rock<br>Manic Depression<br>MD016<br>Pressure<br>Inside&hellip;<\/p>","protected":false},"featured_media":9484,"template":"","meta":[],"product_brand":[],"product_cat":[1310],"product_tag":[145,21],"label":[1716],"class_list":{"0":"post-9483","1":"product","2":"type-product","3":"status-publish","4":"has-post-thumbnail","6":"product_cat-cd","7":"product_tag-cold-rock","8":"product_tag-post-punk","9":"label-manic-depression","10":"post","11":"post-with-thumbnail","12":"post-with-thumbnail-icon","14":"first","15":"outofstock","16":"purchasable","17":"product-type-simple"},"_links":{"self":[{"href":"https:\/\/www.manicdepression.fr\/en\/wp-json\/wp\/v2\/product\/9483","targetHints":{"allow":["GET"]}}],"collection":[{"href":"https:\/\/www.manicdepression.fr\/en\/wp-json\/wp\/v2\/product"}],"about":[{"href":"https:\/\/www.manicdepression.fr\/en\/wp-json\/wp\/v2\/types\/product"}],"wp:featuredmedia":[{"embeddable":true,"href":"https:\/\/www.manicdepression.fr\/en\/wp-json\/wp\/v2\/media\/9484"}],"wp:attachment":[{"href":"https:\/\/www.manicdepression.fr\/en\/wp-json\/wp\/v2\/media?parent=9483"}],"wp:term":[{"taxonomy":"product_brand","embeddable":true,"href":"https:\/\/www.manicdepression.fr\/en\/wp-json\/wp\/v2\/product_brand?post=9483"},{"taxonomy":"product_cat","embeddable":true,"href":"https:\/\/www.manicdepression.fr\/en\/wp-json\/wp\/v2\/product_cat?post=9483"},{"taxonomy":"product_tag","embeddable":true,"href":"https:\/\/www.manicdepression.fr\/en\/wp-json\/wp\/v2\/product_tag?post=9483"},{"taxonomy":"label","embeddable":true,"href":"https:\/\/www.manicdepression.fr\/en\/wp-json\/wp\/v2\/label?post=9483"}],"curies":[{"name":"wp","href":"https:\/\/api.w.org\/{rel}","templated":true}]}}