{"id":9417,"date":"2019-08-05T16:28:57","date_gmt":"2019-08-05T14:28:57","guid":{"rendered":"https:\/\/www.manicdepression.fr\/produit\/lucie-cries-non-nova-sed-nove-vol-i\/"},"modified":"2020-12-03T17:03:17","modified_gmt":"2020-12-03T16:03:17","slug":"lucie-cries-non-nova-sed-nove-vol-i","status":"publish","type":"product","link":"https:\/\/www.manicdepression.fr\/en\/produit\/lucie-cries-non-nova-sed-nove-vol-i\/","title":{"rendered":"Lucie Cries &#8220;Non Nova, Sed Nove Vol. I&#8221;"},"content":{"rendered":"<p>2 CD<br \/>\nGothique,Cold Wave<br \/>\nInfrastition<\/p>\n<p>CD 1:<br \/>\n01 Reconquista<br \/>\n02 Peste De Cristal<br \/>\n03 Sophia<br \/>\n04 Les Fils de Ca\u00efn <a href=http:\/\/www.infrastition.com\/audio\/LC_Fils.mp3><\/a><br \/>\n05 Croisade Arctique<br \/>\n06 Panem Et Circences<br \/>\n07 Tocsins Et Testament<br \/>\n08 Le Jugement D&#8217;Osiris<br \/>\n09 Le Talisman De La Muse<br \/>\n10 Hydromel Et D\u00e9lices<br \/>\n11 Les Amants De Lucie<br \/>\n12 La Longue Marche<br \/>\n13 Le Man\u00e8ge<br \/>\n14 Tmisoara<br \/>\n15 Les Anges De Manille<br \/>\n16 Les Amants De Neptune<br \/>\n17 The Muse&#8217;s Calling<br \/>\n18 Morituri Te Salutant<\/p>\n<p>CD 2:<br \/>\n01 La Gr\u00e2ce Et Le Glaive<br \/>\n02 Les Fous De Messidor<br \/>\n03 L&#8217;Acropole D&#8217;Or<br \/>\n04 Vers Les Mines Du Golgotha<br \/>\n05 Alc\u00f4ves, S\u00e9r\u00e9nades Et Lumi\u00e8re<br \/>\n06 Le Madrigal De L&#8217;Elfe<br \/>\n07 Carthago Delenda Est<br \/>\n08 Les Soleils F\u00e9lons<br \/>\n09 Abyssus Abyssum Invocat<br \/>\n10 La Sagrada Familia<br \/>\n11 Le Cr\u00e9puscule Du Dogme<br \/>\n12 L&#8217;Oeil De Chronos<br \/>\n13 Alea Jacta Est <a href=http:\/\/www.cynfeirdd.com\/infra\/audio\/LC_Alea.MP3><\/a><br \/>\n14 Soeur De Sang<br \/>\n15 Ultima Verba<br \/>\n16 Icare<br \/>\n17 Vestale<br \/>\n18 Messaline<\/p>\n","protected":false},"excerpt":{"rendered":"<p>2 CD<br>Gothique,Cold Wave<br>Infrastition<br>CD 1:<br>01 Reconquista<br>02 Peste De Cristal&hellip;<\/p>","protected":false},"featured_media":9418,"template":"","meta":[],"product_brand":[],"product_cat":[77],"product_tag":[25,50],"label":[1869],"class_list":{"0":"post-9417","1":"product","2":"type-product","3":"status-publish","4":"has-post-thumbnail","6":"product_cat-2-cd","7":"product_tag-cold-wave","8":"product_tag-gothic-rock","9":"label-infrastition","10":"post","11":"post-with-thumbnail","12":"post-with-thumbnail-icon","14":"first","15":"outofstock","16":"purchasable","17":"product-type-simple"},"_links":{"self":[{"href":"https:\/\/www.manicdepression.fr\/en\/wp-json\/wp\/v2\/product\/9417","targetHints":{"allow":["GET"]}}],"collection":[{"href":"https:\/\/www.manicdepression.fr\/en\/wp-json\/wp\/v2\/product"}],"about":[{"href":"https:\/\/www.manicdepression.fr\/en\/wp-json\/wp\/v2\/types\/product"}],"wp:featuredmedia":[{"embeddable":true,"href":"https:\/\/www.manicdepression.fr\/en\/wp-json\/wp\/v2\/media\/9418"}],"wp:attachment":[{"href":"https:\/\/www.manicdepression.fr\/en\/wp-json\/wp\/v2\/media?parent=9417"}],"wp:term":[{"taxonomy":"product_brand","embeddable":true,"href":"https:\/\/www.manicdepression.fr\/en\/wp-json\/wp\/v2\/product_brand?post=9417"},{"taxonomy":"product_cat","embeddable":true,"href":"https:\/\/www.manicdepression.fr\/en\/wp-json\/wp\/v2\/product_cat?post=9417"},{"taxonomy":"product_tag","embeddable":true,"href":"https:\/\/www.manicdepression.fr\/en\/wp-json\/wp\/v2\/product_tag?post=9417"},{"taxonomy":"label","embeddable":true,"href":"https:\/\/www.manicdepression.fr\/en\/wp-json\/wp\/v2\/label?post=9417"}],"curies":[{"name":"wp","href":"https:\/\/api.w.org\/{rel}","templated":true}]}}