{"id":6521,"date":"2019-08-27T16:05:25","date_gmt":"2019-08-27T14:05:25","guid":{"rendered":"http:\/\/www.manicdepression.fr\/produit\/kaelan-mikla-nott-eftir-nott-2\/"},"modified":"2021-02-04T14:51:56","modified_gmt":"2021-02-04T13:51:56","slug":"kaelan-mikla-nott-eftir-nott-2","status":"publish","type":"product","link":"https:\/\/www.manicdepression.fr\/en\/produit\/kaelan-mikla-nott-eftir-nott-2\/","title":{"rendered":"K\u00e6lan Mikla &#8220;N\u00f3tt eftir n\u00f3tt&#8221;"},"content":{"rendered":"<p>Vinyl 12\u201d<br \/>\nDarkwave, Minimal, Synthwave<br \/>\nArtoffact Records<\/p>\n<p>2018<\/p>\n","protected":false},"excerpt":{"rendered":"<p>Vinyl 12\u201d<br>Darkwave, Minimal, Synthwave<br>Artoffact Records<br>2018&hellip;<\/p>","protected":false},"featured_media":6522,"template":"","meta":[],"product_brand":[],"product_cat":[18],"product_tag":[24,448,1380],"label":[1734],"class_list":{"0":"post-6521","1":"product","2":"type-product","3":"status-publish","4":"has-post-thumbnail","6":"product_cat-vinyl-12","7":"product_tag-dark-wave","8":"product_tag-minimal","9":"product_tag-synth-wave","10":"label-artoffact-records","11":"post","12":"post-with-thumbnail","13":"post-with-thumbnail-icon","15":"first","16":"outofstock","17":"purchasable","18":"product-type-simple"},"_links":{"self":[{"href":"https:\/\/www.manicdepression.fr\/en\/wp-json\/wp\/v2\/product\/6521","targetHints":{"allow":["GET"]}}],"collection":[{"href":"https:\/\/www.manicdepression.fr\/en\/wp-json\/wp\/v2\/product"}],"about":[{"href":"https:\/\/www.manicdepression.fr\/en\/wp-json\/wp\/v2\/types\/product"}],"wp:featuredmedia":[{"embeddable":true,"href":"https:\/\/www.manicdepression.fr\/en\/wp-json\/wp\/v2\/media\/6522"}],"wp:attachment":[{"href":"https:\/\/www.manicdepression.fr\/en\/wp-json\/wp\/v2\/media?parent=6521"}],"wp:term":[{"taxonomy":"product_brand","embeddable":true,"href":"https:\/\/www.manicdepression.fr\/en\/wp-json\/wp\/v2\/product_brand?post=6521"},{"taxonomy":"product_cat","embeddable":true,"href":"https:\/\/www.manicdepression.fr\/en\/wp-json\/wp\/v2\/product_cat?post=6521"},{"taxonomy":"product_tag","embeddable":true,"href":"https:\/\/www.manicdepression.fr\/en\/wp-json\/wp\/v2\/product_tag?post=6521"},{"taxonomy":"label","embeddable":true,"href":"https:\/\/www.manicdepression.fr\/en\/wp-json\/wp\/v2\/label?post=6521"}],"curies":[{"name":"wp","href":"https:\/\/api.w.org\/{rel}","templated":true}]}}