{"id":6460,"date":"2019-08-27T16:05:17","date_gmt":"2019-08-27T14:05:17","guid":{"rendered":"http:\/\/www.manicdepression.fr\/produit\/kaelan-mikla-nott-eftir-nott\/"},"modified":"2020-12-03T15:39:40","modified_gmt":"2020-12-03T14:39:40","slug":"kaelan-mikla-nott-eftir-nott","status":"publish","type":"product","link":"https:\/\/www.manicdepression.fr\/en\/produit\/kaelan-mikla-nott-eftir-nott\/","title":{"rendered":"K\u00e6lan Mikla &#8220;N\u00f3tt eftir n\u00f3tt&#8221;"},"content":{"rendered":"<p>Vinyl 12\u201d<br \/>\nDarkwave,Minimal,Synthwave<br \/>\nArtoffact Records<\/p>\n<p>2018<\/p>\n<p>https:\/\/www.youtube.com\/channel\/UCXmnR43rroWZDFZrObOtWdQ<\/p>\n","protected":false},"excerpt":{"rendered":"<p>Vinyl 12\u201d<br>Darkwave,Minimal,Synthwave<br>Artoffact Records<br>2018<br>https:\/\/www.youtube.com\/channel\/UCXmnR43rroWZDFZrObOtWdQ&hellip;<\/p>","protected":false},"featured_media":3945,"template":"","meta":[],"product_brand":[],"product_cat":[23],"product_tag":[24,448,1380],"label":[1734],"class_list":{"0":"post-6460","1":"product","2":"type-product","3":"status-publish","4":"has-post-thumbnail","6":"product_cat-digipack","7":"product_tag-dark-wave","8":"product_tag-minimal","9":"product_tag-synth-wave","10":"label-artoffact-records","11":"post","12":"post-with-thumbnail","13":"post-with-thumbnail-icon","15":"first","16":"instock","17":"purchasable","18":"product-type-simple"},"_links":{"self":[{"href":"https:\/\/www.manicdepression.fr\/en\/wp-json\/wp\/v2\/product\/6460","targetHints":{"allow":["GET"]}}],"collection":[{"href":"https:\/\/www.manicdepression.fr\/en\/wp-json\/wp\/v2\/product"}],"about":[{"href":"https:\/\/www.manicdepression.fr\/en\/wp-json\/wp\/v2\/types\/product"}],"wp:featuredmedia":[{"embeddable":true,"href":"https:\/\/www.manicdepression.fr\/en\/wp-json\/wp\/v2\/media\/3945"}],"wp:attachment":[{"href":"https:\/\/www.manicdepression.fr\/en\/wp-json\/wp\/v2\/media?parent=6460"}],"wp:term":[{"taxonomy":"product_brand","embeddable":true,"href":"https:\/\/www.manicdepression.fr\/en\/wp-json\/wp\/v2\/product_brand?post=6460"},{"taxonomy":"product_cat","embeddable":true,"href":"https:\/\/www.manicdepression.fr\/en\/wp-json\/wp\/v2\/product_cat?post=6460"},{"taxonomy":"product_tag","embeddable":true,"href":"https:\/\/www.manicdepression.fr\/en\/wp-json\/wp\/v2\/product_tag?post=6460"},{"taxonomy":"label","embeddable":true,"href":"https:\/\/www.manicdepression.fr\/en\/wp-json\/wp\/v2\/label?post=6460"}],"curies":[{"name":"wp","href":"https:\/\/api.w.org\/{rel}","templated":true}]}}