{"id":6233,"date":"2019-08-27T16:01:57","date_gmt":"2019-08-27T14:01:57","guid":{"rendered":"http:\/\/www.manicdepression.fr\/produit\/frio-y-vacio-frio-y-vacio\/"},"modified":"2021-01-16T15:18:43","modified_gmt":"2021-01-16T14:18:43","slug":"frio-y-vacio-frio-y-vacio","status":"publish","type":"product","link":"https:\/\/www.manicdepression.fr\/en\/produit\/frio-y-vacio-frio-y-vacio\/","title":{"rendered":"Fr\u00edo y Vac\u00edo &#8220;Fr\u00edo y Vac\u00edo&#8221;"},"content":{"rendered":"<p>Vinyl 12\u201d<br \/>\nPost Punk, Cold Wave<br \/>\nDead Wax Records<\/p>\n<p>2017<\/p>\n<p>https:\/\/www.youtube.com\/channel\/UCJdtFr64BIR1xxuqTz3V9HA<\/p>\n","protected":false},"excerpt":{"rendered":"<p>Vinyl 12\u201d<br>Post Punk, Cold Wave<br>Dead Wax Records<br>2017<br>https:\/\/www.youtube.com\/channel\/UCJdtFr64BIR1xxuqTz3V9HA&hellip;<\/p>","protected":false},"featured_media":6234,"template":"","meta":[],"product_brand":[],"product_cat":[18],"product_tag":[25,21],"label":[1804],"class_list":{"0":"post-6233","1":"product","2":"type-product","3":"status-publish","4":"has-post-thumbnail","6":"product_cat-vinyl-12","7":"product_tag-cold-wave","8":"product_tag-post-punk","9":"label-dead-wax-records","10":"post","11":"post-with-thumbnail","12":"post-with-thumbnail-icon","14":"first","15":"outofstock","16":"purchasable","17":"product-type-simple"},"_links":{"self":[{"href":"https:\/\/www.manicdepression.fr\/en\/wp-json\/wp\/v2\/product\/6233","targetHints":{"allow":["GET"]}}],"collection":[{"href":"https:\/\/www.manicdepression.fr\/en\/wp-json\/wp\/v2\/product"}],"about":[{"href":"https:\/\/www.manicdepression.fr\/en\/wp-json\/wp\/v2\/types\/product"}],"wp:featuredmedia":[{"embeddable":true,"href":"https:\/\/www.manicdepression.fr\/en\/wp-json\/wp\/v2\/media\/6234"}],"wp:attachment":[{"href":"https:\/\/www.manicdepression.fr\/en\/wp-json\/wp\/v2\/media?parent=6233"}],"wp:term":[{"taxonomy":"product_brand","embeddable":true,"href":"https:\/\/www.manicdepression.fr\/en\/wp-json\/wp\/v2\/product_brand?post=6233"},{"taxonomy":"product_cat","embeddable":true,"href":"https:\/\/www.manicdepression.fr\/en\/wp-json\/wp\/v2\/product_cat?post=6233"},{"taxonomy":"product_tag","embeddable":true,"href":"https:\/\/www.manicdepression.fr\/en\/wp-json\/wp\/v2\/product_tag?post=6233"},{"taxonomy":"label","embeddable":true,"href":"https:\/\/www.manicdepression.fr\/en\/wp-json\/wp\/v2\/label?post=6233"}],"curies":[{"name":"wp","href":"https:\/\/api.w.org\/{rel}","templated":true}]}}