{"id":5994,"date":"2019-08-27T15:58:43","date_gmt":"2019-08-27T13:58:43","guid":{"rendered":"http:\/\/www.manicdepression.fr\/produit\/fatal-casualties-jag-ar-inte-radd-for-dig-men-jag-ar-radd-for-vad-du-gor-med-mig-lord-i-found-allure\/"},"modified":"2020-12-04T11:27:50","modified_gmt":"2020-12-04T10:27:50","slug":"fatal-casualties-jag-ar-inte-radd-for-dig-men-jag-ar-radd-for-vad-du-gor-med-mig-lord-i-found-allure","status":"publish","type":"product","link":"https:\/\/www.manicdepression.fr\/en\/produit\/fatal-casualties-jag-ar-inte-radd-for-dig-men-jag-ar-radd-for-vad-du-gor-med-mig-lord-i-found-allure\/","title":{"rendered":"Fatal Casualties &#8220;Jag \u00c4r Inte R\u00e4dd F\u00f6r Dig, Men Jag \u00c4r R\u00e4dd F\u00f6r Vad Du G\u00f6r Med Mig \/ Lord, I Found Allure&#8221;"},"content":{"rendered":"<p>Vinyl 7&quot;<br \/>\nDarkwave,Minimal,Synthwave<br \/>\nSeja Records<\/p>\n<p>2016<\/p>\n<p>https:\/\/www.youtube.com\/channel\/UC1jBBn0tSp01Um5CzNB6XKA<\/p>\n","protected":false},"excerpt":{"rendered":"<p>Vinyl 7\"<br>Darkwave,Minimal,Synthwave<br>Seja Records<br>2016<br>https:\/\/www.youtube.com\/channel\/UC1jBBn0tSp01Um5CzNB6XKA&hellip;<\/p>","protected":false},"featured_media":5995,"template":"","meta":[],"product_brand":[],"product_cat":[62],"product_tag":[24,448,1380],"label":[1979],"class_list":{"0":"post-5994","1":"product","2":"type-product","3":"status-publish","4":"has-post-thumbnail","6":"product_cat-vinyl-7","7":"product_tag-dark-wave","8":"product_tag-minimal","9":"product_tag-synth-wave","10":"label-seja-records","11":"post","12":"post-with-thumbnail","13":"post-with-thumbnail-icon","15":"first","16":"instock","17":"purchasable","18":"product-type-simple"},"_links":{"self":[{"href":"https:\/\/www.manicdepression.fr\/en\/wp-json\/wp\/v2\/product\/5994","targetHints":{"allow":["GET"]}}],"collection":[{"href":"https:\/\/www.manicdepression.fr\/en\/wp-json\/wp\/v2\/product"}],"about":[{"href":"https:\/\/www.manicdepression.fr\/en\/wp-json\/wp\/v2\/types\/product"}],"wp:featuredmedia":[{"embeddable":true,"href":"https:\/\/www.manicdepression.fr\/en\/wp-json\/wp\/v2\/media\/5995"}],"wp:attachment":[{"href":"https:\/\/www.manicdepression.fr\/en\/wp-json\/wp\/v2\/media?parent=5994"}],"wp:term":[{"taxonomy":"product_brand","embeddable":true,"href":"https:\/\/www.manicdepression.fr\/en\/wp-json\/wp\/v2\/product_brand?post=5994"},{"taxonomy":"product_cat","embeddable":true,"href":"https:\/\/www.manicdepression.fr\/en\/wp-json\/wp\/v2\/product_cat?post=5994"},{"taxonomy":"product_tag","embeddable":true,"href":"https:\/\/www.manicdepression.fr\/en\/wp-json\/wp\/v2\/product_tag?post=5994"},{"taxonomy":"label","embeddable":true,"href":"https:\/\/www.manicdepression.fr\/en\/wp-json\/wp\/v2\/label?post=5994"}],"curies":[{"name":"wp","href":"https:\/\/api.w.org\/{rel}","templated":true}]}}