{"id":5494,"date":"2019-08-27T15:53:17","date_gmt":"2019-08-27T13:53:17","guid":{"rendered":"http:\/\/www.manicdepression.fr\/produit\/the-proof-pajki-i-mio\/"},"modified":"2020-12-03T15:49:18","modified_gmt":"2020-12-03T14:49:18","slug":"the-proof-pajki-i-mio","status":"publish","type":"product","link":"https:\/\/www.manicdepression.fr\/en\/produit\/the-proof-pajki-i-mio\/","title":{"rendered":"The Proof &#8220;Paj&#261;ki I Mi&#322;o&#347;&#263;&#8221;"},"content":{"rendered":"<p>CDR<br \/>\nPost Punk,Deathrock<br \/>\nBat-Cave Productions<\/p>\n<p>2015<\/p>\n<p><iframe loading=\"lazy\" title=\"The Proof  Live at Return To Batcave in CRK Utopia , 21.11.2015 , Wroc\u0142aw (Cz\u0119\u015b\u0107 1)\" width=\"720\" height=\"405\" src=\"https:\/\/www.youtube.com\/embed\/MagGjEDfiIA?feature=oembed\" frameborder=\"0\" allow=\"accelerometer; autoplay; encrypted-media; gyroscope; picture-in-picture\" allowfullscreen><\/iframe><\/p>\n","protected":false},"excerpt":{"rendered":"<p>CDR \/ Post Punk,Deathrock \/ Bat-Cave Productions<\/p>\n","protected":false},"featured_media":5495,"template":"","meta":[],"product_brand":[],"product_cat":[88],"product_tag":[21],"label":[1745],"class_list":{"0":"post-5494","1":"product","2":"type-product","3":"status-publish","4":"has-post-thumbnail","6":"product_cat-cdr","7":"product_tag-post-punk","8":"label-bat-cave-productions","9":"post","10":"post-with-thumbnail","11":"post-with-thumbnail-large","13":"first","14":"instock","15":"purchasable","16":"product-type-simple"},"_links":{"self":[{"href":"https:\/\/www.manicdepression.fr\/en\/wp-json\/wp\/v2\/product\/5494","targetHints":{"allow":["GET"]}}],"collection":[{"href":"https:\/\/www.manicdepression.fr\/en\/wp-json\/wp\/v2\/product"}],"about":[{"href":"https:\/\/www.manicdepression.fr\/en\/wp-json\/wp\/v2\/types\/product"}],"wp:featuredmedia":[{"embeddable":true,"href":"https:\/\/www.manicdepression.fr\/en\/wp-json\/wp\/v2\/media\/5495"}],"wp:attachment":[{"href":"https:\/\/www.manicdepression.fr\/en\/wp-json\/wp\/v2\/media?parent=5494"}],"wp:term":[{"taxonomy":"product_brand","embeddable":true,"href":"https:\/\/www.manicdepression.fr\/en\/wp-json\/wp\/v2\/product_brand?post=5494"},{"taxonomy":"product_cat","embeddable":true,"href":"https:\/\/www.manicdepression.fr\/en\/wp-json\/wp\/v2\/product_cat?post=5494"},{"taxonomy":"product_tag","embeddable":true,"href":"https:\/\/www.manicdepression.fr\/en\/wp-json\/wp\/v2\/product_tag?post=5494"},{"taxonomy":"label","embeddable":true,"href":"https:\/\/www.manicdepression.fr\/en\/wp-json\/wp\/v2\/label?post=5494"}],"curies":[{"name":"wp","href":"https:\/\/api.w.org\/{rel}","templated":true}]}}