{"id":4361,"date":"2019-08-27T15:41:34","date_gmt":"2019-08-27T13:41:34","guid":{"rendered":"http:\/\/www.manicdepression.fr\/produit\/paralleles-de-montsegur-esperit\/"},"modified":"2020-12-03T16:58:33","modified_gmt":"2020-12-03T15:58:33","slug":"paralleles-de-montsegur-esperit","status":"publish","type":"product","link":"https:\/\/www.manicdepression.fr\/en\/produit\/paralleles-de-montsegur-esperit\/","title":{"rendered":"Parall\u00e8les de Monts\u00e9gur &#8220;Esp\u00e9rit&#8221;"},"content":{"rendered":"<p>CD<br \/>\nCold Wave,Post Punk<br \/>\nInfrastition<\/p>\n<p>1. FILS DE RIEN, FILS DE MANDRIN<br \/>\n2. ROI DE FOUS<br \/>\n3. L&#8217;ISLAMIQUE<br \/>\n4. DIVIN MARQUIS<br \/>\n5. LES ANGES D\u00c9CHUS<br \/>\n6. LES LOUPS<br \/>\n7. SUR LES HAUTEURS<br \/>\n8. LE FROID<br \/>\n9. AU FIL DES ARMES*<br \/>\n10. L\u2019HOTE ANIMAL*<br \/>\n11. N\u2019ECOUTE PAS LA MER*<br \/>\n12. PIERROT DE LA LUNE*<\/p>\n<p>* BONUS TRACKS<\/p>\n","protected":false},"excerpt":{"rendered":"<p>CD \/ Cold Wave,Post Punk \/ Infrastition<\/p>\n","protected":false},"featured_media":4362,"template":"","meta":[],"product_brand":[],"product_cat":[32],"product_tag":[25,21],"label":[1869],"class_list":{"0":"post-4361","1":"product","2":"type-product","3":"status-publish","4":"has-post-thumbnail","6":"product_cat-cd-crystal","7":"product_tag-cold-wave","8":"product_tag-post-punk","9":"label-infrastition","10":"post","11":"post-with-thumbnail","12":"post-with-thumbnail-icon","14":"first","15":"outofstock","16":"purchasable","17":"product-type-simple"},"_links":{"self":[{"href":"https:\/\/www.manicdepression.fr\/en\/wp-json\/wp\/v2\/product\/4361","targetHints":{"allow":["GET"]}}],"collection":[{"href":"https:\/\/www.manicdepression.fr\/en\/wp-json\/wp\/v2\/product"}],"about":[{"href":"https:\/\/www.manicdepression.fr\/en\/wp-json\/wp\/v2\/types\/product"}],"wp:featuredmedia":[{"embeddable":true,"href":"https:\/\/www.manicdepression.fr\/en\/wp-json\/wp\/v2\/media\/4362"}],"wp:attachment":[{"href":"https:\/\/www.manicdepression.fr\/en\/wp-json\/wp\/v2\/media?parent=4361"}],"wp:term":[{"taxonomy":"product_brand","embeddable":true,"href":"https:\/\/www.manicdepression.fr\/en\/wp-json\/wp\/v2\/product_brand?post=4361"},{"taxonomy":"product_cat","embeddable":true,"href":"https:\/\/www.manicdepression.fr\/en\/wp-json\/wp\/v2\/product_cat?post=4361"},{"taxonomy":"product_tag","embeddable":true,"href":"https:\/\/www.manicdepression.fr\/en\/wp-json\/wp\/v2\/product_tag?post=4361"},{"taxonomy":"label","embeddable":true,"href":"https:\/\/www.manicdepression.fr\/en\/wp-json\/wp\/v2\/label?post=4361"}],"curies":[{"name":"wp","href":"https:\/\/api.w.org\/{rel}","templated":true}]}}