{"id":4328,"date":"2019-08-27T15:41:20","date_gmt":"2019-08-27T13:41:20","guid":{"rendered":"http:\/\/www.manicdepression.fr\/produit\/deadchovsky-spiritus-sancti-bizarre\/"},"modified":"2020-12-03T15:36:34","modified_gmt":"2020-12-03T14:36:34","slug":"deadchovsky-spiritus-sancti-bizarre","status":"publish","type":"product","link":"https:\/\/www.manicdepression.fr\/en\/produit\/deadchovsky-spiritus-sancti-bizarre\/","title":{"rendered":"Deadchovsky &#8220;Spiritus Sancti Bizarre&#8221;"},"content":{"rendered":"<p>CD<br \/>\nBatcave<br \/>\nManic Depression<br \/>\nMD009<\/p>\n<a href=\"https:\/\/manicdepressionrecords.bandcamp.com\/album\/md009-deadchovsky-spiritus-sancti-bizarre-2007\" class=\"su-button su-button-style-flat\" style=\"color:#FFFFFF;background-color:#666;border-color:#525252;border-radius:5px\" target=\"_blank\" rel=\"noopener noreferrer\"><span style=\"color:#FFFFFF;padding:0px 16px;font-size:13px;line-height:26px;border-color:#949494;border-radius:5px;text-shadow:none\"> Buy in digital<\/span><\/a>\n<p><iframe style=\"border: 0; width: 100%; height: 120px;\" src=\"https:\/\/bandcamp.com\/EmbeddedPlayer\/album=414759371\/size=large\/bgcol=ffffff\/linkcol=0687f5\/tracklist=false\/artwork=small\/transparent=true\/\" seamless><a href=\"http:\/\/manicdepressionrecords.bandcamp.com\/album\/md009-deadchovsky-spiritus-sancti-bizarre-2007\">MD009 &#8211; DEADCHOVSKY &quot;Spiritus Sancti Bizarre&quot; (2007) by DEADCHOVSKY<\/a><\/iframe><\/p>\n<p>Cosmic Sight<br \/>\nLa Pythie D\u00e9mente<br \/>\nI Wanna Look Like The New Dark Age Model<br \/>\nLe Fr\u00e8re du Sandwichier<br \/>\nLe Cirque Vicieux<br \/>\nPr\u00e9lude Interm\u00e9diaire : les d\u00e9dales herm\u00e9tiques<br \/>\nButterfly Psyko Effekt<br \/>\nChildren of TomorrowA<br \/>\nNightride with the Moon<br \/>\nG\u00e9n\u00e9ration Tchernobyl<br \/>\nIte Missa Est<\/p>","protected":false},"excerpt":{"rendered":"<p>CD \/ Batcave \/ Manic Depression<\/p>\n","protected":false},"featured_media":4329,"template":"","meta":[],"product_brand":[],"product_cat":[32],"product_tag":[40],"label":[1716],"class_list":{"0":"post-4328","1":"product","2":"type-product","3":"status-publish","4":"has-post-thumbnail","6":"product_cat-cd-crystal","7":"product_tag-batcave","8":"label-manic-depression","9":"post","10":"post-with-thumbnail","11":"post-with-thumbnail-large","13":"first","14":"instock","15":"purchasable","16":"product-type-simple"},"_links":{"self":[{"href":"https:\/\/www.manicdepression.fr\/en\/wp-json\/wp\/v2\/product\/4328","targetHints":{"allow":["GET"]}}],"collection":[{"href":"https:\/\/www.manicdepression.fr\/en\/wp-json\/wp\/v2\/product"}],"about":[{"href":"https:\/\/www.manicdepression.fr\/en\/wp-json\/wp\/v2\/types\/product"}],"wp:featuredmedia":[{"embeddable":true,"href":"https:\/\/www.manicdepression.fr\/en\/wp-json\/wp\/v2\/media\/4329"}],"wp:attachment":[{"href":"https:\/\/www.manicdepression.fr\/en\/wp-json\/wp\/v2\/media?parent=4328"}],"wp:term":[{"taxonomy":"product_brand","embeddable":true,"href":"https:\/\/www.manicdepression.fr\/en\/wp-json\/wp\/v2\/product_brand?post=4328"},{"taxonomy":"product_cat","embeddable":true,"href":"https:\/\/www.manicdepression.fr\/en\/wp-json\/wp\/v2\/product_cat?post=4328"},{"taxonomy":"product_tag","embeddable":true,"href":"https:\/\/www.manicdepression.fr\/en\/wp-json\/wp\/v2\/product_tag?post=4328"},{"taxonomy":"label","embeddable":true,"href":"https:\/\/www.manicdepression.fr\/en\/wp-json\/wp\/v2\/label?post=4328"}],"curies":[{"name":"wp","href":"https:\/\/api.w.org\/{rel}","templated":true}]}}