{"id":4277,"date":"2019-08-27T15:40:34","date_gmt":"2019-08-27T13:40:34","guid":{"rendered":"http:\/\/www.manicdepression.fr\/produit\/the-last-days-of-jesus-alien-road\/"},"modified":"2020-12-04T11:46:54","modified_gmt":"2020-12-04T10:46:54","slug":"the-last-days-of-jesus-alien-road","status":"publish","type":"product","link":"https:\/\/www.manicdepression.fr\/en\/produit\/the-last-days-of-jesus-alien-road\/","title":{"rendered":"The Last Days of Jesus &#8220;Alien Road&#8221;"},"content":{"rendered":"<p>CD<br \/>\nProgressive Death Rock<br \/>\nStrobelight<\/p>\n<p>Welcome To Earth (intro)<br \/>\nEveryday Is Halloween<br \/>\nGuns\u00d5n\u00d5Drums\u00d5n\u00d5March\u00d5n\u00d5Fun (Alien Edit)<br \/>\nFear, Gunshot&#8230;Then The Bliss<br \/>\nLife In Line<br \/>\nLooter Do-Gooder<br \/>\nMerry-Go-Round<br \/>\nDeath Song<br \/>\nConnected Or Infected <a href=http:\/\/www.strobelight-records.com\/s_rec\/sounds\/tldoj_mp3\/connec_snip.mp3><\/a><br \/>\nParanoid Humanoid<br \/>\nCommunication (Between The Red Walls)<br \/>\nAlien Domestic Humanoid Sick<\/p>\n","protected":false},"excerpt":{"rendered":"<p>CD<br>Progressive Death Rock<br>Strobelight<br>Welcome To Earth (intro)<br>Everyday Is Halloween<br>Guns\u00d5n\u00d5Drums\u00d5n\u00d5March\u00d5n\u00d5Fun (Alien Edit)&hellip;<\/p>","protected":false},"featured_media":4278,"template":"","meta":[],"product_brand":[],"product_cat":[32],"product_tag":[47,1272],"label":[1998],"class_list":{"0":"post-4277","1":"product","2":"type-product","3":"status-publish","4":"has-post-thumbnail","6":"product_cat-cd-crystal","7":"product_tag-death-rock","8":"product_tag-progressive","9":"label-strobelight","10":"post","11":"post-with-thumbnail","12":"post-with-thumbnail-icon","14":"first","15":"instock","16":"purchasable","17":"product-type-simple"},"_links":{"self":[{"href":"https:\/\/www.manicdepression.fr\/en\/wp-json\/wp\/v2\/product\/4277","targetHints":{"allow":["GET"]}}],"collection":[{"href":"https:\/\/www.manicdepression.fr\/en\/wp-json\/wp\/v2\/product"}],"about":[{"href":"https:\/\/www.manicdepression.fr\/en\/wp-json\/wp\/v2\/types\/product"}],"wp:featuredmedia":[{"embeddable":true,"href":"https:\/\/www.manicdepression.fr\/en\/wp-json\/wp\/v2\/media\/4278"}],"wp:attachment":[{"href":"https:\/\/www.manicdepression.fr\/en\/wp-json\/wp\/v2\/media?parent=4277"}],"wp:term":[{"taxonomy":"product_brand","embeddable":true,"href":"https:\/\/www.manicdepression.fr\/en\/wp-json\/wp\/v2\/product_brand?post=4277"},{"taxonomy":"product_cat","embeddable":true,"href":"https:\/\/www.manicdepression.fr\/en\/wp-json\/wp\/v2\/product_cat?post=4277"},{"taxonomy":"product_tag","embeddable":true,"href":"https:\/\/www.manicdepression.fr\/en\/wp-json\/wp\/v2\/product_tag?post=4277"},{"taxonomy":"label","embeddable":true,"href":"https:\/\/www.manicdepression.fr\/en\/wp-json\/wp\/v2\/label?post=4277"}],"curies":[{"name":"wp","href":"https:\/\/api.w.org\/{rel}","templated":true}]}}