{"id":15907,"date":"2021-11-11T15:55:44","date_gmt":"2021-11-11T14:55:44","guid":{"rendered":"https:\/\/www.manicdepression.fr\/?post_type=product&#038;p=15907"},"modified":"2021-11-11T20:19:10","modified_gmt":"2021-11-11T19:19:10","slug":"kaelan-mikla-undir-koldum-nordurljosum","status":"publish","type":"product","link":"https:\/\/www.manicdepression.fr\/en\/produit\/kaelan-mikla-undir-koldum-nordurljosum\/","title":{"rendered":"K\u00e6lan Mikla &#8220;Undir K\u00f6ldum Nor\u00f0urlj\u00f3sum&#8221;"},"content":{"rendered":"<p>Digipack<br \/>\nDarkwave, Minimal, Synthwave<br \/>\nArtoffact Records<\/p>\n<p>2021<\/p>\n<p><a href=\"https:\/\/kaelanmikla.bandcamp.com\/album\/undir-k-ldum-nor-urlj-sum\" target=\"_blank\" rel=\"noopener\">https:\/\/kaelanmikla.bandcamp.com\/album\/undir-k-ldum-nor-urlj-sum<\/a><\/p>\n<p><a href=\"https:\/\/www.facebook.com\/Kaelanmikla\" target=\"_blank\" rel=\"noopener\">https:\/\/www.facebook.com\/Kaelanmikla<\/a><\/p>\n<p><iframe loading=\"lazy\" title=\"K\u00e6lan Mikla - Hv\u00edtir Sandar feat. Alcest\" width=\"720\" height=\"405\" src=\"https:\/\/www.youtube.com\/embed\/EKts4tF9ue8?feature=oembed\" frameborder=\"0\" allow=\"accelerometer; autoplay; clipboard-write; encrypted-media; gyroscope; picture-in-picture\" allowfullscreen><\/iframe><\/p>\n","protected":false},"excerpt":{"rendered":"<p>Digipack<br>Darkwave, Minimal, Synthwave<br>Artoffact Records<br>2021<br>https:\/\/kaelanmikla.bandcamp.com\/album\/undir-k-ldum-nor-urlj-sum<br>https:\/\/www.facebook.com\/Kaelanmikla&hellip;<\/p>","protected":false},"featured_media":15912,"template":"","meta":[],"product_brand":[],"product_cat":[23],"product_tag":[24,448,1380],"label":[1734],"class_list":{"0":"post-15907","1":"product","2":"type-product","3":"status-publish","4":"has-post-thumbnail","6":"product_cat-digipack","7":"product_tag-dark-wave","8":"product_tag-minimal","9":"product_tag-synth-wave","10":"label-artoffact-records","11":"post","12":"post-with-thumbnail","13":"post-with-thumbnail-icon","15":"first","16":"instock","17":"purchasable","18":"product-type-simple"},"_links":{"self":[{"href":"https:\/\/www.manicdepression.fr\/en\/wp-json\/wp\/v2\/product\/15907","targetHints":{"allow":["GET"]}}],"collection":[{"href":"https:\/\/www.manicdepression.fr\/en\/wp-json\/wp\/v2\/product"}],"about":[{"href":"https:\/\/www.manicdepression.fr\/en\/wp-json\/wp\/v2\/types\/product"}],"wp:featuredmedia":[{"embeddable":true,"href":"https:\/\/www.manicdepression.fr\/en\/wp-json\/wp\/v2\/media\/15912"}],"wp:attachment":[{"href":"https:\/\/www.manicdepression.fr\/en\/wp-json\/wp\/v2\/media?parent=15907"}],"wp:term":[{"taxonomy":"product_brand","embeddable":true,"href":"https:\/\/www.manicdepression.fr\/en\/wp-json\/wp\/v2\/product_brand?post=15907"},{"taxonomy":"product_cat","embeddable":true,"href":"https:\/\/www.manicdepression.fr\/en\/wp-json\/wp\/v2\/product_cat?post=15907"},{"taxonomy":"product_tag","embeddable":true,"href":"https:\/\/www.manicdepression.fr\/en\/wp-json\/wp\/v2\/product_tag?post=15907"},{"taxonomy":"label","embeddable":true,"href":"https:\/\/www.manicdepression.fr\/en\/wp-json\/wp\/v2\/label?post=15907"}],"curies":[{"name":"wp","href":"https:\/\/api.w.org\/{rel}","templated":true}]}}