{"id":15436,"date":"2021-05-23T15:50:39","date_gmt":"2021-05-23T13:50:39","guid":{"rendered":"https:\/\/www.manicdepression.fr\/?post_type=product&#038;p=15436"},"modified":"2021-05-23T15:53:48","modified_gmt":"2021-05-23T13:53:48","slug":"wieze-fabryk-cel-i-swiatlo","status":"publish","type":"product","link":"https:\/\/www.manicdepression.fr\/en\/produit\/wieze-fabryk-cel-i-swiatlo\/","title":{"rendered":"Wie\u017ce Fabryk &#8220;Cel i \u015bwiat\u0142o&#8221;"},"content":{"rendered":"<p>Digipack<br \/>\nPost Punk \/ Dark Punk<br \/>\nBat-Cave Productions<\/p>\n<p>2021<\/p>\n<p><a href=\"https:\/\/wiezefabryk.bandcamp.com\/album\/cel-i-wiat-o\" target=\"_blank\" rel=\"noopener\">https:\/\/wiezefabryk.bandcamp.com\/album\/cel-i-wiat-o<\/a><\/p>\n<p><a href=\"https:\/\/www.facebook.com\/wieze.fabryk\" target=\"_blank\" rel=\"noopener\">https:\/\/www.facebook.com\/wieze.fabryk<\/a><\/p>\n<p>&nbsp;<\/p>\n","protected":false},"excerpt":{"rendered":"<p>Digipack \/ Post Punk \/ Dark Punk \/ Bat-Cave Productions<\/p>\n","protected":false},"featured_media":15437,"template":"","meta":[],"product_brand":[],"product_cat":[23],"product_tag":[1277,21],"label":[1745],"class_list":{"0":"post-15436","1":"product","2":"type-product","3":"status-publish","4":"has-post-thumbnail","6":"product_cat-digipack","7":"product_tag-dark-punk","8":"product_tag-post-punk","9":"label-bat-cave-productions","10":"post","11":"post-with-thumbnail","12":"post-with-thumbnail-large","14":"first","15":"instock","16":"shipping-taxable","17":"purchasable","18":"product-type-simple"},"_links":{"self":[{"href":"https:\/\/www.manicdepression.fr\/en\/wp-json\/wp\/v2\/product\/15436","targetHints":{"allow":["GET"]}}],"collection":[{"href":"https:\/\/www.manicdepression.fr\/en\/wp-json\/wp\/v2\/product"}],"about":[{"href":"https:\/\/www.manicdepression.fr\/en\/wp-json\/wp\/v2\/types\/product"}],"wp:featuredmedia":[{"embeddable":true,"href":"https:\/\/www.manicdepression.fr\/en\/wp-json\/wp\/v2\/media\/15437"}],"wp:attachment":[{"href":"https:\/\/www.manicdepression.fr\/en\/wp-json\/wp\/v2\/media?parent=15436"}],"wp:term":[{"taxonomy":"product_brand","embeddable":true,"href":"https:\/\/www.manicdepression.fr\/en\/wp-json\/wp\/v2\/product_brand?post=15436"},{"taxonomy":"product_cat","embeddable":true,"href":"https:\/\/www.manicdepression.fr\/en\/wp-json\/wp\/v2\/product_cat?post=15436"},{"taxonomy":"product_tag","embeddable":true,"href":"https:\/\/www.manicdepression.fr\/en\/wp-json\/wp\/v2\/product_tag?post=15436"},{"taxonomy":"label","embeddable":true,"href":"https:\/\/www.manicdepression.fr\/en\/wp-json\/wp\/v2\/label?post=15436"}],"curies":[{"name":"wp","href":"https:\/\/api.w.org\/{rel}","templated":true}]}}