{"id":12549,"date":"2020-03-28T01:16:52","date_gmt":"2020-03-28T00:16:52","guid":{"rendered":"https:\/\/www.manicdepression.fr\/?post_type=product&#038;p=12549"},"modified":"2020-12-03T15:47:56","modified_gmt":"2020-12-03T14:47:56","slug":"padkarosda-visszatero-remalom","status":"publish","type":"product","link":"https:\/\/www.manicdepression.fr\/en\/produit\/padkarosda-visszatero-remalom\/","title":{"rendered":"PADKAROSDA &#8220;Visszat\u00e9r\u0151 R\u00e9m\u00e1lom&#8221;"},"content":{"rendered":"<p>CD<br \/>\nDeathrock \/Dark Punk<br \/>\nBat-Cave Productions<\/p>\n<p>2019<\/p>\n<p><a href=\"https:\/\/www.facebook.com\/padkarosda\/\" target=\"_blank\" rel=\"noopener noreferrer\">https:\/\/www.facebook.com\/padkarosda\/<\/a><\/p>\n<p><a href=\"https:\/\/padkarosda.bandcamp.com\/album\/visszat-r-r-m-lom-2018\" target=\"_blank\" rel=\"noopener noreferrer\">https:\/\/padkarosda.bandcamp.com\/album\/visszat-r-r-m-lom-2018<\/a><\/p>\n<p><iframe loading=\"lazy\" title=\"PADKAROSDA - Visszat\u00e9r\u0151 R\u00e9m\u00e1lom [2018 Dark Post-Punk]\" width=\"720\" height=\"405\" src=\"https:\/\/www.youtube.com\/embed\/9JH1ogWf7Co?feature=oembed\" frameborder=\"0\" allow=\"accelerometer; autoplay; encrypted-media; gyroscope; picture-in-picture\" allowfullscreen><\/iframe><\/p>\n","protected":false},"excerpt":{"rendered":"<p>CD \/ Deathrock \/Dark Punk \/ Bat-Cave Productions<\/p>\n","protected":false},"featured_media":12550,"template":"","meta":[],"product_brand":[],"product_cat":[1310],"product_tag":[1277],"label":[1745],"class_list":{"0":"post-12549","1":"product","2":"type-product","3":"status-publish","4":"has-post-thumbnail","6":"product_cat-cd","7":"product_tag-dark-punk","8":"label-bat-cave-productions","9":"post","10":"post-with-thumbnail","11":"post-with-thumbnail-large","13":"first","14":"instock","15":"shipping-taxable","16":"purchasable","17":"product-type-simple"},"_links":{"self":[{"href":"https:\/\/www.manicdepression.fr\/en\/wp-json\/wp\/v2\/product\/12549","targetHints":{"allow":["GET"]}}],"collection":[{"href":"https:\/\/www.manicdepression.fr\/en\/wp-json\/wp\/v2\/product"}],"about":[{"href":"https:\/\/www.manicdepression.fr\/en\/wp-json\/wp\/v2\/types\/product"}],"wp:featuredmedia":[{"embeddable":true,"href":"https:\/\/www.manicdepression.fr\/en\/wp-json\/wp\/v2\/media\/12550"}],"wp:attachment":[{"href":"https:\/\/www.manicdepression.fr\/en\/wp-json\/wp\/v2\/media?parent=12549"}],"wp:term":[{"taxonomy":"product_brand","embeddable":true,"href":"https:\/\/www.manicdepression.fr\/en\/wp-json\/wp\/v2\/product_brand?post=12549"},{"taxonomy":"product_cat","embeddable":true,"href":"https:\/\/www.manicdepression.fr\/en\/wp-json\/wp\/v2\/product_cat?post=12549"},{"taxonomy":"product_tag","embeddable":true,"href":"https:\/\/www.manicdepression.fr\/en\/wp-json\/wp\/v2\/product_tag?post=12549"},{"taxonomy":"label","embeddable":true,"href":"https:\/\/www.manicdepression.fr\/en\/wp-json\/wp\/v2\/label?post=12549"}],"curies":[{"name":"wp","href":"https:\/\/api.w.org\/{rel}","templated":true}]}}