{"id":12547,"date":"2020-03-28T01:08:05","date_gmt":"2020-03-28T00:08:05","guid":{"rendered":"https:\/\/www.manicdepression.fr\/?post_type=product&#038;p=12547"},"modified":"2020-12-04T15:18:31","modified_gmt":"2020-12-04T14:18:31","slug":"huta-plastiku-ksiega-dzungli","status":"publish","type":"product","link":"https:\/\/www.manicdepression.fr\/en\/produit\/huta-plastiku-ksiega-dzungli\/","title":{"rendered":"Huta Plastiku &#8220;Ksi\u0119ga D\u017cungli&#8221;"},"content":{"rendered":"<p>CD<br \/>\nPost-Punk<br \/>\nBat-Cave Productions<\/p>\n<p>2020<\/p>\n<p><a href=\"https:\/\/www.facebook.com\/hutaplastiku\/\" target=\"_blank\" rel=\"noopener noreferrer\">https:\/\/www.facebook.com\/hutaplastiku\/<\/a><\/p>\n<p><a href=\"https:\/\/batcaveproductions.bandcamp.com\/album\/ksi-ga-d-ungli\" target=\"_blank\" rel=\"noopener noreferrer\">https:\/\/batcaveproductions.bandcamp.com\/album\/ksi-ga-d-ungli<\/a><\/p>\n<p><iframe loading=\"lazy\" title=\"HUTA PLASTIKU - ma\u0142y ch\u0142opiec (album &quot;Ksi\u0119ga D\u017cungli&quot; 2020)\" width=\"720\" height=\"405\" src=\"https:\/\/www.youtube.com\/embed\/9XrLWyKQR6E?feature=oembed\" frameborder=\"0\" allow=\"accelerometer; autoplay; clipboard-write; encrypted-media; gyroscope; picture-in-picture\" allowfullscreen><\/iframe><\/p>\n","protected":false},"excerpt":{"rendered":"<p>CD \/ Post-Punk \/ Bat-Cave Productions<\/p>\n","protected":false},"featured_media":12548,"template":"","meta":[],"product_brand":[],"product_cat":[1310],"product_tag":[21],"label":[1745],"class_list":{"0":"post-12547","1":"product","2":"type-product","3":"status-publish","4":"has-post-thumbnail","6":"product_cat-cd","7":"product_tag-post-punk","8":"label-bat-cave-productions","9":"post","10":"post-with-thumbnail","11":"post-with-thumbnail-large","13":"first","14":"instock","15":"shipping-taxable","16":"purchasable","17":"product-type-simple"},"_links":{"self":[{"href":"https:\/\/www.manicdepression.fr\/en\/wp-json\/wp\/v2\/product\/12547","targetHints":{"allow":["GET"]}}],"collection":[{"href":"https:\/\/www.manicdepression.fr\/en\/wp-json\/wp\/v2\/product"}],"about":[{"href":"https:\/\/www.manicdepression.fr\/en\/wp-json\/wp\/v2\/types\/product"}],"wp:featuredmedia":[{"embeddable":true,"href":"https:\/\/www.manicdepression.fr\/en\/wp-json\/wp\/v2\/media\/12548"}],"wp:attachment":[{"href":"https:\/\/www.manicdepression.fr\/en\/wp-json\/wp\/v2\/media?parent=12547"}],"wp:term":[{"taxonomy":"product_brand","embeddable":true,"href":"https:\/\/www.manicdepression.fr\/en\/wp-json\/wp\/v2\/product_brand?post=12547"},{"taxonomy":"product_cat","embeddable":true,"href":"https:\/\/www.manicdepression.fr\/en\/wp-json\/wp\/v2\/product_cat?post=12547"},{"taxonomy":"product_tag","embeddable":true,"href":"https:\/\/www.manicdepression.fr\/en\/wp-json\/wp\/v2\/product_tag?post=12547"},{"taxonomy":"label","embeddable":true,"href":"https:\/\/www.manicdepression.fr\/en\/wp-json\/wp\/v2\/label?post=12547"}],"curies":[{"name":"wp","href":"https:\/\/api.w.org\/{rel}","templated":true}]}}