{"id":11985,"date":"2020-01-05T23:54:37","date_gmt":"2020-01-05T22:54:37","guid":{"rendered":"https:\/\/www.manicdepression.fr\/?post_type=product&#038;p=11985"},"modified":"2020-12-04T12:18:53","modified_gmt":"2020-12-04T11:18:53","slug":"lovataraxx-hebephrenie","status":"publish","type":"product","link":"https:\/\/www.manicdepression.fr\/en\/produit\/lovataraxx-hebephrenie\/","title":{"rendered":"LOVATARAXX &#8220;H\u00e9b\u00e9phr\u00e9nie&#8221;"},"content":{"rendered":"<p>Digipack<br \/>\nSynthwave<br \/>\nUnknown Pleasures Records<\/p>\n<p>2019<\/p>\n<p><a href=\"https:\/\/www.facebook.com\/lovataraxx\" target=\"_blank\" rel=\"noopener noreferrer\">https:\/\/www.facebook.com\/lovataraxx<\/a><\/p>\n<p><a href=\"https:\/\/hivmusic1.bandcamp.com\/album\/uprgold-04-h-b-phr-nie-synthwave-cd\" target=\"_blank\" rel=\"noopener noreferrer\">https:\/\/hivmusic1.bandcamp.com\/album\/uprgold-04-h-b-phr-nie-synthwave-cd<\/a><\/p>\n<p><iframe loading=\"lazy\" title=\"LOVATARAXX - Prostration ( Official Music Vid\u00e9o )\" width=\"720\" height=\"405\" src=\"https:\/\/www.youtube.com\/embed\/5RjhbABxFsg?feature=oembed\" frameborder=\"0\" allow=\"accelerometer; autoplay; encrypted-media; gyroscope; picture-in-picture\" allowfullscreen><\/iframe><\/p>\n<p>&nbsp;<\/p>\n","protected":false},"excerpt":{"rendered":"<p>Digipack<br>Synthwave<br>Unknown Pleasures Records<br>2019<br>https:\/\/www.facebook.com\/lovataraxx<br>https:\/\/hivmusic1.bandcamp.com\/album\/uprgold-04-h-b-phr-nie-synthwave-cd&hellip;<\/p>","protected":false},"featured_media":11986,"template":"","meta":[],"product_brand":[],"product_cat":[23],"product_tag":[1380],"label":[2014],"class_list":{"0":"post-11985","1":"product","2":"type-product","3":"status-publish","4":"has-post-thumbnail","6":"product_cat-digipack","7":"product_tag-synth-wave","8":"label-unknown-pleasures-records","9":"post","10":"post-with-thumbnail","11":"post-with-thumbnail-icon","13":"first","14":"outofstock","15":"shipping-taxable","16":"purchasable","17":"product-type-simple"},"_links":{"self":[{"href":"https:\/\/www.manicdepression.fr\/en\/wp-json\/wp\/v2\/product\/11985","targetHints":{"allow":["GET"]}}],"collection":[{"href":"https:\/\/www.manicdepression.fr\/en\/wp-json\/wp\/v2\/product"}],"about":[{"href":"https:\/\/www.manicdepression.fr\/en\/wp-json\/wp\/v2\/types\/product"}],"wp:featuredmedia":[{"embeddable":true,"href":"https:\/\/www.manicdepression.fr\/en\/wp-json\/wp\/v2\/media\/11986"}],"wp:attachment":[{"href":"https:\/\/www.manicdepression.fr\/en\/wp-json\/wp\/v2\/media?parent=11985"}],"wp:term":[{"taxonomy":"product_brand","embeddable":true,"href":"https:\/\/www.manicdepression.fr\/en\/wp-json\/wp\/v2\/product_brand?post=11985"},{"taxonomy":"product_cat","embeddable":true,"href":"https:\/\/www.manicdepression.fr\/en\/wp-json\/wp\/v2\/product_cat?post=11985"},{"taxonomy":"product_tag","embeddable":true,"href":"https:\/\/www.manicdepression.fr\/en\/wp-json\/wp\/v2\/product_tag?post=11985"},{"taxonomy":"label","embeddable":true,"href":"https:\/\/www.manicdepression.fr\/en\/wp-json\/wp\/v2\/label?post=11985"}],"curies":[{"name":"wp","href":"https:\/\/api.w.org\/{rel}","templated":true}]}}