{"id":11523,"date":"2019-11-23T16:14:52","date_gmt":"2019-11-23T15:14:52","guid":{"rendered":"https:\/\/www.manicdepression.fr\/?post_type=product&#038;p=11523"},"modified":"2020-12-03T15:32:59","modified_gmt":"2020-12-03T14:32:59","slug":"les-tetines-noires-analog-anthomologies","status":"publish","type":"product","link":"https:\/\/www.manicdepression.fr\/en\/produit\/les-tetines-noires-analog-anthomologies\/","title":{"rendered":"Les T\u00e9tines Noires &#8220;Analog Anthomologies&#8221;"},"content":{"rendered":"<p class=\"p2\">&#8220;Fauvisme et Pense B\u00eate&#8221; Album (1990)<br \/>\nA1 Freaks 3:39<br \/>\nA2 Les Captains 3:57<br \/>\nA3 Crazy Horses 5:10<\/p>\n<p>&#8220;Brouettes&#8221; Album (1991)<br \/>\nA4 Hill House 2:42<br \/>\nA5 N&amp;M (Histoire de Lady Na) 3:39<\/p>\n<p>&#8220;Unreleased recording&#8221;(1993)<br \/>\nA6 Lady Memory 2:42<br \/>\nB1 Head Hole 3:23<\/p>\n<p>&#8220;12 T\u00eates Mortes&#8221;Album (1995)<br \/>\nB2 Head Horse 4:53<br \/>\nB3 Envers et contre T\u00eate 3:24<br \/>\nB4 T\u00eate \u00e0 t\u00eate n<sup>o<\/sup> 2 0:07<br \/>\nB5 Washing Head 4:57<br \/>\nB6 Teo Tertem 2:58<br \/>\nB7 T\u00eate molle 2:17<\/p>\n<a href=\"https:\/\/icycoldrecords.bandcamp.com\/album\/icr031-les-t-tines-noires-analog-anthomologies\" class=\"su-button su-button-style-default\" style=\"color:#FFFFFF;background-color:#666;border-color:#525252;border-radius:5px\" target=\"_blank\" rel=\"noopener noreferrer\"><span style=\"color:#FFFFFF;padding:0px 16px;font-size:13px;line-height:26px;border-color:#949494;border-radius:5px;text-shadow:none\"> Buy in digital<\/span><\/a>\n<a href=\"https:\/\/www.manicdepression.fr\/artists\/les-tetines-noires\/\" class=\"su-button su-button-style-default\" style=\"color:#FFFFFF;background-color:#666;border-color:#525252;border-radius:5px\" target=\"_blank\" rel=\"noopener noreferrer\"><span style=\"color:#FFFFFF;padding:0px 16px;font-size:13px;line-height:26px;border-color:#949494;border-radius:5px;text-shadow:none\"> Artist page<\/span><\/a>\n<p><iframe loading=\"lazy\" title=\"Les t\u00e9tines noires Horses\" width=\"720\" height=\"540\" src=\"https:\/\/www.youtube.com\/embed\/g9damT3SDNk?feature=oembed\" frameborder=\"0\" allow=\"accelerometer; autoplay; clipboard-write; encrypted-media; gyroscope; picture-in-picture\" allowfullscreen><\/iframe><\/p>\n<p><iframe loading=\"lazy\" title=\"LES TETINES NOIRES - CRAZY HORSES\" width=\"720\" height=\"540\" src=\"https:\/\/www.youtube.com\/embed\/K46CD8516OM?feature=oembed\" frameborder=\"0\" allow=\"accelerometer; autoplay; clipboard-write; encrypted-media; gyroscope; picture-in-picture\" allowfullscreen><\/iframe><\/p>","protected":false},"excerpt":{"rendered":"<p>\"Fauvisme et Pense B\u00eate\" Album (1990)<br>A1 Freaks 3:39<br>A2 Les Captains 3:57<br>A3 Crazy Horses 5:10<br>\"Brouettes\" Album (1991)<br>A4 Hill House 2:42&hellip;<\/p>","protected":false},"featured_media":11524,"template":"","meta":[],"product_brand":[],"product_cat":[18],"product_tag":[40,1241,50],"label":[1716],"class_list":{"0":"post-11523","1":"product","2":"type-product","3":"status-publish","4":"has-post-thumbnail","6":"product_cat-vinyl-12","7":"product_tag-batcave","8":"product_tag-glam-goth","9":"product_tag-gothic-rock","10":"label-manic-depression","11":"post","12":"post-with-thumbnail","13":"post-with-thumbnail-icon","15":"first","16":"instock","17":"shipping-taxable","18":"purchasable","19":"product-type-simple"},"_links":{"self":[{"href":"https:\/\/www.manicdepression.fr\/en\/wp-json\/wp\/v2\/product\/11523","targetHints":{"allow":["GET"]}}],"collection":[{"href":"https:\/\/www.manicdepression.fr\/en\/wp-json\/wp\/v2\/product"}],"about":[{"href":"https:\/\/www.manicdepression.fr\/en\/wp-json\/wp\/v2\/types\/product"}],"wp:featuredmedia":[{"embeddable":true,"href":"https:\/\/www.manicdepression.fr\/en\/wp-json\/wp\/v2\/media\/11524"}],"wp:attachment":[{"href":"https:\/\/www.manicdepression.fr\/en\/wp-json\/wp\/v2\/media?parent=11523"}],"wp:term":[{"taxonomy":"product_brand","embeddable":true,"href":"https:\/\/www.manicdepression.fr\/en\/wp-json\/wp\/v2\/product_brand?post=11523"},{"taxonomy":"product_cat","embeddable":true,"href":"https:\/\/www.manicdepression.fr\/en\/wp-json\/wp\/v2\/product_cat?post=11523"},{"taxonomy":"product_tag","embeddable":true,"href":"https:\/\/www.manicdepression.fr\/en\/wp-json\/wp\/v2\/product_tag?post=11523"},{"taxonomy":"label","embeddable":true,"href":"https:\/\/www.manicdepression.fr\/en\/wp-json\/wp\/v2\/label?post=11523"}],"curies":[{"name":"wp","href":"https:\/\/api.w.org\/{rel}","templated":true}]}}