{"id":6983,"date":"2019-08-28T18:42:43","date_gmt":"2019-08-28T16:42:43","guid":{"rendered":"https:\/\/www.manicdepression.fr\/living-temples\/"},"modified":"2024-03-31T12:09:57","modified_gmt":"2024-03-31T10:09:57","slug":"living-temples","status":"publish","type":"page","link":"https:\/\/www.manicdepression.fr\/en\/artists\/living-temples\/","title":{"rendered":"Living Temples"},"content":{"rendered":"<div class=\"su-image-carousel  su-image-carousel-has-spacing su-image-carousel-crop su-image-carousel-crop-4-3 su-image-carousel-has-outline su-image-carousel-adaptive su-image-carousel-slides-style-default su-image-carousel-controls-style-dark su-image-carousel-align-none\" style=\"\" data-flickity-options='{\"groupCells\":true,\"cellSelector\":\".su-image-carousel-item\",\"adaptiveHeight\":false,\"cellAlign\":\"left\",\"prevNextButtons\":true,\"pageDots\":true,\"autoPlay\":5000,\"imagesLoaded\":true,\"contain\":true,\"selectedAttraction\":0.025,\"friction\":0.28}' id=\"su_image_carousel_69dee15433486\"><div class=\"su-image-carousel-item\"><div class=\"su-image-carousel-item-content\"><img loading=\"lazy\" decoding=\"async\" width=\"720\" height=\"720\" src=\"https:\/\/www.manicdepression.fr\/wp-content\/uploads\/2019\/08\/LivingTemples_01.jpg\" class=\"\" alt=\"\" srcset=\"https:\/\/www.manicdepression.fr\/wp-content\/uploads\/2019\/08\/LivingTemples_01.jpg 720w, https:\/\/www.manicdepression.fr\/wp-content\/uploads\/2019\/08\/LivingTemples_01-300x300.jpg 300w, https:\/\/www.manicdepression.fr\/wp-content\/uploads\/2019\/08\/LivingTemples_01-100x100.jpg 100w, https:\/\/www.manicdepression.fr\/wp-content\/uploads\/2019\/08\/LivingTemples_01-400x400.jpg 400w, https:\/\/www.manicdepression.fr\/wp-content\/uploads\/2019\/08\/LivingTemples_01-333x333.jpg 333w, https:\/\/www.manicdepression.fr\/wp-content\/uploads\/2019\/08\/LivingTemples_01-768x768.jpg 768w, https:\/\/www.manicdepression.fr\/wp-content\/uploads\/2019\/08\/LivingTemples_01-200x200.jpg 200w, https:\/\/www.manicdepression.fr\/wp-content\/uploads\/2019\/08\/LivingTemples_01-60x60.jpg 60w, https:\/\/www.manicdepression.fr\/wp-content\/uploads\/2019\/08\/LivingTemples_01-90x90.jpg 90w\" sizes=\"auto, (max-width: 720px) 100vw, 720px\" \/><\/div><\/div><div class=\"su-image-carousel-item\"><div class=\"su-image-carousel-item-content\"><img loading=\"lazy\" decoding=\"async\" width=\"720\" height=\"540\" src=\"https:\/\/www.manicdepression.fr\/wp-content\/uploads\/2019\/08\/LivingTemples_02.jpg\" class=\"\" alt=\"\" srcset=\"https:\/\/www.manicdepression.fr\/wp-content\/uploads\/2019\/08\/LivingTemples_02.jpg 720w, https:\/\/www.manicdepression.fr\/wp-content\/uploads\/2019\/08\/LivingTemples_02-300x225.jpg 300w, https:\/\/www.manicdepression.fr\/wp-content\/uploads\/2019\/08\/LivingTemples_02-400x300.jpg 400w, https:\/\/www.manicdepression.fr\/wp-content\/uploads\/2019\/08\/LivingTemples_02-444x333.jpg 444w, https:\/\/www.manicdepression.fr\/wp-content\/uploads\/2019\/08\/LivingTemples_02-768x576.jpg 768w, https:\/\/www.manicdepression.fr\/wp-content\/uploads\/2019\/08\/LivingTemples_02-80x60.jpg 80w, https:\/\/www.manicdepression.fr\/wp-content\/uploads\/2019\/08\/LivingTemples_02-120x90.jpg 120w\" sizes=\"auto, (max-width: 720px) 100vw, 720px\" \/><\/div><\/div><div class=\"su-image-carousel-item\"><div class=\"su-image-carousel-item-content\"><img loading=\"lazy\" decoding=\"async\" width=\"720\" height=\"405\" src=\"https:\/\/www.manicdepression.fr\/wp-content\/uploads\/2019\/08\/LivingTemples_03.jpg\" class=\"\" alt=\"\" srcset=\"https:\/\/www.manicdepression.fr\/wp-content\/uploads\/2019\/08\/LivingTemples_03.jpg 720w, https:\/\/www.manicdepression.fr\/wp-content\/uploads\/2019\/08\/LivingTemples_03-300x169.jpg 300w, https:\/\/www.manicdepression.fr\/wp-content\/uploads\/2019\/08\/LivingTemples_03-400x225.jpg 400w, https:\/\/www.manicdepression.fr\/wp-content\/uploads\/2019\/08\/LivingTemples_03-500x281.jpg 500w, https:\/\/www.manicdepression.fr\/wp-content\/uploads\/2019\/08\/LivingTemples_03-768x432.jpg 768w, https:\/\/www.manicdepression.fr\/wp-content\/uploads\/2019\/08\/LivingTemples_03-107x60.jpg 107w, https:\/\/www.manicdepression.fr\/wp-content\/uploads\/2019\/08\/LivingTemples_03-160x90.jpg 160w\" sizes=\"auto, (max-width: 720px) 100vw, 720px\" \/><\/div><\/div><div class=\"su-image-carousel-item\"><div class=\"su-image-carousel-item-content\"><img loading=\"lazy\" decoding=\"async\" width=\"720\" height=\"490\" src=\"https:\/\/www.manicdepression.fr\/wp-content\/uploads\/2019\/08\/LivingTemples_04.jpg\" class=\"\" alt=\"\" srcset=\"https:\/\/www.manicdepression.fr\/wp-content\/uploads\/2019\/08\/LivingTemples_04.jpg 720w, https:\/\/www.manicdepression.fr\/wp-content\/uploads\/2019\/08\/LivingTemples_04-300x204.jpg 300w, https:\/\/www.manicdepression.fr\/wp-content\/uploads\/2019\/08\/LivingTemples_04-400x272.jpg 400w, https:\/\/www.manicdepression.fr\/wp-content\/uploads\/2019\/08\/LivingTemples_04-490x333.jpg 490w, https:\/\/www.manicdepression.fr\/wp-content\/uploads\/2019\/08\/LivingTemples_04-768x522.jpg 768w, https:\/\/www.manicdepression.fr\/wp-content\/uploads\/2019\/08\/LivingTemples_04-88x60.jpg 88w, https:\/\/www.manicdepression.fr\/wp-content\/uploads\/2019\/08\/LivingTemples_04-132x90.jpg 132w\" sizes=\"auto, (max-width: 720px) 100vw, 720px\" \/><\/div><\/div><div class=\"su-image-carousel-item\"><div class=\"su-image-carousel-item-content\"><img loading=\"lazy\" decoding=\"async\" width=\"720\" height=\"472\" src=\"https:\/\/www.manicdepression.fr\/wp-content\/uploads\/2019\/08\/LivingTemples_05.jpg\" class=\"\" alt=\"\" srcset=\"https:\/\/www.manicdepression.fr\/wp-content\/uploads\/2019\/08\/LivingTemples_05.jpg 720w, https:\/\/www.manicdepression.fr\/wp-content\/uploads\/2019\/08\/LivingTemples_05-300x197.jpg 300w, https:\/\/www.manicdepression.fr\/wp-content\/uploads\/2019\/08\/LivingTemples_05-400x262.jpg 400w, https:\/\/www.manicdepression.fr\/wp-content\/uploads\/2019\/08\/LivingTemples_05-500x328.jpg 500w, https:\/\/www.manicdepression.fr\/wp-content\/uploads\/2019\/08\/LivingTemples_05-768x504.jpg 768w, https:\/\/www.manicdepression.fr\/wp-content\/uploads\/2019\/08\/LivingTemples_05-91x60.jpg 91w, https:\/\/www.manicdepression.fr\/wp-content\/uploads\/2019\/08\/LivingTemples_05-137x90.jpg 137w\" sizes=\"auto, (max-width: 720px) 100vw, 720px\" \/><\/div><\/div><\/div><script id=\"su_image_carousel_69dee15433486_script\">if(window.SUImageCarousel){setTimeout(function() {window.SUImageCarousel.initGallery(document.getElementById(\"su_image_carousel_69dee15433486\"))}, 0);}var su_image_carousel_69dee15433486_script=document.getElementById(\"su_image_carousel_69dee15433486_script\");if(su_image_carousel_69dee15433486_script){su_image_carousel_69dee15433486_script.parentNode.removeChild(su_image_carousel_69dee15433486_script);}<\/script>\n<p>Living Temples, est le projet de Kalle Fagerberg, originaire de Stockholm, \u00e9galement connu pour le groupe Synth Wave Liste Noire (Genetic Music &#8211; DE) et son pr\u00e9c\u00e9dent projet solo The Blank VRS (Rainbow Bridge Recordings &#8211; USA). &#8220;Against the Day&#8221; est le deuxi\u00e8me album du musicien berlinois qu&#8217;il a lui-m\u00eame produit en collaboration avec le producteur norv\u00e9gien \u00c5dne Meisfjord (Tropical Contact High, Serena Maneesh, 120 Days). Ce sera la premi\u00e8re sortie de Living Temples sur Manic Depression Records.<\/p>\n<p>Living Temples est reconnu pour son travail bas\u00e9e sur les synth\u00e9tiseurs. Influenc\u00e9 par des sons tels que SUICIDE, HONOLULU MOUNTAIN DAFFODILS, XIU XIU, DIRTY BEACHES et KINO, reconnaissable avec son post punk cin\u00e9matographique construit \u00e0 partir de boucles, samples, bo\u00eetes \u00e0 rythmes et des sons \u00e9lectroniques al\u00e9atoires et \u00e9clectiques. En live avec des sons de synth\u00e9tiseurs japonais des ann\u00e9es 1970 et un vieux microphone DDR, sa musique fait partie d&#8217;une c\u00e9l\u00e9bration de la New-Wave, de la d\u00e9composition du son fondatrice de la musique underground, d&#8217;une fusion de vieilles machines et d&#8217;une nouvelle synth\u00e8se connue pour avoir \u00e9merg\u00e9 de la sc\u00e8ne musicale tentaculaire berlinoise.<\/p>\n<p>Il fait de fr\u00e9quentes tourn\u00e9es en Europe et apr\u00e8s avoir sorti l&#8217;EP &#8220;The Pickpocket&#8221; en juin 2016, il part en tourn\u00e9e aux Etats-Unis et le long de la c\u00f4te Est, et en janvier 2018, il fait ses d\u00e9buts australiens \u00e0 l&#8217;Oxford Art Factory \u00e0 Sydney.<\/p>\n<div><a href=\"https:\/\/www.youtube.com\/channel\/UCHqq6WHYBgoPpd2rjsM_a5A\" target=\"_blank\" rel=\"noopener noreferrer\"><img loading=\"lazy\" decoding=\"async\" class=\"size-full wp-image-14604 alignleft\" src=\"https:\/\/www.manicdepression.fr\/wp-content\/uploads\/2020\/12\/Youtube.png\" alt=\"\" width=\"34\" height=\"25\" \/><\/a> <a href=\"https:\/\/soundcloud.com\/livingtemples\" target=\"_blank\" rel=\"noopener noreferrer\"><img loading=\"lazy\" decoding=\"async\" class=\"size-full wp-image-14605 alignleft\" src=\"https:\/\/www.manicdepression.fr\/wp-content\/uploads\/2020\/12\/Soundcloud.png\" alt=\"\" width=\"34\" height=\"25\" \/><\/a> <a href=\"https:\/\/open.spotify.com\/intl-fr\/artist\/1Hg9q2ihI7fHFJ7ahbMevw\" target=\"_blank\" rel=\"noopener noreferrer\"><img loading=\"lazy\" decoding=\"async\" class=\"size-full wp-image-14606 alignleft\" src=\"https:\/\/www.manicdepression.fr\/wp-content\/uploads\/2020\/12\/Spotify.png\" alt=\"\" width=\"26\" height=\"25\" \/><\/a> <a href=\"https:\/\/livingtemples.bandcamp.com\/\" target=\"_blank\" rel=\"noopener noreferrer\"><img loading=\"lazy\" decoding=\"async\" class=\"size-full wp-image-14607 alignleft\" src=\"https:\/\/www.manicdepression.fr\/wp-content\/uploads\/2020\/12\/Bandcamp.png\" alt=\"\" width=\"27\" height=\"25\" \/><\/a> <a href=\"https:\/\/www.instagram.com\/living_temples\/\" target=\"_blank\" rel=\"noopener noreferrer\"><img loading=\"lazy\" decoding=\"async\" class=\"size-full wp-image-14609 alignleft\" src=\"https:\/\/www.manicdepression.fr\/wp-content\/uploads\/2020\/12\/Instagram.png\" alt=\"\" width=\"26\" height=\"25\" \/><\/a> <a href=\"https:\/\/www.facebook.com\/livingtemples\/\" target=\"_blank\" rel=\"noopener noreferrer\"><img loading=\"lazy\" decoding=\"async\" class=\"size-full wp-image-14610 alignleft\" src=\"https:\/\/www.manicdepression.fr\/wp-content\/uploads\/2020\/12\/Facebook.png\" alt=\"\" width=\"26\" height=\"25\" \/><\/a><\/div>\n<div class=\"woocommerce columns-3 \"><ul class=\"products columns-3\">\n<li class=\"post post-with-thumbnail post-with-thumbnail-large product type-product post-17714 status-publish first instock product_cat-digipack product_tag-dark-wave product_tag-post-punk has-post-thumbnail shipping-taxable purchasable product-type-simple\">\n\t<a href=\"https:\/\/www.manicdepression.fr\/en\/produit\/living-temples-glass\/\" class=\"woocommerce-LoopProduct-link woocommerce-loop-product__link\"><img loading=\"lazy\" decoding=\"async\" width=\"300\" height=\"300\" src=\"https:\/\/www.manicdepression.fr\/wp-content\/uploads\/2023\/09\/MD156_Living-Temples_GLASS-COVER-300x300.png\" class=\"attachment-woocommerce_thumbnail size-woocommerce_thumbnail\" alt=\"Living Temples &quot;Glass&quot;\" srcset=\"https:\/\/www.manicdepression.fr\/wp-content\/uploads\/2023\/09\/MD156_Living-Temples_GLASS-COVER-300x300.png 300w, https:\/\/www.manicdepression.fr\/wp-content\/uploads\/2023\/09\/MD156_Living-Temples_GLASS-COVER-100x100.png 100w, https:\/\/www.manicdepression.fr\/wp-content\/uploads\/2023\/09\/MD156_Living-Temples_GLASS-COVER-400x400.png 400w, https:\/\/www.manicdepression.fr\/wp-content\/uploads\/2023\/09\/MD156_Living-Temples_GLASS-COVER.png 720w\" sizes=\"auto, (max-width: 300px) 100vw, 300px\" \/><h2 class=\"woocommerce-loop-product__title\">Living Temples &#8220;Glass&#8221;<\/h2> <a href=\"https:\/\/www.manicdepression.fr\/en\/label\/manic-depression\/\" rel=\"tag\">Manic Depression<\/a>\n\t<span class=\"price\"><I><a href=\"https:\/\/www.manicdepression.fr\/en\/categorie-produit\/cd\/digipack\/\" rel=\"tag\">Digipack<\/a><\/I><\/span>\n\t<span class=\"price\"><I><a href=\"https:\/\/www.manicdepression.fr\/en\/etiquette-produit\/dark-wave\/\" rel=\"tag\">Dark Wave<\/a>, <a href=\"https:\/\/www.manicdepression.fr\/en\/etiquette-produit\/post-punk\/\" rel=\"tag\">Post Punk<\/a><\/I><\/span>\n\n\n\t<span class=\"price\"><span class=\"woocommerce-Price-amount amount\"><bdi>15,00<span class=\"woocommerce-Price-currencySymbol\">&euro;<\/span><\/bdi><\/span><\/span>\n\n\n<\/a><a href=\"\/en\/wp-json\/wp\/v2\/pages\/6983?add-to-cart=17714\" aria-describedby=\"woocommerce_loop_add_to_cart_link_describedby_17714\" data-quantity=\"1\" class=\"button product_type_simple add_to_cart_button ajax_add_to_cart\" data-product_id=\"17714\" data-product_sku=\"\" aria-label=\"Add to cart: &ldquo;Living Temples &quot;Glass&quot;&rdquo;\" rel=\"nofollow\" data-success_message=\"&ldquo;Living Temples &quot;Glass&quot;&rdquo; has been added to your cart\" role=\"button\">Add to cart<\/a>\t<span id=\"woocommerce_loop_add_to_cart_link_describedby_17714\" class=\"screen-reader-text\">\n\t\t\t<\/span>\n<\/li>\n<li class=\"post post-with-thumbnail post-with-thumbnail-large product type-product post-6389 status-publish instock product_cat-digipack product_tag-dark-wave has-post-thumbnail purchasable product-type-simple\">\n\t<a href=\"https:\/\/www.manicdepression.fr\/en\/produit\/living-temples-against-the-day\/\" class=\"woocommerce-LoopProduct-link woocommerce-loop-product__link\"><img loading=\"lazy\" decoding=\"async\" width=\"300\" height=\"270\" src=\"https:\/\/www.manicdepression.fr\/wp-content\/uploads\/2019\/08\/MD104_LivingTemples_cover500px-300x270.jpg\" class=\"attachment-woocommerce_thumbnail size-woocommerce_thumbnail\" alt=\"Living Temples - Against the Day\" srcset=\"https:\/\/www.manicdepression.fr\/wp-content\/uploads\/2019\/08\/MD104_LivingTemples_cover500px-300x270.jpg 300w, https:\/\/www.manicdepression.fr\/wp-content\/uploads\/2019\/08\/MD104_LivingTemples_cover500px-400x360.jpg 400w, https:\/\/www.manicdepression.fr\/wp-content\/uploads\/2019\/08\/MD104_LivingTemples_cover500px-370x333.jpg 370w, https:\/\/www.manicdepression.fr\/wp-content\/uploads\/2019\/08\/MD104_LivingTemples_cover500px-67x60.jpg 67w, https:\/\/www.manicdepression.fr\/wp-content\/uploads\/2019\/08\/MD104_LivingTemples_cover500px-100x90.jpg 100w, https:\/\/www.manicdepression.fr\/wp-content\/uploads\/2019\/08\/MD104_LivingTemples_cover500px.jpg 556w\" sizes=\"auto, (max-width: 300px) 100vw, 300px\" \/><h2 class=\"woocommerce-loop-product__title\">Living Temples &#8220;Against the Day&#8221;<\/h2> <a href=\"https:\/\/www.manicdepression.fr\/en\/label\/manic-depression\/\" rel=\"tag\">Manic Depression<\/a>\n\t<span class=\"price\"><I><a href=\"https:\/\/www.manicdepression.fr\/en\/categorie-produit\/cd\/digipack\/\" rel=\"tag\">Digipack<\/a><\/I><\/span>\n\t<span class=\"price\"><I><a href=\"https:\/\/www.manicdepression.fr\/en\/etiquette-produit\/dark-wave\/\" rel=\"tag\">Dark Wave<\/a><\/I><\/span>\n\n\n\t<span class=\"price\"><span class=\"woocommerce-Price-amount amount\"><bdi>12,00<span class=\"woocommerce-Price-currencySymbol\">&euro;<\/span><\/bdi><\/span><\/span>\n\n\n<\/a><a href=\"\/en\/wp-json\/wp\/v2\/pages\/6983?add-to-cart=6389\" aria-describedby=\"woocommerce_loop_add_to_cart_link_describedby_6389\" data-quantity=\"1\" class=\"button product_type_simple add_to_cart_button ajax_add_to_cart\" data-product_id=\"6389\" data-product_sku=\"9185b96c7073\" aria-label=\"Add to cart: &ldquo;Living Temples &quot;Against the Day&quot;&rdquo;\" rel=\"nofollow\" data-success_message=\"&ldquo;Living Temples &quot;Against the Day&quot;&rdquo; has been added to your cart\" role=\"button\">Add to cart<\/a>\t<span id=\"woocommerce_loop_add_to_cart_link_describedby_6389\" class=\"screen-reader-text\">\n\t\t\t<\/span>\n<\/li>\n<\/ul>\n<\/div>\n\n\n<div class=\"su-posts su-posts-teaser-loop \">\n\n\t\t\t\t\t\t\n\t\t\t\n\t\t\t<div id=\"su-post-8629\" class=\"su-post \">\n\t\t\t\t\t\t\t\t\t<a class=\"su-post-thumbnail\" href=\"https:\/\/www.manicdepression.fr\/en\/living-temples-press\/\"><img loading=\"lazy\" decoding=\"async\" width=\"720\" height=\"380\" src=\"https:\/\/www.manicdepression.fr\/wp-content\/uploads\/2023\/09\/MD156_Living-Temples_GLASS-COVER-720x380.png\" class=\"attachment-post-thumbnail size-post-thumbnail wp-post-image\" alt=\"Living Temples &quot;Glass&quot;\" \/><\/a>\n\t\t\t\t\t\t\t\t<h2 class=\"su-post-title\"><a href=\"https:\/\/www.manicdepression.fr\/en\/living-temples-press\/\">Living Temples : press review<\/a><\/h2>\n\t\t\t<\/div>\n\n\t\t\t\t\t\n\t\t\t\n\t\t\t<div id=\"su-post-8614\" class=\"su-post \">\n\t\t\t\t\t\t\t\t<h2 class=\"su-post-title\"><a href=\"https:\/\/www.manicdepression.fr\/en\/living-temples-tour\/\">Living Temples on tour<\/a><\/h2>\n\t\t\t<\/div>\n\n\t\t\t\n<\/div>\n\n<hr \/>\n<p>17714<\/p>\n<p><iframe loading=\"lazy\" title=\"Living Temples - Live @ Caf\u00e9 Central, Brussels - 18\/10\/2018\" width=\"720\" height=\"405\" src=\"https:\/\/www.youtube.com\/embed\/LyQEp370-sM?feature=oembed\" frameborder=\"0\" allow=\"accelerometer; autoplay; encrypted-media; gyroscope; picture-in-picture\" allowfullscreen><\/iframe><br \/>\n<iframe loading=\"lazy\" title=\"Living Temples - ?\" width=\"720\" height=\"405\" src=\"https:\/\/www.youtube.com\/embed\/CfxdkPl5Zyg?feature=oembed\" frameborder=\"0\" allow=\"accelerometer; autoplay; encrypted-media; gyroscope; picture-in-picture\" allowfullscreen><\/iframe><br \/>\n<iframe loading=\"lazy\" title=\"LIVING TEMPLES - The White-Haired Man (LIVE at Stadtwerkstatt - Linz, AT)\" width=\"720\" height=\"405\" src=\"https:\/\/www.youtube.com\/embed\/teOwIkjRPqQ?feature=oembed\" frameborder=\"0\" allow=\"accelerometer; autoplay; encrypted-media; gyroscope; picture-in-picture\" allowfullscreen><\/iframe><br \/>\n<iframe loading=\"lazy\" title=\"Living Temples - Against The Day\" width=\"720\" height=\"405\" src=\"https:\/\/www.youtube.com\/embed\/R5lYlqX9Tcg?feature=oembed\" frameborder=\"0\" allow=\"accelerometer; autoplay; encrypted-media; gyroscope; picture-in-picture\" allowfullscreen><\/iframe><br \/>\nhttps:\/\/www.youtube.com\/watch?v=iol4J6GjQkg","protected":false},"excerpt":{"rendered":"<p>Living Temples, est le projet de Kalle Fagerberg, originaire de Stockholm, \u00e9galement connu pour le groupe Synth Wave Liste Noire (Genetic Music &#8211; DE) et son pr\u00e9c\u00e9dent projet solo The Blank VRS (Rainbow Bridge Recordings &#8211; USA). &#8220;Against the Day&#8221; est le deuxi\u00e8me album du musicien berlinois qu&#8217;il a lui-m\u00eame produit en collaboration avec le [&hellip;]<\/p>\n","protected":false},"author":1,"featured_media":0,"parent":66,"menu_order":0,"comment_status":"closed","ping_status":"open","template":"","meta":{"footnotes":""},"class_list":["post-6983","page","type-page","status-publish","hentry","post"],"_links":{"self":[{"href":"https:\/\/www.manicdepression.fr\/en\/wp-json\/wp\/v2\/pages\/6983","targetHints":{"allow":["GET"]}}],"collection":[{"href":"https:\/\/www.manicdepression.fr\/en\/wp-json\/wp\/v2\/pages"}],"about":[{"href":"https:\/\/www.manicdepression.fr\/en\/wp-json\/wp\/v2\/types\/page"}],"author":[{"embeddable":true,"href":"https:\/\/www.manicdepression.fr\/en\/wp-json\/wp\/v2\/users\/1"}],"replies":[{"embeddable":true,"href":"https:\/\/www.manicdepression.fr\/en\/wp-json\/wp\/v2\/comments?post=6983"}],"version-history":[{"count":0,"href":"https:\/\/www.manicdepression.fr\/en\/wp-json\/wp\/v2\/pages\/6983\/revisions"}],"up":[{"embeddable":true,"href":"https:\/\/www.manicdepression.fr\/en\/wp-json\/wp\/v2\/pages\/66"}],"wp:attachment":[{"href":"https:\/\/www.manicdepression.fr\/en\/wp-json\/wp\/v2\/media?parent=6983"}],"curies":[{"name":"wp","href":"https:\/\/api.w.org\/{rel}","templated":true}]}}