{"id":6982,"date":"2019-08-28T18:42:43","date_gmt":"2019-08-28T16:42:43","guid":{"rendered":"https:\/\/www.manicdepression.fr\/les-tetines-noires\/"},"modified":"2022-12-28T17:06:26","modified_gmt":"2022-12-28T16:06:26","slug":"les-tetines-noires","status":"publish","type":"page","link":"https:\/\/www.manicdepression.fr\/en\/artists\/les-tetines-noires\/","title":{"rendered":"Les T\u00e9tines Noires"},"content":{"rendered":"<div class=\"su-image-carousel  su-image-carousel-has-spacing su-image-carousel-crop su-image-carousel-crop-4-3 su-image-carousel-has-outline su-image-carousel-adaptive su-image-carousel-slides-style-default su-image-carousel-controls-style-dark su-image-carousel-align-none\" style=\"\" data-flickity-options='{\"groupCells\":true,\"cellSelector\":\".su-image-carousel-item\",\"adaptiveHeight\":false,\"cellAlign\":\"left\",\"prevNextButtons\":true,\"pageDots\":true,\"autoPlay\":5000,\"imagesLoaded\":true,\"contain\":true,\"selectedAttraction\":0.025,\"friction\":0.28}' id=\"su_image_carousel_69fbb8de05164\"><div class=\"su-image-carousel-item\"><div class=\"su-image-carousel-item-content\"><img loading=\"lazy\" decoding=\"async\" width=\"500\" height=\"399\" src=\"https:\/\/www.manicdepression.fr\/wp-content\/uploads\/2019\/09\/les-tetines-noires-1-e1567419479319.jpg\" class=\"\" alt=\"\" srcset=\"https:\/\/www.manicdepression.fr\/wp-content\/uploads\/2019\/09\/les-tetines-noires-1-e1567419479319.jpg 500w, https:\/\/www.manicdepression.fr\/wp-content\/uploads\/2019\/09\/les-tetines-noires-1-e1567419479319-300x239.jpg 300w, https:\/\/www.manicdepression.fr\/wp-content\/uploads\/2019\/09\/les-tetines-noires-1-e1567419479319-417x333.jpg 417w, https:\/\/www.manicdepression.fr\/wp-content\/uploads\/2019\/09\/les-tetines-noires-1-e1567419479319-400x319.jpg 400w, https:\/\/www.manicdepression.fr\/wp-content\/uploads\/2019\/09\/les-tetines-noires-1-e1567419479319-75x60.jpg 75w, https:\/\/www.manicdepression.fr\/wp-content\/uploads\/2019\/09\/les-tetines-noires-1-e1567419479319-113x90.jpg 113w\" sizes=\"auto, (max-width: 500px) 100vw, 500px\" \/><\/div><\/div><div class=\"su-image-carousel-item\"><div class=\"su-image-carousel-item-content\"><img loading=\"lazy\" decoding=\"async\" width=\"720\" height=\"479\" src=\"https:\/\/www.manicdepression.fr\/wp-content\/uploads\/2019\/09\/les-tetines-noires-5.jpg\" class=\"\" alt=\"\" srcset=\"https:\/\/www.manicdepression.fr\/wp-content\/uploads\/2019\/09\/les-tetines-noires-5.jpg 1000w, https:\/\/www.manicdepression.fr\/wp-content\/uploads\/2019\/09\/les-tetines-noires-5-800x532.jpg 800w, https:\/\/www.manicdepression.fr\/wp-content\/uploads\/2019\/09\/les-tetines-noires-5-300x200.jpg 300w, https:\/\/www.manicdepression.fr\/wp-content\/uploads\/2019\/09\/les-tetines-noires-5-768x511.jpg 768w, https:\/\/www.manicdepression.fr\/wp-content\/uploads\/2019\/09\/les-tetines-noires-5-272x182.jpg 272w, https:\/\/www.manicdepression.fr\/wp-content\/uploads\/2019\/09\/les-tetines-noires-5-400x266.jpg 400w, https:\/\/www.manicdepression.fr\/wp-content\/uploads\/2019\/09\/les-tetines-noires-5-500x333.jpg 500w, https:\/\/www.manicdepression.fr\/wp-content\/uploads\/2019\/09\/les-tetines-noires-5-90x60.jpg 90w, https:\/\/www.manicdepression.fr\/wp-content\/uploads\/2019\/09\/les-tetines-noires-5-135x90.jpg 135w\" sizes=\"auto, (max-width: 720px) 100vw, 720px\" \/><\/div><\/div><div class=\"su-image-carousel-item\"><div class=\"su-image-carousel-item-content\"><img loading=\"lazy\" decoding=\"async\" width=\"395\" height=\"400\" src=\"https:\/\/www.manicdepression.fr\/wp-content\/uploads\/2019\/09\/les-tetines-noires-3.jpg\" class=\"\" alt=\"\" srcset=\"https:\/\/www.manicdepression.fr\/wp-content\/uploads\/2019\/09\/les-tetines-noires-3.jpg 395w, https:\/\/www.manicdepression.fr\/wp-content\/uploads\/2019\/09\/les-tetines-noires-3-296x300.jpg 296w, https:\/\/www.manicdepression.fr\/wp-content\/uploads\/2019\/09\/les-tetines-noires-3-329x333.jpg 329w, https:\/\/www.manicdepression.fr\/wp-content\/uploads\/2019\/09\/les-tetines-noires-3-300x304.jpg 300w, https:\/\/www.manicdepression.fr\/wp-content\/uploads\/2019\/09\/les-tetines-noires-3-100x100.jpg 100w, https:\/\/www.manicdepression.fr\/wp-content\/uploads\/2019\/09\/les-tetines-noires-3-59x60.jpg 59w, https:\/\/www.manicdepression.fr\/wp-content\/uploads\/2019\/09\/les-tetines-noires-3-89x90.jpg 89w\" sizes=\"auto, (max-width: 395px) 100vw, 395px\" \/><\/div><\/div><div class=\"su-image-carousel-item\"><div class=\"su-image-carousel-item-content\"><img loading=\"lazy\" decoding=\"async\" width=\"500\" height=\"332\" src=\"https:\/\/www.manicdepression.fr\/wp-content\/uploads\/2019\/09\/les-tetines-noires-2.jpg\" class=\"\" alt=\"\" srcset=\"https:\/\/www.manicdepression.fr\/wp-content\/uploads\/2019\/09\/les-tetines-noires-2.jpg 500w, https:\/\/www.manicdepression.fr\/wp-content\/uploads\/2019\/09\/les-tetines-noires-2-300x199.jpg 300w, https:\/\/www.manicdepression.fr\/wp-content\/uploads\/2019\/09\/les-tetines-noires-2-272x182.jpg 272w, https:\/\/www.manicdepression.fr\/wp-content\/uploads\/2019\/09\/les-tetines-noires-2-400x266.jpg 400w, https:\/\/www.manicdepression.fr\/wp-content\/uploads\/2019\/09\/les-tetines-noires-2-90x60.jpg 90w, https:\/\/www.manicdepression.fr\/wp-content\/uploads\/2019\/09\/les-tetines-noires-2-136x90.jpg 136w\" sizes=\"auto, (max-width: 500px) 100vw, 500px\" \/><\/div><\/div><div class=\"su-image-carousel-item\"><div class=\"su-image-carousel-item-content\"><img loading=\"lazy\" decoding=\"async\" width=\"720\" height=\"386\" src=\"https:\/\/www.manicdepression.fr\/wp-content\/uploads\/2019\/09\/les-tetines-noires-4.jpg\" class=\"\" alt=\"\" srcset=\"https:\/\/www.manicdepression.fr\/wp-content\/uploads\/2019\/09\/les-tetines-noires-4.jpg 980w, https:\/\/www.manicdepression.fr\/wp-content\/uploads\/2019\/09\/les-tetines-noires-4-800x429.jpg 800w, https:\/\/www.manicdepression.fr\/wp-content\/uploads\/2019\/09\/les-tetines-noires-4-300x161.jpg 300w, https:\/\/www.manicdepression.fr\/wp-content\/uploads\/2019\/09\/les-tetines-noires-4-768x411.jpg 768w, https:\/\/www.manicdepression.fr\/wp-content\/uploads\/2019\/09\/les-tetines-noires-4-400x214.jpg 400w, https:\/\/www.manicdepression.fr\/wp-content\/uploads\/2019\/09\/les-tetines-noires-4-500x268.jpg 500w, https:\/\/www.manicdepression.fr\/wp-content\/uploads\/2019\/09\/les-tetines-noires-4-112x60.jpg 112w, https:\/\/www.manicdepression.fr\/wp-content\/uploads\/2019\/09\/les-tetines-noires-4-168x90.jpg 168w\" sizes=\"auto, (max-width: 720px) 100vw, 720px\" \/><\/div><\/div><\/div><script id=\"su_image_carousel_69fbb8de05164_script\">if(window.SUImageCarousel){setTimeout(function() {window.SUImageCarousel.initGallery(document.getElementById(\"su_image_carousel_69fbb8de05164\"))}, 0);}var su_image_carousel_69fbb8de05164_script=document.getElementById(\"su_image_carousel_69fbb8de05164_script\");if(su_image_carousel_69fbb8de05164_script){su_image_carousel_69fbb8de05164_script.parentNode.removeChild(su_image_carousel_69fbb8de05164_script);}<\/script>\n<p>Les T\u00e9tines Noires cult and unclassifiable band from the French scene is gathering for a few concerts to celebrate the re-release of their 3 albums on the labels Infrastition and Manic Depression. Founded in the 80&#8217;s by the Count of Eldorado, and Goliam then 13 years old, they return in one of the original formations with the artist Eric Madeleine aka Made In Eric (http:\/\/www.ericmadeleine.info\/), in Corps Objet Pied de Micro as well as several surprise guests.<\/p>\n<p>Very close to the visual artist Joel Hubaut with whom they have collaborated many times, they have always fully assumed their Batcave-rock roots, but have nevertheless developed an extremely personal and original style, outrageously glamorous, arty sometimes even psychedelic, often accompanied by a touch of humour and derision.<\/p>\n<p>In 1990 they signed with the label Boucherie spearheadof the french Alternative Rock and released their first album &#8220;Fauvisme et pense-b\u00eate&#8221;. Hailed by the press it strikes by his delirious theatricality, his lyrics in French with Dadaist accents and his disturbing music. One year later they return with &#8220;Brouettes&#8221;, a second album inhabited by the same dark madness, a mix of rock wave and neurotic nursery rhymes.<\/p>\n<p>They perform all over France, Europe, Eastern Europe, Canada and the USA as well as in many festivals (Eurock\u00e9enes, Bourges, SXSW&#8230;). Their shows take place in surrealist, oppressive, sometimes absurd settings where giant bones, suspended wheelbarrows, evil dolls and animal costumes rub shoulders.<\/p>\n<p>In 1995 they released their 3rd opus entitled &#8220;12 T\u00eates Mortes&#8221;, a record with more industrial, noise and electronic accents accompanied by 12 different covers made by artists like Ben, John Giorno, Orlan\u2026 In 1998 the American gothic band Christian Death covers one of their tracks on the album &#8220;Pornographic Messiah&#8221;. The circle is complete\u2026<\/p>\n<div><a href=\"https:\/\/www.youtube.com\/@EmmanuelHubaut\" target=\"_blank\" rel=\"noopener noreferrer\"><img loading=\"lazy\" decoding=\"async\" class=\"size-full wp-image-14604 alignleft\" src=\"https:\/\/www.manicdepression.fr\/wp-content\/uploads\/2020\/12\/Youtube.png\" alt=\"\" width=\"34\" height=\"25\" \/><\/a> <a href=\"https:\/\/open.spotify.com\/artist\/4FOzeV17NyLUzCPkkC9DDU?autoplay=true\" target=\"_blank\" rel=\"noopener noreferrer\"><img loading=\"lazy\" decoding=\"async\" class=\"size-full wp-image-14606 alignleft\" src=\"https:\/\/www.manicdepression.fr\/wp-content\/uploads\/2020\/12\/Spotify.png\" alt=\"\" width=\"26\" height=\"25\" \/><\/a> <a href=\"https:\/\/emmanuelhubaut.bandcamp.com\/album\/les-t-tines-noires-analog-anthomologies\" target=\"_blank\" rel=\"noopener noreferrer\"><img loading=\"lazy\" decoding=\"async\" class=\"size-full wp-image-14607 alignleft\" src=\"https:\/\/www.manicdepression.fr\/wp-content\/uploads\/2020\/12\/Bandcamp.png\" alt=\"\" width=\"27\" height=\"25\" \/><\/a>  <a href=\"https:\/\/www.instagram.com\/emmanuelhubaut\/?hl=fr\" target=\"_blank\" rel=\"noopener noreferrer\"><img loading=\"lazy\" decoding=\"async\" class=\"size-full wp-image-14609 alignleft\" src=\"https:\/\/www.manicdepression.fr\/wp-content\/uploads\/2020\/12\/Instagram.png\" alt=\"\" width=\"26\" height=\"25\" \/><\/a> <a href=\"https:\/\/fr-fr.facebook.com\/lestetinesnoires\/\" target=\"_blank\" rel=\"noopener noreferrer\"><img loading=\"lazy\" decoding=\"async\" class=\"size-full wp-image-14610 alignleft\" src=\"https:\/\/www.manicdepression.fr\/wp-content\/uploads\/2020\/12\/Facebook.png\" alt=\"\" width=\"26\" height=\"25\" \/><\/a><\/div>\n<div class=\"woocommerce columns-3 \"><ul class=\"products columns-3\">\n<li class=\"post post-with-thumbnail post-with-thumbnail-icon product type-product post-11523 status-publish first instock product_cat-vinyl-12 product_tag-batcave product_tag-glam-goth product_tag-gothic-rock has-post-thumbnail shipping-taxable purchasable product-type-simple\">\n\t<a href=\"https:\/\/www.manicdepression.fr\/en\/produit\/les-tetines-noires-analog-anthomologies\/\" class=\"woocommerce-LoopProduct-link woocommerce-loop-product__link\"><img loading=\"lazy\" decoding=\"async\" width=\"300\" height=\"300\" src=\"https:\/\/www.manicdepression.fr\/wp-content\/uploads\/2019\/11\/LesTetinesNoires_LP_Cover-300x300.jpg\" class=\"attachment-woocommerce_thumbnail size-woocommerce_thumbnail\" alt=\"Les T\u00e9tines Noires\" srcset=\"https:\/\/www.manicdepression.fr\/wp-content\/uploads\/2019\/11\/LesTetinesNoires_LP_Cover-300x300.jpg 300w, https:\/\/www.manicdepression.fr\/wp-content\/uploads\/2019\/11\/LesTetinesNoires_LP_Cover-800x800.jpg 800w, https:\/\/www.manicdepression.fr\/wp-content\/uploads\/2019\/11\/LesTetinesNoires_LP_Cover-768x768.jpg 768w, https:\/\/www.manicdepression.fr\/wp-content\/uploads\/2019\/11\/LesTetinesNoires_LP_Cover-1024x1024.jpg 1024w, https:\/\/www.manicdepression.fr\/wp-content\/uploads\/2019\/11\/LesTetinesNoires_LP_Cover-400x400.jpg 400w, https:\/\/www.manicdepression.fr\/wp-content\/uploads\/2019\/11\/LesTetinesNoires_LP_Cover-100x100.jpg 100w, https:\/\/www.manicdepression.fr\/wp-content\/uploads\/2019\/11\/LesTetinesNoires_LP_Cover-333x333.jpg 333w, https:\/\/www.manicdepression.fr\/wp-content\/uploads\/2019\/11\/LesTetinesNoires_LP_Cover-200x200.jpg 200w, https:\/\/www.manicdepression.fr\/wp-content\/uploads\/2019\/11\/LesTetinesNoires_LP_Cover-60x60.jpg 60w, https:\/\/www.manicdepression.fr\/wp-content\/uploads\/2019\/11\/LesTetinesNoires_LP_Cover-90x90.jpg 90w, https:\/\/www.manicdepression.fr\/wp-content\/uploads\/2019\/11\/LesTetinesNoires_LP_Cover.jpg 1400w\" sizes=\"auto, (max-width: 300px) 100vw, 300px\" \/><h2 class=\"woocommerce-loop-product__title\">Les T\u00e9tines Noires &#8220;Analog Anthomologies&#8221;<\/h2> <a href=\"https:\/\/www.manicdepression.fr\/en\/label\/manic-depression\/\" rel=\"tag\">Manic Depression<\/a>\n\t<span class=\"price\"><I><a href=\"https:\/\/www.manicdepression.fr\/en\/categorie-produit\/vinyl\/vinyl-12\/\" rel=\"tag\">Vinyl 12\"<\/a><\/I><\/span>\n\t<span class=\"price\"><I><a href=\"https:\/\/www.manicdepression.fr\/en\/etiquette-produit\/batcave\/\" rel=\"tag\">Batcave<\/a>, <a href=\"https:\/\/www.manicdepression.fr\/en\/etiquette-produit\/glam-goth\/\" rel=\"tag\">Glam Goth<\/a>, <a href=\"https:\/\/www.manicdepression.fr\/en\/etiquette-produit\/gothic-rock\/\" rel=\"tag\">Gothic Rock<\/a><\/I><\/span>\n\n\n\t<span class=\"price\"><span class=\"woocommerce-Price-amount amount\"><bdi>16,00<span class=\"woocommerce-Price-currencySymbol\">&euro;<\/span><\/bdi><\/span><\/span>\n\n\n<\/a><a href=\"\/en\/wp-json\/wp\/v2\/pages\/6982?add-to-cart=11523\" aria-describedby=\"woocommerce_loop_add_to_cart_link_describedby_11523\" data-quantity=\"1\" class=\"button product_type_simple add_to_cart_button ajax_add_to_cart\" data-product_id=\"11523\" data-product_sku=\"\" aria-label=\"Add to cart: &ldquo;Les T\u00e9tines Noires &quot;Analog Anthomologies&quot;&rdquo;\" rel=\"nofollow\" data-success_message=\"&ldquo;Les T\u00e9tines Noires &quot;Analog Anthomologies&quot;&rdquo; has been added to your cart\" role=\"button\">Add to cart<\/a>\t<span id=\"woocommerce_loop_add_to_cart_link_describedby_11523\" class=\"screen-reader-text\">\n\t\t\t<\/span>\n<\/li>\n<\/ul>\n<\/div>\n<hr \/>\n<h4>NEWS<\/h4>\n\n\n<div class=\"su-posts su-posts-teaser-loop \">\n\n\t\t\t\t\t\t\n\t\t\t\n\t\t\t<div id=\"su-post-14480\" class=\"su-post \">\n\t\t\t\t\t\t\t\t\t<a class=\"su-post-thumbnail\" href=\"https:\/\/www.manicdepression.fr\/en\/les-tetines-noires-presse\/\"><img loading=\"lazy\" decoding=\"async\" width=\"720\" height=\"380\" src=\"https:\/\/www.manicdepression.fr\/wp-content\/uploads\/2019\/11\/LesTetinesNoires_LP_Cover-720x380.jpg\" class=\"attachment-post-thumbnail size-post-thumbnail wp-post-image\" alt=\"Les T\u00e9tines Noires\" \/><\/a>\n\t\t\t\t\t\t\t\t<h2 class=\"su-post-title\"><a href=\"https:\/\/www.manicdepression.fr\/en\/les-tetines-noires-presse\/\">Les T\u00e9tines Noires : Press<\/a><\/h2>\n\t\t\t<\/div>\n\n\t\t\t\t\t\n\t\t\t\n\t\t\t<div id=\"su-post-8596\" class=\"su-post \">\n\t\t\t\t\t\t\t\t\t<a class=\"su-post-thumbnail\" href=\"https:\/\/www.manicdepression.fr\/en\/les-tetines-noires-concerts-les-tetines-noires-concerts\/\"><img loading=\"lazy\" decoding=\"async\" width=\"720\" height=\"380\" src=\"https:\/\/www.manicdepression.fr\/wp-content\/uploads\/2019\/08\/lestetinesnoires-live-720x380.jpg\" class=\"attachment-post-thumbnail size-post-thumbnail wp-post-image\" alt=\"\" \/><\/a>\n\t\t\t\t\t\t\t\t<h2 class=\"su-post-title\"><a href=\"https:\/\/www.manicdepression.fr\/en\/les-tetines-noires-concerts-les-tetines-noires-concerts\/\">Les T\u00e9tines Noires : Concerts<\/a><\/h2>\n\t\t\t<\/div>\n\n\t\t\t\n<\/div>\n\n<hr \/>\n<p><iframe loading=\"lazy\" title=\"Les T\u00e9tines Noires - Freaks\" width=\"720\" height=\"540\" src=\"https:\/\/www.youtube.com\/embed\/B1-VmbqsFMk?feature=oembed\" frameborder=\"0\" allow=\"accelerometer; autoplay; clipboard-write; encrypted-media; gyroscope; picture-in-picture\" allowfullscreen><\/iframe><\/p>\n<p><iframe loading=\"lazy\" title=\"Les T\u00e9tines Noires - N&amp;M - Live at Rex Club Paris - April 1. 1992\" width=\"720\" height=\"540\" src=\"https:\/\/www.youtube.com\/embed\/MTY7UJ4WPGU?feature=oembed\" frameborder=\"0\" allow=\"accelerometer; autoplay; clipboard-write; encrypted-media; gyroscope; picture-in-picture\" allowfullscreen><\/iframe><\/p>\n<p><iframe loading=\"lazy\" title=\"Les Te\u0301tines Noires - Maronium - TV show FR3 Strasbourg march 30 1988\" width=\"720\" height=\"540\" src=\"https:\/\/www.youtube.com\/embed\/E7QSwKECnh8?feature=oembed\" frameborder=\"0\" allow=\"accelerometer; autoplay; clipboard-write; encrypted-media; gyroscope; picture-in-picture\" allowfullscreen><\/iframe><\/p>\n<p><iframe loading=\"lazy\" src=\"https:\/\/www.youtube.com\/embed\/nZm-Q6pM5PI\" width=\"560\" height=\"315\" frameborder=\"0\" allowfullscreen=\"allowfullscreen\"><\/iframe><\/p>\n<p><iframe loading=\"lazy\" src=\"https:\/\/www.youtube.com\/embed\/HfnSfTHA0RM\" width=\"560\" height=\"315\" frameborder=\"0\" allowfullscreen=\"allowfullscreen\"><\/iframe><\/p>\n<p><iframe loading=\"lazy\" src=\"https:\/\/www.youtube.com\/embed\/HvPMccQ0tUY\" width=\"560\" height=\"315\" frameborder=\"0\" allowfullscreen=\"allowfullscreen\"><\/iframe><\/p>\n<p>https:\/\/www.youtube.com\/watch?v=DEqOq4KLVLs","protected":false},"excerpt":{"rendered":"<p>NOV 24:\u00a0 The Young Gods + Les T\u00e9tines Noires - La Machine du Moulin Rouge (Paris) (Tickets)<br>NOV 15: Les T\u00e9tines Noires + Alk-A-Line - L'Entrep\u00f4t Arlon (B)<br>NOV. 14 Les T\u00e9tines Noires. Le Rep\u00e8re. Calais (FR)<br>NOV 1:\u00a0 Body of Light + Les T\u00e9tines Noires + Drab Majesty\u00a0 - Martigny (CH)<br>MAI 26 Perturbator \/ Les T\u00e9tines Noires \/ Horskh<br>Le 106 - Rouen&hellip;<\/p>","protected":false},"author":1,"featured_media":0,"parent":66,"menu_order":0,"comment_status":"closed","ping_status":"open","template":"","meta":{"footnotes":""},"class_list":["post-6982","page","type-page","status-publish","hentry","post","post-with-thumbnail","post-with-thumbnail-icon"],"_links":{"self":[{"href":"https:\/\/www.manicdepression.fr\/en\/wp-json\/wp\/v2\/pages\/6982","targetHints":{"allow":["GET"]}}],"collection":[{"href":"https:\/\/www.manicdepression.fr\/en\/wp-json\/wp\/v2\/pages"}],"about":[{"href":"https:\/\/www.manicdepression.fr\/en\/wp-json\/wp\/v2\/types\/page"}],"author":[{"embeddable":true,"href":"https:\/\/www.manicdepression.fr\/en\/wp-json\/wp\/v2\/users\/1"}],"replies":[{"embeddable":true,"href":"https:\/\/www.manicdepression.fr\/en\/wp-json\/wp\/v2\/comments?post=6982"}],"version-history":[{"count":0,"href":"https:\/\/www.manicdepression.fr\/en\/wp-json\/wp\/v2\/pages\/6982\/revisions"}],"up":[{"embeddable":true,"href":"https:\/\/www.manicdepression.fr\/en\/wp-json\/wp\/v2\/pages\/66"}],"wp:attachment":[{"href":"https:\/\/www.manicdepression.fr\/en\/wp-json\/wp\/v2\/media?parent=6982"}],"curies":[{"name":"wp","href":"https:\/\/api.w.org\/{rel}","templated":true}]}}