{"id":6973,"date":"2019-08-28T18:42:43","date_gmt":"2019-08-28T16:42:43","guid":{"rendered":"https:\/\/www.manicdepression.fr\/bleib-modern\/"},"modified":"2020-07-28T15:53:58","modified_gmt":"2020-07-28T13:53:58","slug":"bleib-modern","status":"publish","type":"page","link":"https:\/\/www.manicdepression.fr\/en\/artists\/bleib-modern\/","title":{"rendered":"Bleib Modern"},"content":{"rendered":"<div class=\"su-image-carousel  su-image-carousel-has-spacing su-image-carousel-crop su-image-carousel-crop-4-3 su-image-carousel-has-outline su-image-carousel-adaptive su-image-carousel-slides-style-default su-image-carousel-controls-style-dark su-image-carousel-align-none\" style=\"\" data-flickity-options='{\"groupCells\":true,\"cellSelector\":\".su-image-carousel-item\",\"adaptiveHeight\":false,\"cellAlign\":\"left\",\"prevNextButtons\":true,\"pageDots\":true,\"autoPlay\":5000,\"imagesLoaded\":true,\"contain\":true,\"selectedAttraction\":0.025,\"friction\":0.28}' id=\"su_image_carousel_6a04967585dff\"><div class=\"su-image-carousel-item\"><div class=\"su-image-carousel-item-content\"><img loading=\"lazy\" decoding=\"async\" width=\"500\" height=\"333\" src=\"https:\/\/www.manicdepression.fr\/wp-content\/uploads\/2019\/08\/bleibmodern3.jpg\" class=\"\" alt=\"\" srcset=\"https:\/\/www.manicdepression.fr\/wp-content\/uploads\/2019\/08\/bleibmodern3.jpg 500w, https:\/\/www.manicdepression.fr\/wp-content\/uploads\/2019\/08\/bleibmodern3-300x200.jpg 300w, https:\/\/www.manicdepression.fr\/wp-content\/uploads\/2019\/08\/bleibmodern3-272x182.jpg 272w, https:\/\/www.manicdepression.fr\/wp-content\/uploads\/2019\/08\/bleibmodern3-400x266.jpg 400w, https:\/\/www.manicdepression.fr\/wp-content\/uploads\/2019\/08\/bleibmodern3-90x60.jpg 90w, https:\/\/www.manicdepression.fr\/wp-content\/uploads\/2019\/08\/bleibmodern3-135x90.jpg 135w\" sizes=\"auto, (max-width: 500px) 100vw, 500px\" \/><\/div><\/div><div class=\"su-image-carousel-item\"><div class=\"su-image-carousel-item-content\"><img loading=\"lazy\" decoding=\"async\" width=\"500\" height=\"375\" src=\"https:\/\/www.manicdepression.fr\/wp-content\/uploads\/2019\/08\/bleibmodern1.jpg\" class=\"\" alt=\"\" srcset=\"https:\/\/www.manicdepression.fr\/wp-content\/uploads\/2019\/08\/bleibmodern1.jpg 500w, https:\/\/www.manicdepression.fr\/wp-content\/uploads\/2019\/08\/bleibmodern1-300x225.jpg 300w, https:\/\/www.manicdepression.fr\/wp-content\/uploads\/2019\/08\/bleibmodern1-444x333.jpg 444w, https:\/\/www.manicdepression.fr\/wp-content\/uploads\/2019\/08\/bleibmodern1-400x300.jpg 400w, https:\/\/www.manicdepression.fr\/wp-content\/uploads\/2019\/08\/bleibmodern1-80x60.jpg 80w, https:\/\/www.manicdepression.fr\/wp-content\/uploads\/2019\/08\/bleibmodern1-120x90.jpg 120w\" sizes=\"auto, (max-width: 500px) 100vw, 500px\" \/><\/div><\/div><div class=\"su-image-carousel-item\"><div class=\"su-image-carousel-item-content\"><img loading=\"lazy\" decoding=\"async\" width=\"500\" height=\"333\" src=\"https:\/\/www.manicdepression.fr\/wp-content\/uploads\/2019\/08\/bleibmodern2.jpg\" class=\"\" alt=\"\" srcset=\"https:\/\/www.manicdepression.fr\/wp-content\/uploads\/2019\/08\/bleibmodern2.jpg 500w, https:\/\/www.manicdepression.fr\/wp-content\/uploads\/2019\/08\/bleibmodern2-300x200.jpg 300w, https:\/\/www.manicdepression.fr\/wp-content\/uploads\/2019\/08\/bleibmodern2-272x182.jpg 272w, https:\/\/www.manicdepression.fr\/wp-content\/uploads\/2019\/08\/bleibmodern2-400x266.jpg 400w, https:\/\/www.manicdepression.fr\/wp-content\/uploads\/2019\/08\/bleibmodern2-90x60.jpg 90w, https:\/\/www.manicdepression.fr\/wp-content\/uploads\/2019\/08\/bleibmodern2-135x90.jpg 135w\" sizes=\"auto, (max-width: 500px) 100vw, 500px\" \/><\/div><\/div><\/div><script id=\"su_image_carousel_6a04967585dff_script\">if(window.SUImageCarousel){setTimeout(function() {window.SUImageCarousel.initGallery(document.getElementById(\"su_image_carousel_6a04967585dff\"))}, 0);}var su_image_carousel_6a04967585dff_script=document.getElementById(\"su_image_carousel_6a04967585dff_script\");if(su_image_carousel_6a04967585dff_script){su_image_carousel_6a04967585dff_script.parentNode.removeChild(su_image_carousel_6a04967585dff_script);}<\/script>\n<p>&#8216;After relentlessly touring around Europe the past couple of years, they took a break in Berlin to lay down what was to become their most mature and fascinating record so far, Antagonism.<\/p>\n<p>A true sonic assault at the service of a bleak sensibility. Amongst the expected throbbing shoegaze hymns, a craft that they have been perfecting since their debut. By shaping a new and more solar sound, the band shows themselves ready to take over a new and wider audience.<\/p>\n<p>Bleib Modern finally opened their wings (but got burnt aiming at the sun).<\/p>\n<p>To File Under : The Underground Youth, The Blue Angel Lounge, A Place To Bury Strangers, The Kvb, The Cure, Ritual Howls, &#8230;&#8221;<\/p>\n<p><a href=\"https:\/\/www.youtube.com\/channel\/UChjRmIedWW_kwAJxlA0ypqQ\" rel=\"noopener noreferrer\" target=\"_blank\"><i class=\"fab fa-youtube fa-2x\"><\/i><\/a>\u00a0<a href=\"https:\/\/www.facebook.com\/pg\/bleibmodern\" rel=\"noopener noreferrer\" target=\"_blank\"><i class=\"fab fa-facebook-f fa-2x\"><\/i><\/a><\/p>\n<div class=\"woocommerce columns-3 \"><ul class=\"products columns-3\">\n<li class=\"post post-with-thumbnail post-with-thumbnail-icon product type-product post-5817 status-publish first instock product_cat-digipack product_tag-post-punk has-post-thumbnail purchasable product-type-simple\">\n\t<a href=\"https:\/\/www.manicdepression.fr\/en\/produit\/bleib-modern-antagonism\/\" class=\"woocommerce-LoopProduct-link woocommerce-loop-product__link\"><img loading=\"lazy\" decoding=\"async\" width=\"300\" height=\"271\" src=\"https:\/\/www.manicdepression.fr\/wp-content\/uploads\/2019\/08\/BleibModern-Antagonism-CD-300x271.jpg\" class=\"attachment-woocommerce_thumbnail size-woocommerce_thumbnail\" alt=\"Bleib Modern - Antagonism\" srcset=\"https:\/\/www.manicdepression.fr\/wp-content\/uploads\/2019\/08\/BleibModern-Antagonism-CD-300x271.jpg 300w, https:\/\/www.manicdepression.fr\/wp-content\/uploads\/2019\/08\/BleibModern-Antagonism-CD-368x333.jpg 368w, https:\/\/www.manicdepression.fr\/wp-content\/uploads\/2019\/08\/BleibModern-Antagonism-CD-400x362.jpg 400w, https:\/\/www.manicdepression.fr\/wp-content\/uploads\/2019\/08\/BleibModern-Antagonism-CD.jpg 585w\" sizes=\"auto, (max-width: 300px) 100vw, 300px\" \/><h2 class=\"woocommerce-loop-product__title\">Bleib Modern &#8220;Antagonism&#8221;<\/h2> <a href=\"https:\/\/www.manicdepression.fr\/en\/label\/manic-depression\/\" rel=\"tag\">Manic Depression<\/a>\n\t<span class=\"price\"><I><a href=\"https:\/\/www.manicdepression.fr\/en\/categorie-produit\/cd\/digipack\/\" rel=\"tag\">Digipack<\/a><\/I><\/span>\n\t<span class=\"price\"><I><a href=\"https:\/\/www.manicdepression.fr\/en\/etiquette-produit\/post-punk\/\" rel=\"tag\">Post Punk<\/a><\/I><\/span>\n\n\n\t<span class=\"price\"><span class=\"woocommerce-Price-amount amount\"><bdi>12,00<span class=\"woocommerce-Price-currencySymbol\">&euro;<\/span><\/bdi><\/span><\/span>\n\n\n<\/a><a href=\"\/en\/wp-json\/wp\/v2\/pages\/6973?add-to-cart=5817\" aria-describedby=\"woocommerce_loop_add_to_cart_link_describedby_5817\" data-quantity=\"1\" class=\"button product_type_simple add_to_cart_button ajax_add_to_cart\" data-product_id=\"5817\" data-product_sku=\"00162fddb0b1\" aria-label=\"Add to cart: &ldquo;Bleib Modern &quot;Antagonism&quot;&rdquo;\" rel=\"nofollow\" data-success_message=\"&ldquo;Bleib Modern &quot;Antagonism&quot;&rdquo; has been added to your cart\" role=\"button\">Add to cart<\/a>\t<span id=\"woocommerce_loop_add_to_cart_link_describedby_5817\" class=\"screen-reader-text\">\n\t\t\t<\/span>\n<\/li>\n<\/ul>\n<\/div>\n<p><iframe loading=\"lazy\" width=\"560\" height=\"315\" src=\"https:\/\/www.youtube.com\/embed\/Rhf-oWtOEUg\" frameborder=\"0\" allowfullscreen><\/iframe><\/p>\n<p>\n<iframe loading=\"lazy\" width=\"560\" height=\"315\" src=\"https:\/\/www.youtube.com\/embed\/KMOSwY1fuIc\" frameborder=\"0\" allowfullscreen><\/iframe><\/p>\n<p>\n<iframe loading=\"lazy\" width=\"560\" height=\"315\" src=\"https:\/\/www.youtube.com\/embed\/Ll7c24Ib_yo?list=RDLl7c24Ib_yo\" frameborder=\"0\" allowfullscreen><\/iframe>","protected":false},"excerpt":{"rendered":"<p>[:fr][su_image_carousel source=\"media: 7373,7371,7372\"]<br>Apr\u00e8s une tourn\u00e9e sans tr\u00e8ve \u00e0 trvaers l'Europe ces derni\u00e8res ann\u00e9es, ils ont fait une pause \u00e0 Berlin pour d\u00e9finir ce qui deviendrait leur album le plus mature et le plus fascinant \u00e0 ce jour, \u00ab Antagonisme \u00bb.<br>Un v\u00e9ritable assaut sonore au service d'une morne sensibilit\u00e9. Parmi les hymnes attendus de palpitant shoegaze, une \u0153uvre qu'ils perfectionnent au fil des ans depuis leurs d\u00e9buts. En formant un son nouveau et plus solaire, le groupe se montre pr\u00eat \u00e0 prendre investir un public nouveau et plus large.<br>Bleib Modern a finalement ouvert ses ailes (mais a \u00e9t\u00e9 br\u00fbl\u00e9 en visant le soleil).<br>\u00c0 ranger avec : The Underground Youth, The Blue Angel Lounge, A Place To Bury Strangers, The Kvb, The Cure, Ritual Howls...<br>\u00a0&hellip;<\/p>","protected":false},"author":1,"featured_media":0,"parent":66,"menu_order":0,"comment_status":"closed","ping_status":"closed","template":"","meta":{"footnotes":""},"class_list":["post-6973","page","type-page","status-publish","hentry","post"],"_links":{"self":[{"href":"https:\/\/www.manicdepression.fr\/en\/wp-json\/wp\/v2\/pages\/6973","targetHints":{"allow":["GET"]}}],"collection":[{"href":"https:\/\/www.manicdepression.fr\/en\/wp-json\/wp\/v2\/pages"}],"about":[{"href":"https:\/\/www.manicdepression.fr\/en\/wp-json\/wp\/v2\/types\/page"}],"author":[{"embeddable":true,"href":"https:\/\/www.manicdepression.fr\/en\/wp-json\/wp\/v2\/users\/1"}],"replies":[{"embeddable":true,"href":"https:\/\/www.manicdepression.fr\/en\/wp-json\/wp\/v2\/comments?post=6973"}],"version-history":[{"count":0,"href":"https:\/\/www.manicdepression.fr\/en\/wp-json\/wp\/v2\/pages\/6973\/revisions"}],"up":[{"embeddable":true,"href":"https:\/\/www.manicdepression.fr\/en\/wp-json\/wp\/v2\/pages\/66"}],"wp:attachment":[{"href":"https:\/\/www.manicdepression.fr\/en\/wp-json\/wp\/v2\/media?parent=6973"}],"curies":[{"name":"wp","href":"https:\/\/api.w.org\/{rel}","templated":true}]}}