{"id":6969,"date":"2019-08-28T18:42:43","date_gmt":"2019-08-28T16:42:43","guid":{"rendered":"https:\/\/www.manicdepression.fr\/night-train-to-nowhere\/"},"modified":"2020-07-28T15:56:06","modified_gmt":"2020-07-28T13:56:06","slug":"night-train-to-nowhere","status":"publish","type":"page","link":"https:\/\/www.manicdepression.fr\/en\/artists\/night-train-to-nowhere\/","title":{"rendered":"Night Train To Nowhere"},"content":{"rendered":"<img loading=\"lazy\" decoding=\"async\" class=\"wp-image-7426 size-full aligncenter\" src=\"https:\/\/www.manicdepression.fr\/wp-content\/uploads\/2019\/08\/NTTN_Photo.jpg\" alt=\"\" width=\"500\" height=\"370\" srcset=\"https:\/\/www.manicdepression.fr\/wp-content\/uploads\/2019\/08\/NTTN_Photo.jpg 500w, https:\/\/www.manicdepression.fr\/wp-content\/uploads\/2019\/08\/NTTN_Photo-300x222.jpg 300w, https:\/\/www.manicdepression.fr\/wp-content\/uploads\/2019\/08\/NTTN_Photo-450x333.jpg 450w, https:\/\/www.manicdepression.fr\/wp-content\/uploads\/2019\/08\/NTTN_Photo-400x296.jpg 400w, https:\/\/www.manicdepression.fr\/wp-content\/uploads\/2019\/08\/NTTN_Photo-81x60.jpg 81w, https:\/\/www.manicdepression.fr\/wp-content\/uploads\/2019\/08\/NTTN_Photo-122x90.jpg 122w\" sizes=\"auto, (max-width: 500px) 100vw, 500px\" \/><\/p>\n<p>Night Train To Nowhere is the side project of Xzvrey from the french post-punk\/deathrock band : The Last Oath. Each release tells a story through which demons and ghosts are running free.<\/p>\n<p>Night Train To Nowhere was born during autumn 2015, after a long and exhausting composition session for Xzvrey&#8217;s main project. This was the trigger of a new challenge. Xzvrey decided to lead both : a main full band (The Last Oath) and a solo side project (Night Train To Nowhere).<\/p>\n<p>During the end of summer 2016, Xzvrey put the final guitare note on Dance Of Horns, his first EP, one week before performing a live with his main band. The 23 September 2016, The Last Oath played live in Bordeaux, and Xzvrey meats Jean-Philippe Torres (Vivid Atmosphere, Darkline Spectrum) who did the sound for the band. The two mens had a long conversation about post-punk\/goth scene. Havig been impressed by Jean-Philippe&#8217;s skills for mix, Xzvrey decieded to work with him on NTTN.<\/p>\n<p>Now the two mens work together on this young project. A strange alliance increases, testimony of what the magic of the meetings can make.<\/p>\n<p>The first stones of a dark and unholy building are put.<\/p>\n<p><a href=\"https:\/\/www.facebook.com\/nighttraintonowhere\/\" rel=\"noopener noreferrer\" target=\"_blank\"><i class=\"fab fa-facebook-f fa-2x\"><\/i><\/a><\/p>\n<div class=\"woocommerce \"><ul class=\"products columns-3\">\n<li class=\"post post-with-thumbnail post-with-thumbnail-icon product type-product post-5805 status-publish first instock product_cat-digital product_tag-cold-wave product_tag-gothic-rock has-post-thumbnail downloadable purchasable product-type-simple\">\n\t<a href=\"https:\/\/www.manicdepression.fr\/en\/produit\/night-train-to-nowhere-dance-of-horns\/\" class=\"woocommerce-LoopProduct-link woocommerce-loop-product__link\"><img loading=\"lazy\" decoding=\"async\" width=\"300\" height=\"305\" src=\"https:\/\/www.manicdepression.fr\/wp-content\/uploads\/2019\/08\/MD080_NTTN_Cover.jpg\" class=\"attachment-woocommerce_thumbnail size-woocommerce_thumbnail\" alt=\"Night Train To Nowhere - Dance Of Horns\" srcset=\"https:\/\/www.manicdepression.fr\/wp-content\/uploads\/2019\/08\/MD080_NTTN_Cover.jpg 300w, https:\/\/www.manicdepression.fr\/wp-content\/uploads\/2019\/08\/MD080_NTTN_Cover-295x300.jpg 295w\" sizes=\"auto, (max-width: 300px) 100vw, 300px\" \/><h2 class=\"woocommerce-loop-product__title\">Night Train To Nowhere &#8220;Dance Of Horns&#8221;<\/h2> <a href=\"https:\/\/www.manicdepression.fr\/en\/label\/manic-depression\/\" rel=\"tag\">Manic Depression<\/a>\n\t<span class=\"price\"><I><a href=\"https:\/\/www.manicdepression.fr\/en\/categorie-produit\/digital\/\" rel=\"tag\">Digital<\/a><\/I><\/span>\n\t<span class=\"price\"><I><a href=\"https:\/\/www.manicdepression.fr\/en\/etiquette-produit\/cold-wave\/\" rel=\"tag\">Cold Wave<\/a>, <a href=\"https:\/\/www.manicdepression.fr\/en\/etiquette-produit\/gothic-rock\/\" rel=\"tag\">Gothic Rock<\/a><\/I><\/span>\n\n\n\t<span class=\"price\"><span class=\"woocommerce-Price-amount amount\"><bdi>0,00<span class=\"woocommerce-Price-currencySymbol\">&euro;<\/span><\/bdi><\/span><\/span>\n\n\n<\/a><a href=\"\/en\/wp-json\/wp\/v2\/pages\/6969?add-to-cart=5805\" aria-describedby=\"woocommerce_loop_add_to_cart_link_describedby_5805\" data-quantity=\"1\" class=\"button product_type_simple add_to_cart_button ajax_add_to_cart\" data-product_id=\"5805\" data-product_sku=\"\" aria-label=\"Add to cart: &ldquo;Night Train To Nowhere &quot;Dance Of Horns&quot;&rdquo;\" rel=\"nofollow\" data-success_message=\"&ldquo;Night Train To Nowhere &quot;Dance Of Horns&quot;&rdquo; has been added to your cart\" role=\"button\">Add to cart<\/a>\t<span id=\"woocommerce_loop_add_to_cart_link_describedby_5805\" class=\"screen-reader-text\">\n\t\t\t<\/span>\n<\/li>\n<\/ul>\n<\/div>\n<p><iframe loading=\"lazy\" title=\"Night Train To Nowhere ~ Fire In The Pandora&#039;s Box\" width=\"720\" height=\"540\" src=\"https:\/\/www.youtube.com\/embed\/SZdDr5cPihw?feature=oembed\" frameborder=\"0\" allow=\"accelerometer; autoplay; encrypted-media; gyroscope; picture-in-picture\" allowfullscreen><\/iframe><br \/>","protected":false},"excerpt":{"rendered":"<p>[:fr]<br>Night Train To Nowhere est le \"side-project\" d'Xzvrey, leader du groupe de post-punk\/deathrock fran\u00e7ais : The Last Oath. Chaque EP et album racontera une histoire sombre et inqui\u00e9tante o\u00f9 les d\u00e9mons r\u00f4dent par milliers.<br>Le projet est n\u00e9 durant l'automne 2015, apr\u00e8s une longue et \u00e9puisante session de composition pour le projet principal d'Xzvrey. Ce f\u00fbt le d\u00e9clencheur d'un nouveau challenge. Xzvrey d\u00e9cida de mener de front deux projets s\u00e9par\u00e9s : son groupe principal (The Last Oath) et un second (Night Train To Nowhere) pour \u00e9tancher sa soif de composition.<br>Durant la fin de l'\u00e9t\u00e9 2016, Xzvrey mit la touche finale \u00e0 l'enregistrement de son premier EP 4 titres : Dance Of Horns; une semaine avant un concert de son groupe principal. Le 23 Septembre 2016, The Last Oath joue \u00e0 Bordeaux devant un petit groupe de passionn\u00e9s de la sc\u00e8ne underground. Jean-Philppe Torres (Vivid Atmosphere, Darkline Spectrum) s'occupait du son \u00e0 la demande des organisateurs. Les deux hommes eurent une longue et passionnante discussion sur la sc\u00e8ne Post-Punk\/Goth. Ayant \u00e9t\u00e9 impressionn\u00e9 par les comp\u00e9tences de Jean-Philippe (qui fit ce soir-l\u00e0 un son irr\u00e9prochable pour le groupe), Xzvrey proposa \u00e0 ce dernier de travailler avec lui sur son nouveau projet : Night Train To Nowhere.<br>Aujourd'hui, les deux hommes travaillent ensembles \u00e0 partir des mat\u00e9riaux bruts qu'Xzvrey extrait de son cerveau tortur\u00e9. Une \u00e9trange alliance grandit, t\u00e9moignage de ce que les rencontres ont de magiques et d'inattendues.<br>Les premi\u00e8res pierres d'un sombre \u00e9difice sont pos\u00e9es. L'avenir Impie d'NTTN se construit peu \u00e0 peu sur ces fondations.&hellip;<\/p>","protected":false},"author":1,"featured_media":0,"parent":66,"menu_order":0,"comment_status":"closed","ping_status":"open","template":"","meta":{"footnotes":""},"class_list":["post-6969","page","type-page","status-publish","hentry","post"],"_links":{"self":[{"href":"https:\/\/www.manicdepression.fr\/en\/wp-json\/wp\/v2\/pages\/6969","targetHints":{"allow":["GET"]}}],"collection":[{"href":"https:\/\/www.manicdepression.fr\/en\/wp-json\/wp\/v2\/pages"}],"about":[{"href":"https:\/\/www.manicdepression.fr\/en\/wp-json\/wp\/v2\/types\/page"}],"author":[{"embeddable":true,"href":"https:\/\/www.manicdepression.fr\/en\/wp-json\/wp\/v2\/users\/1"}],"replies":[{"embeddable":true,"href":"https:\/\/www.manicdepression.fr\/en\/wp-json\/wp\/v2\/comments?post=6969"}],"version-history":[{"count":0,"href":"https:\/\/www.manicdepression.fr\/en\/wp-json\/wp\/v2\/pages\/6969\/revisions"}],"up":[{"embeddable":true,"href":"https:\/\/www.manicdepression.fr\/en\/wp-json\/wp\/v2\/pages\/66"}],"wp:attachment":[{"href":"https:\/\/www.manicdepression.fr\/en\/wp-json\/wp\/v2\/media?parent=6969"}],"curies":[{"name":"wp","href":"https:\/\/api.w.org\/{rel}","templated":true}]}}