{"id":6967,"date":"2019-08-28T18:42:43","date_gmt":"2019-08-28T16:42:43","guid":{"rendered":"https:\/\/www.manicdepression.fr\/razorline\/"},"modified":"2020-07-28T15:56:07","modified_gmt":"2020-07-28T13:56:07","slug":"razorline","status":"publish","type":"page","link":"https:\/\/www.manicdepression.fr\/en\/artists\/razorline\/","title":{"rendered":"Razorline"},"content":{"rendered":"<img loading=\"lazy\" decoding=\"async\" class=\"aligncenter size-full wp-image-7433\" src=\"https:\/\/www.manicdepression.fr\/wp-content\/uploads\/2019\/08\/razorline.jpg\" alt=\"\" width=\"500\" height=\"324\" srcset=\"https:\/\/www.manicdepression.fr\/wp-content\/uploads\/2019\/08\/razorline.jpg 500w, https:\/\/www.manicdepression.fr\/wp-content\/uploads\/2019\/08\/razorline-300x194.jpg 300w, https:\/\/www.manicdepression.fr\/wp-content\/uploads\/2019\/08\/razorline-400x259.jpg 400w, https:\/\/www.manicdepression.fr\/wp-content\/uploads\/2019\/08\/razorline-93x60.jpg 93w, https:\/\/www.manicdepression.fr\/wp-content\/uploads\/2019\/08\/razorline-139x90.jpg 139w\" sizes=\"auto, (max-width: 500px) 100vw, 500px\" \/>Razorline is a solo musical project born in 2015 from Italy.<\/p>\n<p>After many years of making electronic music Nico\u2019s back to his first passion, guitars.<br \/>\nIn the last 15 years he gained experience as sound designer and composer for Art Gallery, Theatre Show and Fashion Show.<br \/>\nInvesting his personal time into this new musical project.<br \/>\nAt some point his mind and soul felt the need of going back to play real instruments like guitar, keeping elements from his experience with electronic music.<br \/>\nRazorline is a journey through nostalgic feelings and sounds from myhis past but written with a modern touch.<br \/>\nThis is music for your soul and your thoughts.<br \/>\nHope you will like it.<\/p>\n<p><a href=\"https:\/\/www.youtube.com\/channel\/UCZQW9HKx5rxFKWgEFB9sm_w\" rel=\"noopener noreferrer\" target=\"_blank\"><i class=\"fab fa-youtube fa-2x\"><\/i><\/a>\u00a0<a href=\"https:\/\/www.facebook.com\/razorlinemusic\" rel=\"noopener noreferrer\" target=\"_blank\"><i class=\"fab fa-facebook-f fa-2x\"><\/i><\/a><\/p>\n<div class=\"woocommerce \"><ul class=\"products columns-4\">\n<li class=\"post post-with-thumbnail post-with-thumbnail-icon product type-product post-5787 status-publish first instock product_cat-digital product_tag-cold-wave product_tag-post-punk has-post-thumbnail downloadable purchasable product-type-simple\">\n\t<a href=\"https:\/\/www.manicdepression.fr\/en\/produit\/razorline-razorline\/\" class=\"woocommerce-LoopProduct-link woocommerce-loop-product__link\"><img loading=\"lazy\" decoding=\"async\" width=\"300\" height=\"271\" src=\"https:\/\/www.manicdepression.fr\/wp-content\/uploads\/2019\/08\/MD077_RAZORLINE-300x271.jpg\" class=\"attachment-woocommerce_thumbnail size-woocommerce_thumbnail\" alt=\"Razorline - Razorline\" srcset=\"https:\/\/www.manicdepression.fr\/wp-content\/uploads\/2019\/08\/MD077_RAZORLINE-300x271.jpg 300w, https:\/\/www.manicdepression.fr\/wp-content\/uploads\/2019\/08\/MD077_RAZORLINE.jpg 332w\" sizes=\"auto, (max-width: 300px) 100vw, 300px\" \/><h2 class=\"woocommerce-loop-product__title\">Razorline &#8220;Razorline&#8221;<\/h2> <a href=\"https:\/\/www.manicdepression.fr\/en\/label\/manic-depression\/\" rel=\"tag\">Manic Depression<\/a>\n\t<span class=\"price\"><I><a href=\"https:\/\/www.manicdepression.fr\/en\/categorie-produit\/digital\/\" rel=\"tag\">Digital<\/a><\/I><\/span>\n\t<span class=\"price\"><I><a href=\"https:\/\/www.manicdepression.fr\/en\/etiquette-produit\/cold-wave\/\" rel=\"tag\">Cold Wave<\/a>, <a href=\"https:\/\/www.manicdepression.fr\/en\/etiquette-produit\/post-punk\/\" rel=\"tag\">Post Punk<\/a><\/I><\/span>\n\n\n\t<span class=\"price\"><span class=\"woocommerce-Price-amount amount\"><bdi>0,00<span class=\"woocommerce-Price-currencySymbol\">&euro;<\/span><\/bdi><\/span><\/span>\n\n\n<\/a><a href=\"\/en\/wp-json\/wp\/v2\/pages\/6967?add-to-cart=5787\" aria-describedby=\"woocommerce_loop_add_to_cart_link_describedby_5787\" data-quantity=\"1\" class=\"button product_type_simple add_to_cart_button ajax_add_to_cart\" data-product_id=\"5787\" data-product_sku=\"3d5b993d4b8d\" aria-label=\"Add to cart: &ldquo;Razorline &quot;Razorline&quot;&rdquo;\" rel=\"nofollow\" data-success_message=\"&ldquo;Razorline &quot;Razorline&quot;&rdquo; has been added to your cart\" role=\"button\">Add to cart<\/a>\t<span id=\"woocommerce_loop_add_to_cart_link_describedby_5787\" class=\"screen-reader-text\">\n\t\t\t<\/span>\n<\/li>\n<\/ul>\n<\/div>\n<p><iframe loading=\"lazy\" src=\"https:\/\/www.youtube.com\/embed\/ZpKiv5-E1VY\" width=\"560\" height=\"315\" frameborder=\"0\" allowfullscreen=\"allowfullscreen\"><\/iframe>","protected":false},"excerpt":{"rendered":"<p>[:fr]Razorline is a solo musical project born in 2015 from Italy.<br>Razorline est un projet musical solo n\u00e9 en 2015 en Italie.<br>Apr\u00e8s de nombreuses ann\u00e9es de faire \u00e9lectronique Nico retourne \u00e0 sa premi\u00e8re passion, les guitares.<br>Au cours des 15 derni\u00e8res ann\u00e9es, il a acquis une exp\u00e9rience de sound designer et de compositeur pour des galeries d'art, le th\u00e9\u00e2tre et le d\u00e9fil\u00e9 de mode.<br>Il investit son temps personnel dans ce nouveau projet musical.<br>\u00c0 un moment donn\u00e9, son esprit et son \u00e2me ont ressenti le besoin de retourner jouer avec de vrais instruments comme la guitare, gardant des \u00e9l\u00e9ments de son exp\u00e9rience avec la musique \u00e9lectronique.&hellip;<\/p>","protected":false},"author":1,"featured_media":0,"parent":66,"menu_order":0,"comment_status":"closed","ping_status":"open","template":"","meta":{"footnotes":""},"class_list":["post-6967","page","type-page","status-publish","hentry","post"],"_links":{"self":[{"href":"https:\/\/www.manicdepression.fr\/en\/wp-json\/wp\/v2\/pages\/6967","targetHints":{"allow":["GET"]}}],"collection":[{"href":"https:\/\/www.manicdepression.fr\/en\/wp-json\/wp\/v2\/pages"}],"about":[{"href":"https:\/\/www.manicdepression.fr\/en\/wp-json\/wp\/v2\/types\/page"}],"author":[{"embeddable":true,"href":"https:\/\/www.manicdepression.fr\/en\/wp-json\/wp\/v2\/users\/1"}],"replies":[{"embeddable":true,"href":"https:\/\/www.manicdepression.fr\/en\/wp-json\/wp\/v2\/comments?post=6967"}],"version-history":[{"count":0,"href":"https:\/\/www.manicdepression.fr\/en\/wp-json\/wp\/v2\/pages\/6967\/revisions"}],"up":[{"embeddable":true,"href":"https:\/\/www.manicdepression.fr\/en\/wp-json\/wp\/v2\/pages\/66"}],"wp:attachment":[{"href":"https:\/\/www.manicdepression.fr\/en\/wp-json\/wp\/v2\/media?parent=6967"}],"curies":[{"name":"wp","href":"https:\/\/api.w.org\/{rel}","templated":true}]}}