{"id":6965,"date":"2019-08-28T18:42:41","date_gmt":"2019-08-28T16:42:41","guid":{"rendered":"https:\/\/www.manicdepression.fr\/lan2000\/"},"modified":"2020-07-28T15:55:44","modified_gmt":"2020-07-28T13:55:44","slug":"lan2000","status":"publish","type":"page","link":"https:\/\/www.manicdepression.fr\/en\/artists\/lan2000\/","title":{"rendered":"L&#8217;An2000"},"content":{"rendered":"A cold and dancing pop music, with bitter lyrics.<br \/>\nL&#8217;An2000 offers a retro-futuristic journey within tortured sounds and synth\u00e9tic melodies.<\/p>\n<p>&#8220;A cold pop with bitter lyrics, led by a captivated deep voice, the band shows us how to move our bodies in slow motion, completely out of control. Pushed by the army of synths, bass and guitar play anthems to nightcalls. Between actual pop and new wave sonorities, L\u2019An2000 signs the link of past and present, for the happiness of 80\u2019s nostalgics and new followers of a rediscovered style that never dies.&#8221;<br \/>\nBy Fred Lombard &#8211; indiemusic.fr<\/p>\n<p>Une pop froide et dansante aux textes souvent amers.<br \/>\nL&#8217;An2000 offre un voyage r\u00e9tro-futuriste au sein des sonorit\u00e9s tortur\u00e9es de ses m\u00e9lodies synth\u00e9tiques.<\/p>\n<p><a href=\"https:\/\/www.youtube.com\/channel\/UC_IuiJJ0RZ0Zj5DWJ89tn5A\" rel=\"noopener noreferrer\" target=\"_blank\"><i class=\"fab fa-youtube fa-2x\"><\/i><\/a>\u00a0<a href=\"https:\/\/soundcloud.com\/lan2000-1\" rel=\"noopener noreferrer\" target=\"_blank\"><i class=\"fab fa-soundcloud fa-2x\"><\/i><\/a>\u00a0<a href=\"https:\/\/twitter.com\/L_An2000\" rel=\"noopener noreferrer\" target=\"_blank\"><i class=\"fab fa-twitter fa-2x\"><\/i><\/a>\u00a0<a href=\"https:\/\/www.facebook.com\/LAN2000music\/\" rel=\"noopener noreferrer\" target=\"_blank\"><i class=\"fab fa-facebook-f fa-2x\"><\/i><\/a><\/p>\n<div class=\"woocommerce columns-3 \"><ul class=\"products columns-3\">\n<li class=\"post post-with-thumbnail post-with-thumbnail-icon product type-product post-5749 status-publish first instock product_cat-digipack product_tag-new-wave product_tag-post-punk has-post-thumbnail purchasable product-type-simple\">\n\t<a href=\"https:\/\/www.manicdepression.fr\/en\/produit\/lan2000-illusions\/\" class=\"woocommerce-LoopProduct-link woocommerce-loop-product__link\"><img loading=\"lazy\" decoding=\"async\" width=\"300\" height=\"300\" src=\"https:\/\/www.manicdepression.fr\/wp-content\/uploads\/2019\/08\/lan2000-300x300.jpg\" class=\"attachment-woocommerce_thumbnail size-woocommerce_thumbnail\" alt=\"L&#039;An2000 - Illusions\" srcset=\"https:\/\/www.manicdepression.fr\/wp-content\/uploads\/2019\/08\/lan2000-300x300.jpg 300w, https:\/\/www.manicdepression.fr\/wp-content\/uploads\/2019\/08\/lan2000-100x100.jpg 100w, https:\/\/www.manicdepression.fr\/wp-content\/uploads\/2019\/08\/lan2000-333x333.jpg 333w, https:\/\/www.manicdepression.fr\/wp-content\/uploads\/2019\/08\/lan2000-400x400.jpg 400w, https:\/\/www.manicdepression.fr\/wp-content\/uploads\/2019\/08\/lan2000.jpg 700w\" sizes=\"auto, (max-width: 300px) 100vw, 300px\" \/><h2 class=\"woocommerce-loop-product__title\">L&#8217;An2000 &#8220;Illusions&#8221;<\/h2> <a href=\"https:\/\/www.manicdepression.fr\/en\/label\/manic-depression\/\" rel=\"tag\">Manic Depression<\/a>\n\t<span class=\"price\"><I><a href=\"https:\/\/www.manicdepression.fr\/en\/categorie-produit\/cd\/digipack\/\" rel=\"tag\">Digipack<\/a><\/I><\/span>\n\t<span class=\"price\"><I><a href=\"https:\/\/www.manicdepression.fr\/en\/etiquette-produit\/new-wave\/\" rel=\"tag\">New Wave<\/a>, <a href=\"https:\/\/www.manicdepression.fr\/en\/etiquette-produit\/post-punk\/\" rel=\"tag\">Post Punk<\/a><\/I><\/span>\n\n\n\t<span class=\"price\"><span class=\"woocommerce-Price-amount amount\"><bdi>12,00<span class=\"woocommerce-Price-currencySymbol\">&euro;<\/span><\/bdi><\/span><\/span>\n\n\n<\/a><a href=\"\/en\/wp-json\/wp\/v2\/pages\/6965?add-to-cart=5749\" aria-describedby=\"woocommerce_loop_add_to_cart_link_describedby_5749\" data-quantity=\"1\" class=\"button product_type_simple add_to_cart_button ajax_add_to_cart\" data-product_id=\"5749\" data-product_sku=\"89ffb6c1a182\" aria-label=\"Add to cart: &ldquo;L&#039;An2000 &quot;Illusions&quot;&rdquo;\" rel=\"nofollow\" data-success_message=\"&ldquo;L&#039;An2000 &quot;Illusions&quot;&rdquo; has been added to your cart\" role=\"button\">Add to cart<\/a>\t<span id=\"woocommerce_loop_add_to_cart_link_describedby_5749\" class=\"screen-reader-text\">\n\t\t\t<\/span>\n<\/li>\n<\/ul>\n<\/div>\n<p><iframe loading=\"lazy\" src=\"https:\/\/www.youtube.com\/embed\/vbcKj-X--6o\" width=\"560\" height=\"315\" frameborder=\"0\" allowfullscreen=\"allowfullscreen\"><\/iframe><br \/>\n<iframe loading=\"lazy\" title=\"L&#039;An2000 - The Light (Official Music Video)\" width=\"720\" height=\"405\" src=\"https:\/\/www.youtube.com\/embed\/J52eakmKo2A?feature=oembed\" frameborder=\"0\" allow=\"accelerometer; autoplay; encrypted-media; gyroscope; picture-in-picture\" allowfullscreen><\/iframe><br \/>\n<iframe loading=\"lazy\" src=\"https:\/\/www.youtube.com\/embed\/FL9TSs7H20s\" width=\"560\" height=\"315\" frameborder=\"0\" allowfullscreen=\"allowfullscreen\"><\/iframe>","protected":false},"excerpt":{"rendered":"<p>[:fr]A cold and dancing pop music, with bitter lyrics.<br>L'An2000 offers a retro-futuristic journey within tortured sounds and synth\u00e9tic melodies.<br>\"A cold pop with bitter lyrics, led by a captivated deep voice, the band shows us how to move our bodies in slow motion, completely out of control. Pushed by the army of synths, bass and guitar play anthems to nightcalls. Between actual pop and new wave sonorities, L\u2019An2000 signs the link of past and present, for the happiness of 80\u2019s nostalgics and new followers of a rediscovered style that never dies.\"<br>By Fred Lombard - indiemusic.fr<br>Une pop froide et dansante aux textes souvent amers.<br>L'An2000 offre un voyage r\u00e9tro-futuriste au sein des sonorit\u00e9s tortur\u00e9es de ses m\u00e9lodies synth\u00e9tiques.&hellip;<\/p>","protected":false},"author":1,"featured_media":0,"parent":66,"menu_order":0,"comment_status":"closed","ping_status":"open","template":"","meta":{"footnotes":""},"class_list":["post-6965","page","type-page","status-publish","hentry","post"],"_links":{"self":[{"href":"https:\/\/www.manicdepression.fr\/en\/wp-json\/wp\/v2\/pages\/6965","targetHints":{"allow":["GET"]}}],"collection":[{"href":"https:\/\/www.manicdepression.fr\/en\/wp-json\/wp\/v2\/pages"}],"about":[{"href":"https:\/\/www.manicdepression.fr\/en\/wp-json\/wp\/v2\/types\/page"}],"author":[{"embeddable":true,"href":"https:\/\/www.manicdepression.fr\/en\/wp-json\/wp\/v2\/users\/1"}],"replies":[{"embeddable":true,"href":"https:\/\/www.manicdepression.fr\/en\/wp-json\/wp\/v2\/comments?post=6965"}],"version-history":[{"count":0,"href":"https:\/\/www.manicdepression.fr\/en\/wp-json\/wp\/v2\/pages\/6965\/revisions"}],"up":[{"embeddable":true,"href":"https:\/\/www.manicdepression.fr\/en\/wp-json\/wp\/v2\/pages\/66"}],"wp:attachment":[{"href":"https:\/\/www.manicdepression.fr\/en\/wp-json\/wp\/v2\/media?parent=6965"}],"curies":[{"name":"wp","href":"https:\/\/api.w.org\/{rel}","templated":true}]}}