{"id":6962,"date":"2019-08-28T18:42:41","date_gmt":"2019-08-28T16:42:41","guid":{"rendered":"https:\/\/www.manicdepression.fr\/my-great-blue-cadillac\/"},"modified":"2020-07-28T15:55:45","modified_gmt":"2020-07-28T13:55:45","slug":"my-great-blue-cadillac","status":"publish","type":"page","link":"https:\/\/www.manicdepression.fr\/en\/artists\/my-great-blue-cadillac\/","title":{"rendered":"My Great Blue Cadillac"},"content":{"rendered":"<div class=\"su-image-carousel  su-image-carousel-has-spacing su-image-carousel-crop su-image-carousel-crop-4-3 su-image-carousel-has-outline su-image-carousel-adaptive su-image-carousel-slides-style-default su-image-carousel-controls-style-dark su-image-carousel-align-none\" style=\"\" data-flickity-options='{\"groupCells\":true,\"cellSelector\":\".su-image-carousel-item\",\"adaptiveHeight\":false,\"cellAlign\":\"left\",\"prevNextButtons\":true,\"pageDots\":true,\"autoPlay\":5000,\"imagesLoaded\":true,\"contain\":true,\"selectedAttraction\":0.025,\"friction\":0.28}' id=\"su_image_carousel_6a06457852f64\"><div class=\"su-image-carousel-item\"><div class=\"su-image-carousel-item-content\"><img loading=\"lazy\" decoding=\"async\" width=\"500\" height=\"300\" src=\"https:\/\/www.manicdepression.fr\/wp-content\/uploads\/2019\/08\/mgbc_band.jpg\" class=\"\" alt=\"\" srcset=\"https:\/\/www.manicdepression.fr\/wp-content\/uploads\/2019\/08\/mgbc_band.jpg 500w, https:\/\/www.manicdepression.fr\/wp-content\/uploads\/2019\/08\/mgbc_band-300x180.jpg 300w, https:\/\/www.manicdepression.fr\/wp-content\/uploads\/2019\/08\/mgbc_band-400x240.jpg 400w, https:\/\/www.manicdepression.fr\/wp-content\/uploads\/2019\/08\/mgbc_band-100x60.jpg 100w, https:\/\/www.manicdepression.fr\/wp-content\/uploads\/2019\/08\/mgbc_band-150x90.jpg 150w\" sizes=\"auto, (max-width: 500px) 100vw, 500px\" \/><\/div><\/div><div class=\"su-image-carousel-item\"><div class=\"su-image-carousel-item-content\"><img loading=\"lazy\" decoding=\"async\" width=\"720\" height=\"405\" src=\"https:\/\/www.manicdepression.fr\/wp-content\/uploads\/2019\/08\/mgbc1.jpg\" class=\"\" alt=\"\" srcset=\"https:\/\/www.manicdepression.fr\/wp-content\/uploads\/2019\/08\/mgbc1.jpg 720w, https:\/\/www.manicdepression.fr\/wp-content\/uploads\/2019\/08\/mgbc1-300x169.jpg 300w, https:\/\/www.manicdepression.fr\/wp-content\/uploads\/2019\/08\/mgbc1-500x281.jpg 500w, https:\/\/www.manicdepression.fr\/wp-content\/uploads\/2019\/08\/mgbc1-768x432.jpg 768w, https:\/\/www.manicdepression.fr\/wp-content\/uploads\/2019\/08\/mgbc1-400x225.jpg 400w, https:\/\/www.manicdepression.fr\/wp-content\/uploads\/2019\/08\/mgbc1-107x60.jpg 107w, https:\/\/www.manicdepression.fr\/wp-content\/uploads\/2019\/08\/mgbc1-160x90.jpg 160w\" sizes=\"auto, (max-width: 720px) 100vw, 720px\" \/><\/div><\/div><div class=\"su-image-carousel-item\"><div class=\"su-image-carousel-item-content\"><img loading=\"lazy\" decoding=\"async\" width=\"720\" height=\"405\" src=\"https:\/\/www.manicdepression.fr\/wp-content\/uploads\/2019\/08\/mgbc2.jpg\" class=\"\" alt=\"\" srcset=\"https:\/\/www.manicdepression.fr\/wp-content\/uploads\/2019\/08\/mgbc2.jpg 720w, https:\/\/www.manicdepression.fr\/wp-content\/uploads\/2019\/08\/mgbc2-300x169.jpg 300w, https:\/\/www.manicdepression.fr\/wp-content\/uploads\/2019\/08\/mgbc2-500x281.jpg 500w, https:\/\/www.manicdepression.fr\/wp-content\/uploads\/2019\/08\/mgbc2-768x432.jpg 768w, https:\/\/www.manicdepression.fr\/wp-content\/uploads\/2019\/08\/mgbc2-400x225.jpg 400w, https:\/\/www.manicdepression.fr\/wp-content\/uploads\/2019\/08\/mgbc2-107x60.jpg 107w, https:\/\/www.manicdepression.fr\/wp-content\/uploads\/2019\/08\/mgbc2-160x90.jpg 160w\" sizes=\"auto, (max-width: 720px) 100vw, 720px\" \/><\/div><\/div><div class=\"su-image-carousel-item\"><div class=\"su-image-carousel-item-content\"><img loading=\"lazy\" decoding=\"async\" width=\"720\" height=\"476\" src=\"https:\/\/www.manicdepression.fr\/wp-content\/uploads\/2019\/08\/mgbc3.jpg\" class=\"\" alt=\"\" srcset=\"https:\/\/www.manicdepression.fr\/wp-content\/uploads\/2019\/08\/mgbc3.jpg 720w, https:\/\/www.manicdepression.fr\/wp-content\/uploads\/2019\/08\/mgbc3-300x198.jpg 300w, https:\/\/www.manicdepression.fr\/wp-content\/uploads\/2019\/08\/mgbc3-500x331.jpg 500w, https:\/\/www.manicdepression.fr\/wp-content\/uploads\/2019\/08\/mgbc3-768x508.jpg 768w, https:\/\/www.manicdepression.fr\/wp-content\/uploads\/2019\/08\/mgbc3-400x264.jpg 400w, https:\/\/www.manicdepression.fr\/wp-content\/uploads\/2019\/08\/mgbc3-91x60.jpg 91w, https:\/\/www.manicdepression.fr\/wp-content\/uploads\/2019\/08\/mgbc3-136x90.jpg 136w\" sizes=\"auto, (max-width: 720px) 100vw, 720px\" \/><\/div><\/div><div class=\"su-image-carousel-item\"><div class=\"su-image-carousel-item-content\"><img loading=\"lazy\" decoding=\"async\" width=\"500\" height=\"375\" src=\"https:\/\/www.manicdepression.fr\/wp-content\/uploads\/2019\/08\/mgbc_04.jpg\" class=\"\" alt=\"\" srcset=\"https:\/\/www.manicdepression.fr\/wp-content\/uploads\/2019\/08\/mgbc_04.jpg 500w, https:\/\/www.manicdepression.fr\/wp-content\/uploads\/2019\/08\/mgbc_04-300x225.jpg 300w, https:\/\/www.manicdepression.fr\/wp-content\/uploads\/2019\/08\/mgbc_04-444x333.jpg 444w, https:\/\/www.manicdepression.fr\/wp-content\/uploads\/2019\/08\/mgbc_04-400x300.jpg 400w, https:\/\/www.manicdepression.fr\/wp-content\/uploads\/2019\/08\/mgbc_04-80x60.jpg 80w, https:\/\/www.manicdepression.fr\/wp-content\/uploads\/2019\/08\/mgbc_04-120x90.jpg 120w\" sizes=\"auto, (max-width: 500px) 100vw, 500px\" \/><\/div><\/div><div class=\"su-image-carousel-item\"><div class=\"su-image-carousel-item-content\"><img loading=\"lazy\" decoding=\"async\" width=\"500\" height=\"333\" src=\"https:\/\/www.manicdepression.fr\/wp-content\/uploads\/2019\/08\/mgbc_03.jpg\" class=\"\" alt=\"\" srcset=\"https:\/\/www.manicdepression.fr\/wp-content\/uploads\/2019\/08\/mgbc_03.jpg 500w, https:\/\/www.manicdepression.fr\/wp-content\/uploads\/2019\/08\/mgbc_03-300x200.jpg 300w, https:\/\/www.manicdepression.fr\/wp-content\/uploads\/2019\/08\/mgbc_03-272x182.jpg 272w, https:\/\/www.manicdepression.fr\/wp-content\/uploads\/2019\/08\/mgbc_03-400x266.jpg 400w, https:\/\/www.manicdepression.fr\/wp-content\/uploads\/2019\/08\/mgbc_03-90x60.jpg 90w, https:\/\/www.manicdepression.fr\/wp-content\/uploads\/2019\/08\/mgbc_03-135x90.jpg 135w\" sizes=\"auto, (max-width: 500px) 100vw, 500px\" \/><\/div><\/div><div class=\"su-image-carousel-item\"><div class=\"su-image-carousel-item-content\"><img loading=\"lazy\" decoding=\"async\" width=\"500\" height=\"311\" src=\"https:\/\/www.manicdepression.fr\/wp-content\/uploads\/2019\/08\/mgbc_02.jpg\" class=\"\" alt=\"\" srcset=\"https:\/\/www.manicdepression.fr\/wp-content\/uploads\/2019\/08\/mgbc_02.jpg 500w, https:\/\/www.manicdepression.fr\/wp-content\/uploads\/2019\/08\/mgbc_02-300x187.jpg 300w, https:\/\/www.manicdepression.fr\/wp-content\/uploads\/2019\/08\/mgbc_02-436x272.jpg 436w, https:\/\/www.manicdepression.fr\/wp-content\/uploads\/2019\/08\/mgbc_02-400x249.jpg 400w, https:\/\/www.manicdepression.fr\/wp-content\/uploads\/2019\/08\/mgbc_02-96x60.jpg 96w, https:\/\/www.manicdepression.fr\/wp-content\/uploads\/2019\/08\/mgbc_02-145x90.jpg 145w\" sizes=\"auto, (max-width: 500px) 100vw, 500px\" \/><\/div><\/div><div class=\"su-image-carousel-item\"><div class=\"su-image-carousel-item-content\"><img loading=\"lazy\" decoding=\"async\" width=\"500\" height=\"333\" src=\"https:\/\/www.manicdepression.fr\/wp-content\/uploads\/2019\/08\/mgbc_01.jpg\" class=\"\" alt=\"\" srcset=\"https:\/\/www.manicdepression.fr\/wp-content\/uploads\/2019\/08\/mgbc_01.jpg 500w, https:\/\/www.manicdepression.fr\/wp-content\/uploads\/2019\/08\/mgbc_01-300x200.jpg 300w, https:\/\/www.manicdepression.fr\/wp-content\/uploads\/2019\/08\/mgbc_01-272x182.jpg 272w, https:\/\/www.manicdepression.fr\/wp-content\/uploads\/2019\/08\/mgbc_01-400x266.jpg 400w, https:\/\/www.manicdepression.fr\/wp-content\/uploads\/2019\/08\/mgbc_01-90x60.jpg 90w, https:\/\/www.manicdepression.fr\/wp-content\/uploads\/2019\/08\/mgbc_01-135x90.jpg 135w\" sizes=\"auto, (max-width: 500px) 100vw, 500px\" \/><\/div><\/div><\/div><script id=\"su_image_carousel_6a06457852f64_script\">if(window.SUImageCarousel){setTimeout(function() {window.SUImageCarousel.initGallery(document.getElementById(\"su_image_carousel_6a06457852f64\"))}, 0);}var su_image_carousel_6a06457852f64_script=document.getElementById(\"su_image_carousel_6a06457852f64_script\");if(su_image_carousel_6a06457852f64_script){su_image_carousel_6a06457852f64_script.parentNode.removeChild(su_image_carousel_6a06457852f64_script);}<\/script>\n<p>&#8220;When a bass guitar shags with drums, rock becomes rage!&#8221;<\/p>\n<p>That&#8217;s what we can say about My Great Blue Cadillac, cold\/post punk duet managed by Louise &#038; Eddy.<\/p>\n<p>Highpowered bass guitar and heady drums take you on a darkfield road trip.<\/p>\n<p><a href=\"https:\/\/www.facebook.com\/mygreatbluecadillac\" rel=\"noopener noreferrer\" target=\"_blank\"><i class=\"fab fa-facebook-f fa-2x\"><\/i><\/a><\/p>\n<div class=\"woocommerce \"><ul class=\"products columns-3\">\n<li class=\"post post-with-thumbnail post-with-thumbnail-icon product type-product post-5667 status-publish first instock product_cat-vinyl-7 product_tag-garage product_tag-post-punk has-post-thumbnail purchasable product-type-simple\">\n\t<a href=\"https:\/\/www.manicdepression.fr\/en\/produit\/my-great-blue-cadillac-virus\/\" class=\"woocommerce-LoopProduct-link woocommerce-loop-product__link\"><img loading=\"lazy\" decoding=\"async\" width=\"300\" height=\"303\" src=\"https:\/\/www.manicdepression.fr\/wp-content\/uploads\/2019\/08\/MyGreatBlue-Virus-300x303.jpg\" class=\"attachment-woocommerce_thumbnail size-woocommerce_thumbnail\" alt=\"My Great Blue Cadillac - Virus\" srcset=\"https:\/\/www.manicdepression.fr\/wp-content\/uploads\/2019\/08\/MyGreatBlue-Virus-300x303.jpg 300w, https:\/\/www.manicdepression.fr\/wp-content\/uploads\/2019\/08\/MyGreatBlue-Virus-297x300.jpg 297w, https:\/\/www.manicdepression.fr\/wp-content\/uploads\/2019\/08\/MyGreatBlue-Virus-100x100.jpg 100w, https:\/\/www.manicdepression.fr\/wp-content\/uploads\/2019\/08\/MyGreatBlue-Virus-330x333.jpg 330w, https:\/\/www.manicdepression.fr\/wp-content\/uploads\/2019\/08\/MyGreatBlue-Virus-400x404.jpg 400w, https:\/\/www.manicdepression.fr\/wp-content\/uploads\/2019\/08\/MyGreatBlue-Virus.jpg 594w\" sizes=\"auto, (max-width: 300px) 100vw, 300px\" \/><h2 class=\"woocommerce-loop-product__title\">My Great Blue Cadillac &#8220;Virus&#8221;<\/h2> <a href=\"https:\/\/www.manicdepression.fr\/en\/label\/manic-depression\/\" rel=\"tag\">Manic Depression<\/a>\n\t<span class=\"price\"><I><a href=\"https:\/\/www.manicdepression.fr\/en\/categorie-produit\/vinyl\/vinyl-7\/\" rel=\"tag\">Vinyl 7&quot;<\/a><\/I><\/span>\n\t<span class=\"price\"><I><a href=\"https:\/\/www.manicdepression.fr\/en\/etiquette-produit\/garage\/\" rel=\"tag\">Garage<\/a>, <a href=\"https:\/\/www.manicdepression.fr\/en\/etiquette-produit\/post-punk\/\" rel=\"tag\">Post Punk<\/a><\/I><\/span>\n\n\n\t<span class=\"price\"><span class=\"woocommerce-Price-amount amount\"><bdi>8,00<span class=\"woocommerce-Price-currencySymbol\">&euro;<\/span><\/bdi><\/span><\/span>\n\n\n<\/a><a href=\"\/en\/wp-json\/wp\/v2\/pages\/6962?add-to-cart=5667\" aria-describedby=\"woocommerce_loop_add_to_cart_link_describedby_5667\" data-quantity=\"1\" class=\"button product_type_simple add_to_cart_button ajax_add_to_cart\" data-product_id=\"5667\" data-product_sku=\"ef51ed7ff641\" aria-label=\"Add to cart: &ldquo;My Great Blue Cadillac &quot;Virus&quot;&rdquo;\" rel=\"nofollow\" data-success_message=\"&ldquo;My Great Blue Cadillac &quot;Virus&quot;&rdquo; has been added to your cart\" role=\"button\">Add to cart<\/a>\t<span id=\"woocommerce_loop_add_to_cart_link_describedby_5667\" class=\"screen-reader-text\">\n\t\t\t<\/span>\n<\/li>\n<\/ul>\n<\/div>\n<p><iframe loading=\"lazy\" width=\"560\" height=\"315\" src=\"https:\/\/www.youtube.com\/embed\/7VLWtLoMun4\" frameborder=\"0\" allowfullscreen><\/iframe><\/p>\n<p><iframe loading=\"lazy\" width=\"560\" height=\"315\" src=\"https:\/\/www.youtube.com\/embed\/geLU-10ki_o\" frameborder=\"0\" allowfullscreen><\/iframe>","protected":false},"excerpt":{"rendered":"<p>[:fr][su_image_carousel source=\"media: 7542,7539,7540,7541,7543,7544,7545,7546\"]<br>\"Quand une basse baise une batterie, le rock devient rage ! \"<br>Voici ce que l\u2019on peut dire de My Great Blue Cadillac, duo Cold \/ Post punk Montpelli\u00e9rain men\u00e9 par Louise et Eddy.<br>Une basse lourde et puissante, des percus ent\u00eatantes et vous voila embarqu\u00e9s dans une atmosph\u00e8re digne d\u2019un polar noir\u2026<br>[product id=\"5667\" columns=\"4]<br>[:en][su_image_carousel source=\"media: 7542,7539,7540,7541,7543,7544,7545,7546\"]&hellip;<\/p>","protected":false},"author":1,"featured_media":0,"parent":66,"menu_order":0,"comment_status":"closed","ping_status":"open","template":"","meta":{"footnotes":""},"class_list":["post-6962","page","type-page","status-publish","hentry","post"],"_links":{"self":[{"href":"https:\/\/www.manicdepression.fr\/en\/wp-json\/wp\/v2\/pages\/6962","targetHints":{"allow":["GET"]}}],"collection":[{"href":"https:\/\/www.manicdepression.fr\/en\/wp-json\/wp\/v2\/pages"}],"about":[{"href":"https:\/\/www.manicdepression.fr\/en\/wp-json\/wp\/v2\/types\/page"}],"author":[{"embeddable":true,"href":"https:\/\/www.manicdepression.fr\/en\/wp-json\/wp\/v2\/users\/1"}],"replies":[{"embeddable":true,"href":"https:\/\/www.manicdepression.fr\/en\/wp-json\/wp\/v2\/comments?post=6962"}],"version-history":[{"count":0,"href":"https:\/\/www.manicdepression.fr\/en\/wp-json\/wp\/v2\/pages\/6962\/revisions"}],"up":[{"embeddable":true,"href":"https:\/\/www.manicdepression.fr\/en\/wp-json\/wp\/v2\/pages\/66"}],"wp:attachment":[{"href":"https:\/\/www.manicdepression.fr\/en\/wp-json\/wp\/v2\/media?parent=6962"}],"curies":[{"name":"wp","href":"https:\/\/api.w.org\/{rel}","templated":true}]}}