{"id":6960,"date":"2019-08-28T18:42:41","date_gmt":"2019-08-28T16:42:41","guid":{"rendered":"https:\/\/www.manicdepression.fr\/trouble-fait\/"},"modified":"2020-07-28T15:56:35","modified_gmt":"2020-07-28T13:56:35","slug":"trouble-fait","status":"publish","type":"page","link":"https:\/\/www.manicdepression.fr\/en\/artists\/trouble-fait\/","title":{"rendered":"Trouble Fait&#8217;"},"content":{"rendered":"<div class=\"su-image-carousel  su-image-carousel-has-spacing su-image-carousel-crop su-image-carousel-crop-4-3 su-image-carousel-has-outline su-image-carousel-adaptive su-image-carousel-slides-style-default su-image-carousel-controls-style-dark su-image-carousel-align-none\" style=\"\" data-flickity-options='{\"groupCells\":true,\"cellSelector\":\".su-image-carousel-item\",\"adaptiveHeight\":false,\"cellAlign\":\"left\",\"prevNextButtons\":true,\"pageDots\":true,\"autoPlay\":5000,\"imagesLoaded\":true,\"contain\":true,\"selectedAttraction\":0.025,\"friction\":0.28}' id=\"su_image_carousel_69f9cab8a8720\"><div class=\"su-image-carousel-item\"><div class=\"su-image-carousel-item-content\"><img loading=\"lazy\" decoding=\"async\" width=\"720\" height=\"741\" src=\"https:\/\/www.manicdepression.fr\/wp-content\/uploads\/2019\/08\/TroubleFait_09-e1567094574510-995x1024.jpg\" class=\"\" alt=\"\" srcset=\"https:\/\/www.manicdepression.fr\/wp-content\/uploads\/2019\/08\/TroubleFait_09-e1567094574510-995x1024.jpg 995w, https:\/\/www.manicdepression.fr\/wp-content\/uploads\/2019\/08\/TroubleFait_09-e1567094574510-292x300.jpg 292w, https:\/\/www.manicdepression.fr\/wp-content\/uploads\/2019\/08\/TroubleFait_09-e1567094574510-324x333.jpg 324w, https:\/\/www.manicdepression.fr\/wp-content\/uploads\/2019\/08\/TroubleFait_09-e1567094574510-768x790.jpg 768w, https:\/\/www.manicdepression.fr\/wp-content\/uploads\/2019\/08\/TroubleFait_09-e1567094574510-300x309.jpg 300w, https:\/\/www.manicdepression.fr\/wp-content\/uploads\/2019\/08\/TroubleFait_09-e1567094574510-400x411.jpg 400w, https:\/\/www.manicdepression.fr\/wp-content\/uploads\/2019\/08\/TroubleFait_09-e1567094574510-58x60.jpg 58w, https:\/\/www.manicdepression.fr\/wp-content\/uploads\/2019\/08\/TroubleFait_09-e1567094574510-87x90.jpg 87w, https:\/\/www.manicdepression.fr\/wp-content\/uploads\/2019\/08\/TroubleFait_09-e1567094574510.jpg 700w\" sizes=\"auto, (max-width: 720px) 100vw, 720px\" \/><\/div><\/div><div class=\"su-image-carousel-item\"><div class=\"su-image-carousel-item-content\"><img loading=\"lazy\" decoding=\"async\" width=\"720\" height=\"480\" src=\"https:\/\/www.manicdepression.fr\/wp-content\/uploads\/2019\/08\/TroubleFait_08.jpg\" class=\"\" alt=\"\" srcset=\"https:\/\/www.manicdepression.fr\/wp-content\/uploads\/2019\/08\/TroubleFait_08.jpg 720w, https:\/\/www.manicdepression.fr\/wp-content\/uploads\/2019\/08\/TroubleFait_08-300x200.jpg 300w, https:\/\/www.manicdepression.fr\/wp-content\/uploads\/2019\/08\/TroubleFait_08-500x333.jpg 500w, https:\/\/www.manicdepression.fr\/wp-content\/uploads\/2019\/08\/TroubleFait_08-768x512.jpg 768w, https:\/\/www.manicdepression.fr\/wp-content\/uploads\/2019\/08\/TroubleFait_08-272x182.jpg 272w, https:\/\/www.manicdepression.fr\/wp-content\/uploads\/2019\/08\/TroubleFait_08-400x267.jpg 400w, https:\/\/www.manicdepression.fr\/wp-content\/uploads\/2019\/08\/TroubleFait_08-90x60.jpg 90w, https:\/\/www.manicdepression.fr\/wp-content\/uploads\/2019\/08\/TroubleFait_08-135x90.jpg 135w\" sizes=\"auto, (max-width: 720px) 100vw, 720px\" \/><\/div><\/div><div class=\"su-image-carousel-item\"><div class=\"su-image-carousel-item-content\"><img loading=\"lazy\" decoding=\"async\" width=\"720\" height=\"481\" src=\"https:\/\/www.manicdepression.fr\/wp-content\/uploads\/2019\/08\/TroubleFait_06-1024x684.jpg\" class=\"\" alt=\"\" srcset=\"https:\/\/www.manicdepression.fr\/wp-content\/uploads\/2019\/08\/TroubleFait_06-1024x684.jpg 1024w, https:\/\/www.manicdepression.fr\/wp-content\/uploads\/2019\/08\/TroubleFait_06-300x200.jpg 300w, https:\/\/www.manicdepression.fr\/wp-content\/uploads\/2019\/08\/TroubleFait_06-498x333.jpg 498w, https:\/\/www.manicdepression.fr\/wp-content\/uploads\/2019\/08\/TroubleFait_06-768x513.jpg 768w, https:\/\/www.manicdepression.fr\/wp-content\/uploads\/2019\/08\/TroubleFait_06-1536x1026.jpg 1536w, https:\/\/www.manicdepression.fr\/wp-content\/uploads\/2019\/08\/TroubleFait_06-272x182.jpg 272w, https:\/\/www.manicdepression.fr\/wp-content\/uploads\/2019\/08\/TroubleFait_06-400x267.jpg 400w, https:\/\/www.manicdepression.fr\/wp-content\/uploads\/2019\/08\/TroubleFait_06-90x60.jpg 90w, https:\/\/www.manicdepression.fr\/wp-content\/uploads\/2019\/08\/TroubleFait_06-135x90.jpg 135w, https:\/\/www.manicdepression.fr\/wp-content\/uploads\/2019\/08\/TroubleFait_06.jpg 720w\" sizes=\"auto, (max-width: 720px) 100vw, 720px\" \/><\/div><\/div><div class=\"su-image-carousel-item\"><div class=\"su-image-carousel-item-content\"><img loading=\"lazy\" decoding=\"async\" width=\"684\" height=\"1024\" src=\"https:\/\/www.manicdepression.fr\/wp-content\/uploads\/2019\/08\/TroubleFait_05-684x1024.jpg\" class=\"\" alt=\"\" srcset=\"https:\/\/www.manicdepression.fr\/wp-content\/uploads\/2019\/08\/TroubleFait_05-684x1024.jpg 684w, https:\/\/www.manicdepression.fr\/wp-content\/uploads\/2019\/08\/TroubleFait_05-200x300.jpg 200w, https:\/\/www.manicdepression.fr\/wp-content\/uploads\/2019\/08\/TroubleFait_05-222x333.jpg 222w, https:\/\/www.manicdepression.fr\/wp-content\/uploads\/2019\/08\/TroubleFait_05-768x1149.jpg 768w, https:\/\/www.manicdepression.fr\/wp-content\/uploads\/2019\/08\/TroubleFait_05-1026x1536.jpg 1026w, https:\/\/www.manicdepression.fr\/wp-content\/uploads\/2019\/08\/TroubleFait_05-300x449.jpg 300w, https:\/\/www.manicdepression.fr\/wp-content\/uploads\/2019\/08\/TroubleFait_05-400x599.jpg 400w, https:\/\/www.manicdepression.fr\/wp-content\/uploads\/2019\/08\/TroubleFait_05-40x60.jpg 40w, https:\/\/www.manicdepression.fr\/wp-content\/uploads\/2019\/08\/TroubleFait_05-60x90.jpg 60w, https:\/\/www.manicdepression.fr\/wp-content\/uploads\/2019\/08\/TroubleFait_05.jpg 481w\" sizes=\"auto, (max-width: 684px) 100vw, 684px\" \/><\/div><\/div><div class=\"su-image-carousel-item\"><div class=\"su-image-carousel-item-content\"><img loading=\"lazy\" decoding=\"async\" width=\"684\" height=\"1024\" src=\"https:\/\/www.manicdepression.fr\/wp-content\/uploads\/2019\/08\/TroubleFait_04-684x1024.jpg\" class=\"\" alt=\"\" srcset=\"https:\/\/www.manicdepression.fr\/wp-content\/uploads\/2019\/08\/TroubleFait_04-684x1024.jpg 684w, https:\/\/www.manicdepression.fr\/wp-content\/uploads\/2019\/08\/TroubleFait_04-200x300.jpg 200w, https:\/\/www.manicdepression.fr\/wp-content\/uploads\/2019\/08\/TroubleFait_04-222x333.jpg 222w, https:\/\/www.manicdepression.fr\/wp-content\/uploads\/2019\/08\/TroubleFait_04-768x1149.jpg 768w, https:\/\/www.manicdepression.fr\/wp-content\/uploads\/2019\/08\/TroubleFait_04-1026x1536.jpg 1026w, https:\/\/www.manicdepression.fr\/wp-content\/uploads\/2019\/08\/TroubleFait_04-300x449.jpg 300w, https:\/\/www.manicdepression.fr\/wp-content\/uploads\/2019\/08\/TroubleFait_04-400x599.jpg 400w, https:\/\/www.manicdepression.fr\/wp-content\/uploads\/2019\/08\/TroubleFait_04-40x60.jpg 40w, https:\/\/www.manicdepression.fr\/wp-content\/uploads\/2019\/08\/TroubleFait_04-60x90.jpg 60w, https:\/\/www.manicdepression.fr\/wp-content\/uploads\/2019\/08\/TroubleFait_04.jpg 481w\" sizes=\"auto, (max-width: 684px) 100vw, 684px\" \/><\/div><\/div><div class=\"su-image-carousel-item\"><div class=\"su-image-carousel-item-content\"><img loading=\"lazy\" decoding=\"async\" width=\"720\" height=\"481\" src=\"https:\/\/www.manicdepression.fr\/wp-content\/uploads\/2019\/08\/TroubleFait_03-1024x684.jpg\" class=\"\" alt=\"\" srcset=\"https:\/\/www.manicdepression.fr\/wp-content\/uploads\/2019\/08\/TroubleFait_03-1024x684.jpg 1024w, https:\/\/www.manicdepression.fr\/wp-content\/uploads\/2019\/08\/TroubleFait_03-300x200.jpg 300w, https:\/\/www.manicdepression.fr\/wp-content\/uploads\/2019\/08\/TroubleFait_03-498x333.jpg 498w, https:\/\/www.manicdepression.fr\/wp-content\/uploads\/2019\/08\/TroubleFait_03-768x513.jpg 768w, https:\/\/www.manicdepression.fr\/wp-content\/uploads\/2019\/08\/TroubleFait_03-1536x1026.jpg 1536w, https:\/\/www.manicdepression.fr\/wp-content\/uploads\/2019\/08\/TroubleFait_03-272x182.jpg 272w, https:\/\/www.manicdepression.fr\/wp-content\/uploads\/2019\/08\/TroubleFait_03-400x267.jpg 400w, https:\/\/www.manicdepression.fr\/wp-content\/uploads\/2019\/08\/TroubleFait_03-90x60.jpg 90w, https:\/\/www.manicdepression.fr\/wp-content\/uploads\/2019\/08\/TroubleFait_03-135x90.jpg 135w, https:\/\/www.manicdepression.fr\/wp-content\/uploads\/2019\/08\/TroubleFait_03.jpg 720w\" sizes=\"auto, (max-width: 720px) 100vw, 720px\" \/><\/div><\/div><div class=\"su-image-carousel-item\"><div class=\"su-image-carousel-item-content\"><img loading=\"lazy\" decoding=\"async\" width=\"720\" height=\"481\" src=\"https:\/\/www.manicdepression.fr\/wp-content\/uploads\/2019\/08\/TroubleFait_02-1024x684.jpg\" class=\"\" alt=\"\" srcset=\"https:\/\/www.manicdepression.fr\/wp-content\/uploads\/2019\/08\/TroubleFait_02-1024x684.jpg 1024w, https:\/\/www.manicdepression.fr\/wp-content\/uploads\/2019\/08\/TroubleFait_02-300x200.jpg 300w, https:\/\/www.manicdepression.fr\/wp-content\/uploads\/2019\/08\/TroubleFait_02-498x333.jpg 498w, https:\/\/www.manicdepression.fr\/wp-content\/uploads\/2019\/08\/TroubleFait_02-768x513.jpg 768w, https:\/\/www.manicdepression.fr\/wp-content\/uploads\/2019\/08\/TroubleFait_02-1536x1026.jpg 1536w, https:\/\/www.manicdepression.fr\/wp-content\/uploads\/2019\/08\/TroubleFait_02-272x182.jpg 272w, https:\/\/www.manicdepression.fr\/wp-content\/uploads\/2019\/08\/TroubleFait_02-400x267.jpg 400w, https:\/\/www.manicdepression.fr\/wp-content\/uploads\/2019\/08\/TroubleFait_02-90x60.jpg 90w, https:\/\/www.manicdepression.fr\/wp-content\/uploads\/2019\/08\/TroubleFait_02-135x90.jpg 135w, https:\/\/www.manicdepression.fr\/wp-content\/uploads\/2019\/08\/TroubleFait_02.jpg 720w\" sizes=\"auto, (max-width: 720px) 100vw, 720px\" \/><\/div><\/div><div class=\"su-image-carousel-item\"><div class=\"su-image-carousel-item-content\"><img loading=\"lazy\" decoding=\"async\" width=\"684\" height=\"1024\" src=\"https:\/\/www.manicdepression.fr\/wp-content\/uploads\/2019\/08\/TroubleFait_01-684x1024.jpg\" class=\"\" alt=\"\" srcset=\"https:\/\/www.manicdepression.fr\/wp-content\/uploads\/2019\/08\/TroubleFait_01-684x1024.jpg 684w, https:\/\/www.manicdepression.fr\/wp-content\/uploads\/2019\/08\/TroubleFait_01-200x300.jpg 200w, https:\/\/www.manicdepression.fr\/wp-content\/uploads\/2019\/08\/TroubleFait_01-222x333.jpg 222w, https:\/\/www.manicdepression.fr\/wp-content\/uploads\/2019\/08\/TroubleFait_01-768x1149.jpg 768w, https:\/\/www.manicdepression.fr\/wp-content\/uploads\/2019\/08\/TroubleFait_01-1026x1536.jpg 1026w, https:\/\/www.manicdepression.fr\/wp-content\/uploads\/2019\/08\/TroubleFait_01-300x449.jpg 300w, https:\/\/www.manicdepression.fr\/wp-content\/uploads\/2019\/08\/TroubleFait_01-400x599.jpg 400w, https:\/\/www.manicdepression.fr\/wp-content\/uploads\/2019\/08\/TroubleFait_01-40x60.jpg 40w, https:\/\/www.manicdepression.fr\/wp-content\/uploads\/2019\/08\/TroubleFait_01-60x90.jpg 60w, https:\/\/www.manicdepression.fr\/wp-content\/uploads\/2019\/08\/TroubleFait_01.jpg 481w\" sizes=\"auto, (max-width: 684px) 100vw, 684px\" \/><\/div><\/div><\/div><script id=\"su_image_carousel_69f9cab8a8720_script\">if(window.SUImageCarousel){setTimeout(function() {window.SUImageCarousel.initGallery(document.getElementById(\"su_image_carousel_69f9cab8a8720\"))}, 0);}var su_image_carousel_69f9cab8a8720_script=document.getElementById(\"su_image_carousel_69f9cab8a8720_script\");if(su_image_carousel_69f9cab8a8720_script){su_image_carousel_69f9cab8a8720_script.parentNode.removeChild(su_image_carousel_69f9cab8a8720_script);}<\/script>\n<p>Trouble Fait&#8217; was born in the spring of 86 in the midst of the Cure craze and while alternative rock bands were blooming in France.<\/p>\n<p>The group went through several changes of line up: seven bass players came and went.<\/p>\n<p>After a few tracks of ours were released on bands compilations (First Ordeal (92), Extramurock (95), Les Eclectiques d&#8217;Absynthetic Vol.II\u2026), the band organized their first good deed by self-producing their first CD, &#8220;l&#8217;Odeur des pav\u00e9s&#8221;, the benefits of which were given to an institute for underprivileged children.<\/p>\n<p>&#8220;A Glowing Spark&#8221; followed in 98: 6 tracks were recorded so as to bring back the sound of the 80&#8217;s, so dear to all the members of the band (Bauhaus, Sisters of Mercy, Joy Division, The Stranglers, and many others\u2026)<\/p>\n<p>When listening to &#8220;Sub Lumina Prima&#8221; (2003), the second 6 tracks EP, we could think that TROUBLE FAIT&#8217; lacks unity in its compositions. It does indeed but it is its nature and this diversity is a deliberate choice.<\/p>\n<p>In 2008, the band has taken part in several compilations: &#8220;Movement One Vol 2&#8221; (2008 &#8211; Str8line Records), &#8220;Expositions&#8221; A Tribute To Charles De Goal (2008 &#8211; Str8line + Brouillard D\u00e9finitif)<\/p>\n<p>In 2010, The new album : &#8220;Comet Camden&#8221; &#8211; 10 tracks (2010 &#8211; Rumors It Way) has received some positive reviews. In the meanwhile, the band made a Joy Division cover: &#8220;Love Will Tear Us Apart&#8221;, a Siouxsie and The Banshees cover: &#8220;Isra\u00ebl&#8221;, a David Bowie&#8217;s cover: &#8220;Rebel Rebel&#8221;, a DeVolanges&#8217;s: cover &#8220;Echo\u00efng Drifters&#8221;..<\/p>\n<p><a href=\"https:\/\/www.facebook.com\/trouble.fait\" rel=\"noopener noreferrer\" target=\"_blank\"><i class=\"fab fa-facebook-f fa-2x\"><\/i><\/a><\/p>\n<div class=\"woocommerce columns-3 \"><ul class=\"products columns-3\">\n<li class=\"post post-with-thumbnail post-with-thumbnail-icon product type-product post-5619 status-publish first instock product_cat-digi-sleeve product_tag-gothic-rock product_tag-post-punk has-post-thumbnail purchasable product-type-simple\">\n\t<a href=\"https:\/\/www.manicdepression.fr\/en\/produit\/trouble-fait-the-black-isles\/\" class=\"woocommerce-LoopProduct-link woocommerce-loop-product__link\"><img loading=\"lazy\" decoding=\"async\" width=\"300\" height=\"270\" src=\"https:\/\/www.manicdepression.fr\/wp-content\/uploads\/2019\/08\/TroubleFait-TheBlackIsles-300x270.jpg\" class=\"attachment-woocommerce_thumbnail size-woocommerce_thumbnail\" alt=\"Trouble Fait&#039; - The Black Isles\" srcset=\"https:\/\/www.manicdepression.fr\/wp-content\/uploads\/2019\/08\/TroubleFait-TheBlackIsles-300x270.jpg 300w, https:\/\/www.manicdepression.fr\/wp-content\/uploads\/2019\/08\/TroubleFait-TheBlackIsles-370x333.jpg 370w, https:\/\/www.manicdepression.fr\/wp-content\/uploads\/2019\/08\/TroubleFait-TheBlackIsles-768x691.jpg 768w, https:\/\/www.manicdepression.fr\/wp-content\/uploads\/2019\/08\/TroubleFait-TheBlackIsles-1024x922.jpg 1024w, https:\/\/www.manicdepression.fr\/wp-content\/uploads\/2019\/08\/TroubleFait-TheBlackIsles-400x360.jpg 400w, https:\/\/www.manicdepression.fr\/wp-content\/uploads\/2019\/08\/TroubleFait-TheBlackIsles.jpg 720w\" sizes=\"auto, (max-width: 300px) 100vw, 300px\" \/><h2 class=\"woocommerce-loop-product__title\">Trouble Fait&#8217; &#8220;The Black Isles&#8221;<\/h2> <a href=\"https:\/\/www.manicdepression.fr\/en\/label\/manic-depression\/\" rel=\"tag\">Manic Depression<\/a>\n\t<span class=\"price\"><I><a href=\"https:\/\/www.manicdepression.fr\/en\/categorie-produit\/cd\/digi-sleeve\/\" rel=\"tag\">Digi Sleeve<\/a><\/I><\/span>\n\t<span class=\"price\"><I><a href=\"https:\/\/www.manicdepression.fr\/en\/etiquette-produit\/gothic-rock\/\" rel=\"tag\">Gothic Rock<\/a>, <a href=\"https:\/\/www.manicdepression.fr\/en\/etiquette-produit\/post-punk\/\" rel=\"tag\">Post Punk<\/a><\/I><\/span>\n\n\n\t<span class=\"price\"><span class=\"woocommerce-Price-amount amount\"><bdi>12,00<span class=\"woocommerce-Price-currencySymbol\">&euro;<\/span><\/bdi><\/span><\/span>\n\n\n<\/a><a href=\"\/en\/wp-json\/wp\/v2\/pages\/6960?add-to-cart=5619\" aria-describedby=\"woocommerce_loop_add_to_cart_link_describedby_5619\" data-quantity=\"1\" class=\"button product_type_simple add_to_cart_button ajax_add_to_cart\" data-product_id=\"5619\" data-product_sku=\"3f50c401593b\" aria-label=\"Add to cart: &ldquo;Trouble Fait&#039; &quot;The Black Isles&quot;&rdquo;\" rel=\"nofollow\" data-success_message=\"&ldquo;Trouble Fait&#039; &quot;The Black Isles&quot;&rdquo; has been added to your cart\" role=\"button\">Add to cart<\/a>\t<span id=\"woocommerce_loop_add_to_cart_link_describedby_5619\" class=\"screen-reader-text\">\n\t\t\t<\/span>\n<\/li>\n<li class=\"post post-with-thumbnail post-with-thumbnail-icon product type-product post-4446 status-publish instock product_cat-cd-crystal product_tag-cold-wave product_tag-post-punk has-post-thumbnail purchasable product-type-simple\">\n\t<a href=\"https:\/\/www.manicdepression.fr\/en\/produit\/trouble-fait-comet-camden\/\" class=\"woocommerce-LoopProduct-link woocommerce-loop-product__link\"><img loading=\"lazy\" decoding=\"async\" width=\"178\" height=\"177\" src=\"https:\/\/www.manicdepression.fr\/wp-content\/uploads\/2019\/08\/TroubleFait.jpg\" class=\"attachment-woocommerce_thumbnail size-woocommerce_thumbnail\" alt=\"Trouble Fait&#039; - Comet Camden\" srcset=\"https:\/\/www.manicdepression.fr\/wp-content\/uploads\/2019\/08\/TroubleFait.jpg 178w, https:\/\/www.manicdepression.fr\/wp-content\/uploads\/2019\/08\/TroubleFait-100x100.jpg 100w\" sizes=\"auto, (max-width: 178px) 100vw, 178px\" \/><h2 class=\"woocommerce-loop-product__title\">Trouble Fait&#8217; &#8220;Comet Camden&#8221;<\/h2> <a href=\"https:\/\/www.manicdepression.fr\/en\/label\/rumors-it-way\/\" rel=\"tag\">Rumors It Way<\/a>\n\t<span class=\"price\"><I><a href=\"https:\/\/www.manicdepression.fr\/en\/categorie-produit\/cd\/cd-crystal\/\" rel=\"tag\">CD Crystal<\/a><\/I><\/span>\n\t<span class=\"price\"><I><a href=\"https:\/\/www.manicdepression.fr\/en\/etiquette-produit\/cold-wave\/\" rel=\"tag\">Cold Wave<\/a>, <a href=\"https:\/\/www.manicdepression.fr\/en\/etiquette-produit\/post-punk\/\" rel=\"tag\">Post Punk<\/a><\/I><\/span>\n\n\n\t<span class=\"price\"><span class=\"woocommerce-Price-amount amount\"><bdi>10,00<span class=\"woocommerce-Price-currencySymbol\">&euro;<\/span><\/bdi><\/span><\/span>\n\n\n<\/a><a href=\"\/en\/wp-json\/wp\/v2\/pages\/6960?add-to-cart=4446\" aria-describedby=\"woocommerce_loop_add_to_cart_link_describedby_4446\" data-quantity=\"1\" class=\"button product_type_simple add_to_cart_button ajax_add_to_cart\" data-product_id=\"4446\" data-product_sku=\"27089e3cfc1d\" aria-label=\"Add to cart: &ldquo;Trouble Fait&#039; &quot;Comet Camden&quot;&rdquo;\" rel=\"nofollow\" data-success_message=\"&ldquo;Trouble Fait&#039; &quot;Comet Camden&quot;&rdquo; has been added to your cart\" role=\"button\">Add to cart<\/a>\t<span id=\"woocommerce_loop_add_to_cart_link_describedby_4446\" class=\"screen-reader-text\">\n\t\t\t<\/span>\n<\/li>\n<\/ul>\n<\/div>\n<p><iframe loading=\"lazy\" width=\"560\" height=\"315\" src=\"https:\/\/www.youtube.com\/embed\/wE5_bd_WijI\" frameborder=\"0\" allowfullscreen><\/iframe>","protected":false},"excerpt":{"rendered":"<p>[:fr][su_image_carousel source=\"media: 7560,7559,7557,7556,7555,7554,7553,7552\"]<br>Trouble Fait' voit le jour au printemps 86, en pleine p\u00e9riode curiste et pr\u00e9sence d'une sc\u00e8ne rock alternative en France. La formation va conna\u00eetre des changements incessants de line-up: sept bassistes se relaieront. A une \u00e9poque le groupe utilisera aussi des basses synth\u00e9tiques, pour combler l'absence de l'instrument, ce qui n'est pas un handicap \u00e0 l'\u00e2ge de la New-Wave. Quatre batteurs se succ\u00e8deront. Autant de musiciens apportant chacun leur phras\u00e9 sans d\u00e9naturer l'esprit original.<br>Apr\u00e8s quelques apparitions sur des compilations nordistes : (First Ordeal (92), Extramurock, Intramurock (95- Towo Records) Studio Compil Rock (97) T\u00e9l\u00e9th'One...(2003), Les Eclectiques d'absynthetic Vol.II (2006), Unhommach Vol. II (2006).<br>Le groupe organisera sa premi\u00e8re B.A en autoproduisant son premier CD \u00ab L'Odeur Des Pav\u00e9s \u00bb (96- Lune Rousse) dont les b\u00e9n\u00e9fices seront revers\u00e9s \u00e0 un institut d'enfants en difficult\u00e9. Suivra \"A Glowing Spark\"(98 - Rumors It Way) EP-6 titres enregistr\u00e9 en analogique comme pour mieux rappeler le son des 80's auxquelles les membres sont tant attach\u00e9s (Bauhaus, Sisters Of Mercy, Joy Division, The Stranglers, et bien d'autres Mission).<br>A l'\u00e9coute de \"Sub Lumina Prima\"(2003 - Rumors It Way) le second EP 6 titres, on aurait tendance \u00e0 penser que TROUBLE FAIT' se disperse dans ses compositions, en effet c'est sa nature, cette diversit\u00e9 est un choix d\u00e9lib\u00e9r\u00e9. On plonge dans l'univers gothiquo-punk: la saturation, l'acoustique, tout y passe ! Les textes sombres ou myst\u00e9rieux s'assoient parfois en contradiction sur des m\u00e9lodies enjou\u00e9es. Il n'existe pas d'unit\u00e9, pas de ligne de conduite.<br>Le line-up actuel est exactement celui de 1998 avec Jic\u00e9 Letter \u00e0 la guitare et au chant lead \/ Babeth H. aux claviers et chant \/ Dj Neurotic \u00e0 la basse \/ Matt batterie&hellip;<\/p>","protected":false},"author":1,"featured_media":0,"parent":66,"menu_order":0,"comment_status":"closed","ping_status":"open","template":"","meta":{"footnotes":""},"class_list":["post-6960","page","type-page","status-publish","hentry","post"],"_links":{"self":[{"href":"https:\/\/www.manicdepression.fr\/en\/wp-json\/wp\/v2\/pages\/6960","targetHints":{"allow":["GET"]}}],"collection":[{"href":"https:\/\/www.manicdepression.fr\/en\/wp-json\/wp\/v2\/pages"}],"about":[{"href":"https:\/\/www.manicdepression.fr\/en\/wp-json\/wp\/v2\/types\/page"}],"author":[{"embeddable":true,"href":"https:\/\/www.manicdepression.fr\/en\/wp-json\/wp\/v2\/users\/1"}],"replies":[{"embeddable":true,"href":"https:\/\/www.manicdepression.fr\/en\/wp-json\/wp\/v2\/comments?post=6960"}],"version-history":[{"count":0,"href":"https:\/\/www.manicdepression.fr\/en\/wp-json\/wp\/v2\/pages\/6960\/revisions"}],"up":[{"embeddable":true,"href":"https:\/\/www.manicdepression.fr\/en\/wp-json\/wp\/v2\/pages\/66"}],"wp:attachment":[{"href":"https:\/\/www.manicdepression.fr\/en\/wp-json\/wp\/v2\/media?parent=6960"}],"curies":[{"name":"wp","href":"https:\/\/api.w.org\/{rel}","templated":true}]}}