{"id":6958,"date":"2019-08-28T18:42:41","date_gmt":"2019-08-28T16:42:41","guid":{"rendered":"https:\/\/www.manicdepression.fr\/monographic\/"},"modified":"2020-07-28T15:55:45","modified_gmt":"2020-07-28T13:55:45","slug":"monographic","status":"publish","type":"page","link":"https:\/\/www.manicdepression.fr\/en\/artists\/monographic\/","title":{"rendered":"Monographic"},"content":{"rendered":"<div class=\"su-image-carousel  su-image-carousel-has-spacing su-image-carousel-crop su-image-carousel-crop-4-3 su-image-carousel-has-outline su-image-carousel-adaptive su-image-carousel-slides-style-default su-image-carousel-controls-style-dark su-image-carousel-align-none\" style=\"\" data-flickity-options='{\"groupCells\":true,\"cellSelector\":\".su-image-carousel-item\",\"adaptiveHeight\":false,\"cellAlign\":\"left\",\"prevNextButtons\":true,\"pageDots\":true,\"autoPlay\":5000,\"imagesLoaded\":true,\"contain\":true,\"selectedAttraction\":0.025,\"friction\":0.28}' id=\"su_image_carousel_69ff536b18ef2\"><div class=\"su-image-carousel-item\"><div class=\"su-image-carousel-item-content\"><img loading=\"lazy\" decoding=\"async\" width=\"550\" height=\"343\" src=\"https:\/\/www.manicdepression.fr\/wp-content\/uploads\/2019\/08\/monographic_6.jpg\" class=\"\" alt=\"\" srcset=\"https:\/\/www.manicdepression.fr\/wp-content\/uploads\/2019\/08\/monographic_6.jpg 550w, https:\/\/www.manicdepression.fr\/wp-content\/uploads\/2019\/08\/monographic_6-300x187.jpg 300w, https:\/\/www.manicdepression.fr\/wp-content\/uploads\/2019\/08\/monographic_6-500x312.jpg 500w, https:\/\/www.manicdepression.fr\/wp-content\/uploads\/2019\/08\/monographic_6-436x272.jpg 436w, https:\/\/www.manicdepression.fr\/wp-content\/uploads\/2019\/08\/monographic_6-400x249.jpg 400w, https:\/\/www.manicdepression.fr\/wp-content\/uploads\/2019\/08\/monographic_6-96x60.jpg 96w, https:\/\/www.manicdepression.fr\/wp-content\/uploads\/2019\/08\/monographic_6-144x90.jpg 144w\" sizes=\"auto, (max-width: 550px) 100vw, 550px\" \/><\/div><\/div><div class=\"su-image-carousel-item\"><div class=\"su-image-carousel-item-content\"><img loading=\"lazy\" decoding=\"async\" width=\"550\" height=\"367\" src=\"https:\/\/www.manicdepression.fr\/wp-content\/uploads\/2019\/08\/monographic_1.jpg\" class=\"\" alt=\"\" srcset=\"https:\/\/www.manicdepression.fr\/wp-content\/uploads\/2019\/08\/monographic_1.jpg 550w, https:\/\/www.manicdepression.fr\/wp-content\/uploads\/2019\/08\/monographic_1-300x200.jpg 300w, https:\/\/www.manicdepression.fr\/wp-content\/uploads\/2019\/08\/monographic_1-500x333.jpg 500w, https:\/\/www.manicdepression.fr\/wp-content\/uploads\/2019\/08\/monographic_1-272x182.jpg 272w, https:\/\/www.manicdepression.fr\/wp-content\/uploads\/2019\/08\/monographic_1-400x267.jpg 400w, https:\/\/www.manicdepression.fr\/wp-content\/uploads\/2019\/08\/monographic_1-90x60.jpg 90w, https:\/\/www.manicdepression.fr\/wp-content\/uploads\/2019\/08\/monographic_1-135x90.jpg 135w\" sizes=\"auto, (max-width: 550px) 100vw, 550px\" \/><\/div><\/div><div class=\"su-image-carousel-item\"><div class=\"su-image-carousel-item-content\"><img loading=\"lazy\" decoding=\"async\" width=\"514\" height=\"720\" src=\"https:\/\/www.manicdepression.fr\/wp-content\/uploads\/2019\/08\/monographic_2.jpg\" class=\"\" alt=\"\" srcset=\"https:\/\/www.manicdepression.fr\/wp-content\/uploads\/2019\/08\/monographic_2.jpg 514w, https:\/\/www.manicdepression.fr\/wp-content\/uploads\/2019\/08\/monographic_2-214x300.jpg 214w, https:\/\/www.manicdepression.fr\/wp-content\/uploads\/2019\/08\/monographic_2-238x333.jpg 238w, https:\/\/www.manicdepression.fr\/wp-content\/uploads\/2019\/08\/monographic_2-300x420.jpg 300w, https:\/\/www.manicdepression.fr\/wp-content\/uploads\/2019\/08\/monographic_2-400x560.jpg 400w, https:\/\/www.manicdepression.fr\/wp-content\/uploads\/2019\/08\/monographic_2-43x60.jpg 43w, https:\/\/www.manicdepression.fr\/wp-content\/uploads\/2019\/08\/monographic_2-64x90.jpg 64w\" sizes=\"auto, (max-width: 514px) 100vw, 514px\" \/><\/div><\/div><div class=\"su-image-carousel-item\"><div class=\"su-image-carousel-item-content\"><img loading=\"lazy\" decoding=\"async\" width=\"550\" height=\"406\" src=\"https:\/\/www.manicdepression.fr\/wp-content\/uploads\/2019\/08\/monographic_3.jpg\" class=\"\" alt=\"\" srcset=\"https:\/\/www.manicdepression.fr\/wp-content\/uploads\/2019\/08\/monographic_3.jpg 550w, https:\/\/www.manicdepression.fr\/wp-content\/uploads\/2019\/08\/monographic_3-300x221.jpg 300w, https:\/\/www.manicdepression.fr\/wp-content\/uploads\/2019\/08\/monographic_3-451x333.jpg 451w, https:\/\/www.manicdepression.fr\/wp-content\/uploads\/2019\/08\/monographic_3-400x295.jpg 400w, https:\/\/www.manicdepression.fr\/wp-content\/uploads\/2019\/08\/monographic_3-81x60.jpg 81w, https:\/\/www.manicdepression.fr\/wp-content\/uploads\/2019\/08\/monographic_3-122x90.jpg 122w\" sizes=\"auto, (max-width: 550px) 100vw, 550px\" \/><\/div><\/div><div class=\"su-image-carousel-item\"><div class=\"su-image-carousel-item-content\"><img loading=\"lazy\" decoding=\"async\" width=\"550\" height=\"367\" src=\"https:\/\/www.manicdepression.fr\/wp-content\/uploads\/2019\/08\/monographic_4.jpg\" class=\"\" alt=\"\" srcset=\"https:\/\/www.manicdepression.fr\/wp-content\/uploads\/2019\/08\/monographic_4.jpg 550w, https:\/\/www.manicdepression.fr\/wp-content\/uploads\/2019\/08\/monographic_4-300x200.jpg 300w, https:\/\/www.manicdepression.fr\/wp-content\/uploads\/2019\/08\/monographic_4-500x333.jpg 500w, https:\/\/www.manicdepression.fr\/wp-content\/uploads\/2019\/08\/monographic_4-272x182.jpg 272w, https:\/\/www.manicdepression.fr\/wp-content\/uploads\/2019\/08\/monographic_4-400x267.jpg 400w, https:\/\/www.manicdepression.fr\/wp-content\/uploads\/2019\/08\/monographic_4-90x60.jpg 90w, https:\/\/www.manicdepression.fr\/wp-content\/uploads\/2019\/08\/monographic_4-135x90.jpg 135w\" sizes=\"auto, (max-width: 550px) 100vw, 550px\" \/><\/div><\/div><div class=\"su-image-carousel-item\"><div class=\"su-image-carousel-item-content\"><img loading=\"lazy\" decoding=\"async\" width=\"500\" height=\"239\" src=\"https:\/\/www.manicdepression.fr\/wp-content\/uploads\/2019\/08\/monographic_5.jpg\" class=\"\" alt=\"\" srcset=\"https:\/\/www.manicdepression.fr\/wp-content\/uploads\/2019\/08\/monographic_5.jpg 500w, https:\/\/www.manicdepression.fr\/wp-content\/uploads\/2019\/08\/monographic_5-300x143.jpg 300w, https:\/\/www.manicdepression.fr\/wp-content\/uploads\/2019\/08\/monographic_5-400x191.jpg 400w, https:\/\/www.manicdepression.fr\/wp-content\/uploads\/2019\/08\/monographic_5-126x60.jpg 126w, https:\/\/www.manicdepression.fr\/wp-content\/uploads\/2019\/08\/monographic_5-188x90.jpg 188w\" sizes=\"auto, (max-width: 500px) 100vw, 500px\" \/><\/div><\/div><\/div><script id=\"su_image_carousel_69ff536b18ef2_script\">if(window.SUImageCarousel){setTimeout(function() {window.SUImageCarousel.initGallery(document.getElementById(\"su_image_carousel_69ff536b18ef2\"))}, 0);}var su_image_carousel_69ff536b18ef2_script=document.getElementById(\"su_image_carousel_69ff536b18ef2_script\");if(su_image_carousel_69ff536b18ef2_script){su_image_carousel_69ff536b18ef2_script.parentNode.removeChild(su_image_carousel_69ff536b18ef2_script);}<\/script>\n<p>MONOGRAPHIC is a Post-Punk quartet based in Hamburg, Germany. Formed in 2014 by Ric Freymann (Lead Guitar), Lothar Barnet (Bass), Moids Multimuerte (Drums) and Bj\u00f6rn Ullmann (Vocals, Guitar). The band features powerful drum beats, hypnotic bass lines, and dreamy guitars; creating layers that intrinsically match the textures of the intense but still melodic vocals. In December 2015 the band records its first studio album at Brazil Studios in Madrid, Spain. The album is a landscape and a mixture of the different influences of each one of its members. From The Stooges to Slowdive, from The Brian Jonestown Massacre to The Cramps, from proto-punk to nowadays wave&#8230;<\/p>\n<p>As a result you will find a band in constant evolution but at the same time true to its roots. MONOGRAPHIC are PASSION and will blow you away with their self titled LP.<\/p>\n<p><a href=\"https:\/\/www.facebook.com\/MonographicBand\" rel=\"noopener noreferrer\" target=\"_blank\"><i class=\"fab fa-facebook-f fa-2x\"><\/i><\/a><\/p>\n<div class=\"woocommerce columns-3 \"><\/div>\n<p><iframe loading=\"lazy\" width=\"560\" height=\"315\" src=\"https:\/\/www.youtube.com\/embed\/qhc4qTVaWYo\" frameborder=\"0\" allowfullscreen><\/iframe>","protected":false},"excerpt":{"rendered":"<p>[:fr][su_image_carousel source=\"media: 7482,7477,7478,7479,7480,7481\"]<br>En D\u00e9cembre 2015, le groupe enregistre son premier album studio au Br\u00e9sil Studios \u00e0 Madrid, Espagne. L'album est un paysage et un m\u00e9lange des diff\u00e9rentes influences de chacun de ses membres. Des Stooges \u00e0 Slowdive, de The Brian Jonestown Massacre aux Cramps, de proto-punk \u00e0 la \"wave\" de nos jours ...<br>Ainsi, vous trouverez un groupe en constante \u00e9volution, mais en m\u00eame temps, fid\u00e8le \u00e0 ses racines. MONOGRAPHIQUE est PASSION et ils vous s\u00e9duiront avec leur LP \u00e9ponyme.<br>[products ids=\"5568, 6626\" columns=\"4]<br>[:en][su_image_carousel source=\"media: 7482,7477,7478,7479,7480,7481\"]<br>MONOGRAPHIC is a Post-Punk quartet based in Hamburg, Germany. Formed in 2014 by Ric Freymann (Lead Guitar), Lothar Barnet (Bass), Moids Multimuerte (Drums) and Bj\u00f6rn Ullmann (Vocals, Guitar). The band features powerful drum beats, hypnotic bass lines, and dreamy guitars; creating layers that intrinsically match the textures of the intense but still melodic vocals. In December 2015 the band records its first studio album at Brazil Studios in Madrid, Spain. The album is a landscape and a mixture of the different influences of each one of its members. From The Stooges to Slowdive, from The Brian Jonestown Massacre to The Cramps, from proto-punk to nowadays wave...&hellip;<\/p>","protected":false},"author":1,"featured_media":0,"parent":66,"menu_order":0,"comment_status":"closed","ping_status":"open","template":"","meta":{"footnotes":""},"class_list":["post-6958","page","type-page","status-publish","hentry","post"],"_links":{"self":[{"href":"https:\/\/www.manicdepression.fr\/en\/wp-json\/wp\/v2\/pages\/6958","targetHints":{"allow":["GET"]}}],"collection":[{"href":"https:\/\/www.manicdepression.fr\/en\/wp-json\/wp\/v2\/pages"}],"about":[{"href":"https:\/\/www.manicdepression.fr\/en\/wp-json\/wp\/v2\/types\/page"}],"author":[{"embeddable":true,"href":"https:\/\/www.manicdepression.fr\/en\/wp-json\/wp\/v2\/users\/1"}],"replies":[{"embeddable":true,"href":"https:\/\/www.manicdepression.fr\/en\/wp-json\/wp\/v2\/comments?post=6958"}],"version-history":[{"count":0,"href":"https:\/\/www.manicdepression.fr\/en\/wp-json\/wp\/v2\/pages\/6958\/revisions"}],"up":[{"embeddable":true,"href":"https:\/\/www.manicdepression.fr\/en\/wp-json\/wp\/v2\/pages\/66"}],"wp:attachment":[{"href":"https:\/\/www.manicdepression.fr\/en\/wp-json\/wp\/v2\/media?parent=6958"}],"curies":[{"name":"wp","href":"https:\/\/api.w.org\/{rel}","templated":true}]}}