{"id":6957,"date":"2019-08-28T18:42:41","date_gmt":"2019-08-28T16:42:41","guid":{"rendered":"https:\/\/www.manicdepression.fr\/dead\/"},"modified":"2020-07-28T15:54:58","modified_gmt":"2020-07-28T13:54:58","slug":"dead","status":"publish","type":"page","link":"https:\/\/www.manicdepression.fr\/en\/artists\/dead\/","title":{"rendered":"Dead"},"content":{"rendered":"<img loading=\"lazy\" decoding=\"async\" class=\"aligncenter size-full wp-image-7518\" src=\"https:\/\/www.manicdepression.fr\/wp-content\/uploads\/2019\/08\/dead-band.jpg\" alt=\"\" width=\"400\" height=\"267\" srcset=\"https:\/\/www.manicdepression.fr\/wp-content\/uploads\/2019\/08\/dead-band.jpg 400w, https:\/\/www.manicdepression.fr\/wp-content\/uploads\/2019\/08\/dead-band-300x200.jpg 300w, https:\/\/www.manicdepression.fr\/wp-content\/uploads\/2019\/08\/dead-band-272x182.jpg 272w, https:\/\/www.manicdepression.fr\/wp-content\/uploads\/2019\/08\/dead-band-90x60.jpg 90w, https:\/\/www.manicdepression.fr\/wp-content\/uploads\/2019\/08\/dead-band-135x90.jpg 135w\" sizes=\"auto, (max-width: 400px) 100vw, 400px\" \/><\/p>\n<p>&#8220;What more can you say about a band called DEAD that hasn\u2019t already been made abundantly clear at first glance? The fact that these French mercenaries of noise can conjure up such a powerfully dark aesthetic before even hitting a note is impressive, but when they finally do, they unleash a far more potent beast entirely. If DEAD aren\u2019t already mapping out the future destruction of the planet, they\u2019ve sure as hell written the soundtrack.<br \/>\nBleak, confrontational, but with a firm command of rhythm and deep grooves, this might be the dancefloor antidote we\u2019ve been waiting for.&#8221;<br \/>\n(Electric Company UK)<\/p>\n<p><a href=\"https:\/\/www.youtube.com\/user\/DEADtransmissions\" rel=\"noopener noreferrer\" target=\"_blank\"><i class=\"fab fa-youtube fa-2x\"><\/i><\/a>\u00a0<a href=\"https:\/\/www.facebook.com\/deadbandmusic\" rel=\"noopener noreferrer\" target=\"_blank\"><i class=\"fab fa-facebook-f fa-2x\"><\/i><\/a><\/p>\n<div class=\"woocommerce columns-3 \"><ul class=\"products columns-3\">\n<li class=\"post post-with-thumbnail post-with-thumbnail-icon product type-product post-11212 status-publish first instock product_cat-vinyl-12 product_tag-post-punk has-post-thumbnail shipping-taxable purchasable product-type-simple\">\n\t<a href=\"https:\/\/www.manicdepression.fr\/en\/produit\/dead-dreams\/\" class=\"woocommerce-LoopProduct-link woocommerce-loop-product__link\"><img loading=\"lazy\" decoding=\"async\" width=\"300\" height=\"300\" src=\"https:\/\/www.manicdepression.fr\/wp-content\/uploads\/2019\/10\/Vinyl-Dead-Dreams-300x300.jpg\" class=\"attachment-woocommerce_thumbnail size-woocommerce_thumbnail\" alt=\"Dead &quot;Dreams&quot;\" srcset=\"https:\/\/www.manicdepression.fr\/wp-content\/uploads\/2019\/10\/Vinyl-Dead-Dreams-300x300.jpg 300w, https:\/\/www.manicdepression.fr\/wp-content\/uploads\/2019\/10\/Vinyl-Dead-Dreams-333x333.jpg 333w, https:\/\/www.manicdepression.fr\/wp-content\/uploads\/2019\/10\/Vinyl-Dead-Dreams-400x400.jpg 400w, https:\/\/www.manicdepression.fr\/wp-content\/uploads\/2019\/10\/Vinyl-Dead-Dreams-100x100.jpg 100w, https:\/\/www.manicdepression.fr\/wp-content\/uploads\/2019\/10\/Vinyl-Dead-Dreams-200x200.jpg 200w, https:\/\/www.manicdepression.fr\/wp-content\/uploads\/2019\/10\/Vinyl-Dead-Dreams-60x60.jpg 60w, https:\/\/www.manicdepression.fr\/wp-content\/uploads\/2019\/10\/Vinyl-Dead-Dreams-90x90.jpg 90w, https:\/\/www.manicdepression.fr\/wp-content\/uploads\/2019\/10\/Vinyl-Dead-Dreams.jpg 700w\" sizes=\"auto, (max-width: 300px) 100vw, 300px\" \/><h2 class=\"woocommerce-loop-product__title\">Dead &#8220;Dreams&#8221;<\/h2> <a href=\"https:\/\/www.manicdepression.fr\/en\/label\/icy-cold-records\/\" rel=\"tag\">Icy Cold Records<\/a>\n\t<span class=\"price\"><I><a href=\"https:\/\/www.manicdepression.fr\/en\/categorie-produit\/vinyl\/vinyl-12\/\" rel=\"tag\">Vinyl 12\"<\/a><\/I><\/span>\n\t<span class=\"price\"><I><a href=\"https:\/\/www.manicdepression.fr\/en\/etiquette-produit\/post-punk\/\" rel=\"tag\">Post Punk<\/a><\/I><\/span>\n\n\n\t<span class=\"price\"><span class=\"woocommerce-Price-amount amount\"><bdi>16,00<span class=\"woocommerce-Price-currencySymbol\">&euro;<\/span><\/bdi><\/span><\/span>\n\n\n<\/a><a href=\"\/en\/wp-json\/wp\/v2\/pages\/6957?add-to-cart=11212\" aria-describedby=\"woocommerce_loop_add_to_cart_link_describedby_11212\" data-quantity=\"1\" class=\"button product_type_simple add_to_cart_button ajax_add_to_cart\" data-product_id=\"11212\" data-product_sku=\"\" aria-label=\"Add to cart: &ldquo;Dead &quot;Dreams&quot;&rdquo;\" rel=\"nofollow\" data-success_message=\"&ldquo;Dead &quot;Dreams&quot;&rdquo; has been added to your cart\" role=\"button\">Add to cart<\/a>\t<span id=\"woocommerce_loop_add_to_cart_link_describedby_11212\" class=\"screen-reader-text\">\n\t\t\t<\/span>\n<\/li>\n<li class=\"post post-with-thumbnail post-with-thumbnail-icon product type-product post-5555 status-publish instock product_cat-vinyl-12 product_tag-electro product_tag-electronic product_tag-noise product_tag-post-punk has-post-thumbnail purchasable product-type-simple\">\n\t<a href=\"https:\/\/www.manicdepression.fr\/en\/produit\/dead-voices-kdb-records\/\" class=\"woocommerce-LoopProduct-link woocommerce-loop-product__link\"><img loading=\"lazy\" decoding=\"async\" width=\"300\" height=\"271\" src=\"https:\/\/www.manicdepression.fr\/wp-content\/uploads\/2019\/08\/MD057_Dead-Voices-300x271.jpg\" class=\"attachment-woocommerce_thumbnail size-woocommerce_thumbnail\" alt=\"Dead - Voices (KdB Records)\" srcset=\"https:\/\/www.manicdepression.fr\/wp-content\/uploads\/2019\/08\/MD057_Dead-Voices-300x271.jpg 300w, https:\/\/www.manicdepression.fr\/wp-content\/uploads\/2019\/08\/MD057_Dead-Voices-369x333.jpg 369w, https:\/\/www.manicdepression.fr\/wp-content\/uploads\/2019\/08\/MD057_Dead-Voices.jpg 400w\" sizes=\"auto, (max-width: 300px) 100vw, 300px\" \/><h2 class=\"woocommerce-loop-product__title\">Dead &#8220;Voices&#8221;<\/h2> <a href=\"https:\/\/www.manicdepression.fr\/en\/label\/kdb-records\/\" rel=\"tag\"><\/a>, <a href=\"https:\/\/www.manicdepression.fr\/en\/label\/manic-depression\/\" rel=\"tag\">Manic Depression<\/a>\n\t<span class=\"price\"><I><a href=\"https:\/\/www.manicdepression.fr\/en\/categorie-produit\/vinyl\/vinyl-12\/\" rel=\"tag\">Vinyl 12\"<\/a><\/I><\/span>\n\t<span class=\"price\"><I><a href=\"https:\/\/www.manicdepression.fr\/en\/etiquette-produit\/electro\/\" rel=\"tag\"><\/a>, <a href=\"https:\/\/www.manicdepression.fr\/en\/etiquette-produit\/electronic\/\" rel=\"tag\">Electronic<\/a>, <a href=\"https:\/\/www.manicdepression.fr\/en\/etiquette-produit\/noise\/\" rel=\"tag\">Noise<\/a>, <a href=\"https:\/\/www.manicdepression.fr\/en\/etiquette-produit\/post-punk\/\" rel=\"tag\">Post Punk<\/a><\/I><\/span>\n\n\n\t<span class=\"price\"><span class=\"woocommerce-Price-amount amount\"><bdi>15,00<span class=\"woocommerce-Price-currencySymbol\">&euro;<\/span><\/bdi><\/span><\/span>\n\n\n<\/a><a href=\"\/en\/wp-json\/wp\/v2\/pages\/6957?add-to-cart=5555\" aria-describedby=\"woocommerce_loop_add_to_cart_link_describedby_5555\" data-quantity=\"1\" class=\"button product_type_simple add_to_cart_button ajax_add_to_cart\" data-product_id=\"5555\" data-product_sku=\"cd49c0a83f64\" aria-label=\"Add to cart: &ldquo;Dead &quot;Voices&quot;&rdquo;\" rel=\"nofollow\" data-success_message=\"&ldquo;Dead &quot;Voices&quot;&rdquo; has been added to your cart\" role=\"button\">Add to cart<\/a>\t<span id=\"woocommerce_loop_add_to_cart_link_describedby_5555\" class=\"screen-reader-text\">\n\t\t\t<\/span>\n<\/li>\n<li class=\"post post-with-thumbnail post-with-thumbnail-icon product type-product post-5553 status-publish last instock product_cat-digipack product_tag-electro product_tag-electronic product_tag-noise product_tag-post-punk has-post-thumbnail purchasable product-type-simple\">\n\t<a href=\"https:\/\/www.manicdepression.fr\/en\/produit\/dead-voices\/\" class=\"woocommerce-LoopProduct-link woocommerce-loop-product__link\"><img loading=\"lazy\" decoding=\"async\" width=\"300\" height=\"271\" src=\"https:\/\/www.manicdepression.fr\/wp-content\/uploads\/2019\/08\/MD057_Dead-Voices-300x271.jpg\" class=\"attachment-woocommerce_thumbnail size-woocommerce_thumbnail\" alt=\"Dead - Voices (KdB Records)\" srcset=\"https:\/\/www.manicdepression.fr\/wp-content\/uploads\/2019\/08\/MD057_Dead-Voices-300x271.jpg 300w, https:\/\/www.manicdepression.fr\/wp-content\/uploads\/2019\/08\/MD057_Dead-Voices-369x333.jpg 369w, https:\/\/www.manicdepression.fr\/wp-content\/uploads\/2019\/08\/MD057_Dead-Voices.jpg 400w\" sizes=\"auto, (max-width: 300px) 100vw, 300px\" \/><h2 class=\"woocommerce-loop-product__title\">Dead &#8220;Voices&#8221;<\/h2> <a href=\"https:\/\/www.manicdepression.fr\/en\/label\/manic-depression\/\" rel=\"tag\">Manic Depression<\/a>\n\t<span class=\"price\"><I><a href=\"https:\/\/www.manicdepression.fr\/en\/categorie-produit\/cd\/digipack\/\" rel=\"tag\">Digipack<\/a><\/I><\/span>\n\t<span class=\"price\"><I><a href=\"https:\/\/www.manicdepression.fr\/en\/etiquette-produit\/electro\/\" rel=\"tag\"><\/a>, <a href=\"https:\/\/www.manicdepression.fr\/en\/etiquette-produit\/electronic\/\" rel=\"tag\">Electronic<\/a>, <a href=\"https:\/\/www.manicdepression.fr\/en\/etiquette-produit\/noise\/\" rel=\"tag\">Noise<\/a>, <a href=\"https:\/\/www.manicdepression.fr\/en\/etiquette-produit\/post-punk\/\" rel=\"tag\">Post Punk<\/a><\/I><\/span>\n\n\n\t<span class=\"price\"><span class=\"woocommerce-Price-amount amount\"><bdi>12,00<span class=\"woocommerce-Price-currencySymbol\">&euro;<\/span><\/bdi><\/span><\/span>\n\n\n<\/a><a href=\"\/en\/wp-json\/wp\/v2\/pages\/6957?add-to-cart=5553\" aria-describedby=\"woocommerce_loop_add_to_cart_link_describedby_5553\" data-quantity=\"1\" class=\"button product_type_simple add_to_cart_button ajax_add_to_cart\" data-product_id=\"5553\" data-product_sku=\"38aabacc6d08\" aria-label=\"Add to cart: &ldquo;Dead &quot;Voices&quot;&rdquo;\" rel=\"nofollow\" data-success_message=\"&ldquo;Dead &quot;Voices&quot;&rdquo; has been added to your cart\" role=\"button\">Add to cart<\/a>\t<span id=\"woocommerce_loop_add_to_cart_link_describedby_5553\" class=\"screen-reader-text\">\n\t\t\t<\/span>\n<\/li>\n<\/ul>\n<\/div>\n<p><iframe loading=\"lazy\" title=\"DEAD - Voices\" width=\"720\" height=\"405\" src=\"https:\/\/www.youtube.com\/embed\/lmR47PbjUGE?feature=oembed\" frameborder=\"0\" allow=\"accelerometer; autoplay; encrypted-media; gyroscope; picture-in-picture\" allowfullscreen><\/iframe><br \/>\n<iframe loading=\"lazy\" src=\"https:\/\/www.youtube.com\/embed\/cZw1WpyaBF0\" width=\"560\" height=\"315\" frameborder=\"0\" allowfullscreen=\"allowfullscreen\"><\/iframe><br \/>\n<iframe loading=\"lazy\" src=\"https:\/\/www.youtube.com\/embed\/x-8P7NV9uag\" width=\"560\" height=\"315\" frameborder=\"0\" allowfullscreen=\"allowfullscreen\"><\/iframe>","protected":false},"excerpt":{"rendered":"<p>[:fr]<br>\"What more can you say about a band called DEAD that hasn\u2019t already been made abundantly clear at first glance? The fact that these French mercenaries of noise can conjure up such a powerfully dark aesthetic before even hitting a note is impressive, but when they finally do, they unleash a far more potent beast entirely. If DEAD aren\u2019t already mapping out the future destruction of the planet, they\u2019ve sure as hell written the soundtrack.<br>Bleak, confrontational, but with a firm command of rhythm and deep grooves, this might be the dancefloor antidote we\u2019ve been waiting for.\"<br>(Electric Company UK)<br>\u00ab Les jeunes Rennais de Dead n\u2019ont peur de rien. Surtout pas d\u2019intituler quatre de leurs compositions en forme de carr\u00e9 d\u2019as Transmissions EP quand la musique de ce disque s\u00e9pulcral bien qu\u2019inaugural imagine Ian Curtis non seulement toujours vivant, mais \u00e0 la pointe du son \u00e9lectronique. Ou comment de simples bo\u00eetes \u00e0 rythmes analogiques dignes de Suicide (r\u00e9)inventent le futur gr\u00e2ce \u00e0 ce trio infernal \u00e0 faire danser les morts.\u00bb Transmusicales de Rennes (2013).<br>\u00a0&hellip;<\/p>","protected":false},"author":1,"featured_media":0,"parent":66,"menu_order":0,"comment_status":"closed","ping_status":"open","template":"","meta":{"footnotes":""},"class_list":["post-6957","page","type-page","status-publish","hentry","post"],"_links":{"self":[{"href":"https:\/\/www.manicdepression.fr\/en\/wp-json\/wp\/v2\/pages\/6957","targetHints":{"allow":["GET"]}}],"collection":[{"href":"https:\/\/www.manicdepression.fr\/en\/wp-json\/wp\/v2\/pages"}],"about":[{"href":"https:\/\/www.manicdepression.fr\/en\/wp-json\/wp\/v2\/types\/page"}],"author":[{"embeddable":true,"href":"https:\/\/www.manicdepression.fr\/en\/wp-json\/wp\/v2\/users\/1"}],"replies":[{"embeddable":true,"href":"https:\/\/www.manicdepression.fr\/en\/wp-json\/wp\/v2\/comments?post=6957"}],"version-history":[{"count":0,"href":"https:\/\/www.manicdepression.fr\/en\/wp-json\/wp\/v2\/pages\/6957\/revisions"}],"up":[{"embeddable":true,"href":"https:\/\/www.manicdepression.fr\/en\/wp-json\/wp\/v2\/pages\/66"}],"wp:attachment":[{"href":"https:\/\/www.manicdepression.fr\/en\/wp-json\/wp\/v2\/media?parent=6957"}],"curies":[{"name":"wp","href":"https:\/\/api.w.org\/{rel}","templated":true}]}}