{"id":6955,"date":"2019-08-28T18:42:41","date_gmt":"2019-08-28T16:42:41","guid":{"rendered":"https:\/\/www.manicdepression.fr\/the-spoiled\/"},"modified":"2026-04-20T10:21:43","modified_gmt":"2026-04-20T08:21:43","slug":"the-spoiled","status":"publish","type":"page","link":"https:\/\/www.manicdepression.fr\/en\/artists\/the-spoiled\/","title":{"rendered":"The Spoiled"},"content":{"rendered":"<div class=\"su-image-carousel  su-image-carousel-has-spacing su-image-carousel-crop su-image-carousel-crop-4-3 su-image-carousel-has-outline su-image-carousel-adaptive su-image-carousel-slides-style-default su-image-carousel-controls-style-dark su-image-carousel-align-center\" style=\"max-width:800px\" data-flickity-options='{\"groupCells\":true,\"cellSelector\":\".su-image-carousel-item\",\"adaptiveHeight\":false,\"cellAlign\":\"left\",\"prevNextButtons\":true,\"pageDots\":true,\"autoPlay\":5000,\"imagesLoaded\":true,\"contain\":true,\"selectedAttraction\":0.025,\"friction\":0.28}' id=\"su_image_carousel_69f8d461e5ade\"><div class=\"su-image-carousel-item\"><div class=\"su-image-carousel-item-content\"><img loading=\"lazy\" decoding=\"async\" width=\"720\" height=\"540\" src=\"https:\/\/www.manicdepression.fr\/wp-content\/uploads\/2024\/09\/The-Spoiled-4.jpg\" class=\"\" alt=\"The Spoiled\" srcset=\"https:\/\/www.manicdepression.fr\/wp-content\/uploads\/2024\/09\/The-Spoiled-4.jpg 800w, https:\/\/www.manicdepression.fr\/wp-content\/uploads\/2024\/09\/The-Spoiled-4-300x225.jpg 300w, https:\/\/www.manicdepression.fr\/wp-content\/uploads\/2024\/09\/The-Spoiled-4-768x576.jpg 768w, https:\/\/www.manicdepression.fr\/wp-content\/uploads\/2024\/09\/The-Spoiled-4-400x300.jpg 400w\" sizes=\"auto, (max-width: 720px) 100vw, 720px\" \/><\/div><\/div><div class=\"su-image-carousel-item\"><div class=\"su-image-carousel-item-content\"><img loading=\"lazy\" decoding=\"async\" width=\"720\" height=\"540\" src=\"https:\/\/www.manicdepression.fr\/wp-content\/uploads\/2024\/09\/The-Spoiled-2.jpg\" class=\"\" alt=\"The Spoiled\" srcset=\"https:\/\/www.manicdepression.fr\/wp-content\/uploads\/2024\/09\/The-Spoiled-2.jpg 800w, https:\/\/www.manicdepression.fr\/wp-content\/uploads\/2024\/09\/The-Spoiled-2-300x225.jpg 300w, https:\/\/www.manicdepression.fr\/wp-content\/uploads\/2024\/09\/The-Spoiled-2-768x576.jpg 768w, https:\/\/www.manicdepression.fr\/wp-content\/uploads\/2024\/09\/The-Spoiled-2-400x300.jpg 400w\" sizes=\"auto, (max-width: 720px) 100vw, 720px\" \/><\/div><\/div><div class=\"su-image-carousel-item\"><div class=\"su-image-carousel-item-content\"><img loading=\"lazy\" decoding=\"async\" width=\"720\" height=\"540\" src=\"https:\/\/www.manicdepression.fr\/wp-content\/uploads\/2024\/09\/The-Spoiled-1.jpg\" class=\"\" alt=\"The Spoiled\" srcset=\"https:\/\/www.manicdepression.fr\/wp-content\/uploads\/2024\/09\/The-Spoiled-1.jpg 800w, https:\/\/www.manicdepression.fr\/wp-content\/uploads\/2024\/09\/The-Spoiled-1-300x225.jpg 300w, https:\/\/www.manicdepression.fr\/wp-content\/uploads\/2024\/09\/The-Spoiled-1-768x576.jpg 768w, https:\/\/www.manicdepression.fr\/wp-content\/uploads\/2024\/09\/The-Spoiled-1-400x300.jpg 400w\" sizes=\"auto, (max-width: 720px) 100vw, 720px\" \/><\/div><\/div><div class=\"su-image-carousel-item\"><div class=\"su-image-carousel-item-content\"><img loading=\"lazy\" decoding=\"async\" width=\"720\" height=\"540\" src=\"https:\/\/www.manicdepression.fr\/wp-content\/uploads\/2024\/09\/The-Spoiled-3.jpg\" class=\"\" alt=\"The Spoiled\" srcset=\"https:\/\/www.manicdepression.fr\/wp-content\/uploads\/2024\/09\/The-Spoiled-3.jpg 800w, https:\/\/www.manicdepression.fr\/wp-content\/uploads\/2024\/09\/The-Spoiled-3-300x225.jpg 300w, https:\/\/www.manicdepression.fr\/wp-content\/uploads\/2024\/09\/The-Spoiled-3-768x576.jpg 768w, https:\/\/www.manicdepression.fr\/wp-content\/uploads\/2024\/09\/The-Spoiled-3-400x300.jpg 400w\" sizes=\"auto, (max-width: 720px) 100vw, 720px\" \/><\/div><\/div><\/div><script id=\"su_image_carousel_69f8d461e5ade_script\">if(window.SUImageCarousel){setTimeout(function() {window.SUImageCarousel.initGallery(document.getElementById(\"su_image_carousel_69f8d461e5ade\"))}, 0);}var su_image_carousel_69f8d461e5ade_script=document.getElementById(\"su_image_carousel_69f8d461e5ade_script\");if(su_image_carousel_69f8d461e5ade_script){su_image_carousel_69f8d461e5ade_script.parentNode.removeChild(su_image_carousel_69f8d461e5ade_script);}<\/script>\n<p class=\"p1\">The Spoiled is an Italian post-punk project based around the solo work of Giovanni Santolla,\u00a0combining industrial-inspired metallic percussion, distorted synths, hazy guitars, and\u00a0ethereal vocals drawing from darkwave and shoegaze influences.<\/p>\n<p class=\"p1\">Initially started in 2015 as a studio project, The Spoiled released its debut EP \u2018Ironshell\u2019, the full length \u2018Parasite\u2019 via Manic Depression Records<span class=\"s1\">\u00a0in 2016.<\/span><\/p>\n<p class=\"p1\">In summer \u201824, the project restarts, releasing new singles and setting up a 2-piece lineup for live performances. The Spoiled is now working on its following album and is willing to hit\u00a0as many stages as possible.<\/p>\n<div class=\"woocommerce columns-3 \"><ul class=\"products columns-3\">\n<li class=\"post post-with-thumbnail post-with-thumbnail-icon product type-product post-18687 status-publish first instock product_cat-digital product_tag-post-punk product_tag-shoegaze has-post-thumbnail downloadable shipping-taxable purchasable product-type-simple\">\n\t<a href=\"https:\/\/www.manicdepression.fr\/en\/produit\/the-spoiled-time-digital-ep\/\" class=\"woocommerce-LoopProduct-link woocommerce-loop-product__link\"><img loading=\"lazy\" decoding=\"async\" width=\"300\" height=\"300\" src=\"https:\/\/www.manicdepression.fr\/wp-content\/uploads\/2024\/10\/The-Spoiled-Time-EP-Cover-300x300.png\" class=\"attachment-woocommerce_thumbnail size-woocommerce_thumbnail\" alt=\"The Spoiled\" srcset=\"https:\/\/www.manicdepression.fr\/wp-content\/uploads\/2024\/10\/The-Spoiled-Time-EP-Cover-300x300.png 300w, https:\/\/www.manicdepression.fr\/wp-content\/uploads\/2024\/10\/The-Spoiled-Time-EP-Cover-800x800.png 800w, https:\/\/www.manicdepression.fr\/wp-content\/uploads\/2024\/10\/The-Spoiled-Time-EP-Cover-768x768.png 768w, https:\/\/www.manicdepression.fr\/wp-content\/uploads\/2024\/10\/The-Spoiled-Time-EP-Cover-1024x1024.png 1024w, https:\/\/www.manicdepression.fr\/wp-content\/uploads\/2024\/10\/The-Spoiled-Time-EP-Cover-400x400.png 400w, https:\/\/www.manicdepression.fr\/wp-content\/uploads\/2024\/10\/The-Spoiled-Time-EP-Cover-100x100.png 100w, https:\/\/www.manicdepression.fr\/wp-content\/uploads\/2024\/10\/The-Spoiled-Time-EP-Cover.png 1400w\" sizes=\"auto, (max-width: 300px) 100vw, 300px\" \/><h2 class=\"woocommerce-loop-product__title\">The Spoiled &#8220;Time&#8221; Digital EP<\/h2> <a href=\"https:\/\/www.manicdepression.fr\/en\/label\/manic-depression\/\" rel=\"tag\">Manic Depression<\/a>\n\t<span class=\"price\"><I><a href=\"https:\/\/www.manicdepression.fr\/en\/categorie-produit\/digital\/\" rel=\"tag\">Digital<\/a><\/I><\/span>\n\t<span class=\"price\"><I><a href=\"https:\/\/www.manicdepression.fr\/en\/etiquette-produit\/post-punk\/\" rel=\"tag\">Post Punk<\/a>, <a href=\"https:\/\/www.manicdepression.fr\/en\/etiquette-produit\/shoegaze\/\" rel=\"tag\">Shoegaze<\/a><\/I><\/span>\n\n\n\t<span class=\"price\"><span class=\"woocommerce-Price-amount amount\"><bdi>5,00<span class=\"woocommerce-Price-currencySymbol\">&euro;<\/span><\/bdi><\/span><\/span>\n\n\n<\/a><a href=\"\/en\/wp-json\/wp\/v2\/pages\/6955?add-to-cart=18687\" aria-describedby=\"woocommerce_loop_add_to_cart_link_describedby_18687\" data-quantity=\"1\" class=\"button product_type_simple add_to_cart_button ajax_add_to_cart\" data-product_id=\"18687\" data-product_sku=\"\" aria-label=\"Add to cart: &ldquo;The Spoiled &quot;Time&quot; Digital EP&rdquo;\" rel=\"nofollow\" data-success_message=\"&ldquo;The Spoiled &quot;Time&quot; Digital EP&rdquo; has been added to your cart\" role=\"button\">Add to cart<\/a>\t<span id=\"woocommerce_loop_add_to_cart_link_describedby_18687\" class=\"screen-reader-text\">\n\t\t\t<\/span>\n<\/li>\n<li class=\"post post-with-thumbnail post-with-thumbnail-icon product type-product post-5593 status-publish instock product_cat-digipack product_tag-darkgaze product_tag-post-punk has-post-thumbnail purchasable product-type-simple\">\n\t<a href=\"https:\/\/www.manicdepression.fr\/en\/produit\/the-spoiled-parasite\/\" class=\"woocommerce-LoopProduct-link woocommerce-loop-product__link\"><img loading=\"lazy\" decoding=\"async\" width=\"300\" height=\"270\" src=\"https:\/\/www.manicdepression.fr\/wp-content\/uploads\/2019\/08\/MD59_THE-SPOILED_Parasite_Cover.jpg\" class=\"attachment-woocommerce_thumbnail size-woocommerce_thumbnail\" alt=\"The Spoiled - Parasite\" \/><h2 class=\"woocommerce-loop-product__title\">The Spoiled &#8220;Parasite&#8221;<\/h2> <a href=\"https:\/\/www.manicdepression.fr\/en\/label\/manic-depression\/\" rel=\"tag\">Manic Depression<\/a>\n\t<span class=\"price\"><I><a href=\"https:\/\/www.manicdepression.fr\/en\/categorie-produit\/cd\/digipack\/\" rel=\"tag\">Digipack<\/a><\/I><\/span>\n\t<span class=\"price\"><I><a href=\"https:\/\/www.manicdepression.fr\/en\/etiquette-produit\/darkgaze\/\" rel=\"tag\">Darkgaze<\/a>, <a href=\"https:\/\/www.manicdepression.fr\/en\/etiquette-produit\/post-punk\/\" rel=\"tag\">Post Punk<\/a><\/I><\/span>\n\n\n\t<span class=\"price\"><span class=\"woocommerce-Price-amount amount\"><bdi>12,00<span class=\"woocommerce-Price-currencySymbol\">&euro;<\/span><\/bdi><\/span><\/span>\n\n\n<\/a><a href=\"\/en\/wp-json\/wp\/v2\/pages\/6955?add-to-cart=5593\" aria-describedby=\"woocommerce_loop_add_to_cart_link_describedby_5593\" data-quantity=\"1\" class=\"button product_type_simple add_to_cart_button ajax_add_to_cart\" data-product_id=\"5593\" data-product_sku=\"f4899e9f77f9\" aria-label=\"Add to cart: &ldquo;The Spoiled &quot;Parasite&quot;&rdquo;\" rel=\"nofollow\" data-success_message=\"&ldquo;The Spoiled &quot;Parasite&quot;&rdquo; has been added to your cart\" role=\"button\">Add to cart<\/a>\t<span id=\"woocommerce_loop_add_to_cart_link_describedby_5593\" class=\"screen-reader-text\">\n\t\t\t<\/span>\n<\/li>\n<li class=\"post post-with-thumbnail post-with-thumbnail-icon product type-product post-5488 status-publish last instock product_cat-digital product_tag-dark-wave product_tag-post-punk has-post-thumbnail purchasable product-type-simple\">\n\t<a href=\"https:\/\/www.manicdepression.fr\/en\/produit\/the-spoiled-ironshell\/\" class=\"woocommerce-LoopProduct-link woocommerce-loop-product__link\"><img loading=\"lazy\" decoding=\"async\" width=\"300\" height=\"300\" src=\"https:\/\/www.manicdepression.fr\/wp-content\/uploads\/2019\/08\/The-spoiled-Ironshell-EP-compressed-300x300.jpg\" class=\"attachment-woocommerce_thumbnail size-woocommerce_thumbnail\" alt=\"The Spoiled - Ironshell\" srcset=\"https:\/\/www.manicdepression.fr\/wp-content\/uploads\/2019\/08\/The-spoiled-Ironshell-EP-compressed-300x300.jpg 300w, https:\/\/www.manicdepression.fr\/wp-content\/uploads\/2019\/08\/The-spoiled-Ironshell-EP-compressed-100x100.jpg 100w, https:\/\/www.manicdepression.fr\/wp-content\/uploads\/2019\/08\/The-spoiled-Ironshell-EP-compressed-333x333.jpg 333w, https:\/\/www.manicdepression.fr\/wp-content\/uploads\/2019\/08\/The-spoiled-Ironshell-EP-compressed.jpg 384w\" sizes=\"auto, (max-width: 300px) 100vw, 300px\" \/><h2 class=\"woocommerce-loop-product__title\">The Spoiled &#8220;Ironshell&#8221;<\/h2> <a href=\"https:\/\/www.manicdepression.fr\/en\/label\/manic-depression\/\" rel=\"tag\">Manic Depression<\/a>\n\t<span class=\"price\"><I><a href=\"https:\/\/www.manicdepression.fr\/en\/categorie-produit\/digital\/\" rel=\"tag\">Digital<\/a><\/I><\/span>\n\t<span class=\"price\"><I><a href=\"https:\/\/www.manicdepression.fr\/en\/etiquette-produit\/dark-wave\/\" rel=\"tag\">Dark Wave<\/a>, <a href=\"https:\/\/www.manicdepression.fr\/en\/etiquette-produit\/post-punk\/\" rel=\"tag\">Post Punk<\/a><\/I><\/span>\n\n\n\t<span class=\"price\"><span class=\"woocommerce-Price-amount amount\"><bdi>0,00<span class=\"woocommerce-Price-currencySymbol\">&euro;<\/span><\/bdi><\/span><\/span>\n\n\n<\/a><a href=\"\/en\/wp-json\/wp\/v2\/pages\/6955?add-to-cart=5488\" aria-describedby=\"woocommerce_loop_add_to_cart_link_describedby_5488\" data-quantity=\"1\" class=\"button product_type_simple add_to_cart_button ajax_add_to_cart\" data-product_id=\"5488\" data-product_sku=\"68514a7eb748\" aria-label=\"Add to cart: &ldquo;The Spoiled &quot;Ironshell&quot;&rdquo;\" rel=\"nofollow\" data-success_message=\"&ldquo;The Spoiled &quot;Ironshell&quot;&rdquo; has been added to your cart\" role=\"button\">Add to cart<\/a>\t<span id=\"woocommerce_loop_add_to_cart_link_describedby_5488\" class=\"screen-reader-text\">\n\t\t\t<\/span>\n<\/li>\n<\/ul>\n<\/div>\n<iframe loading=\"lazy\" title=\"The Spoiled - Hole In A Chest (Official Video)\" width=\"720\" height=\"405\" src=\"https:\/\/www.youtube.com\/embed\/LT6hl6bVADk?feature=oembed\" frameborder=\"0\" allow=\"accelerometer; autoplay; clipboard-write; encrypted-media; gyroscope; picture-in-picture; web-share\" referrerpolicy=\"strict-origin-when-cross-origin\" allowfullscreen><\/iframe><br \/>\n<iframe loading=\"lazy\" title=\"the spoiled  \uf027  wish house\" width=\"720\" height=\"405\" src=\"https:\/\/www.youtube.com\/embed\/byf7HBuiou4?feature=oembed\" frameborder=\"0\" allow=\"accelerometer; autoplay; clipboard-write; encrypted-media; gyroscope; picture-in-picture\" allowfullscreen><\/iframe><br \/>\nhttps:\/\/www.youtube.com\/watch?v=aVTcq2muKUU","protected":false},"excerpt":{"rendered":"<p>[:fr][su_image_carousel source=\"media:18663,18662,18661,18660\" align=\"center\" max_width=\"800\"]<br>The Spoiled est un projet post-punk italien bas\u00e9 autour du travail solo de Giovanni Santolla, combinant des percussions m\u00e9talliques d'inspiration industrielle, des synth\u00e9s distordus, des guitares brumeuses et des voix \u00e9th\u00e9r\u00e9es puisant dans les influences darkwave et shoegaze.<br>Initialement lanc\u00e9 en 2015 en tant que projet de studio, The Spoiled a sorti son premier EP 'Ironshell', puis l'album complet 'Parasite' via Manic Depression Records en 2016.<br>A l'\u00e9t\u00e9 24, le projet red\u00e9marre, sortant de nouveaux singles et mettant en place un lineup de 2 membres pour les performances live. The Spoiled travaille actuellement sur son prochain album et souhaite se produire sur le plus grand nombre de sc\u00e8nes possible.<br>[products ids=\"18687 ,5488, 5593\" columns=\"4]<br>https:\/\/www.youtube.com\/watch?v=LT6hl6bVADk&hellip;<\/p>","protected":false},"author":1,"featured_media":0,"parent":66,"menu_order":0,"comment_status":"closed","ping_status":"open","template":"","meta":{"footnotes":""},"class_list":["post-6955","page","type-page","status-publish","hentry","post"],"_links":{"self":[{"href":"https:\/\/www.manicdepression.fr\/en\/wp-json\/wp\/v2\/pages\/6955","targetHints":{"allow":["GET"]}}],"collection":[{"href":"https:\/\/www.manicdepression.fr\/en\/wp-json\/wp\/v2\/pages"}],"about":[{"href":"https:\/\/www.manicdepression.fr\/en\/wp-json\/wp\/v2\/types\/page"}],"author":[{"embeddable":true,"href":"https:\/\/www.manicdepression.fr\/en\/wp-json\/wp\/v2\/users\/1"}],"replies":[{"embeddable":true,"href":"https:\/\/www.manicdepression.fr\/en\/wp-json\/wp\/v2\/comments?post=6955"}],"version-history":[{"count":1,"href":"https:\/\/www.manicdepression.fr\/en\/wp-json\/wp\/v2\/pages\/6955\/revisions"}],"predecessor-version":[{"id":20355,"href":"https:\/\/www.manicdepression.fr\/en\/wp-json\/wp\/v2\/pages\/6955\/revisions\/20355"}],"up":[{"embeddable":true,"href":"https:\/\/www.manicdepression.fr\/en\/wp-json\/wp\/v2\/pages\/66"}],"wp:attachment":[{"href":"https:\/\/www.manicdepression.fr\/en\/wp-json\/wp\/v2\/media?parent=6955"}],"curies":[{"name":"wp","href":"https:\/\/api.w.org\/{rel}","templated":true}]}}