{"id":6954,"date":"2019-08-28T18:42:41","date_gmt":"2019-08-28T16:42:41","guid":{"rendered":"https:\/\/www.manicdepression.fr\/the-insight\/"},"modified":"2020-07-28T15:56:35","modified_gmt":"2020-07-28T13:56:35","slug":"the-insight","status":"publish","type":"page","link":"https:\/\/www.manicdepression.fr\/en\/artists\/the-insight\/","title":{"rendered":"The Insight"},"content":{"rendered":"<div class=\"su-image-carousel  su-image-carousel-has-spacing su-image-carousel-crop su-image-carousel-crop-4-3 su-image-carousel-has-outline su-image-carousel-adaptive su-image-carousel-slides-style-default su-image-carousel-controls-style-dark su-image-carousel-align-none\" style=\"\" data-flickity-options='{\"groupCells\":true,\"cellSelector\":\".su-image-carousel-item\",\"adaptiveHeight\":false,\"cellAlign\":\"left\",\"prevNextButtons\":true,\"pageDots\":true,\"autoPlay\":5000,\"imagesLoaded\":true,\"contain\":true,\"selectedAttraction\":0.025,\"friction\":0.28}' id=\"su_image_carousel_69f77f443ba02\"><div class=\"su-image-carousel-item\"><div class=\"su-image-carousel-item-content\"><img loading=\"lazy\" decoding=\"async\" width=\"600\" height=\"400\" src=\"https:\/\/www.manicdepression.fr\/wp-content\/uploads\/2019\/08\/TheInsight.jpg\" class=\"\" alt=\"\" srcset=\"https:\/\/www.manicdepression.fr\/wp-content\/uploads\/2019\/08\/TheInsight.jpg 600w, https:\/\/www.manicdepression.fr\/wp-content\/uploads\/2019\/08\/TheInsight-300x200.jpg 300w, https:\/\/www.manicdepression.fr\/wp-content\/uploads\/2019\/08\/TheInsight-500x333.jpg 500w, https:\/\/www.manicdepression.fr\/wp-content\/uploads\/2019\/08\/TheInsight-272x182.jpg 272w, https:\/\/www.manicdepression.fr\/wp-content\/uploads\/2019\/08\/TheInsight-400x267.jpg 400w, https:\/\/www.manicdepression.fr\/wp-content\/uploads\/2019\/08\/TheInsight-90x60.jpg 90w, https:\/\/www.manicdepression.fr\/wp-content\/uploads\/2019\/08\/TheInsight-135x90.jpg 135w\" sizes=\"auto, (max-width: 600px) 100vw, 600px\" \/><\/div><\/div><div class=\"su-image-carousel-item\"><div class=\"su-image-carousel-item-content\"><img loading=\"lazy\" decoding=\"async\" width=\"720\" height=\"480\" src=\"https:\/\/www.manicdepression.fr\/wp-content\/uploads\/2019\/08\/TheInsight_1.jpg\" class=\"\" alt=\"\" srcset=\"https:\/\/www.manicdepression.fr\/wp-content\/uploads\/2019\/08\/TheInsight_1.jpg 720w, https:\/\/www.manicdepression.fr\/wp-content\/uploads\/2019\/08\/TheInsight_1-300x200.jpg 300w, https:\/\/www.manicdepression.fr\/wp-content\/uploads\/2019\/08\/TheInsight_1-500x333.jpg 500w, https:\/\/www.manicdepression.fr\/wp-content\/uploads\/2019\/08\/TheInsight_1-768x512.jpg 768w, https:\/\/www.manicdepression.fr\/wp-content\/uploads\/2019\/08\/TheInsight_1-272x182.jpg 272w, https:\/\/www.manicdepression.fr\/wp-content\/uploads\/2019\/08\/TheInsight_1-400x267.jpg 400w, https:\/\/www.manicdepression.fr\/wp-content\/uploads\/2019\/08\/TheInsight_1-90x60.jpg 90w, https:\/\/www.manicdepression.fr\/wp-content\/uploads\/2019\/08\/TheInsight_1-135x90.jpg 135w\" sizes=\"auto, (max-width: 720px) 100vw, 720px\" \/><\/div><\/div><div class=\"su-image-carousel-item\"><div class=\"su-image-carousel-item-content\"><img loading=\"lazy\" decoding=\"async\" width=\"720\" height=\"480\" src=\"https:\/\/www.manicdepression.fr\/wp-content\/uploads\/2019\/08\/TheInsight_5.jpg\" class=\"\" alt=\"\" srcset=\"https:\/\/www.manicdepression.fr\/wp-content\/uploads\/2019\/08\/TheInsight_5.jpg 720w, https:\/\/www.manicdepression.fr\/wp-content\/uploads\/2019\/08\/TheInsight_5-300x200.jpg 300w, https:\/\/www.manicdepression.fr\/wp-content\/uploads\/2019\/08\/TheInsight_5-500x333.jpg 500w, https:\/\/www.manicdepression.fr\/wp-content\/uploads\/2019\/08\/TheInsight_5-768x512.jpg 768w, https:\/\/www.manicdepression.fr\/wp-content\/uploads\/2019\/08\/TheInsight_5-272x182.jpg 272w, https:\/\/www.manicdepression.fr\/wp-content\/uploads\/2019\/08\/TheInsight_5-400x267.jpg 400w, https:\/\/www.manicdepression.fr\/wp-content\/uploads\/2019\/08\/TheInsight_5-90x60.jpg 90w, https:\/\/www.manicdepression.fr\/wp-content\/uploads\/2019\/08\/TheInsight_5-135x90.jpg 135w\" sizes=\"auto, (max-width: 720px) 100vw, 720px\" \/><\/div><\/div><div class=\"su-image-carousel-item\"><div class=\"su-image-carousel-item-content\"><img loading=\"lazy\" decoding=\"async\" width=\"720\" height=\"480\" src=\"https:\/\/www.manicdepression.fr\/wp-content\/uploads\/2019\/08\/TheInsight_6.jpg\" class=\"\" alt=\"\" srcset=\"https:\/\/www.manicdepression.fr\/wp-content\/uploads\/2019\/08\/TheInsight_6.jpg 720w, https:\/\/www.manicdepression.fr\/wp-content\/uploads\/2019\/08\/TheInsight_6-300x200.jpg 300w, https:\/\/www.manicdepression.fr\/wp-content\/uploads\/2019\/08\/TheInsight_6-500x333.jpg 500w, https:\/\/www.manicdepression.fr\/wp-content\/uploads\/2019\/08\/TheInsight_6-768x512.jpg 768w, https:\/\/www.manicdepression.fr\/wp-content\/uploads\/2019\/08\/TheInsight_6-272x182.jpg 272w, https:\/\/www.manicdepression.fr\/wp-content\/uploads\/2019\/08\/TheInsight_6-400x267.jpg 400w, https:\/\/www.manicdepression.fr\/wp-content\/uploads\/2019\/08\/TheInsight_6-90x60.jpg 90w, https:\/\/www.manicdepression.fr\/wp-content\/uploads\/2019\/08\/TheInsight_6-135x90.jpg 135w\" sizes=\"auto, (max-width: 720px) 100vw, 720px\" \/><\/div><\/div><div class=\"su-image-carousel-item\"><div class=\"su-image-carousel-item-content\"><img loading=\"lazy\" decoding=\"async\" width=\"720\" height=\"480\" src=\"https:\/\/www.manicdepression.fr\/wp-content\/uploads\/2019\/08\/TheInsight_4.jpg\" class=\"\" alt=\"\" srcset=\"https:\/\/www.manicdepression.fr\/wp-content\/uploads\/2019\/08\/TheInsight_4.jpg 720w, https:\/\/www.manicdepression.fr\/wp-content\/uploads\/2019\/08\/TheInsight_4-300x200.jpg 300w, https:\/\/www.manicdepression.fr\/wp-content\/uploads\/2019\/08\/TheInsight_4-500x333.jpg 500w, https:\/\/www.manicdepression.fr\/wp-content\/uploads\/2019\/08\/TheInsight_4-768x512.jpg 768w, https:\/\/www.manicdepression.fr\/wp-content\/uploads\/2019\/08\/TheInsight_4-272x182.jpg 272w, https:\/\/www.manicdepression.fr\/wp-content\/uploads\/2019\/08\/TheInsight_4-400x267.jpg 400w, https:\/\/www.manicdepression.fr\/wp-content\/uploads\/2019\/08\/TheInsight_4-90x60.jpg 90w, https:\/\/www.manicdepression.fr\/wp-content\/uploads\/2019\/08\/TheInsight_4-135x90.jpg 135w\" sizes=\"auto, (max-width: 720px) 100vw, 720px\" \/><\/div><\/div><div class=\"su-image-carousel-item\"><div class=\"su-image-carousel-item-content\"><img loading=\"lazy\" decoding=\"async\" width=\"720\" height=\"540\" src=\"https:\/\/www.manicdepression.fr\/wp-content\/uploads\/2019\/08\/TheInsight_3.jpg\" class=\"\" alt=\"\" srcset=\"https:\/\/www.manicdepression.fr\/wp-content\/uploads\/2019\/08\/TheInsight_3.jpg 720w, https:\/\/www.manicdepression.fr\/wp-content\/uploads\/2019\/08\/TheInsight_3-300x225.jpg 300w, https:\/\/www.manicdepression.fr\/wp-content\/uploads\/2019\/08\/TheInsight_3-444x333.jpg 444w, https:\/\/www.manicdepression.fr\/wp-content\/uploads\/2019\/08\/TheInsight_3-768x576.jpg 768w, https:\/\/www.manicdepression.fr\/wp-content\/uploads\/2019\/08\/TheInsight_3-400x300.jpg 400w, https:\/\/www.manicdepression.fr\/wp-content\/uploads\/2019\/08\/TheInsight_3-80x60.jpg 80w, https:\/\/www.manicdepression.fr\/wp-content\/uploads\/2019\/08\/TheInsight_3-120x90.jpg 120w\" sizes=\"auto, (max-width: 720px) 100vw, 720px\" \/><\/div><\/div><div class=\"su-image-carousel-item\"><div class=\"su-image-carousel-item-content\"><img loading=\"lazy\" decoding=\"async\" width=\"720\" height=\"540\" src=\"https:\/\/www.manicdepression.fr\/wp-content\/uploads\/2019\/08\/TheInsight_2.jpg\" class=\"\" alt=\"\" srcset=\"https:\/\/www.manicdepression.fr\/wp-content\/uploads\/2019\/08\/TheInsight_2.jpg 720w, https:\/\/www.manicdepression.fr\/wp-content\/uploads\/2019\/08\/TheInsight_2-300x225.jpg 300w, https:\/\/www.manicdepression.fr\/wp-content\/uploads\/2019\/08\/TheInsight_2-444x333.jpg 444w, https:\/\/www.manicdepression.fr\/wp-content\/uploads\/2019\/08\/TheInsight_2-768x576.jpg 768w, https:\/\/www.manicdepression.fr\/wp-content\/uploads\/2019\/08\/TheInsight_2-400x300.jpg 400w, https:\/\/www.manicdepression.fr\/wp-content\/uploads\/2019\/08\/TheInsight_2-80x60.jpg 80w, https:\/\/www.manicdepression.fr\/wp-content\/uploads\/2019\/08\/TheInsight_2-120x90.jpg 120w\" sizes=\"auto, (max-width: 720px) 100vw, 720px\" \/><\/div><\/div><\/div><script id=\"su_image_carousel_69f77f443ba02_script\">if(window.SUImageCarousel){setTimeout(function() {window.SUImageCarousel.initGallery(document.getElementById(\"su_image_carousel_69f77f443ba02\"))}, 0);}var su_image_carousel_69f77f443ba02_script=document.getElementById(\"su_image_carousel_69f77f443ba02_script\");if(su_image_carousel_69f77f443ba02_script){su_image_carousel_69f77f443ba02_script.parentNode.removeChild(su_image_carousel_69f77f443ba02_script);}<\/script>\n<p>As soon as you listen to THE INSIGHT, you will feel back in time in the suburbs of Liverpool or Manchester. Expressive voice, english poetic texts on a cold and post punk music, the band wields brilliantly saturated guitars, minimalist keyboards, heavy bass, as well as acoustic and electro beats, that surely will make you vibrate.<br \/>\nProudly trademarking their post punk english influences, they are anyway french, coming from the city of Rennes in Brittany, where the band see it\u2019s light more than fifteen years ago.<\/p>\n<p><a href=\"http:\/\/theinsight.eu\/\" rel=\"noopener noreferrer\" target=\"_blank\"><i class=\"fas fa-link fa-2x\"><\/i><\/a> <a href=\"https:\/\/www.youtube.com\/user\/theinsightmusic\" rel=\"noopener noreferrer\" target=\"_blank\"><i class=\"fab fa-youtube fa-2x\"><\/i><\/a>\u00a0<a href=\"https:\/\/www.facebook.com\/TheInsightBand\/\" rel=\"noopener noreferrer\" target=\"_blank\"><i class=\"fab fa-facebook-f fa-2x\"><\/i><\/a><\/p>\n<div class=\"woocommerce columns-3 \"><ul class=\"products columns-3\">\n<li class=\"post post-with-thumbnail post-with-thumbnail-icon product type-product post-5510 status-publish first instock product_cat-vinyl-12 product_tag-post-punk has-post-thumbnail purchasable product-type-simple\">\n\t<a href=\"https:\/\/www.manicdepression.fr\/en\/produit\/the-insight-white-noise-2\/\" class=\"woocommerce-LoopProduct-link woocommerce-loop-product__link\"><img loading=\"lazy\" decoding=\"async\" width=\"300\" height=\"300\" src=\"https:\/\/www.manicdepression.fr\/wp-content\/uploads\/2019\/08\/TheInsight-WhiteNoise-300x300.jpg\" class=\"attachment-woocommerce_thumbnail size-woocommerce_thumbnail\" alt=\"The Insight - White Noise\" srcset=\"https:\/\/www.manicdepression.fr\/wp-content\/uploads\/2019\/08\/TheInsight-WhiteNoise-300x300.jpg 300w, https:\/\/www.manicdepression.fr\/wp-content\/uploads\/2019\/08\/TheInsight-WhiteNoise-100x100.jpg 100w, https:\/\/www.manicdepression.fr\/wp-content\/uploads\/2019\/08\/TheInsight-WhiteNoise-333x333.jpg 333w, https:\/\/www.manicdepression.fr\/wp-content\/uploads\/2019\/08\/TheInsight-WhiteNoise-400x400.jpg 400w, https:\/\/www.manicdepression.fr\/wp-content\/uploads\/2019\/08\/TheInsight-WhiteNoise.jpg 700w\" sizes=\"auto, (max-width: 300px) 100vw, 300px\" \/><h2 class=\"woocommerce-loop-product__title\">The Insight &#8220;White Noise&#8221;<\/h2> <a href=\"https:\/\/www.manicdepression.fr\/en\/label\/manic-depression\/\" rel=\"tag\">Manic Depression<\/a>\n\t<span class=\"price\"><I><a href=\"https:\/\/www.manicdepression.fr\/en\/categorie-produit\/vinyl\/vinyl-12\/\" rel=\"tag\">Vinyl 12\"<\/a><\/I><\/span>\n\t<span class=\"price\"><I><a href=\"https:\/\/www.manicdepression.fr\/en\/etiquette-produit\/post-punk\/\" rel=\"tag\">Post Punk<\/a><\/I><\/span>\n\n\n\t<span class=\"price\"><span class=\"woocommerce-Price-amount amount\"><bdi>20,00<span class=\"woocommerce-Price-currencySymbol\">&euro;<\/span><\/bdi><\/span><\/span>\n\n\n<\/a><a href=\"\/en\/wp-json\/wp\/v2\/pages\/6954?add-to-cart=5510\" aria-describedby=\"woocommerce_loop_add_to_cart_link_describedby_5510\" data-quantity=\"1\" class=\"button product_type_simple add_to_cart_button ajax_add_to_cart\" data-product_id=\"5510\" data-product_sku=\"c924e5a11550\" aria-label=\"Add to cart: &ldquo;The Insight &quot;White Noise&quot;&rdquo;\" rel=\"nofollow\" data-success_message=\"&ldquo;The Insight &quot;White Noise&quot;&rdquo; has been added to your cart\" role=\"button\">Add to cart<\/a>\t<span id=\"woocommerce_loop_add_to_cart_link_describedby_5510\" class=\"screen-reader-text\">\n\t\t\t<\/span>\n<\/li>\n<li class=\"post post-with-thumbnail post-with-thumbnail-icon product type-product post-5449 status-publish instock product_cat-digipack product_tag-post-punk has-post-thumbnail purchasable product-type-simple\">\n\t<a href=\"https:\/\/www.manicdepression.fr\/en\/produit\/the-insight-white-noise\/\" class=\"woocommerce-LoopProduct-link woocommerce-loop-product__link\"><img loading=\"lazy\" decoding=\"async\" width=\"300\" height=\"300\" src=\"https:\/\/www.manicdepression.fr\/wp-content\/uploads\/2019\/08\/TheInsight-WhiteNoise-300x300.jpg\" class=\"attachment-woocommerce_thumbnail size-woocommerce_thumbnail\" alt=\"The Insight - White Noise\" srcset=\"https:\/\/www.manicdepression.fr\/wp-content\/uploads\/2019\/08\/TheInsight-WhiteNoise-300x300.jpg 300w, https:\/\/www.manicdepression.fr\/wp-content\/uploads\/2019\/08\/TheInsight-WhiteNoise-100x100.jpg 100w, https:\/\/www.manicdepression.fr\/wp-content\/uploads\/2019\/08\/TheInsight-WhiteNoise-333x333.jpg 333w, https:\/\/www.manicdepression.fr\/wp-content\/uploads\/2019\/08\/TheInsight-WhiteNoise-400x400.jpg 400w, https:\/\/www.manicdepression.fr\/wp-content\/uploads\/2019\/08\/TheInsight-WhiteNoise.jpg 700w\" sizes=\"auto, (max-width: 300px) 100vw, 300px\" \/><h2 class=\"woocommerce-loop-product__title\">The Insight &#8220;White Noise&#8221;<\/h2> <a href=\"https:\/\/www.manicdepression.fr\/en\/label\/swiss-dark-nights\/\" rel=\"tag\">Swiss Dark Nights<\/a>\n\t<span class=\"price\"><I><a href=\"https:\/\/www.manicdepression.fr\/en\/categorie-produit\/cd\/digipack\/\" rel=\"tag\">Digipack<\/a><\/I><\/span>\n\t<span class=\"price\"><I><a href=\"https:\/\/www.manicdepression.fr\/en\/etiquette-produit\/post-punk\/\" rel=\"tag\">Post Punk<\/a><\/I><\/span>\n\n\n\t<span class=\"price\"><span class=\"woocommerce-Price-amount amount\"><bdi>12,00<span class=\"woocommerce-Price-currencySymbol\">&euro;<\/span><\/bdi><\/span><\/span>\n\n\n<\/a><a href=\"\/en\/wp-json\/wp\/v2\/pages\/6954?add-to-cart=5449\" aria-describedby=\"woocommerce_loop_add_to_cart_link_describedby_5449\" data-quantity=\"1\" class=\"button product_type_simple add_to_cart_button ajax_add_to_cart\" data-product_id=\"5449\" data-product_sku=\"72dee1e739b8\" aria-label=\"Add to cart: &ldquo;The Insight &quot;White Noise&quot;&rdquo;\" rel=\"nofollow\" data-success_message=\"&ldquo;The Insight &quot;White Noise&quot;&rdquo; has been added to your cart\" role=\"button\">Add to cart<\/a>\t<span id=\"woocommerce_loop_add_to_cart_link_describedby_5449\" class=\"screen-reader-text\">\n\t\t\t<\/span>\n<\/li>\n<\/ul>\n<\/div>\n<p><iframe loading=\"lazy\" width=\"560\" height=\"315\" src=\"https:\/\/www.youtube.com\/embed\/rlepRwEWZyY\" frameborder=\"0\" allowfullscreen><\/iframe><\/p>\n<p><iframe loading=\"lazy\" width=\"420\" height=\"315\" src=\"https:\/\/www.youtube.com\/embed\/pGidONJMlB4\" frameborder=\"0\" allowfullscreen><\/iframe>","protected":false},"excerpt":{"rendered":"<p>[:fr][su_image_carousel source=\"media: 7454,7447,7451,7452,7450,7449,7448\"]<br>D\u00e9s les premiers accords, The Insight vous emm\u00e8ne dans les faubourgs de Liverpool ou Manchester. D'une voix troublante, aux textes po\u00e9tiques dans la langue de Shakespeare et aux influences post punk, le groupe manie avec brio les guitares satur\u00e9es, les claviers minimalistes, les basses lourdes ainsi que les rythmiques acoustiques et electro qui, \u00e0 coup s\u00fbre, vous feront vibrer.<br>Ces dignes h\u00e9ritiers de groupes anglais, tels que Joy Division ou The Cure, sont pourtant bien fran\u00e7ais, et m\u00eame breton, le groupe \u00e9tant n\u00e9 \u00e0 Rennes, carrefour du rock, il y a plus de 15 ans.<br>\u00a0<br>[products ids=\"5449, 5510\" columns=\"4]<br>[:en][su_image_carousel source=\"media: 7454,7447,7451,7452,7450,7449,7448\"]&hellip;<\/p>","protected":false},"author":1,"featured_media":0,"parent":66,"menu_order":0,"comment_status":"closed","ping_status":"open","template":"","meta":{"footnotes":""},"class_list":["post-6954","page","type-page","status-publish","hentry","post"],"_links":{"self":[{"href":"https:\/\/www.manicdepression.fr\/en\/wp-json\/wp\/v2\/pages\/6954","targetHints":{"allow":["GET"]}}],"collection":[{"href":"https:\/\/www.manicdepression.fr\/en\/wp-json\/wp\/v2\/pages"}],"about":[{"href":"https:\/\/www.manicdepression.fr\/en\/wp-json\/wp\/v2\/types\/page"}],"author":[{"embeddable":true,"href":"https:\/\/www.manicdepression.fr\/en\/wp-json\/wp\/v2\/users\/1"}],"replies":[{"embeddable":true,"href":"https:\/\/www.manicdepression.fr\/en\/wp-json\/wp\/v2\/comments?post=6954"}],"version-history":[{"count":0,"href":"https:\/\/www.manicdepression.fr\/en\/wp-json\/wp\/v2\/pages\/6954\/revisions"}],"up":[{"embeddable":true,"href":"https:\/\/www.manicdepression.fr\/en\/wp-json\/wp\/v2\/pages\/66"}],"wp:attachment":[{"href":"https:\/\/www.manicdepression.fr\/en\/wp-json\/wp\/v2\/media?parent=6954"}],"curies":[{"name":"wp","href":"https:\/\/api.w.org\/{rel}","templated":true}]}}