{"id":6945,"date":"2019-08-28T18:42:39","date_gmt":"2019-08-28T16:42:39","guid":{"rendered":"https:\/\/www.manicdepression.fr\/the-b-h-d\/"},"modified":"2020-07-28T15:56:07","modified_gmt":"2020-07-28T13:56:07","slug":"the-b-h-d","status":"publish","type":"page","link":"https:\/\/www.manicdepression.fr\/en\/artists\/the-b-h-d\/","title":{"rendered":"THE B.H.D."},"content":{"rendered":"<img loading=\"lazy\" decoding=\"async\" src=\"https:\/\/www.manicdepression.fr\/wp-content\/uploads\/2019\/08\/theBHD.jpg\" alt=\"\" width=\"640\" height=\"425\" class=\"aligncenter size-full wp-image-7582\" srcset=\"https:\/\/www.manicdepression.fr\/wp-content\/uploads\/2019\/08\/theBHD.jpg 640w, https:\/\/www.manicdepression.fr\/wp-content\/uploads\/2019\/08\/theBHD-300x199.jpg 300w, https:\/\/www.manicdepression.fr\/wp-content\/uploads\/2019\/08\/theBHD-500x333.jpg 500w, https:\/\/www.manicdepression.fr\/wp-content\/uploads\/2019\/08\/theBHD-272x182.jpg 272w, https:\/\/www.manicdepression.fr\/wp-content\/uploads\/2019\/08\/theBHD-400x266.jpg 400w, https:\/\/www.manicdepression.fr\/wp-content\/uploads\/2019\/08\/theBHD-90x60.jpg 90w, https:\/\/www.manicdepression.fr\/wp-content\/uploads\/2019\/08\/theBHD-136x90.jpg 136w\" sizes=\"auto, (max-width: 640px) 100vw, 640px\" \/><\/p>\n<p>The B.H.D. \u201cThe black Hotel\u2019s Doorkeepers\u201d is a French Cold Wave \/ Post Punk project, which was formed in 2102, to indulge mastermind David Droz\u2019 musical roots. In 2013 the first songs appeared on the internet and caused a lot of attention, with their distinctive Joy Division influence, without sounding like a second class cover band.<br \/>\nSoon The B.H.D. decided, to release their first album \u201cNothing is Colder than You\u201d, with the German label \u201cCold Insanity Music\u201d, on September 2014.<br \/>\nEarly 2015, The B.H.D. decided to release their second album \u201cDancing in the shadow\u201d, in collaboration with the French music label \u201cManic Depression records\u201d. <\/p>\n<p>Driving bass guitars, demo-like, partly screaming guitars, a melancholic baritone and systematic placed synths are the basis of a lot of The B.H.D.\u2019s songs.<br \/>\nThe B.H.D.\u2019s albums \u201cNothing Is Colder than You\u201d and \u201cDancing in the Shadow\u201d carries melancholy in a way, which is quite unique nowadays. Cold Wave and Post Punk meld into a one-of-a-kind mixture and will not only let the old Joy Division fans\u2019 hearts beat higher, but also bring back the glorious 80s to a younger audience.<\/p>\n<p><a href=\"http:\/\/daviddroz.wixsite.com\/bhd-epk\" rel=\"noopener noreferrer\" target=\"_blank\"><i class=\"fas fa-link fa-2x\"><\/i><\/a> <a href=\"https:\/\/www.youtube.com\/channel\/UCLjHbKe1iaUp4p7FWZlke0w\" rel=\"noopener noreferrer\" target=\"_blank\"><i class=\"fab fa-youtube fa-2x\"><\/i><\/a>\u00a0<a href=\"https:\/\/soundcloud.com\/the-bhd-2\" rel=\"noopener noreferrer\" target=\"_blank\"><i class=\"fab fa-soundcloud fa-2x\"><\/i><\/a>\u00a0<a href=\"https:\/\/twitter.com\/DrozDavid\" rel=\"noopener noreferrer\" target=\"_blank\"><i class=\"fab fa-twitter fa-2x\"><\/i><\/a>\u00a0<a href=\"https:\/\/www.facebook.com\/The-BHD-The-Black-Hotels-Doorkeepers-517420571630873\/?fref=ts\" rel=\"noopener noreferrer\" target=\"_blank\"><i class=\"fab fa-facebook-f fa-2x\"><\/i><\/a><\/p>\n<div class=\"woocommerce columns-3 \"><ul class=\"products columns-3\">\n<li class=\"post post-with-thumbnail post-with-thumbnail-icon product type-product post-6124 status-publish first instock product_cat-digipack product_cat-digital product_tag-gothic-rock has-post-thumbnail downloadable purchasable product-type-simple\">\n\t<a href=\"https:\/\/www.manicdepression.fr\/en\/produit\/the-b-h-d-black-devotion\/\" class=\"woocommerce-LoopProduct-link woocommerce-loop-product__link\"><img loading=\"lazy\" decoding=\"async\" width=\"300\" height=\"300\" src=\"https:\/\/www.manicdepression.fr\/wp-content\/uploads\/2019\/08\/a2571121790_16-300x300.jpg\" class=\"attachment-woocommerce_thumbnail size-woocommerce_thumbnail\" alt=\"THE B.H.D. - Black Devotion\" srcset=\"https:\/\/www.manicdepression.fr\/wp-content\/uploads\/2019\/08\/a2571121790_16-300x300.jpg 300w, https:\/\/www.manicdepression.fr\/wp-content\/uploads\/2019\/08\/a2571121790_16-100x100.jpg 100w, https:\/\/www.manicdepression.fr\/wp-content\/uploads\/2019\/08\/a2571121790_16-333x333.jpg 333w, https:\/\/www.manicdepression.fr\/wp-content\/uploads\/2019\/08\/a2571121790_16-400x400.jpg 400w, https:\/\/www.manicdepression.fr\/wp-content\/uploads\/2019\/08\/a2571121790_16.jpg 700w\" sizes=\"auto, (max-width: 300px) 100vw, 300px\" \/><h2 class=\"woocommerce-loop-product__title\">THE B.H.D. &#8220;Black Devotion&#8221;<\/h2> <a href=\"https:\/\/www.manicdepression.fr\/en\/label\/manic-depression\/\" rel=\"tag\">Manic Depression<\/a>\n\t<span class=\"price\"><I><a href=\"https:\/\/www.manicdepression.fr\/en\/categorie-produit\/cd\/digipack\/\" rel=\"tag\">Digipack<\/a>, <a href=\"https:\/\/www.manicdepression.fr\/en\/categorie-produit\/digital\/\" rel=\"tag\">Digital<\/a><\/I><\/span>\n\t<span class=\"price\"><I><a href=\"https:\/\/www.manicdepression.fr\/en\/etiquette-produit\/gothic-rock\/\" rel=\"tag\">Gothic Rock<\/a><\/I><\/span>\n\n\n\t<span class=\"price\"><span class=\"woocommerce-Price-amount amount\"><bdi>9,00<span class=\"woocommerce-Price-currencySymbol\">&euro;<\/span><\/bdi><\/span><\/span>\n\n\n<\/a><a href=\"\/en\/wp-json\/wp\/v2\/pages\/6945?add-to-cart=6124\" aria-describedby=\"woocommerce_loop_add_to_cart_link_describedby_6124\" data-quantity=\"1\" class=\"button product_type_simple add_to_cart_button ajax_add_to_cart\" data-product_id=\"6124\" data-product_sku=\"f08e28d3455b\" aria-label=\"Add to cart: &ldquo;THE B.H.D. &quot;Black Devotion&quot;&rdquo;\" rel=\"nofollow\" data-success_message=\"&ldquo;THE B.H.D. &quot;Black Devotion&quot;&rdquo; has been added to your cart\" role=\"button\">Add to cart<\/a>\t<span id=\"woocommerce_loop_add_to_cart_link_describedby_6124\" class=\"screen-reader-text\">\n\t\t\t<\/span>\n<\/li>\n<li class=\"post post-with-thumbnail post-with-thumbnail-icon product type-product post-5305 status-publish instock product_cat-digipack product_tag-cold-wave product_tag-post-punk has-post-thumbnail purchasable product-type-simple\">\n\t<a href=\"https:\/\/www.manicdepression.fr\/en\/produit\/the-b-h-d-dancing-in-the-shadow\/\" class=\"woocommerce-LoopProduct-link woocommerce-loop-product__link\"><img loading=\"lazy\" decoding=\"async\" width=\"300\" height=\"270\" src=\"https:\/\/www.manicdepression.fr\/wp-content\/uploads\/2019\/08\/MD042_The-BHD_Cover.jpg\" class=\"attachment-woocommerce_thumbnail size-woocommerce_thumbnail\" alt=\"The B.H.D. - Dancing In The Shadow\" \/><h2 class=\"woocommerce-loop-product__title\">The B.H.D. &#8220;Dancing In The Shadow&#8221;<\/h2> <a href=\"https:\/\/www.manicdepression.fr\/en\/label\/manic-depression\/\" rel=\"tag\">Manic Depression<\/a>\n\t<span class=\"price\"><I><a href=\"https:\/\/www.manicdepression.fr\/en\/categorie-produit\/cd\/digipack\/\" rel=\"tag\">Digipack<\/a><\/I><\/span>\n\t<span class=\"price\"><I><a href=\"https:\/\/www.manicdepression.fr\/en\/etiquette-produit\/cold-wave\/\" rel=\"tag\">Cold Wave<\/a>, <a href=\"https:\/\/www.manicdepression.fr\/en\/etiquette-produit\/post-punk\/\" rel=\"tag\">Post Punk<\/a><\/I><\/span>\n\n\n\t<span class=\"price\"><span class=\"woocommerce-Price-amount amount\"><bdi>12,00<span class=\"woocommerce-Price-currencySymbol\">&euro;<\/span><\/bdi><\/span><\/span>\n\n\n<\/a><a href=\"\/en\/wp-json\/wp\/v2\/pages\/6945?add-to-cart=5305\" aria-describedby=\"woocommerce_loop_add_to_cart_link_describedby_5305\" data-quantity=\"1\" class=\"button product_type_simple add_to_cart_button ajax_add_to_cart\" data-product_id=\"5305\" data-product_sku=\"49a99bf1ba0f\" aria-label=\"Add to cart: &ldquo;The B.H.D. &quot;Dancing In The Shadow&quot;&rdquo;\" rel=\"nofollow\" data-success_message=\"&ldquo;The B.H.D. &quot;Dancing In The Shadow&quot;&rdquo; has been added to your cart\" role=\"button\">Add to cart<\/a>\t<span id=\"woocommerce_loop_add_to_cart_link_describedby_5305\" class=\"screen-reader-text\">\n\t\t\t<\/span>\n<\/li>\n<\/ul>\n<\/div>\n<p>https:\/\/www.youtube.com\/watch?v=b_hjGshdEb8","protected":false},"excerpt":{"rendered":"<p>[:fr]<br>THE B.H.D. \u00ab The Black Hotel\u2019s Doorkeepers \u00bb, est un projet Cold Wave \/ Post Punk fran\u00e7ais form\u00e9 en 2012, sous l\u2019influence musicales de David Droz.<br>En 2013, les premi\u00e8res chansons sont apparues sur Internet et ont retenues l\u2019attention, avec leurs influences distinctives Joy Division, mais, sans jamais ressembler a un \u00ab\u00a0cover band\u00a0\u00bb sans personnalit\u00e9.<br>En septembre 2014, THE B.H.D. d\u00e9cide de r\u00e9aliser leur premier album \u00ab Nothing is Colder than You\u00a0\u00bb, avec le label allemand \u00ab Cold Insanity Musique \u00bb.<br>D\u00e9but 2015, Le B.H.D. d\u00e9cide de nous  d\u00e9livrer leur deuxi\u00e8me opus \u00ab Dancing in the shadow \u00bb, en collaboration avec le label fran\u00e7ais  Manic Depression \u00ab, marquant ici une volont\u00e9 de donner une  nouvelle direction au groupe.<br>Toujours guid\u00e9 par une ligne de basse tr\u00e8s pr\u00e9sente, guitares parfois  hurlantes,  sonnant parfois brut comme une d\u00e9mo , un baryton m\u00e9lancolique et des synth\u00e9s pos\u00e9s sont \u00e0 la base de beaucoup des chansons des B.H.D .&hellip;<\/p>","protected":false},"author":1,"featured_media":0,"parent":66,"menu_order":0,"comment_status":"closed","ping_status":"open","template":"","meta":{"footnotes":""},"class_list":["post-6945","page","type-page","status-publish","hentry","post"],"_links":{"self":[{"href":"https:\/\/www.manicdepression.fr\/en\/wp-json\/wp\/v2\/pages\/6945","targetHints":{"allow":["GET"]}}],"collection":[{"href":"https:\/\/www.manicdepression.fr\/en\/wp-json\/wp\/v2\/pages"}],"about":[{"href":"https:\/\/www.manicdepression.fr\/en\/wp-json\/wp\/v2\/types\/page"}],"author":[{"embeddable":true,"href":"https:\/\/www.manicdepression.fr\/en\/wp-json\/wp\/v2\/users\/1"}],"replies":[{"embeddable":true,"href":"https:\/\/www.manicdepression.fr\/en\/wp-json\/wp\/v2\/comments?post=6945"}],"version-history":[{"count":0,"href":"https:\/\/www.manicdepression.fr\/en\/wp-json\/wp\/v2\/pages\/6945\/revisions"}],"up":[{"embeddable":true,"href":"https:\/\/www.manicdepression.fr\/en\/wp-json\/wp\/v2\/pages\/66"}],"wp:attachment":[{"href":"https:\/\/www.manicdepression.fr\/en\/wp-json\/wp\/v2\/media?parent=6945"}],"curies":[{"name":"wp","href":"https:\/\/api.w.org\/{rel}","templated":true}]}}