{"id":6943,"date":"2019-08-28T18:42:39","date_gmt":"2019-08-28T16:42:39","guid":{"rendered":"https:\/\/www.manicdepression.fr\/logical-tears\/"},"modified":"2020-07-28T15:55:44","modified_gmt":"2020-07-28T13:55:44","slug":"logical-tears","status":"publish","type":"page","link":"https:\/\/www.manicdepression.fr\/en\/artists\/logical-tears\/","title":{"rendered":"Logical Tears"},"content":{"rendered":"<div class=\"su-image-carousel  su-image-carousel-has-spacing su-image-carousel-crop su-image-carousel-crop-4-3 su-image-carousel-has-outline su-image-carousel-adaptive su-image-carousel-slides-style-default su-image-carousel-controls-style-dark su-image-carousel-align-none\" style=\"\" data-flickity-options='{\"groupCells\":true,\"cellSelector\":\".su-image-carousel-item\",\"adaptiveHeight\":false,\"cellAlign\":\"left\",\"prevNextButtons\":true,\"pageDots\":true,\"autoPlay\":5000,\"imagesLoaded\":true,\"contain\":true,\"selectedAttraction\":0.025,\"friction\":0.28}' id=\"su_image_carousel_69f6193ec3bd0\"><div class=\"su-image-carousel-item\"><div class=\"su-image-carousel-item-content\"><img loading=\"lazy\" decoding=\"async\" width=\"500\" height=\"333\" src=\"https:\/\/www.manicdepression.fr\/wp-content\/uploads\/2019\/08\/logicaltears3.jpg\" class=\"\" alt=\"\" srcset=\"https:\/\/www.manicdepression.fr\/wp-content\/uploads\/2019\/08\/logicaltears3.jpg 500w, https:\/\/www.manicdepression.fr\/wp-content\/uploads\/2019\/08\/logicaltears3-300x200.jpg 300w, https:\/\/www.manicdepression.fr\/wp-content\/uploads\/2019\/08\/logicaltears3-272x182.jpg 272w, https:\/\/www.manicdepression.fr\/wp-content\/uploads\/2019\/08\/logicaltears3-400x266.jpg 400w, https:\/\/www.manicdepression.fr\/wp-content\/uploads\/2019\/08\/logicaltears3-90x60.jpg 90w, https:\/\/www.manicdepression.fr\/wp-content\/uploads\/2019\/08\/logicaltears3-135x90.jpg 135w\" sizes=\"auto, (max-width: 500px) 100vw, 500px\" \/><\/div><\/div><div class=\"su-image-carousel-item\"><div class=\"su-image-carousel-item-content\"><img loading=\"lazy\" decoding=\"async\" width=\"500\" height=\"333\" src=\"https:\/\/www.manicdepression.fr\/wp-content\/uploads\/2019\/08\/logicaltears1.jpg\" class=\"\" alt=\"\" srcset=\"https:\/\/www.manicdepression.fr\/wp-content\/uploads\/2019\/08\/logicaltears1.jpg 500w, https:\/\/www.manicdepression.fr\/wp-content\/uploads\/2019\/08\/logicaltears1-300x200.jpg 300w, https:\/\/www.manicdepression.fr\/wp-content\/uploads\/2019\/08\/logicaltears1-272x182.jpg 272w, https:\/\/www.manicdepression.fr\/wp-content\/uploads\/2019\/08\/logicaltears1-400x266.jpg 400w, https:\/\/www.manicdepression.fr\/wp-content\/uploads\/2019\/08\/logicaltears1-90x60.jpg 90w, https:\/\/www.manicdepression.fr\/wp-content\/uploads\/2019\/08\/logicaltears1-135x90.jpg 135w\" sizes=\"auto, (max-width: 500px) 100vw, 500px\" \/><\/div><\/div><div class=\"su-image-carousel-item\"><div class=\"su-image-carousel-item-content\"><img loading=\"lazy\" decoding=\"async\" width=\"500\" height=\"333\" src=\"https:\/\/www.manicdepression.fr\/wp-content\/uploads\/2019\/08\/logicaltears2.jpg\" class=\"\" alt=\"\" srcset=\"https:\/\/www.manicdepression.fr\/wp-content\/uploads\/2019\/08\/logicaltears2.jpg 500w, https:\/\/www.manicdepression.fr\/wp-content\/uploads\/2019\/08\/logicaltears2-300x200.jpg 300w, https:\/\/www.manicdepression.fr\/wp-content\/uploads\/2019\/08\/logicaltears2-272x182.jpg 272w, https:\/\/www.manicdepression.fr\/wp-content\/uploads\/2019\/08\/logicaltears2-400x266.jpg 400w, https:\/\/www.manicdepression.fr\/wp-content\/uploads\/2019\/08\/logicaltears2-90x60.jpg 90w, https:\/\/www.manicdepression.fr\/wp-content\/uploads\/2019\/08\/logicaltears2-135x90.jpg 135w\" sizes=\"auto, (max-width: 500px) 100vw, 500px\" \/><\/div><\/div><\/div><script id=\"su_image_carousel_69f6193ec3bd0_script\">if(window.SUImageCarousel){setTimeout(function() {window.SUImageCarousel.initGallery(document.getElementById(\"su_image_carousel_69f6193ec3bd0\"))}, 0);}var su_image_carousel_69f6193ec3bd0_script=document.getElementById(\"su_image_carousel_69f6193ec3bd0_script\");if(su_image_carousel_69f6193ec3bd0_script){su_image_carousel_69f6193ec3bd0_script.parentNode.removeChild(su_image_carousel_69f6193ec3bd0_script);}<\/script>\n<p>Logical Tears is a french band. Trace, Noctule. h, Veren. K, Thom and Zeta Jane (as lyric writer) created in 2012 what can be placed at the crossroads of Cold Wave, Dark Wave, Pop and Industrial Rock. They play a music where industrial beats, synthetic keyboards and the heavy bass of the New Wave are highlighted by powerful guitars and melodic vocals. Full of passion, their sound can either be tainted by a cold melancholy or burn in a flaming energy. You will find a combination of all these influences perfectly under control in the eight tracks of Japanese Lovers, their first EP.<\/p>\n<p><a href=\"http:\/\/www.nsx-project.com\/\" rel=\"noopener noreferrer\" target=\"_blank\"><i class=\"fas fa-link fa-2x\"><\/i><\/a> <a href=\"https:\/\/www.youtube.com\/user\/LogicalTearsTV\" rel=\"noopener noreferrer\" target=\"_blank\"><i class=\"fab fa-youtube fa-2x\"><\/i><\/a>\u00a0<a href=\"https:\/\/www.facebook.com\/logicaltears\" rel=\"noopener noreferrer\" target=\"_blank\"><i class=\"fab fa-facebook-f fa-2x\"><\/i><\/a><\/p>\n<div class=\"woocommerce columns-3 \"><ul class=\"products columns-3\">\n<li class=\"post post-with-thumbnail post-with-thumbnail-icon product type-product post-6624 status-publish first instock product_cat-digipack product_tag-cold-wave product_tag-dream-pop product_tag-new-wave has-post-thumbnail purchasable product-type-simple\">\n\t<a href=\"https:\/\/www.manicdepression.fr\/en\/produit\/logical-tears-reboot-2-0\/\" class=\"woocommerce-LoopProduct-link woocommerce-loop-product__link\"><img loading=\"lazy\" decoding=\"async\" width=\"300\" height=\"270\" src=\"https:\/\/www.manicdepression.fr\/wp-content\/uploads\/2019\/08\/ICR016-LogicalTears-Reboot-300x270.jpg\" class=\"attachment-woocommerce_thumbnail size-woocommerce_thumbnail\" alt=\"Logical Tears - Reboot 2&#8203;.&#8203;0\" srcset=\"https:\/\/www.manicdepression.fr\/wp-content\/uploads\/2019\/08\/ICR016-LogicalTears-Reboot-300x270.jpg 300w, https:\/\/www.manicdepression.fr\/wp-content\/uploads\/2019\/08\/ICR016-LogicalTears-Reboot-371x333.jpg 371w, https:\/\/www.manicdepression.fr\/wp-content\/uploads\/2019\/08\/ICR016-LogicalTears-Reboot-768x690.jpg 768w, https:\/\/www.manicdepression.fr\/wp-content\/uploads\/2019\/08\/ICR016-LogicalTears-Reboot-1024x920.jpg 1024w, https:\/\/www.manicdepression.fr\/wp-content\/uploads\/2019\/08\/ICR016-LogicalTears-Reboot-1536x1380.jpg 1536w, https:\/\/www.manicdepression.fr\/wp-content\/uploads\/2019\/08\/ICR016-LogicalTears-Reboot-400x359.jpg 400w, https:\/\/www.manicdepression.fr\/wp-content\/uploads\/2019\/08\/ICR016-LogicalTears-Reboot.jpg 720w\" sizes=\"auto, (max-width: 300px) 100vw, 300px\" \/><h2 class=\"woocommerce-loop-product__title\">Logical Tears &#8220;Reboot 2&#8203;.&#8203;0&#8221;<\/h2> <a href=\"https:\/\/www.manicdepression.fr\/en\/label\/icy-cold-records\/\" rel=\"tag\">Icy Cold Records<\/a>\n\t<span class=\"price\"><I><a href=\"https:\/\/www.manicdepression.fr\/en\/categorie-produit\/cd\/digipack\/\" rel=\"tag\">Digipack<\/a><\/I><\/span>\n\t<span class=\"price\"><I><a href=\"https:\/\/www.manicdepression.fr\/en\/etiquette-produit\/cold-wave\/\" rel=\"tag\">Cold Wave<\/a>, <a href=\"https:\/\/www.manicdepression.fr\/en\/etiquette-produit\/dream-pop\/\" rel=\"tag\">Dream Pop<\/a>, <a href=\"https:\/\/www.manicdepression.fr\/en\/etiquette-produit\/new-wave\/\" rel=\"tag\">New Wave<\/a><\/I><\/span>\n\n\n\t<span class=\"price\"><span class=\"woocommerce-Price-amount amount\"><bdi>13,00<span class=\"woocommerce-Price-currencySymbol\">&euro;<\/span><\/bdi><\/span><\/span>\n\n\n<\/a><a href=\"\/en\/wp-json\/wp\/v2\/pages\/6943?add-to-cart=6624\" aria-describedby=\"woocommerce_loop_add_to_cart_link_describedby_6624\" data-quantity=\"1\" class=\"button product_type_simple add_to_cart_button ajax_add_to_cart\" data-product_id=\"6624\" data-product_sku=\"8dea6a8818e7\" aria-label=\"Add to cart: &ldquo;Logical Tears &quot;Reboot 2&#8203;.&#8203;0&quot;&rdquo;\" rel=\"nofollow\" data-success_message=\"&ldquo;Logical Tears &quot;Reboot 2&#8203;.&#8203;0&quot;&rdquo; has been added to your cart\" role=\"button\">Add to cart<\/a>\t<span id=\"woocommerce_loop_add_to_cart_link_describedby_6624\" class=\"screen-reader-text\">\n\t\t\t<\/span>\n<\/li>\n<li class=\"post post-with-thumbnail post-with-thumbnail-icon product type-product post-5270 status-publish instock product_cat-cd-crystal product_tag-cold-wave product_tag-dream-pop product_tag-new-wave has-post-thumbnail purchasable product-type-simple\">\n\t<a href=\"https:\/\/www.manicdepression.fr\/en\/produit\/logical-tears-japanese-lovers\/\" class=\"woocommerce-LoopProduct-link woocommerce-loop-product__link\"><img loading=\"lazy\" decoding=\"async\" width=\"300\" height=\"299\" src=\"https:\/\/www.manicdepression.fr\/wp-content\/uploads\/2019\/08\/LogicalTears-Japanese-300x299.jpg\" class=\"attachment-woocommerce_thumbnail size-woocommerce_thumbnail\" alt=\"Logical Tears - Japanese Lovers\" srcset=\"https:\/\/www.manicdepression.fr\/wp-content\/uploads\/2019\/08\/LogicalTears-Japanese-300x300.jpg 300w, https:\/\/www.manicdepression.fr\/wp-content\/uploads\/2019\/08\/LogicalTears-Japanese-100x100.jpg 100w, https:\/\/www.manicdepression.fr\/wp-content\/uploads\/2019\/08\/LogicalTears-Japanese-335x333.jpg 335w, https:\/\/www.manicdepression.fr\/wp-content\/uploads\/2019\/08\/LogicalTears-Japanese-768x764.jpg 768w, https:\/\/www.manicdepression.fr\/wp-content\/uploads\/2019\/08\/LogicalTears-Japanese-400x398.jpg 400w, https:\/\/www.manicdepression.fr\/wp-content\/uploads\/2019\/08\/LogicalTears-Japanese.jpg 720w\" sizes=\"auto, (max-width: 300px) 100vw, 300px\" \/><h2 class=\"woocommerce-loop-product__title\">Logical Tears &#8220;Japanese Lovers&#8221;<\/h2> <a href=\"https:\/\/www.manicdepression.fr\/en\/label\/manic-depression\/\" rel=\"tag\">Manic Depression<\/a>\n\t<span class=\"price\"><I><a href=\"https:\/\/www.manicdepression.fr\/en\/categorie-produit\/cd\/cd-crystal\/\" rel=\"tag\">CD Crystal<\/a><\/I><\/span>\n\t<span class=\"price\"><I><a href=\"https:\/\/www.manicdepression.fr\/en\/etiquette-produit\/cold-wave\/\" rel=\"tag\">Cold Wave<\/a>, <a href=\"https:\/\/www.manicdepression.fr\/en\/etiquette-produit\/dream-pop\/\" rel=\"tag\">Dream Pop<\/a>, <a href=\"https:\/\/www.manicdepression.fr\/en\/etiquette-produit\/new-wave\/\" rel=\"tag\">New Wave<\/a><\/I><\/span>\n\n\n\t<span class=\"price\"><span class=\"woocommerce-Price-amount amount\"><bdi>12,00<span class=\"woocommerce-Price-currencySymbol\">&euro;<\/span><\/bdi><\/span><\/span>\n\n\n<\/a><a href=\"\/en\/wp-json\/wp\/v2\/pages\/6943?add-to-cart=5270\" aria-describedby=\"woocommerce_loop_add_to_cart_link_describedby_5270\" data-quantity=\"1\" class=\"button product_type_simple add_to_cart_button ajax_add_to_cart\" data-product_id=\"5270\" data-product_sku=\"d83108075787\" aria-label=\"Add to cart: &ldquo;Logical Tears &quot;Japanese Lovers&quot;&rdquo;\" rel=\"nofollow\" data-success_message=\"&ldquo;Logical Tears &quot;Japanese Lovers&quot;&rdquo; has been added to your cart\" role=\"button\">Add to cart<\/a>\t<span id=\"woocommerce_loop_add_to_cart_link_describedby_5270\" class=\"screen-reader-text\">\n\t\t\t<\/span>\n<\/li>\n<\/ul>\n<\/div>\n<p><iframe loading=\"lazy\" width=\"420\" height=\"315\" src=\"https:\/\/www.youtube.com\/embed\/o9wlYS7MvJg\" frameborder=\"0\" allowfullscreen><\/iframe><\/p>\n<p>\n<iframe loading=\"lazy\" width=\"420\" height=\"315\" src=\"https:\/\/www.youtube.com\/embed\/LfaeTUvslIs\" frameborder=\"0\" allowfullscreen><\/iframe>","protected":false},"excerpt":{"rendered":"<p>[:fr][su_image_carousel source=\"media: 7566,7564,7565\"]<br>Logical Tears est un groupe de coldwave \u00e9lectronique fran\u00e7ais fond\u00e9 en 2012 par Trace, Noctule. h, Veren. K, Thom & la paroli\u00e8re Zeta Jane. Oeuvrant \u00e0 la crois\u00e9e de la Coldwave, de la Darkwave, de la Pop et m\u00eame de l\u2019Indus, Logical Tears propose une musique o\u00f9 les beats industriels, les claviers synth\u00e9tiques et les basses lourdes de la New Wave c\u00f4toient des couches de guitares a\u00e9riennes, sublim\u00e9es par un chant tout en m\u00e9lodie. Passionn\u00e9e, la musique de ces cinq musiciens peut tout aussi bien \u00eatre empreinte de m\u00e9lancolie froide que d\u2019\u00e9nergie enflamm\u00e9e. Japanese Lovers, premier essai studio du combo, ne d\u00e9roge pas \u00e0 cette marque de fabrique en proposant huit titres aux ambiances aussi diverses que compl\u00e9mentaires.<br>\u00a0<br>[products ids=\"6624, 5270\" columns=\"4]<br>[:en][su_image_carousel source=\"media: 7566,7564,7565\"]<br>Logical Tears is a french band. Trace, Noctule. h, Veren. K, Thom and Zeta Jane (as lyric writer) created in 2012 what can be placed at the crossroads of Cold Wave, Dark Wave, Pop and Industrial Rock. They play a music where industrial beats, synthetic keyboards and the heavy bass of the New Wave are highlighted by powerful guitars and melodic vocals. Full of passion, their sound can either be tainted by a cold melancholy or burn in a flaming energy. You will find a combination of all these influences perfectly under control in the eight tracks of Japanese Lovers, their first EP.&hellip;<\/p>","protected":false},"author":1,"featured_media":0,"parent":66,"menu_order":0,"comment_status":"closed","ping_status":"open","template":"","meta":{"footnotes":""},"class_list":["post-6943","page","type-page","status-publish","hentry","post"],"_links":{"self":[{"href":"https:\/\/www.manicdepression.fr\/en\/wp-json\/wp\/v2\/pages\/6943","targetHints":{"allow":["GET"]}}],"collection":[{"href":"https:\/\/www.manicdepression.fr\/en\/wp-json\/wp\/v2\/pages"}],"about":[{"href":"https:\/\/www.manicdepression.fr\/en\/wp-json\/wp\/v2\/types\/page"}],"author":[{"embeddable":true,"href":"https:\/\/www.manicdepression.fr\/en\/wp-json\/wp\/v2\/users\/1"}],"replies":[{"embeddable":true,"href":"https:\/\/www.manicdepression.fr\/en\/wp-json\/wp\/v2\/comments?post=6943"}],"version-history":[{"count":0,"href":"https:\/\/www.manicdepression.fr\/en\/wp-json\/wp\/v2\/pages\/6943\/revisions"}],"up":[{"embeddable":true,"href":"https:\/\/www.manicdepression.fr\/en\/wp-json\/wp\/v2\/pages\/66"}],"wp:attachment":[{"href":"https:\/\/www.manicdepression.fr\/en\/wp-json\/wp\/v2\/media?parent=6943"}],"curies":[{"name":"wp","href":"https:\/\/api.w.org\/{rel}","templated":true}]}}