{"id":6933,"date":"2019-08-28T18:42:39","date_gmt":"2019-08-28T16:42:39","guid":{"rendered":"https:\/\/www.manicdepression.fr\/avant-garde\/"},"modified":"2020-07-28T15:53:58","modified_gmt":"2020-07-28T13:53:58","slug":"avant-garde","status":"publish","type":"page","link":"https:\/\/www.manicdepression.fr\/en\/artists\/avant-garde\/","title":{"rendered":"Avant-Garde"},"content":{"rendered":"<div class=\"su-image-carousel  su-image-carousel-has-spacing su-image-carousel-crop su-image-carousel-crop-4-3 su-image-carousel-has-outline su-image-carousel-adaptive su-image-carousel-slides-style-default su-image-carousel-controls-style-dark su-image-carousel-align-none\" style=\"\" data-flickity-options='{\"groupCells\":true,\"cellSelector\":\".su-image-carousel-item\",\"adaptiveHeight\":false,\"cellAlign\":\"left\",\"prevNextButtons\":true,\"pageDots\":true,\"autoPlay\":5000,\"imagesLoaded\":true,\"contain\":true,\"selectedAttraction\":0.025,\"friction\":0.28}' id=\"su_image_carousel_6a065be07e9f7\"><div class=\"su-image-carousel-item\"><div class=\"su-image-carousel-item-content\"><img loading=\"lazy\" decoding=\"async\" width=\"400\" height=\"300\" src=\"https:\/\/www.manicdepression.fr\/wp-content\/uploads\/2019\/08\/AG01-1.jpg\" class=\"\" alt=\"\" srcset=\"https:\/\/www.manicdepression.fr\/wp-content\/uploads\/2019\/08\/AG01-1.jpg 400w, https:\/\/www.manicdepression.fr\/wp-content\/uploads\/2019\/08\/AG01-1-300x225.jpg 300w, https:\/\/www.manicdepression.fr\/wp-content\/uploads\/2019\/08\/AG01-1-80x60.jpg 80w, https:\/\/www.manicdepression.fr\/wp-content\/uploads\/2019\/08\/AG01-1-120x90.jpg 120w\" sizes=\"auto, (max-width: 400px) 100vw, 400px\" \/><\/div><\/div><div class=\"su-image-carousel-item\"><div class=\"su-image-carousel-item-content\"><img loading=\"lazy\" decoding=\"async\" width=\"720\" height=\"540\" src=\"https:\/\/www.manicdepression.fr\/wp-content\/uploads\/2019\/08\/ag1.jpg\" class=\"\" alt=\"\" srcset=\"https:\/\/www.manicdepression.fr\/wp-content\/uploads\/2019\/08\/ag1.jpg 720w, https:\/\/www.manicdepression.fr\/wp-content\/uploads\/2019\/08\/ag1-300x225.jpg 300w, https:\/\/www.manicdepression.fr\/wp-content\/uploads\/2019\/08\/ag1-444x333.jpg 444w, https:\/\/www.manicdepression.fr\/wp-content\/uploads\/2019\/08\/ag1-400x300.jpg 400w, https:\/\/www.manicdepression.fr\/wp-content\/uploads\/2019\/08\/ag1-80x60.jpg 80w, https:\/\/www.manicdepression.fr\/wp-content\/uploads\/2019\/08\/ag1-120x90.jpg 120w\" sizes=\"auto, (max-width: 720px) 100vw, 720px\" \/><\/div><\/div><div class=\"su-image-carousel-item\"><div class=\"su-image-carousel-item-content\"><img loading=\"lazy\" decoding=\"async\" width=\"600\" height=\"450\" src=\"https:\/\/www.manicdepression.fr\/wp-content\/uploads\/2019\/08\/ag6-1.jpg\" class=\"\" alt=\"\" srcset=\"https:\/\/www.manicdepression.fr\/wp-content\/uploads\/2019\/08\/ag6-1.jpg 600w, https:\/\/www.manicdepression.fr\/wp-content\/uploads\/2019\/08\/ag6-1-300x225.jpg 300w, https:\/\/www.manicdepression.fr\/wp-content\/uploads\/2019\/08\/ag6-1-444x333.jpg 444w, https:\/\/www.manicdepression.fr\/wp-content\/uploads\/2019\/08\/ag6-1-400x300.jpg 400w, https:\/\/www.manicdepression.fr\/wp-content\/uploads\/2019\/08\/ag6-1-80x60.jpg 80w, https:\/\/www.manicdepression.fr\/wp-content\/uploads\/2019\/08\/ag6-1-120x90.jpg 120w\" sizes=\"auto, (max-width: 600px) 100vw, 600px\" \/><\/div><\/div><div class=\"su-image-carousel-item\"><div class=\"su-image-carousel-item-content\"><img loading=\"lazy\" decoding=\"async\" width=\"720\" height=\"482\" src=\"https:\/\/www.manicdepression.fr\/wp-content\/uploads\/2019\/08\/ag2-1.jpg\" class=\"\" alt=\"\" srcset=\"https:\/\/www.manicdepression.fr\/wp-content\/uploads\/2019\/08\/ag2-1.jpg 720w, https:\/\/www.manicdepression.fr\/wp-content\/uploads\/2019\/08\/ag2-1-300x201.jpg 300w, https:\/\/www.manicdepression.fr\/wp-content\/uploads\/2019\/08\/ag2-1-497x333.jpg 497w, https:\/\/www.manicdepression.fr\/wp-content\/uploads\/2019\/08\/ag2-1-768x514.jpg 768w, https:\/\/www.manicdepression.fr\/wp-content\/uploads\/2019\/08\/ag2-1-272x182.jpg 272w, https:\/\/www.manicdepression.fr\/wp-content\/uploads\/2019\/08\/ag2-1-400x268.jpg 400w, https:\/\/www.manicdepression.fr\/wp-content\/uploads\/2019\/08\/ag2-1-90x60.jpg 90w, https:\/\/www.manicdepression.fr\/wp-content\/uploads\/2019\/08\/ag2-1-134x90.jpg 134w\" sizes=\"auto, (max-width: 720px) 100vw, 720px\" \/><\/div><\/div><div class=\"su-image-carousel-item\"><div class=\"su-image-carousel-item-content\"><img loading=\"lazy\" decoding=\"async\" width=\"600\" height=\"448\" src=\"https:\/\/www.manicdepression.fr\/wp-content\/uploads\/2019\/08\/ag5-1.jpg\" class=\"\" alt=\"\" srcset=\"https:\/\/www.manicdepression.fr\/wp-content\/uploads\/2019\/08\/ag5-1.jpg 600w, https:\/\/www.manicdepression.fr\/wp-content\/uploads\/2019\/08\/ag5-1-300x224.jpg 300w, https:\/\/www.manicdepression.fr\/wp-content\/uploads\/2019\/08\/ag5-1-446x333.jpg 446w, https:\/\/www.manicdepression.fr\/wp-content\/uploads\/2019\/08\/ag5-1-400x299.jpg 400w, https:\/\/www.manicdepression.fr\/wp-content\/uploads\/2019\/08\/ag5-1-80x60.jpg 80w, https:\/\/www.manicdepression.fr\/wp-content\/uploads\/2019\/08\/ag5-1-121x90.jpg 121w\" sizes=\"auto, (max-width: 600px) 100vw, 600px\" \/><\/div><\/div><div class=\"su-image-carousel-item\"><div class=\"su-image-carousel-item-content\"><img loading=\"lazy\" decoding=\"async\" width=\"720\" height=\"482\" src=\"https:\/\/www.manicdepression.fr\/wp-content\/uploads\/2019\/08\/ag3-1.jpg\" class=\"\" alt=\"\" srcset=\"https:\/\/www.manicdepression.fr\/wp-content\/uploads\/2019\/08\/ag3-1.jpg 960w, https:\/\/www.manicdepression.fr\/wp-content\/uploads\/2019\/08\/ag3-1-800x536.jpg 800w, https:\/\/www.manicdepression.fr\/wp-content\/uploads\/2019\/08\/ag3-1-300x201.jpg 300w, https:\/\/www.manicdepression.fr\/wp-content\/uploads\/2019\/08\/ag3-1-768x514.jpg 768w, https:\/\/www.manicdepression.fr\/wp-content\/uploads\/2019\/08\/ag3-1-272x182.jpg 272w, https:\/\/www.manicdepression.fr\/wp-content\/uploads\/2019\/08\/ag3-1-400x268.jpg 400w, https:\/\/www.manicdepression.fr\/wp-content\/uploads\/2019\/08\/ag3-1-497x333.jpg 497w, https:\/\/www.manicdepression.fr\/wp-content\/uploads\/2019\/08\/ag3-1-90x60.jpg 90w, https:\/\/www.manicdepression.fr\/wp-content\/uploads\/2019\/08\/ag3-1-134x90.jpg 134w\" sizes=\"auto, (max-width: 720px) 100vw, 720px\" \/><\/div><\/div><div class=\"su-image-carousel-item\"><div class=\"su-image-carousel-item-content\"><img loading=\"lazy\" decoding=\"async\" width=\"700\" height=\"466\" src=\"https:\/\/www.manicdepression.fr\/wp-content\/uploads\/2019\/08\/ag7-1.jpg\" class=\"\" alt=\"\" srcset=\"https:\/\/www.manicdepression.fr\/wp-content\/uploads\/2019\/08\/ag7-1.jpg 700w, https:\/\/www.manicdepression.fr\/wp-content\/uploads\/2019\/08\/ag7-1-300x200.jpg 300w, https:\/\/www.manicdepression.fr\/wp-content\/uploads\/2019\/08\/ag7-1-500x333.jpg 500w, https:\/\/www.manicdepression.fr\/wp-content\/uploads\/2019\/08\/ag7-1-272x182.jpg 272w, https:\/\/www.manicdepression.fr\/wp-content\/uploads\/2019\/08\/ag7-1-400x266.jpg 400w, https:\/\/www.manicdepression.fr\/wp-content\/uploads\/2019\/08\/ag7-1-90x60.jpg 90w, https:\/\/www.manicdepression.fr\/wp-content\/uploads\/2019\/08\/ag7-1-135x90.jpg 135w\" sizes=\"auto, (max-width: 700px) 100vw, 700px\" \/><\/div><\/div><div class=\"su-image-carousel-item\"><div class=\"su-image-carousel-item-content\"><img loading=\"lazy\" decoding=\"async\" width=\"700\" height=\"439\" src=\"https:\/\/www.manicdepression.fr\/wp-content\/uploads\/2019\/08\/ag4-1.jpg\" class=\"\" alt=\"\" srcset=\"https:\/\/www.manicdepression.fr\/wp-content\/uploads\/2019\/08\/ag4-1.jpg 700w, https:\/\/www.manicdepression.fr\/wp-content\/uploads\/2019\/08\/ag4-1-300x188.jpg 300w, https:\/\/www.manicdepression.fr\/wp-content\/uploads\/2019\/08\/ag4-1-500x314.jpg 500w, https:\/\/www.manicdepression.fr\/wp-content\/uploads\/2019\/08\/ag4-1-436x272.jpg 436w, https:\/\/www.manicdepression.fr\/wp-content\/uploads\/2019\/08\/ag4-1-400x251.jpg 400w, https:\/\/www.manicdepression.fr\/wp-content\/uploads\/2019\/08\/ag4-1-96x60.jpg 96w, https:\/\/www.manicdepression.fr\/wp-content\/uploads\/2019\/08\/ag4-1-144x90.jpg 144w\" sizes=\"auto, (max-width: 700px) 100vw, 700px\" \/><\/div><\/div><\/div><script id=\"su_image_carousel_6a065be07e9f7_script\">if(window.SUImageCarousel){setTimeout(function() {window.SUImageCarousel.initGallery(document.getElementById(\"su_image_carousel_6a065be07e9f7\"))}, 0);}var su_image_carousel_6a065be07e9f7_script=document.getElementById(\"su_image_carousel_6a065be07e9f7_script\");if(su_image_carousel_6a065be07e9f7_script){su_image_carousel_6a065be07e9f7_script.parentNode.removeChild(su_image_carousel_6a065be07e9f7_script);}<\/script>\n<p>Avant-Garde are a Rome based band created in 1994 by Alessio Schiavi with the attitude to re-elaborate the classic dark-wave sound trying to make it actual without losing its original feeling.<br \/>\nThe &#8220;Ascension of the gods&#8221; gothic festival in 1997 gave the band the chance to be more visible outside of the roman scene.<br \/>\nIn 1998 the track &#8220;Morendo&#8221; was included in the &#8220;Intimations of immortality, vol. IV&#8221; compilation produced by the label Energeia (Italy).<br \/>\nThe self titled EP was produced a year later by Krylon Records. The unusual package see a one-side recorded vinyl in a poster bag, limited to 300 hand-numbered copies.<br \/>\nFrom 2002 to the late 2004 Avant-Garde became Alessio\u2019s solo project. During this period the band first full length CD titled &#8220;Cyanure&#8221; is released for a new label, the Rome based GB Productions. Alessio recorded every single sound of the tracks.<br \/>\nAlessandro Conte became the bass player at the fall of 2004, then Antonio M. joined A-G in 2006 as second guitar player.<br \/>\nThis trio released the &#8220;D&#8217;inverno&#8221; EP in March 2007, then the CD album &#8220;Iron in flesh&#8221; for In The Night Time Records (released on April 4th 2008).<br \/>\nThe band performed several gigs between 2006 and 2009 in Italy and Europe as well, having the pleasure to be the support act for RED LORRY YELLOW LORRY, MARK BURGESS AND THE SONS OF GOD, CINEMA STRANGE, WHITE ROSE MOVEMENT, AND ALSO THE TREES and playing at the following events: OBSCURE FEST II in Naples, DIE WUNDERKUR GOTHIC FESTIVAL in Bologna, LEFANTASTIQUE.NIGHT XXII in Brussels and AVANT-GARDISM FROM BEYOND in Saint Petersburg.<br \/>\n2010: New line-up, new sounds; Viviana B. and her synths join the band instead of a second guitar, so a new direction is gonna be traveled.<br \/>\n2013: The band releases its third album &#8220;Antitesi&#8221; on the french label Manic Depresison Records.<\/p>\n<p><a href=\"http:\/\/www.avant-garde.org.uk\/\" rel=\"noopener noreferrer\" target=\"_blank\"><i class=\"fas fa-link fa-2x\"><\/i><\/a> <a href=\"https:\/\/soundcloud.com\/avantgarde1994\" rel=\"noopener noreferrer\" target=\"_blank\"><i class=\"fab fa-soundcloud fa-2x\"><\/i><\/a>\u00a0<a href=\"http:\/\/www.facebook.com\/avantgarde1994\" rel=\"noopener noreferrer\" target=\"_blank\"><i class=\"fab fa-facebook-f fa-2x\"><\/i><\/a><\/p>\n<div class=\"woocommerce columns-3 \"><ul class=\"products columns-3\">\n<li class=\"post post-with-thumbnail post-with-thumbnail-icon product type-product post-5272 status-publish first instock product_cat-digipack product_tag-dark-wave product_tag-post-punk has-post-thumbnail purchasable product-type-simple\">\n\t<a href=\"https:\/\/www.manicdepression.fr\/en\/produit\/avant-garde-il-buio-su-roma-live-at-metamorfosi\/\" class=\"woocommerce-LoopProduct-link woocommerce-loop-product__link\"><img loading=\"lazy\" decoding=\"async\" width=\"300\" height=\"300\" src=\"https:\/\/www.manicdepression.fr\/wp-content\/uploads\/2019\/08\/AvantGarde-Il-300x300.jpg\" class=\"attachment-woocommerce_thumbnail size-woocommerce_thumbnail\" alt=\"Avant-Garde - IL BUIO SU ROMA Live at MetaMorfosi\" srcset=\"https:\/\/www.manicdepression.fr\/wp-content\/uploads\/2019\/08\/AvantGarde-Il-300x300.jpg 300w, https:\/\/www.manicdepression.fr\/wp-content\/uploads\/2019\/08\/AvantGarde-Il-100x100.jpg 100w, https:\/\/www.manicdepression.fr\/wp-content\/uploads\/2019\/08\/AvantGarde-Il-333x333.jpg 333w, https:\/\/www.manicdepression.fr\/wp-content\/uploads\/2019\/08\/AvantGarde-Il.jpg 350w\" sizes=\"auto, (max-width: 300px) 100vw, 300px\" \/><h2 class=\"woocommerce-loop-product__title\">Avant-Garde &#8220;IL BUIO SU ROMA Live at MetaMorfosi&#8221;<\/h2> <a href=\"https:\/\/www.manicdepression.fr\/en\/label\/manic-depression\/\" rel=\"tag\">Manic Depression<\/a>\n\t<span class=\"price\"><I><a href=\"https:\/\/www.manicdepression.fr\/en\/categorie-produit\/cd\/digipack\/\" rel=\"tag\">Digipack<\/a><\/I><\/span>\n\t<span class=\"price\"><I><a href=\"https:\/\/www.manicdepression.fr\/en\/etiquette-produit\/dark-wave\/\" rel=\"tag\">Dark Wave<\/a>, <a href=\"https:\/\/www.manicdepression.fr\/en\/etiquette-produit\/post-punk\/\" rel=\"tag\">Post Punk<\/a><\/I><\/span>\n\n\n\t<span class=\"price\"><span class=\"woocommerce-Price-amount amount\"><bdi>12,00<span class=\"woocommerce-Price-currencySymbol\">&euro;<\/span><\/bdi><\/span><\/span>\n\n\n<\/a><a href=\"\/en\/wp-json\/wp\/v2\/pages\/6933?add-to-cart=5272\" aria-describedby=\"woocommerce_loop_add_to_cart_link_describedby_5272\" data-quantity=\"1\" class=\"button product_type_simple add_to_cart_button ajax_add_to_cart\" data-product_id=\"5272\" data-product_sku=\"36adbbaec7d5\" aria-label=\"Add to cart: &ldquo;Avant-Garde &quot;IL BUIO SU ROMA Live at MetaMorfosi&quot;&rdquo;\" rel=\"nofollow\" data-success_message=\"&ldquo;Avant-Garde &quot;IL BUIO SU ROMA Live at MetaMorfosi&quot;&rdquo; has been added to your cart\" role=\"button\">Add to cart<\/a>\t<span id=\"woocommerce_loop_add_to_cart_link_describedby_5272\" class=\"screen-reader-text\">\n\t\t\t<\/span>\n<\/li>\n<li class=\"post post-with-thumbnail post-with-thumbnail-icon product type-product post-5058 status-publish instock product_cat-cd-crystal product_tag-dark-wave product_tag-post-punk has-post-thumbnail purchasable product-type-simple\">\n\t<a href=\"https:\/\/www.manicdepression.fr\/en\/produit\/avant-garde-cyanure\/\" class=\"woocommerce-LoopProduct-link woocommerce-loop-product__link\"><img loading=\"lazy\" decoding=\"async\" width=\"150\" height=\"150\" src=\"https:\/\/www.manicdepression.fr\/wp-content\/uploads\/2019\/08\/Avant-Garde-Cyanure.jpeg\" class=\"attachment-woocommerce_thumbnail size-woocommerce_thumbnail\" alt=\"Avant-Garde - Cyanure\" srcset=\"https:\/\/www.manicdepression.fr\/wp-content\/uploads\/2019\/08\/Avant-Garde-Cyanure.jpeg 150w, https:\/\/www.manicdepression.fr\/wp-content\/uploads\/2019\/08\/Avant-Garde-Cyanure-100x100.jpeg 100w\" sizes=\"auto, (max-width: 150px) 100vw, 150px\" \/><h2 class=\"woocommerce-loop-product__title\">Avant-Garde &#8220;Cyanure&#8221;<\/h2> <a href=\"https:\/\/www.manicdepression.fr\/en\/label\/gb-productions\/\" rel=\"tag\">GB Productions<\/a>\n\t<span class=\"price\"><I><a href=\"https:\/\/www.manicdepression.fr\/en\/categorie-produit\/cd\/cd-crystal\/\" rel=\"tag\">CD Crystal<\/a><\/I><\/span>\n\t<span class=\"price\"><I><a href=\"https:\/\/www.manicdepression.fr\/en\/etiquette-produit\/dark-wave\/\" rel=\"tag\">Dark Wave<\/a>, <a href=\"https:\/\/www.manicdepression.fr\/en\/etiquette-produit\/post-punk\/\" rel=\"tag\">Post Punk<\/a><\/I><\/span>\n\n\n\t<span class=\"price\"><span class=\"woocommerce-Price-amount amount\"><bdi>12,00<span class=\"woocommerce-Price-currencySymbol\">&euro;<\/span><\/bdi><\/span><\/span>\n\n\n<\/a><a href=\"\/en\/wp-json\/wp\/v2\/pages\/6933?add-to-cart=5058\" aria-describedby=\"woocommerce_loop_add_to_cart_link_describedby_5058\" data-quantity=\"1\" class=\"button product_type_simple add_to_cart_button ajax_add_to_cart\" data-product_id=\"5058\" data-product_sku=\"8bc8e87a85b8\" aria-label=\"Add to cart: &ldquo;Avant-Garde &quot;Cyanure&quot;&rdquo;\" rel=\"nofollow\" data-success_message=\"&ldquo;Avant-Garde &quot;Cyanure&quot;&rdquo; has been added to your cart\" role=\"button\">Add to cart<\/a>\t<span id=\"woocommerce_loop_add_to_cart_link_describedby_5058\" class=\"screen-reader-text\">\n\t\t\t<\/span>\n<\/li>\n<li class=\"post post-with-thumbnail post-with-thumbnail-icon product type-product post-4873 status-publish last instock product_cat-digipack product_tag-dark-wave product_tag-post-punk has-post-thumbnail purchasable product-type-simple\">\n\t<a href=\"https:\/\/www.manicdepression.fr\/en\/produit\/avant-garde-antitesi\/\" class=\"woocommerce-LoopProduct-link woocommerce-loop-product__link\"><img loading=\"lazy\" decoding=\"async\" width=\"300\" height=\"300\" src=\"https:\/\/www.manicdepression.fr\/wp-content\/uploads\/2019\/08\/MD026_Avant-Garde_Cover-300x300.jpg\" class=\"attachment-woocommerce_thumbnail size-woocommerce_thumbnail\" alt=\"Avant-Garde - Antitesi\" srcset=\"https:\/\/www.manicdepression.fr\/wp-content\/uploads\/2019\/08\/MD026_Avant-Garde_Cover-300x300.jpg 300w, https:\/\/www.manicdepression.fr\/wp-content\/uploads\/2019\/08\/MD026_Avant-Garde_Cover-100x100.jpg 100w, https:\/\/www.manicdepression.fr\/wp-content\/uploads\/2019\/08\/MD026_Avant-Garde_Cover-333x333.jpg 333w, https:\/\/www.manicdepression.fr\/wp-content\/uploads\/2019\/08\/MD026_Avant-Garde_Cover.jpg 340w\" sizes=\"auto, (max-width: 300px) 100vw, 300px\" \/><h2 class=\"woocommerce-loop-product__title\">Avant-Garde &#8220;Antitesi&#8221;<\/h2> <a href=\"https:\/\/www.manicdepression.fr\/en\/label\/manic-depression\/\" rel=\"tag\">Manic Depression<\/a>\n\t<span class=\"price\"><I><a href=\"https:\/\/www.manicdepression.fr\/en\/categorie-produit\/cd\/digipack\/\" rel=\"tag\">Digipack<\/a><\/I><\/span>\n\t<span class=\"price\"><I><a href=\"https:\/\/www.manicdepression.fr\/en\/etiquette-produit\/dark-wave\/\" rel=\"tag\">Dark Wave<\/a>, <a href=\"https:\/\/www.manicdepression.fr\/en\/etiquette-produit\/post-punk\/\" rel=\"tag\">Post Punk<\/a><\/I><\/span>\n\n\n\t<span class=\"price\"><span class=\"woocommerce-Price-amount amount\"><bdi>12,00<span class=\"woocommerce-Price-currencySymbol\">&euro;<\/span><\/bdi><\/span><\/span>\n\n\n<\/a><a href=\"\/en\/wp-json\/wp\/v2\/pages\/6933?add-to-cart=4873\" aria-describedby=\"woocommerce_loop_add_to_cart_link_describedby_4873\" data-quantity=\"1\" class=\"button product_type_simple add_to_cart_button ajax_add_to_cart\" data-product_id=\"4873\" data-product_sku=\"34211e49b4f0\" aria-label=\"Add to cart: &ldquo;Avant-Garde &quot;Antitesi&quot;&rdquo;\" rel=\"nofollow\" data-success_message=\"&ldquo;Avant-Garde &quot;Antitesi&quot;&rdquo; has been added to your cart\" role=\"button\">Add to cart<\/a>\t<span id=\"woocommerce_loop_add_to_cart_link_describedby_4873\" class=\"screen-reader-text\">\n\t\t\t<\/span>\n<\/li>\n<\/ul>\n<\/div>\n<p><iframe loading=\"lazy\" width=\"560\" height=\"315\" src=\"http:\/\/www.youtube.com\/embed\/4nu-HwEbMWQ\" frameborder=\"0\" allowfullscreen><\/iframe><\/p>\n<p><iframe loading=\"lazy\" width=\"420\" height=\"315\" src=\"https:\/\/www.youtube.com\/embed\/8a_VsyHNMC8\" frameborder=\"0\" allowfullscreen><\/iframe>","protected":false},"excerpt":{"rendered":"<p>[:fr][su_image_carousel source=\"media: 7600,7599,7605,7601,7604,7602,7606,7603\"]<br>Avant-Garde est un groupe de Rome cr\u00e9\u00e9e en 1994 par Alessio Schiavi avec l'ambition de r\u00e9-\u00e9laborer le son classique de la Dark-Wave en essayant de le rendre plus actuel sans perdre l'\u00e9motion originelle.<br>Le festival gothique \u00ab\u00a0Ascension of the gods\u00a0\u00bb a donn\u00e9 au groupe, en 1997, la chance d'\u00eatre plus visible \u00e0 l'ext\u00e9rieur de la sc\u00e8ne romaine.<br>En 1998, le morceau \u00ab\u00a0Morendo\u00a0\u00bb est choisi pour la compilation \u00ab\u00a0Intimation de l'immortalit\u00e9, vol. IV\u00a0\u00bb produite par le label Energeia (Italie) .<br>Le Maxi \u00e9ponyme a \u00e9t\u00e9 produit un an plus tard par Records Krylon. L'objet inhabituelle fut un vinyl dans une pochette\/affiche, limit\u00e9e \u00e0 300 exemplaires, num\u00e9rot\u00e9s \u00e0 la main.<br>De 2002 \u00e0 la fin de 2004 Avant-Garde est devenu le projet solo d'Alessio. Pendant cette p\u00e9riode, le premier CD du groupe intitul\u00e9 \u00ab\u00a0Cyanure\u00a0\u00bb est sorti sur un nouveau label, bas\u00e9 \u00e0 Rome, GB Productions. Alessio enregistre seul chaques chansons.&hellip;<\/p>","protected":false},"author":1,"featured_media":0,"parent":66,"menu_order":0,"comment_status":"closed","ping_status":"open","template":"","meta":{"footnotes":""},"class_list":["post-6933","page","type-page","status-publish","hentry","post"],"_links":{"self":[{"href":"https:\/\/www.manicdepression.fr\/en\/wp-json\/wp\/v2\/pages\/6933","targetHints":{"allow":["GET"]}}],"collection":[{"href":"https:\/\/www.manicdepression.fr\/en\/wp-json\/wp\/v2\/pages"}],"about":[{"href":"https:\/\/www.manicdepression.fr\/en\/wp-json\/wp\/v2\/types\/page"}],"author":[{"embeddable":true,"href":"https:\/\/www.manicdepression.fr\/en\/wp-json\/wp\/v2\/users\/1"}],"replies":[{"embeddable":true,"href":"https:\/\/www.manicdepression.fr\/en\/wp-json\/wp\/v2\/comments?post=6933"}],"version-history":[{"count":0,"href":"https:\/\/www.manicdepression.fr\/en\/wp-json\/wp\/v2\/pages\/6933\/revisions"}],"up":[{"embeddable":true,"href":"https:\/\/www.manicdepression.fr\/en\/wp-json\/wp\/v2\/pages\/66"}],"wp:attachment":[{"href":"https:\/\/www.manicdepression.fr\/en\/wp-json\/wp\/v2\/media?parent=6933"}],"curies":[{"name":"wp","href":"https:\/\/api.w.org\/{rel}","templated":true}]}}