{"id":6929,"date":"2019-08-28T18:42:39","date_gmt":"2019-08-28T16:42:39","guid":{"rendered":"https:\/\/www.manicdepression.fr\/agent-side-grinder\/"},"modified":"2020-07-28T15:53:58","modified_gmt":"2020-07-28T13:53:58","slug":"agent-side-grinder","status":"publish","type":"page","link":"https:\/\/www.manicdepression.fr\/en\/artists\/agent-side-grinder\/","title":{"rendered":"Agent Side Grinder"},"content":{"rendered":"<div class=\"su-image-carousel  su-image-carousel-has-spacing su-image-carousel-crop su-image-carousel-crop-4-3 su-image-carousel-has-outline su-image-carousel-adaptive su-image-carousel-slides-style-default su-image-carousel-controls-style-dark su-image-carousel-align-none\" style=\"\" data-flickity-options='{\"groupCells\":true,\"cellSelector\":\".su-image-carousel-item\",\"adaptiveHeight\":false,\"cellAlign\":\"left\",\"prevNextButtons\":true,\"pageDots\":true,\"autoPlay\":5000,\"imagesLoaded\":true,\"contain\":true,\"selectedAttraction\":0.025,\"friction\":0.28}' id=\"su_image_carousel_6a0337e9de0f2\"><div class=\"su-image-carousel-item\"><div class=\"su-image-carousel-item-content\"><img loading=\"lazy\" decoding=\"async\" width=\"400\" height=\"300\" src=\"https:\/\/www.manicdepression.fr\/wp-content\/uploads\/2019\/08\/ASG1.jpg\" class=\"\" alt=\"\" srcset=\"https:\/\/www.manicdepression.fr\/wp-content\/uploads\/2019\/08\/ASG1.jpg 400w, https:\/\/www.manicdepression.fr\/wp-content\/uploads\/2019\/08\/ASG1-300x225.jpg 300w, https:\/\/www.manicdepression.fr\/wp-content\/uploads\/2019\/08\/ASG1-80x60.jpg 80w, https:\/\/www.manicdepression.fr\/wp-content\/uploads\/2019\/08\/ASG1-120x90.jpg 120w\" sizes=\"auto, (max-width: 400px) 100vw, 400px\" \/><\/div><\/div><div class=\"su-image-carousel-item\"><div class=\"su-image-carousel-item-content\"><img loading=\"lazy\" decoding=\"async\" width=\"500\" height=\"333\" src=\"https:\/\/www.manicdepression.fr\/wp-content\/uploads\/2019\/08\/ASG_01.jpg\" class=\"\" alt=\"\" srcset=\"https:\/\/www.manicdepression.fr\/wp-content\/uploads\/2019\/08\/ASG_01.jpg 500w, https:\/\/www.manicdepression.fr\/wp-content\/uploads\/2019\/08\/ASG_01-300x200.jpg 300w, https:\/\/www.manicdepression.fr\/wp-content\/uploads\/2019\/08\/ASG_01-272x182.jpg 272w, https:\/\/www.manicdepression.fr\/wp-content\/uploads\/2019\/08\/ASG_01-400x266.jpg 400w, https:\/\/www.manicdepression.fr\/wp-content\/uploads\/2019\/08\/ASG_01-90x60.jpg 90w, https:\/\/www.manicdepression.fr\/wp-content\/uploads\/2019\/08\/ASG_01-135x90.jpg 135w\" sizes=\"auto, (max-width: 500px) 100vw, 500px\" \/><\/div><\/div><div class=\"su-image-carousel-item\"><div class=\"su-image-carousel-item-content\"><img loading=\"lazy\" decoding=\"async\" width=\"502\" height=\"332\" src=\"https:\/\/www.manicdepression.fr\/wp-content\/uploads\/2019\/08\/ASG_02.jpg\" class=\"\" alt=\"\" srcset=\"https:\/\/www.manicdepression.fr\/wp-content\/uploads\/2019\/08\/ASG_02.jpg 502w, https:\/\/www.manicdepression.fr\/wp-content\/uploads\/2019\/08\/ASG_02-300x198.jpg 300w, https:\/\/www.manicdepression.fr\/wp-content\/uploads\/2019\/08\/ASG_02-500x331.jpg 500w, https:\/\/www.manicdepression.fr\/wp-content\/uploads\/2019\/08\/ASG_02-400x265.jpg 400w, https:\/\/www.manicdepression.fr\/wp-content\/uploads\/2019\/08\/ASG_02-91x60.jpg 91w, https:\/\/www.manicdepression.fr\/wp-content\/uploads\/2019\/08\/ASG_02-136x90.jpg 136w\" sizes=\"auto, (max-width: 502px) 100vw, 502px\" \/><\/div><\/div><div class=\"su-image-carousel-item\"><div class=\"su-image-carousel-item-content\"><img loading=\"lazy\" decoding=\"async\" width=\"500\" height=\"383\" src=\"https:\/\/www.manicdepression.fr\/wp-content\/uploads\/2019\/08\/ASG_03.jpg\" class=\"\" alt=\"\" srcset=\"https:\/\/www.manicdepression.fr\/wp-content\/uploads\/2019\/08\/ASG_03.jpg 500w, https:\/\/www.manicdepression.fr\/wp-content\/uploads\/2019\/08\/ASG_03-300x230.jpg 300w, https:\/\/www.manicdepression.fr\/wp-content\/uploads\/2019\/08\/ASG_03-435x333.jpg 435w, https:\/\/www.manicdepression.fr\/wp-content\/uploads\/2019\/08\/ASG_03-400x306.jpg 400w, https:\/\/www.manicdepression.fr\/wp-content\/uploads\/2019\/08\/ASG_03-78x60.jpg 78w, https:\/\/www.manicdepression.fr\/wp-content\/uploads\/2019\/08\/ASG_03-117x90.jpg 117w\" sizes=\"auto, (max-width: 500px) 100vw, 500px\" \/><\/div><\/div><div class=\"su-image-carousel-item\"><div class=\"su-image-carousel-item-content\"><img loading=\"lazy\" decoding=\"async\" width=\"500\" height=\"375\" src=\"https:\/\/www.manicdepression.fr\/wp-content\/uploads\/2019\/08\/ASG_04.jpg\" class=\"\" alt=\"\" srcset=\"https:\/\/www.manicdepression.fr\/wp-content\/uploads\/2019\/08\/ASG_04.jpg 500w, https:\/\/www.manicdepression.fr\/wp-content\/uploads\/2019\/08\/ASG_04-300x225.jpg 300w, https:\/\/www.manicdepression.fr\/wp-content\/uploads\/2019\/08\/ASG_04-444x333.jpg 444w, https:\/\/www.manicdepression.fr\/wp-content\/uploads\/2019\/08\/ASG_04-400x300.jpg 400w, https:\/\/www.manicdepression.fr\/wp-content\/uploads\/2019\/08\/ASG_04-80x60.jpg 80w, https:\/\/www.manicdepression.fr\/wp-content\/uploads\/2019\/08\/ASG_04-120x90.jpg 120w\" sizes=\"auto, (max-width: 500px) 100vw, 500px\" \/><\/div><\/div><\/div><script id=\"su_image_carousel_6a0337e9de0f2_script\">if(window.SUImageCarousel){setTimeout(function() {window.SUImageCarousel.initGallery(document.getElementById(\"su_image_carousel_6a0337e9de0f2\"))}, 0);}var su_image_carousel_6a0337e9de0f2_script=document.getElementById(\"su_image_carousel_6a0337e9de0f2_script\");if(su_image_carousel_6a0337e9de0f2_script){su_image_carousel_6a0337e9de0f2_script.parentNode.removeChild(su_image_carousel_6a0337e9de0f2_script);}<\/script>\n<p>Let\u2019s make it short : The Sweedish band Agent Side Grinder is certainly (one of) the most interesting 80\u2019s inflluenced contemporary bands !!!<\/p>\n<p>When most of the \u00ab  post punk revival \u00bb bands more or less copy and paste the godfather\u2019s songs, ASG  reflect the roots and spirit of the EarLY 80\u2019S, with their own style, mixing post punk and no Wave with Krautrock, early Industrial,, and electronic exp\u00e9rimentations\u2026<\/p>\n<p>JOY DIVISION meets SUICIDE meets CABARET VOLTAIRE \u2026a must !<\/p>\n<p>On CD1 : a collection of studio tracks  taken from the 2 first albums of the band  originally released on Enfant Terrible :\u00ab self titled\u00bb LP(Sold Out) and \u00ab Irish Recording Tapes \u00bb<\/p>\n<p>On CD2 : a collection of live Tracks recorded live during the European Spring Tour 2010\u2026efficient, tensed and powerful !<\/p>\n<p>This compilation, released in 2011, has been &#8220;extended&#8221; in 2016.<\/p>\n<p><a href=\"http:\/\/transatlantictapeproject.com\/\" rel=\"noopener noreferrer\" target=\"_blank\"><i class=\"fas fa-link fa-2x\"><\/i><\/a> <a href=\"https:\/\/www.youtube.com\/channel\/UCTyEPtytaHcBtrxldwztOZQ\" rel=\"noopener noreferrer\" target=\"_blank\"><i class=\"fab fa-youtube fa-2x\"><\/i><\/a>\u00a0<a href=\"https:\/\/soundcloud.com\/agent-side-grinder\" rel=\"noopener noreferrer\" target=\"_blank\"><i class=\"fab fa-soundcloud fa-2x\"><\/i><\/a>\u00a0<a href=\"https:\/\/twitter.com\/asgsweden\" rel=\"noopener noreferrer\" target=\"_blank\"><i class=\"fab fa-twitter fa-2x\"><\/i><\/a>\u00a0<a href=\"https:\/\/www.facebook.com\/agentsidegrinder\" rel=\"noopener noreferrer\" target=\"_blank\"><i class=\"fab fa-facebook-f fa-2x\"><\/i><\/a><\/p>\n<div class=\"woocommerce columns-3 \"><ul class=\"products columns-3\">\n<li class=\"post post-with-thumbnail post-with-thumbnail-icon product type-product post-6638 status-publish first instock product_cat-digipack product_tag-minimal product_tag-post-punk has-post-thumbnail purchasable product-type-simple\">\n\t<a href=\"https:\/\/www.manicdepression.fr\/en\/produit\/agent-side-grinder-a-x\/\" class=\"woocommerce-LoopProduct-link woocommerce-loop-product__link\"><img loading=\"lazy\" decoding=\"async\" width=\"300\" height=\"297\" src=\"https:\/\/www.manicdepression.fr\/wp-content\/uploads\/2019\/08\/CD-ASG-AX-300x297.jpg\" class=\"attachment-woocommerce_thumbnail size-woocommerce_thumbnail\" alt=\"Agent Side Grinder - A&#8203;\/&#8203;X\" srcset=\"https:\/\/www.manicdepression.fr\/wp-content\/uploads\/2019\/08\/CD-ASG-AX-300x297.jpg 300w, https:\/\/www.manicdepression.fr\/wp-content\/uploads\/2019\/08\/CD-ASG-AX-100x100.jpg 100w, https:\/\/www.manicdepression.fr\/wp-content\/uploads\/2019\/08\/CD-ASG-AX-336x333.jpg 336w, https:\/\/www.manicdepression.fr\/wp-content\/uploads\/2019\/08\/CD-ASG-AX-768x761.jpg 768w, https:\/\/www.manicdepression.fr\/wp-content\/uploads\/2019\/08\/CD-ASG-AX-1024x1015.jpg 1024w, https:\/\/www.manicdepression.fr\/wp-content\/uploads\/2019\/08\/CD-ASG-AX-400x396.jpg 400w, https:\/\/www.manicdepression.fr\/wp-content\/uploads\/2019\/08\/CD-ASG-AX.jpg 720w\" sizes=\"auto, (max-width: 300px) 100vw, 300px\" \/><h2 class=\"woocommerce-loop-product__title\">Agent Side Grinder &#8220;A&#8203;\/&#8203;X&#8221;<\/h2> <a href=\"https:\/\/www.manicdepression.fr\/en\/label\/progress-productions\/\" rel=\"tag\">Progress Productions<\/a>\n\t<span class=\"price\"><I><a href=\"https:\/\/www.manicdepression.fr\/en\/categorie-produit\/cd\/digipack\/\" rel=\"tag\">Digipack<\/a><\/I><\/span>\n\t<span class=\"price\"><I><a href=\"https:\/\/www.manicdepression.fr\/en\/etiquette-produit\/minimal\/\" rel=\"tag\">Minimal<\/a>, <a href=\"https:\/\/www.manicdepression.fr\/en\/etiquette-produit\/post-punk\/\" rel=\"tag\">Post Punk<\/a><\/I><\/span>\n\n\n\t<span class=\"price\"><span class=\"woocommerce-Price-amount amount\"><bdi>13,00<span class=\"woocommerce-Price-currencySymbol\">&euro;<\/span><\/bdi><\/span><\/span>\n\n\n<\/a><a href=\"\/en\/wp-json\/wp\/v2\/pages\/6929?add-to-cart=6638\" aria-describedby=\"woocommerce_loop_add_to_cart_link_describedby_6638\" data-quantity=\"1\" class=\"button product_type_simple add_to_cart_button ajax_add_to_cart\" data-product_id=\"6638\" data-product_sku=\"8bd794b19b58\" aria-label=\"Add to cart: &ldquo;Agent Side Grinder &quot;A&#8203;\/&#8203;X&quot;&rdquo;\" rel=\"nofollow\" data-success_message=\"&ldquo;Agent Side Grinder &quot;A&#8203;\/&#8203;X&quot;&rdquo; has been added to your cart\" role=\"button\">Add to cart<\/a>\t<span id=\"woocommerce_loop_add_to_cart_link_describedby_6638\" class=\"screen-reader-text\">\n\t\t\t<\/span>\n<\/li>\n<li class=\"post post-with-thumbnail post-with-thumbnail-icon product type-product post-6220 status-publish instock product_cat-digipack product_tag-minimal product_tag-post-punk has-post-thumbnail purchasable product-type-simple\">\n\t<a href=\"https:\/\/www.manicdepression.fr\/en\/produit\/agent-side-grinder-alkimia\/\" class=\"woocommerce-LoopProduct-link woocommerce-loop-product__link\"><img loading=\"lazy\" decoding=\"async\" width=\"300\" height=\"308\" src=\"https:\/\/www.manicdepression.fr\/wp-content\/uploads\/2019\/08\/CD-ASG-Alkimia-300x308.jpg\" class=\"attachment-woocommerce_thumbnail size-woocommerce_thumbnail\" alt=\"Agent Side Grinder - Alkimia\" srcset=\"https:\/\/www.manicdepression.fr\/wp-content\/uploads\/2019\/08\/CD-ASG-Alkimia-300x308.jpg 300w, https:\/\/www.manicdepression.fr\/wp-content\/uploads\/2019\/08\/CD-ASG-Alkimia-293x300.jpg 293w, https:\/\/www.manicdepression.fr\/wp-content\/uploads\/2019\/08\/CD-ASG-Alkimia-325x333.jpg 325w, https:\/\/www.manicdepression.fr\/wp-content\/uploads\/2019\/08\/CD-ASG-Alkimia-400x410.jpg 400w, https:\/\/www.manicdepression.fr\/wp-content\/uploads\/2019\/08\/CD-ASG-Alkimia.jpg 600w\" sizes=\"auto, (max-width: 300px) 100vw, 300px\" \/><h2 class=\"woocommerce-loop-product__title\">Agent Side Grinder &#8220;Alkimia&#8221;<\/h2> <a href=\"https:\/\/www.manicdepression.fr\/en\/label\/progress-productions\/\" rel=\"tag\">Progress Productions<\/a>\n\t<span class=\"price\"><I><a href=\"https:\/\/www.manicdepression.fr\/en\/categorie-produit\/cd\/digipack\/\" rel=\"tag\">Digipack<\/a><\/I><\/span>\n\t<span class=\"price\"><I><a href=\"https:\/\/www.manicdepression.fr\/en\/etiquette-produit\/minimal\/\" rel=\"tag\">Minimal<\/a>, <a href=\"https:\/\/www.manicdepression.fr\/en\/etiquette-produit\/post-punk\/\" rel=\"tag\">Post Punk<\/a><\/I><\/span>\n\n\n\t<span class=\"price\"><span class=\"woocommerce-Price-amount amount\"><bdi>13,00<span class=\"woocommerce-Price-currencySymbol\">&euro;<\/span><\/bdi><\/span><\/span>\n\n\n<\/a><a href=\"\/en\/wp-json\/wp\/v2\/pages\/6929?add-to-cart=6220\" aria-describedby=\"woocommerce_loop_add_to_cart_link_describedby_6220\" data-quantity=\"1\" class=\"button product_type_simple add_to_cart_button ajax_add_to_cart\" data-product_id=\"6220\" data-product_sku=\"962b3494d97c\" aria-label=\"Add to cart: &ldquo;Agent Side Grinder &quot;Alkimia&quot;&rdquo;\" rel=\"nofollow\" data-success_message=\"&ldquo;Agent Side Grinder &quot;Alkimia&quot;&rdquo; has been added to your cart\" role=\"button\">Add to cart<\/a>\t<span id=\"woocommerce_loop_add_to_cart_link_describedby_6220\" class=\"screen-reader-text\">\n\t\t\t<\/span>\n<\/li>\n<li class=\"post post-with-thumbnail post-with-thumbnail-icon product type-product post-5751 status-publish last instock product_cat-2x-digipack product_tag-electronic product_tag-post-punk has-post-thumbnail purchasable product-type-simple\">\n\t<a href=\"https:\/\/www.manicdepression.fr\/en\/produit\/agent-side-grinder-industrial-beauty-extended\/\" class=\"woocommerce-LoopProduct-link woocommerce-loop-product__link\"><img loading=\"lazy\" decoding=\"async\" width=\"300\" height=\"270\" src=\"https:\/\/www.manicdepression.fr\/wp-content\/uploads\/2019\/08\/MD053_ASG_IndustrialBeauty-Extended-300x270.jpg\" class=\"attachment-woocommerce_thumbnail size-woocommerce_thumbnail\" alt=\"Agent Side Grinder - Industrial Beauty extended\" srcset=\"https:\/\/www.manicdepression.fr\/wp-content\/uploads\/2019\/08\/MD053_ASG_IndustrialBeauty-Extended-300x270.jpg 300w, https:\/\/www.manicdepression.fr\/wp-content\/uploads\/2019\/08\/MD053_ASG_IndustrialBeauty-Extended-370x333.jpg 370w, https:\/\/www.manicdepression.fr\/wp-content\/uploads\/2019\/08\/MD053_ASG_IndustrialBeauty-Extended.jpg 400w\" sizes=\"auto, (max-width: 300px) 100vw, 300px\" \/><h2 class=\"woocommerce-loop-product__title\">Agent Side Grinder &#8220;Industrial Beauty extended&#8221;<\/h2> <a href=\"https:\/\/www.manicdepression.fr\/en\/label\/manic-depression\/\" rel=\"tag\">Manic Depression<\/a>\n\t<span class=\"price\"><I><a href=\"https:\/\/www.manicdepression.fr\/en\/categorie-produit\/cd\/2x-digipack\/\" rel=\"tag\">2x Digipack<\/a><\/I><\/span>\n\t<span class=\"price\"><I><a href=\"https:\/\/www.manicdepression.fr\/en\/etiquette-produit\/electronic\/\" rel=\"tag\">Electronic<\/a>, <a href=\"https:\/\/www.manicdepression.fr\/en\/etiquette-produit\/post-punk\/\" rel=\"tag\">Post Punk<\/a><\/I><\/span>\n\n\n\t<span class=\"price\"><span class=\"woocommerce-Price-amount amount\"><bdi>16,00<span class=\"woocommerce-Price-currencySymbol\">&euro;<\/span><\/bdi><\/span><\/span>\n\n\n<\/a><a href=\"\/en\/wp-json\/wp\/v2\/pages\/6929?add-to-cart=5751\" aria-describedby=\"woocommerce_loop_add_to_cart_link_describedby_5751\" data-quantity=\"1\" class=\"button product_type_simple add_to_cart_button ajax_add_to_cart\" data-product_id=\"5751\" data-product_sku=\"\" aria-label=\"Add to cart: &ldquo;Agent Side Grinder &quot;Industrial Beauty extended&quot;&rdquo;\" rel=\"nofollow\" data-success_message=\"&ldquo;Agent Side Grinder &quot;Industrial Beauty extended&quot;&rdquo; has been added to your cart\" role=\"button\">Add to cart<\/a>\t<span id=\"woocommerce_loop_add_to_cart_link_describedby_5751\" class=\"screen-reader-text\">\n\t\t\t<\/span>\n<\/li>\n<\/ul>\n<\/div>\n<p><iframe loading=\"lazy\" width=\"420\" height=\"315\" src=\"http:\/\/www.youtube.com\/embed\/maNKSLQtlho\" frameborder=\"0\" allowfullscreen><\/iframe><\/p>\n<p><iframe loading=\"lazy\" width=\"560\" height=\"315\" src=\"https:\/\/www.youtube.com\/embed\/XMe1h6mXfdc\" frameborder=\"0\" allowfullscreen><\/iframe><\/p>\n<p><iframe loading=\"lazy\" width=\"560\" height=\"315\" src=\"https:\/\/www.youtube.com\/embed\/59nrIk2s_Xk\" frameborder=\"0\" allowfullscreen><\/iframe>","protected":false},"excerpt":{"rendered":"<p>[:fr][su_image_carousel source=\"media: 7395,7391,7392,7393,7394\"]<br>Faisons court: les Su\u00e9dois d'Agent Side Grinder sont certainement un des groupe influenc\u00e9 par les 80's le plus int\u00e9ressant du moment !<br>Quand la plupart des groupes du \"post-punk revival\" copient et collent pouls ou moins bien les parrains du style , ASG refl\u00e8tent les racines et l'esprit du d\u00e9but des ann\u00e9es 80, avec leur propre style, m\u00e9lange de post-punk et no wave avec krautrock, le d\u00e9but de l'industriel, et les exp\u00e9rimentations \u00e9lectroniques ...<br>Joy Division rencontre Suicide qui rencontre Cabaret Voltaire... un must!<br>CD 1 : une collection des morceaux des deux premiers albums, initialement publi\u00e9s sur Enfant Terrible: \u00abAgent Side Grinder\" et \"Irish Recording Tapes\"<br>CD2 : une collection de titres live enregistr\u00e9s en direct pendant le printemps 2010... Une tourn\u00e9e europ\u00e9enne efficace, tendue et puissante !&hellip;<\/p>","protected":false},"author":1,"featured_media":0,"parent":66,"menu_order":0,"comment_status":"closed","ping_status":"open","template":"","meta":{"footnotes":""},"class_list":["post-6929","page","type-page","status-publish","hentry","post"],"_links":{"self":[{"href":"https:\/\/www.manicdepression.fr\/en\/wp-json\/wp\/v2\/pages\/6929","targetHints":{"allow":["GET"]}}],"collection":[{"href":"https:\/\/www.manicdepression.fr\/en\/wp-json\/wp\/v2\/pages"}],"about":[{"href":"https:\/\/www.manicdepression.fr\/en\/wp-json\/wp\/v2\/types\/page"}],"author":[{"embeddable":true,"href":"https:\/\/www.manicdepression.fr\/en\/wp-json\/wp\/v2\/users\/1"}],"replies":[{"embeddable":true,"href":"https:\/\/www.manicdepression.fr\/en\/wp-json\/wp\/v2\/comments?post=6929"}],"version-history":[{"count":0,"href":"https:\/\/www.manicdepression.fr\/en\/wp-json\/wp\/v2\/pages\/6929\/revisions"}],"up":[{"embeddable":true,"href":"https:\/\/www.manicdepression.fr\/en\/wp-json\/wp\/v2\/pages\/66"}],"wp:attachment":[{"href":"https:\/\/www.manicdepression.fr\/en\/wp-json\/wp\/v2\/media?parent=6929"}],"curies":[{"name":"wp","href":"https:\/\/api.w.org\/{rel}","templated":true}]}}