{"id":6928,"date":"2019-08-28T18:42:39","date_gmt":"2019-08-28T16:42:39","guid":{"rendered":"https:\/\/www.manicdepression.fr\/crimson-muddle\/"},"modified":"2020-07-28T15:54:58","modified_gmt":"2020-07-28T13:54:58","slug":"crimson-muddle","status":"publish","type":"page","link":"https:\/\/www.manicdepression.fr\/en\/artists\/crimson-muddle\/","title":{"rendered":"Crimson Muddle"},"content":{"rendered":"<div class=\"su-image-carousel  su-image-carousel-has-spacing su-image-carousel-crop su-image-carousel-crop-4-3 su-image-carousel-has-outline su-image-carousel-adaptive su-image-carousel-slides-style-default su-image-carousel-controls-style-dark su-image-carousel-align-none\" style=\"\" data-flickity-options='{\"groupCells\":true,\"cellSelector\":\".su-image-carousel-item\",\"adaptiveHeight\":false,\"cellAlign\":\"left\",\"prevNextButtons\":true,\"pageDots\":true,\"autoPlay\":5000,\"imagesLoaded\":true,\"contain\":true,\"selectedAttraction\":0.025,\"friction\":0.28}' id=\"su_image_carousel_6a06281aabe9f\"><div class=\"su-image-carousel-item\"><div class=\"su-image-carousel-item-content\"><img loading=\"lazy\" decoding=\"async\" width=\"534\" height=\"300\" src=\"https:\/\/www.manicdepression.fr\/wp-content\/uploads\/2019\/08\/CM_8.jpg\" class=\"\" alt=\"\" srcset=\"https:\/\/www.manicdepression.fr\/wp-content\/uploads\/2019\/08\/CM_8.jpg 534w, https:\/\/www.manicdepression.fr\/wp-content\/uploads\/2019\/08\/CM_8-300x169.jpg 300w, https:\/\/www.manicdepression.fr\/wp-content\/uploads\/2019\/08\/CM_8-500x281.jpg 500w, https:\/\/www.manicdepression.fr\/wp-content\/uploads\/2019\/08\/CM_8-400x225.jpg 400w, https:\/\/www.manicdepression.fr\/wp-content\/uploads\/2019\/08\/CM_8-107x60.jpg 107w, https:\/\/www.manicdepression.fr\/wp-content\/uploads\/2019\/08\/CM_8-160x90.jpg 160w\" sizes=\"auto, (max-width: 534px) 100vw, 534px\" \/><\/div><\/div><div class=\"su-image-carousel-item\"><div class=\"su-image-carousel-item-content\"><img loading=\"lazy\" decoding=\"async\" width=\"449\" height=\"300\" src=\"https:\/\/www.manicdepression.fr\/wp-content\/uploads\/2019\/08\/CM_6.jpg\" class=\"\" alt=\"\" srcset=\"https:\/\/www.manicdepression.fr\/wp-content\/uploads\/2019\/08\/CM_6.jpg 449w, https:\/\/www.manicdepression.fr\/wp-content\/uploads\/2019\/08\/CM_6-300x200.jpg 300w, https:\/\/www.manicdepression.fr\/wp-content\/uploads\/2019\/08\/CM_6-272x182.jpg 272w, https:\/\/www.manicdepression.fr\/wp-content\/uploads\/2019\/08\/CM_6-400x267.jpg 400w, https:\/\/www.manicdepression.fr\/wp-content\/uploads\/2019\/08\/CM_6-90x60.jpg 90w, https:\/\/www.manicdepression.fr\/wp-content\/uploads\/2019\/08\/CM_6-135x90.jpg 135w\" sizes=\"auto, (max-width: 449px) 100vw, 449px\" \/><\/div><\/div><div class=\"su-image-carousel-item\"><div class=\"su-image-carousel-item-content\"><img loading=\"lazy\" decoding=\"async\" width=\"451\" height=\"300\" src=\"https:\/\/www.manicdepression.fr\/wp-content\/uploads\/2019\/08\/CM_5.jpg\" class=\"\" alt=\"\" srcset=\"https:\/\/www.manicdepression.fr\/wp-content\/uploads\/2019\/08\/CM_5.jpg 451w, https:\/\/www.manicdepression.fr\/wp-content\/uploads\/2019\/08\/CM_5-300x200.jpg 300w, https:\/\/www.manicdepression.fr\/wp-content\/uploads\/2019\/08\/CM_5-272x182.jpg 272w, https:\/\/www.manicdepression.fr\/wp-content\/uploads\/2019\/08\/CM_5-400x266.jpg 400w, https:\/\/www.manicdepression.fr\/wp-content\/uploads\/2019\/08\/CM_5-90x60.jpg 90w, https:\/\/www.manicdepression.fr\/wp-content\/uploads\/2019\/08\/CM_5-135x90.jpg 135w\" sizes=\"auto, (max-width: 451px) 100vw, 451px\" \/><\/div><\/div><div class=\"su-image-carousel-item\"><div class=\"su-image-carousel-item-content\"><img loading=\"lazy\" decoding=\"async\" width=\"534\" height=\"300\" src=\"https:\/\/www.manicdepression.fr\/wp-content\/uploads\/2019\/08\/CM_2.jpg\" class=\"\" alt=\"\" srcset=\"https:\/\/www.manicdepression.fr\/wp-content\/uploads\/2019\/08\/CM_2.jpg 534w, https:\/\/www.manicdepression.fr\/wp-content\/uploads\/2019\/08\/CM_2-300x169.jpg 300w, https:\/\/www.manicdepression.fr\/wp-content\/uploads\/2019\/08\/CM_2-500x281.jpg 500w, https:\/\/www.manicdepression.fr\/wp-content\/uploads\/2019\/08\/CM_2-400x225.jpg 400w, https:\/\/www.manicdepression.fr\/wp-content\/uploads\/2019\/08\/CM_2-107x60.jpg 107w, https:\/\/www.manicdepression.fr\/wp-content\/uploads\/2019\/08\/CM_2-160x90.jpg 160w\" sizes=\"auto, (max-width: 534px) 100vw, 534px\" \/><\/div><\/div><div class=\"su-image-carousel-item\"><div class=\"su-image-carousel-item-content\"><img loading=\"lazy\" decoding=\"async\" width=\"450\" height=\"300\" src=\"https:\/\/www.manicdepression.fr\/wp-content\/uploads\/2019\/08\/CM_4.jpg\" class=\"\" alt=\"\" srcset=\"https:\/\/www.manicdepression.fr\/wp-content\/uploads\/2019\/08\/CM_4.jpg 450w, https:\/\/www.manicdepression.fr\/wp-content\/uploads\/2019\/08\/CM_4-300x200.jpg 300w, https:\/\/www.manicdepression.fr\/wp-content\/uploads\/2019\/08\/CM_4-272x182.jpg 272w, https:\/\/www.manicdepression.fr\/wp-content\/uploads\/2019\/08\/CM_4-400x267.jpg 400w, https:\/\/www.manicdepression.fr\/wp-content\/uploads\/2019\/08\/CM_4-90x60.jpg 90w, https:\/\/www.manicdepression.fr\/wp-content\/uploads\/2019\/08\/CM_4-135x90.jpg 135w\" sizes=\"auto, (max-width: 450px) 100vw, 450px\" \/><\/div><\/div><div class=\"su-image-carousel-item\"><div class=\"su-image-carousel-item-content\"><img loading=\"lazy\" decoding=\"async\" width=\"449\" height=\"300\" src=\"https:\/\/www.manicdepression.fr\/wp-content\/uploads\/2019\/08\/CM_3.jpg\" class=\"\" alt=\"\" srcset=\"https:\/\/www.manicdepression.fr\/wp-content\/uploads\/2019\/08\/CM_3.jpg 449w, https:\/\/www.manicdepression.fr\/wp-content\/uploads\/2019\/08\/CM_3-300x200.jpg 300w, https:\/\/www.manicdepression.fr\/wp-content\/uploads\/2019\/08\/CM_3-272x182.jpg 272w, https:\/\/www.manicdepression.fr\/wp-content\/uploads\/2019\/08\/CM_3-400x267.jpg 400w, https:\/\/www.manicdepression.fr\/wp-content\/uploads\/2019\/08\/CM_3-90x60.jpg 90w, https:\/\/www.manicdepression.fr\/wp-content\/uploads\/2019\/08\/CM_3-135x90.jpg 135w\" sizes=\"auto, (max-width: 449px) 100vw, 449px\" \/><\/div><\/div><\/div><script id=\"su_image_carousel_6a06281aabe9f_script\">if(window.SUImageCarousel){setTimeout(function() {window.SUImageCarousel.initGallery(document.getElementById(\"su_image_carousel_6a06281aabe9f\"))}, 0);}var su_image_carousel_6a06281aabe9f_script=document.getElementById(\"su_image_carousel_6a06281aabe9f_script\");if(su_image_carousel_6a06281aabe9f_script){su_image_carousel_6a06281aabe9f_script.parentNode.removeChild(su_image_carousel_6a06281aabe9f_script);}<\/script>\n<p>At the beginning of Crimson Muddle, there is Hellebore and her nightmares, nemesis of a complex and multifaceted personality. <\/p>\n<p>In 2008, joining Igor&#8217;s disciples in Deadchovsky, Hellebore stood on its own and gave birth to Crimson Muddle, assisted by Annie-Dog and Abesada.<\/p>\n<p>Improbable mixture of styles, rich experiences of each members, the music of Crimson Muddle oscillates between cold-wave, electro and martial chamber music, through dense and oppressive compositions. Purple ladies materialize their catharsis in a self-produced album, &#8220;Nocturne&#8221;, released in 2010, with the support of Manic Depression.<\/p>\n<p>On stage, the trio embraces the desire to escape the compulsory figures willingly exchanging instruments according to their desires: keyboards, violin, theremin, bass, melodica, glockenspiel, concertina&#8230; but it is not enough!<\/p>\n<p>Soon Gilbert Mudas, drummer Louis Lingg and the Bombs, fulfill the universe of Crimson Muddle, who plays harder and takes a look at more punk consonances. After several years of multiple concerts and mutations, drummer and violinist went to new horizons.<\/p>\n<p>Phoenix joined by the violin, Crimson Muddle rising from the ashes and returns with a new album.<\/p>\n<p><a href=\"https:\/\/www.youtube.com\/channel\/UCXCIwewr8tosR7vfRox7gYw\" rel=\"noopener noreferrer\" target=\"_blank\"><i class=\"fab fa-youtube fa-2x\"><\/i><\/a>\u00a0<a href=\"https:\/\/soundcloud.com\/crimsonmuddle\" rel=\"noopener noreferrer\" target=\"_blank\"><i class=\"fab fa-soundcloud fa-2x\"><\/i><\/a>\u00a0<a href=\"https:\/\/www.facebook.com\/crimson.muddle\" rel=\"noopener noreferrer\" target=\"_blank\"><i class=\"fab fa-facebook-f fa-2x\"><\/i><\/a><\/p>\n<div class=\"woocommerce columns-3 \"><ul class=\"products columns-3\">\n<li class=\"post post-with-thumbnail post-with-thumbnail-icon product type-product post-5307 status-publish first instock product_cat-digipack product_tag-baroque product_tag-cold-wave product_tag-post-punk has-post-thumbnail purchasable product-type-simple\">\n\t<a href=\"https:\/\/www.manicdepression.fr\/en\/produit\/crimson-muddle-la-rousalka\/\" class=\"woocommerce-LoopProduct-link woocommerce-loop-product__link\"><img loading=\"lazy\" decoding=\"async\" width=\"300\" height=\"270\" src=\"https:\/\/www.manicdepression.fr\/wp-content\/uploads\/2019\/08\/MD44_CrimsonMuddle_LaRousalka.jpg\" class=\"attachment-woocommerce_thumbnail size-woocommerce_thumbnail\" alt=\"Crimson Muddle - La Rousalka\" \/><h2 class=\"woocommerce-loop-product__title\">Crimson Muddle &#8220;La Rousalka&#8221;<\/h2> <a href=\"https:\/\/www.manicdepression.fr\/en\/label\/manic-depression\/\" rel=\"tag\">Manic Depression<\/a>\n\t<span class=\"price\"><I><a href=\"https:\/\/www.manicdepression.fr\/en\/categorie-produit\/cd\/digipack\/\" rel=\"tag\">Digipack<\/a><\/I><\/span>\n\t<span class=\"price\"><I><a href=\"https:\/\/www.manicdepression.fr\/en\/etiquette-produit\/baroque\/\" rel=\"tag\">Baroque<\/a>, <a href=\"https:\/\/www.manicdepression.fr\/en\/etiquette-produit\/cold-wave\/\" rel=\"tag\">Cold Wave<\/a>, <a href=\"https:\/\/www.manicdepression.fr\/en\/etiquette-produit\/post-punk\/\" rel=\"tag\">Post Punk<\/a><\/I><\/span>\n\n\n\t<span class=\"price\"><span class=\"woocommerce-Price-amount amount\"><bdi>12,00<span class=\"woocommerce-Price-currencySymbol\">&euro;<\/span><\/bdi><\/span><\/span>\n\n\n<\/a><a href=\"\/en\/wp-json\/wp\/v2\/pages\/6928?add-to-cart=5307\" aria-describedby=\"woocommerce_loop_add_to_cart_link_describedby_5307\" data-quantity=\"1\" class=\"button product_type_simple add_to_cart_button ajax_add_to_cart\" data-product_id=\"5307\" data-product_sku=\"18496d42a324\" aria-label=\"Add to cart: &ldquo;Crimson Muddle &quot;La Rousalka&quot;&rdquo;\" rel=\"nofollow\" data-success_message=\"&ldquo;Crimson Muddle &quot;La Rousalka&quot;&rdquo; has been added to your cart\" role=\"button\">Add to cart<\/a>\t<span id=\"woocommerce_loop_add_to_cart_link_describedby_5307\" class=\"screen-reader-text\">\n\t\t\t<\/span>\n<\/li>\n<li class=\"post post-with-thumbnail post-with-thumbnail-icon product type-product post-4482 status-publish instock product_cat-cd-crystal product_tag-batcave product_tag-cabaret product_tag-new-wave product_tag-post-punk has-post-thumbnail purchasable product-type-simple\">\n\t<a href=\"https:\/\/www.manicdepression.fr\/en\/produit\/crimson-muddle-nocturne\/\" class=\"woocommerce-LoopProduct-link woocommerce-loop-product__link\"><img loading=\"lazy\" decoding=\"async\" width=\"300\" height=\"300\" src=\"https:\/\/www.manicdepression.fr\/wp-content\/uploads\/2019\/08\/crimsonmuddle.jpg\" class=\"attachment-woocommerce_thumbnail size-woocommerce_thumbnail\" alt=\"Crimson Muddle - Nocturne\" srcset=\"https:\/\/www.manicdepression.fr\/wp-content\/uploads\/2019\/08\/crimsonmuddle.jpg 300w, https:\/\/www.manicdepression.fr\/wp-content\/uploads\/2019\/08\/crimsonmuddle-100x100.jpg 100w\" sizes=\"auto, (max-width: 300px) 100vw, 300px\" \/><h2 class=\"woocommerce-loop-product__title\">Crimson Muddle &#8220;Nocturne&#8221;<\/h2> <a href=\"https:\/\/www.manicdepression.fr\/en\/label\/manic-depression\/\" rel=\"tag\">Manic Depression<\/a>\n\t<span class=\"price\"><I><a href=\"https:\/\/www.manicdepression.fr\/en\/categorie-produit\/cd\/cd-crystal\/\" rel=\"tag\">CD Crystal<\/a><\/I><\/span>\n\t<span class=\"price\"><I><a href=\"https:\/\/www.manicdepression.fr\/en\/etiquette-produit\/batcave\/\" rel=\"tag\">Batcave<\/a>, <a href=\"https:\/\/www.manicdepression.fr\/en\/etiquette-produit\/cabaret\/\" rel=\"tag\">Cabaret<\/a>, <a href=\"https:\/\/www.manicdepression.fr\/en\/etiquette-produit\/new-wave\/\" rel=\"tag\">New Wave<\/a>, <a href=\"https:\/\/www.manicdepression.fr\/en\/etiquette-produit\/post-punk\/\" rel=\"tag\">Post Punk<\/a><\/I><\/span>\n\n\n\t<span class=\"price\"><span class=\"woocommerce-Price-amount amount\"><bdi>12,00<span class=\"woocommerce-Price-currencySymbol\">&euro;<\/span><\/bdi><\/span><\/span>\n\n\n<\/a><a href=\"\/en\/wp-json\/wp\/v2\/pages\/6928?add-to-cart=4482\" aria-describedby=\"woocommerce_loop_add_to_cart_link_describedby_4482\" data-quantity=\"1\" class=\"button product_type_simple add_to_cart_button ajax_add_to_cart\" data-product_id=\"4482\" data-product_sku=\"65fc8a7c8f01\" aria-label=\"Add to cart: &ldquo;Crimson Muddle &quot;Nocturne&quot;&rdquo;\" rel=\"nofollow\" data-success_message=\"&ldquo;Crimson Muddle &quot;Nocturne&quot;&rdquo; has been added to your cart\" role=\"button\">Add to cart<\/a>\t<span id=\"woocommerce_loop_add_to_cart_link_describedby_4482\" class=\"screen-reader-text\">\n\t\t\t<\/span>\n<\/li>\n<\/ul>\n<\/div>\n<p><iframe loading=\"lazy\" width=\"420\" height=\"315\" src=\"https:\/\/www.youtube.com\/embed\/cVFWPQb--4o\" frameborder=\"0\" allowfullscreen><\/iframe><\/p>\n<p><iframe loading=\"lazy\" width=\"420\" height=\"315\" src=\"http:\/\/www.youtube.com\/embed\/PhW3HkZZ-eI\" frameborder=\"0\" allowfullscreen><\/iframe>","protected":false},"excerpt":{"rendered":"<p>[:fr][su_image_carousel source=\"media: 7670,7668,7667,7664,7666,7665\"]<br>A l'origine de Crimson Muddle, il y a Hellebore et ses cauchemars, nemesis d'une personnalit\u00e9 complexe et plurielle.<br>En 2008, apr\u00e8s s'\u00eatre jointe aux disciples d'Igor au sein de Deadchovsky, Hellebore vole de ses propres ailes et accouche de Crimson Muddle, assist\u00e9e par Annie-Dog et Abesada.<br>Mixture improbable de styles vari\u00e9s, riche des exp\u00e9riences de chacune, la musique de Crimson Muddle oscille entre cold-wave, electro martiale et musique de chambre, \u00e0 travers des compositions denses et oppressantes. Les dames pourpres concr\u00e9tisent leur catharsis dans un<br>album, \" Nocturne\", sorti en 2010 en autoproduction avec le soutien de Manic Depression.<br>Sur sc\u00e8ne, le trio embrasse cette volont\u00e9 de fuir les figures impos\u00e9es en \u00e9changeant volontiers leurs instruments au gr\u00e9 de leurs envies: claviers, violon, th\u00e9remine, basse, m\u00e9lodica, glockenspiel, concertina...mais \u00e7a ne suffit pas! Bient\u00f4t, Gilbert Mudas, batteur de Louis Lingg and the Bombs, vient compl\u00e9ter l'univers de Crimson Muddle, qui joue plus fort et prend une allure aux consonnances plus punk. Apr\u00e8s plusieurs ann\u00e9es de multiples concerts et de mutations, le batteur et la violoniste sont partis vers de nouveaux horizons.&hellip;<\/p>","protected":false},"author":1,"featured_media":0,"parent":66,"menu_order":0,"comment_status":"closed","ping_status":"open","template":"","meta":{"footnotes":""},"class_list":["post-6928","page","type-page","status-publish","hentry","post"],"_links":{"self":[{"href":"https:\/\/www.manicdepression.fr\/en\/wp-json\/wp\/v2\/pages\/6928","targetHints":{"allow":["GET"]}}],"collection":[{"href":"https:\/\/www.manicdepression.fr\/en\/wp-json\/wp\/v2\/pages"}],"about":[{"href":"https:\/\/www.manicdepression.fr\/en\/wp-json\/wp\/v2\/types\/page"}],"author":[{"embeddable":true,"href":"https:\/\/www.manicdepression.fr\/en\/wp-json\/wp\/v2\/users\/1"}],"replies":[{"embeddable":true,"href":"https:\/\/www.manicdepression.fr\/en\/wp-json\/wp\/v2\/comments?post=6928"}],"version-history":[{"count":0,"href":"https:\/\/www.manicdepression.fr\/en\/wp-json\/wp\/v2\/pages\/6928\/revisions"}],"up":[{"embeddable":true,"href":"https:\/\/www.manicdepression.fr\/en\/wp-json\/wp\/v2\/pages\/66"}],"wp:attachment":[{"href":"https:\/\/www.manicdepression.fr\/en\/wp-json\/wp\/v2\/media?parent=6928"}],"curies":[{"name":"wp","href":"https:\/\/api.w.org\/{rel}","templated":true}]}}