{"id":6914,"date":"2019-08-28T18:42:37","date_gmt":"2019-08-28T16:42:37","guid":{"rendered":"https:\/\/www.manicdepression.fr\/zuruck-placenta\/"},"modified":"2020-07-28T15:56:36","modified_gmt":"2020-07-28T13:56:36","slug":"zuruck-placenta","status":"publish","type":"page","link":"https:\/\/www.manicdepression.fr\/en\/artists\/zuruck-placenta\/","title":{"rendered":"Zuruck Placenta"},"content":{"rendered":"<div class=\"su-image-carousel  su-image-carousel-has-spacing su-image-carousel-crop su-image-carousel-crop-4-3 su-image-carousel-has-outline su-image-carousel-adaptive su-image-carousel-slides-style-default su-image-carousel-controls-style-dark su-image-carousel-align-none\" style=\"\" data-flickity-options='{\"groupCells\":true,\"cellSelector\":\".su-image-carousel-item\",\"adaptiveHeight\":false,\"cellAlign\":\"left\",\"prevNextButtons\":true,\"pageDots\":true,\"autoPlay\":5000,\"imagesLoaded\":true,\"contain\":true,\"selectedAttraction\":0.025,\"friction\":0.28}' id=\"su_image_carousel_69f34f94834e8\"><div class=\"su-image-carousel-item\"><div class=\"su-image-carousel-item-content\"><img loading=\"lazy\" decoding=\"async\" width=\"600\" height=\"408\" src=\"https:\/\/www.manicdepression.fr\/wp-content\/uploads\/2019\/08\/zp3.jpg\" class=\"\" alt=\"\" srcset=\"https:\/\/www.manicdepression.fr\/wp-content\/uploads\/2019\/08\/zp3.jpg 600w, https:\/\/www.manicdepression.fr\/wp-content\/uploads\/2019\/08\/zp3-300x204.jpg 300w, https:\/\/www.manicdepression.fr\/wp-content\/uploads\/2019\/08\/zp3-400x272.jpg 400w, https:\/\/www.manicdepression.fr\/wp-content\/uploads\/2019\/08\/zp3-490x333.jpg 490w, https:\/\/www.manicdepression.fr\/wp-content\/uploads\/2019\/08\/zp3-88x60.jpg 88w, https:\/\/www.manicdepression.fr\/wp-content\/uploads\/2019\/08\/zp3-132x90.jpg 132w\" sizes=\"auto, (max-width: 600px) 100vw, 600px\" \/><\/div><\/div><div class=\"su-image-carousel-item\"><div class=\"su-image-carousel-item-content\"><img loading=\"lazy\" decoding=\"async\" width=\"344\" height=\"343\" src=\"https:\/\/www.manicdepression.fr\/wp-content\/uploads\/2019\/08\/zp4.jpg\" class=\"\" alt=\"\" srcset=\"https:\/\/www.manicdepression.fr\/wp-content\/uploads\/2019\/08\/zp4.jpg 344w, https:\/\/www.manicdepression.fr\/wp-content\/uploads\/2019\/08\/zp4-300x299.jpg 300w, https:\/\/www.manicdepression.fr\/wp-content\/uploads\/2019\/08\/zp4-100x100.jpg 100w, https:\/\/www.manicdepression.fr\/wp-content\/uploads\/2019\/08\/zp4-334x333.jpg 334w, https:\/\/www.manicdepression.fr\/wp-content\/uploads\/2019\/08\/zp4-200x200.jpg 200w, https:\/\/www.manicdepression.fr\/wp-content\/uploads\/2019\/08\/zp4-60x60.jpg 60w, https:\/\/www.manicdepression.fr\/wp-content\/uploads\/2019\/08\/zp4-90x90.jpg 90w\" sizes=\"auto, (max-width: 344px) 100vw, 344px\" \/><\/div><\/div><div class=\"su-image-carousel-item\"><div class=\"su-image-carousel-item-content\"><img loading=\"lazy\" decoding=\"async\" width=\"600\" height=\"409\" src=\"https:\/\/www.manicdepression.fr\/wp-content\/uploads\/2019\/08\/zp2.jpg\" class=\"\" alt=\"\" srcset=\"https:\/\/www.manicdepression.fr\/wp-content\/uploads\/2019\/08\/zp2.jpg 600w, https:\/\/www.manicdepression.fr\/wp-content\/uploads\/2019\/08\/zp2-300x205.jpg 300w, https:\/\/www.manicdepression.fr\/wp-content\/uploads\/2019\/08\/zp2-400x273.jpg 400w, https:\/\/www.manicdepression.fr\/wp-content\/uploads\/2019\/08\/zp2-489x333.jpg 489w, https:\/\/www.manicdepression.fr\/wp-content\/uploads\/2019\/08\/zp2-88x60.jpg 88w, https:\/\/www.manicdepression.fr\/wp-content\/uploads\/2019\/08\/zp2-132x90.jpg 132w\" sizes=\"auto, (max-width: 600px) 100vw, 600px\" \/><\/div><\/div><div class=\"su-image-carousel-item\"><div class=\"su-image-carousel-item-content\"><img loading=\"lazy\" decoding=\"async\" width=\"600\" height=\"403\" src=\"https:\/\/www.manicdepression.fr\/wp-content\/uploads\/2019\/08\/zp1.jpg\" class=\"\" alt=\"\" srcset=\"https:\/\/www.manicdepression.fr\/wp-content\/uploads\/2019\/08\/zp1.jpg 600w, https:\/\/www.manicdepression.fr\/wp-content\/uploads\/2019\/08\/zp1-300x202.jpg 300w, https:\/\/www.manicdepression.fr\/wp-content\/uploads\/2019\/08\/zp1-400x269.jpg 400w, https:\/\/www.manicdepression.fr\/wp-content\/uploads\/2019\/08\/zp1-496x333.jpg 496w, https:\/\/www.manicdepression.fr\/wp-content\/uploads\/2019\/08\/zp1-272x182.jpg 272w, https:\/\/www.manicdepression.fr\/wp-content\/uploads\/2019\/08\/zp1-89x60.jpg 89w, https:\/\/www.manicdepression.fr\/wp-content\/uploads\/2019\/08\/zp1-134x90.jpg 134w\" sizes=\"auto, (max-width: 600px) 100vw, 600px\" \/><\/div><\/div><\/div><script id=\"su_image_carousel_69f34f94834e8_script\">if(window.SUImageCarousel){setTimeout(function() {window.SUImageCarousel.initGallery(document.getElementById(\"su_image_carousel_69f34f94834e8\"))}, 0);}var su_image_carousel_69f34f94834e8_script=document.getElementById(\"su_image_carousel_69f34f94834e8_script\");if(su_image_carousel_69f34f94834e8_script){su_image_carousel_69f34f94834e8_script.parentNode.removeChild(su_image_carousel_69f34f94834e8_script);}<\/script>\n<p>At the beginning they were CAPHARNA\u00dcM, then APOLLONS DEPRESSIFS<br \/>\nDuring the 80s, the name and line-up changed regularly until 1988 by the name of ZUR\u00dcCK PLACENTA.<br \/>\nZUR\u00dcCK PLACENTA&#8217;s music is a mix of powerfull Cold-wave and dark 80&#8217;s gothic rock, with some industrial influences, and even Hard-Core&#8230;<br \/>\nThe band has a strong personnality and a sharp and heavy sound, obvious influences, but well inetrated&#8230;<br \/>\nIn a Post-Punk attitude (DIY), ZP will release a first demo in 1990, then the self-titled album in 1992, produced by Jean Taxis (Asylum Party, Babel 17, Complot Br\u00fcnswick, Norma Loy\u2026).<br \/>\nZP splited in late 1992, leaving behind them a unique and mythical album, which deserves its rank among the weird and cult temple of French Cold-Wave.<\/p>\n<p><a href=\"http:\/\/zuruckplacenta.free.fr\/\" rel=\"noopener noreferrer\" target=\"_blank\"><i class=\"fas fa-link fa-2x\"><\/i><\/a><\/p>\n<div class=\"woocommerce \"><ul class=\"products columns-3\">\n<li class=\"post post-with-thumbnail post-with-thumbnail-large product type-product post-4314 status-publish first instock product_cat-cd-crystal product_tag-cold-wave product_tag-post-punk has-post-thumbnail purchasable product-type-simple\">\n\t<a href=\"https:\/\/www.manicdepression.fr\/en\/produit\/zuruck-placenta-zuruck-placenta\/\" class=\"woocommerce-LoopProduct-link woocommerce-loop-product__link\"><img loading=\"lazy\" decoding=\"async\" width=\"200\" height=\"198\" src=\"https:\/\/www.manicdepression.fr\/wp-content\/uploads\/2019\/08\/cover_zuruck.jpg\" class=\"attachment-woocommerce_thumbnail size-woocommerce_thumbnail\" alt=\"Zuruck Placenta - Zuruck Placenta\" srcset=\"https:\/\/www.manicdepression.fr\/wp-content\/uploads\/2019\/08\/cover_zuruck.jpg 200w, https:\/\/www.manicdepression.fr\/wp-content\/uploads\/2019\/08\/cover_zuruck-100x100.jpg 100w, https:\/\/www.manicdepression.fr\/wp-content\/uploads\/2019\/08\/cover_zuruck-61x60.jpg 61w, https:\/\/www.manicdepression.fr\/wp-content\/uploads\/2019\/08\/cover_zuruck-91x90.jpg 91w\" sizes=\"auto, (max-width: 200px) 100vw, 200px\" \/><h2 class=\"woocommerce-loop-product__title\">Zuruck Placenta &#8220;Zuruck Placenta&#8221;<\/h2> <a href=\"https:\/\/www.manicdepression.fr\/en\/label\/manic-depression\/\" rel=\"tag\">Manic Depression<\/a>\n\t<span class=\"price\"><I><a href=\"https:\/\/www.manicdepression.fr\/en\/categorie-produit\/cd\/cd-crystal\/\" rel=\"tag\">CD Crystal<\/a><\/I><\/span>\n\t<span class=\"price\"><I><a href=\"https:\/\/www.manicdepression.fr\/en\/etiquette-produit\/cold-wave\/\" rel=\"tag\">Cold Wave<\/a>, <a href=\"https:\/\/www.manicdepression.fr\/en\/etiquette-produit\/post-punk\/\" rel=\"tag\">Post Punk<\/a><\/I><\/span>\n\n\n\t<span class=\"price\"><span class=\"woocommerce-Price-amount amount\"><bdi>10,00<span class=\"woocommerce-Price-currencySymbol\">&euro;<\/span><\/bdi><\/span><\/span>\n\n\n<\/a><a href=\"\/en\/wp-json\/wp\/v2\/pages\/6914?add-to-cart=4314\" aria-describedby=\"woocommerce_loop_add_to_cart_link_describedby_4314\" data-quantity=\"1\" class=\"button product_type_simple add_to_cart_button ajax_add_to_cart\" data-product_id=\"4314\" data-product_sku=\"6d854a0199a0\" aria-label=\"Add to cart: &ldquo;Zuruck Placenta &quot;Zuruck Placenta&quot;&rdquo;\" rel=\"nofollow\" data-success_message=\"&ldquo;Zuruck Placenta &quot;Zuruck Placenta&quot;&rdquo; has been added to your cart\" role=\"button\">Add to cart<\/a>\t<span id=\"woocommerce_loop_add_to_cart_link_describedby_4314\" class=\"screen-reader-text\">\n\t\t\t<\/span>\n<\/li>\n<\/ul>\n<\/div>\n<p><iframe loading=\"lazy\" title=\"Zur\u00fcck Placenta - Le silence des murs\" width=\"720\" height=\"540\" src=\"https:\/\/www.youtube.com\/embed\/9t8DIGokX7g?feature=oembed\" frameborder=\"0\" allow=\"accelerometer; autoplay; encrypted-media; gyroscope; picture-in-picture\" allowfullscreen><\/iframe><br \/>\nhttps:\/\/youtu.be\/-LjVW_5Cz2k","protected":false},"excerpt":{"rendered":"<p>At the beginning they were CAPHARNA\u00dcM, then APOLLONS DEPRESSIFS During the 80s, the name and line-up changed regularly until 1988 by the name of ZUR\u00dcCK PLACENTA. ZUR\u00dcCK PLACENTA&#8217;s music is a mix of powerfull Cold-wave and dark 80&#8217;s gothic rock, with some industrial influences, and even Hard-Core&#8230; The band has a strong personnality and a [&hellip;]<\/p>\n","protected":false},"author":1,"featured_media":0,"parent":66,"menu_order":0,"comment_status":"closed","ping_status":"open","template":"","meta":{"footnotes":""},"class_list":["post-6914","page","type-page","status-publish","hentry","post"],"_links":{"self":[{"href":"https:\/\/www.manicdepression.fr\/en\/wp-json\/wp\/v2\/pages\/6914","targetHints":{"allow":["GET"]}}],"collection":[{"href":"https:\/\/www.manicdepression.fr\/en\/wp-json\/wp\/v2\/pages"}],"about":[{"href":"https:\/\/www.manicdepression.fr\/en\/wp-json\/wp\/v2\/types\/page"}],"author":[{"embeddable":true,"href":"https:\/\/www.manicdepression.fr\/en\/wp-json\/wp\/v2\/users\/1"}],"replies":[{"embeddable":true,"href":"https:\/\/www.manicdepression.fr\/en\/wp-json\/wp\/v2\/comments?post=6914"}],"version-history":[{"count":0,"href":"https:\/\/www.manicdepression.fr\/en\/wp-json\/wp\/v2\/pages\/6914\/revisions"}],"up":[{"embeddable":true,"href":"https:\/\/www.manicdepression.fr\/en\/wp-json\/wp\/v2\/pages\/66"}],"wp:attachment":[{"href":"https:\/\/www.manicdepression.fr\/en\/wp-json\/wp\/v2\/media?parent=6914"}],"curies":[{"name":"wp","href":"https:\/\/api.w.org\/{rel}","templated":true}]}}