{"id":6911,"date":"2019-08-28T18:42:37","date_gmt":"2019-08-28T16:42:37","guid":{"rendered":"https:\/\/www.manicdepression.fr\/deadchovsky\/"},"modified":"2020-07-28T15:54:58","modified_gmt":"2020-07-28T13:54:58","slug":"deadchovsky","status":"publish","type":"page","link":"https:\/\/www.manicdepression.fr\/en\/artists\/deadchovsky\/","title":{"rendered":"Deadchovsky"},"content":{"rendered":"<div class=\"su-image-carousel  su-image-carousel-has-spacing su-image-carousel-crop su-image-carousel-crop-4-3 su-image-carousel-has-outline su-image-carousel-adaptive su-image-carousel-slides-style-default su-image-carousel-controls-style-dark su-image-carousel-align-none\" style=\"\" data-flickity-options='{\"groupCells\":true,\"cellSelector\":\".su-image-carousel-item\",\"adaptiveHeight\":false,\"cellAlign\":\"left\",\"prevNextButtons\":true,\"pageDots\":true,\"autoPlay\":5000,\"imagesLoaded\":true,\"contain\":true,\"selectedAttraction\":0.025,\"friction\":0.28}' id=\"su_image_carousel_69ff0db91e641\"><div class=\"su-image-carousel-item\"><div class=\"su-image-carousel-item-content\"><img loading=\"lazy\" decoding=\"async\" width=\"300\" height=\"200\" src=\"https:\/\/www.manicdepression.fr\/wp-content\/uploads\/2019\/08\/deadchovsky.png\" class=\"\" alt=\"\" srcset=\"https:\/\/www.manicdepression.fr\/wp-content\/uploads\/2019\/08\/deadchovsky.png 300w, https:\/\/www.manicdepression.fr\/wp-content\/uploads\/2019\/08\/deadchovsky-272x182.png 272w, https:\/\/www.manicdepression.fr\/wp-content\/uploads\/2019\/08\/deadchovsky-90x60.png 90w, https:\/\/www.manicdepression.fr\/wp-content\/uploads\/2019\/08\/deadchovsky-135x90.png 135w\" sizes=\"auto, (max-width: 300px) 100vw, 300px\" \/><\/div><\/div><div class=\"su-image-carousel-item\"><div class=\"su-image-carousel-item-content\"><img loading=\"lazy\" decoding=\"async\" width=\"400\" height=\"369\" src=\"https:\/\/www.manicdepression.fr\/wp-content\/uploads\/2019\/08\/deadchovsky4.jpg\" class=\"\" alt=\"\" srcset=\"https:\/\/www.manicdepression.fr\/wp-content\/uploads\/2019\/08\/deadchovsky4.jpg 400w, https:\/\/www.manicdepression.fr\/wp-content\/uploads\/2019\/08\/deadchovsky4-300x277.jpg 300w, https:\/\/www.manicdepression.fr\/wp-content\/uploads\/2019\/08\/deadchovsky4-361x333.jpg 361w, https:\/\/www.manicdepression.fr\/wp-content\/uploads\/2019\/08\/deadchovsky4-65x60.jpg 65w, https:\/\/www.manicdepression.fr\/wp-content\/uploads\/2019\/08\/deadchovsky4-98x90.jpg 98w\" sizes=\"auto, (max-width: 400px) 100vw, 400px\" \/><\/div><\/div><div class=\"su-image-carousel-item\"><div class=\"su-image-carousel-item-content\"><img loading=\"lazy\" decoding=\"async\" width=\"320\" height=\"400\" src=\"https:\/\/www.manicdepression.fr\/wp-content\/uploads\/2019\/08\/deadchovsky3.jpg\" class=\"\" alt=\"\" srcset=\"https:\/\/www.manicdepression.fr\/wp-content\/uploads\/2019\/08\/deadchovsky3.jpg 320w, https:\/\/www.manicdepression.fr\/wp-content\/uploads\/2019\/08\/deadchovsky3-240x300.jpg 240w, https:\/\/www.manicdepression.fr\/wp-content\/uploads\/2019\/08\/deadchovsky3-266x333.jpg 266w, https:\/\/www.manicdepression.fr\/wp-content\/uploads\/2019\/08\/deadchovsky3-300x375.jpg 300w, https:\/\/www.manicdepression.fr\/wp-content\/uploads\/2019\/08\/deadchovsky3-48x60.jpg 48w, https:\/\/www.manicdepression.fr\/wp-content\/uploads\/2019\/08\/deadchovsky3-72x90.jpg 72w\" sizes=\"auto, (max-width: 320px) 100vw, 320px\" \/><\/div><\/div><div class=\"su-image-carousel-item\"><div class=\"su-image-carousel-item-content\"><img loading=\"lazy\" decoding=\"async\" width=\"300\" height=\"400\" src=\"https:\/\/www.manicdepression.fr\/wp-content\/uploads\/2019\/08\/deadchovsky2.jpg\" class=\"\" alt=\"\" srcset=\"https:\/\/www.manicdepression.fr\/wp-content\/uploads\/2019\/08\/deadchovsky2.jpg 300w, https:\/\/www.manicdepression.fr\/wp-content\/uploads\/2019\/08\/deadchovsky2-225x300.jpg 225w\" sizes=\"auto, (max-width: 300px) 100vw, 300px\" \/><\/div><\/div><div class=\"su-image-carousel-item\"><div class=\"su-image-carousel-item-content\"><img loading=\"lazy\" decoding=\"async\" width=\"600\" height=\"450\" src=\"https:\/\/www.manicdepression.fr\/wp-content\/uploads\/2019\/08\/deadchovsky1.jpg\" class=\"\" alt=\"\" srcset=\"https:\/\/www.manicdepression.fr\/wp-content\/uploads\/2019\/08\/deadchovsky1.jpg 600w, https:\/\/www.manicdepression.fr\/wp-content\/uploads\/2019\/08\/deadchovsky1-300x225.jpg 300w, https:\/\/www.manicdepression.fr\/wp-content\/uploads\/2019\/08\/deadchovsky1-444x333.jpg 444w, https:\/\/www.manicdepression.fr\/wp-content\/uploads\/2019\/08\/deadchovsky1-400x300.jpg 400w, https:\/\/www.manicdepression.fr\/wp-content\/uploads\/2019\/08\/deadchovsky1-80x60.jpg 80w, https:\/\/www.manicdepression.fr\/wp-content\/uploads\/2019\/08\/deadchovsky1-120x90.jpg 120w\" sizes=\"auto, (max-width: 600px) 100vw, 600px\" \/><\/div><\/div><\/div><script id=\"su_image_carousel_69ff0db91e641_script\">if(window.SUImageCarousel){setTimeout(function() {window.SUImageCarousel.initGallery(document.getElementById(\"su_image_carousel_69ff0db91e641\"))}, 0);}var su_image_carousel_69ff0db91e641_script=document.getElementById(\"su_image_carousel_69ff0db91e641_script\");if(su_image_carousel_69ff0db91e641_script){su_image_carousel_69ff0db91e641_script.parentNode.removeChild(su_image_carousel_69ff0db91e641_script);}<\/script>\n<p>All began with Igor, the now famous beggar\/prophet. No one knows who he is and where he comes from. Living in another dimension, he wanders across a fake Eastern Europe to spread the message of the decadence revolution. After drinking a bottle of cheap vodka, he discovers that his brain could help to transmit the message in the normal-third-dimension world. <\/p>\n<p>In the end of the summer 2003, Lois John Slut (guitar) and Afterglauk (one-string-bass\/one-vocal-chord) realise they are the hemispheres of Igor&#8217;s brain. They are not totally conscious of this, but enough to leave the cold-wave band Trespass and to create Deadchovsky.<\/p>\n<p>The very begining of Deadchovsky is a total nonsense: they record the track &#8220;Falling Curtain&#8221; to make a joke to Sleeping Children. They give the same track to Lionel of Manic Depression Records to make believe it was some polish\/hungarian underground band. Then they use a picture of G\u00f6tterdammerung as their own on their website. But the project became serious&#8230;<\/p>\n<p>In december 2003, Le Bab (keyboard) and Albator (drums) from the new-wave band Malaise Rouge (ex-Regard) joined the band. They recorded together the labyrinthic and dement &#8220;Decadence Revolution&#8221; LP which is released in October 2004 through Manic Depression Records (the only one who had the bollocks to sign Deadchovsky).<\/p>\n<p>The music may remind Neva, Sex Gang Children, Violet Stigmata, Le Sourire D\u00e9cousu, Alien Sex Fiend, Killing Joke, Joy Division&#8230; and many others. &#8220;Decadence Revolution&#8221; gets a good feedback worldwide (only in the batcave\/death-rock scene of course!).<\/p>\n<p>In March 2005, Le Bab and Albator leave the band and are replaced by Hellebore (Crimson Muddle) and Braen X Divarre (Alternative Zero, ex-Trespass) who quickly reach the brain.<\/p>\n<p>After some gigs in Europe with bands such as Clan of Xymox, Ausgang, Sleeping Children, Jacquy Bitch&#8230; Deadchovsky is planning to record the second LP: &#8220;Spiritus Sancti Bizarre&#8221; (still with the drunken ravens of Manic Depression Records) and to play more and more everywhere!<\/p>\n<div class=\"woocommerce columns-3 \"><ul class=\"products columns-3\">\n<li class=\"post post-with-thumbnail post-with-thumbnail-icon product type-product post-4328 status-publish first instock product_cat-cd-crystal product_tag-batcave has-post-thumbnail purchasable product-type-simple\">\n\t<a href=\"https:\/\/www.manicdepression.fr\/en\/produit\/deadchovsky-spiritus-sancti-bizarre\/\" class=\"woocommerce-LoopProduct-link woocommerce-loop-product__link\"><img loading=\"lazy\" decoding=\"async\" width=\"202\" height=\"200\" src=\"https:\/\/www.manicdepression.fr\/wp-content\/uploads\/2019\/08\/deadchovsky_cover2.jpg\" class=\"attachment-woocommerce_thumbnail size-woocommerce_thumbnail\" alt=\"Deadchovsky - Spiritus Sancti Bizarre\" srcset=\"https:\/\/www.manicdepression.fr\/wp-content\/uploads\/2019\/08\/deadchovsky_cover2.jpg 202w, https:\/\/www.manicdepression.fr\/wp-content\/uploads\/2019\/08\/deadchovsky_cover2-100x100.jpg 100w\" sizes=\"auto, (max-width: 202px) 100vw, 202px\" \/><h2 class=\"woocommerce-loop-product__title\">Deadchovsky &#8220;Spiritus Sancti Bizarre&#8221;<\/h2> <a href=\"https:\/\/www.manicdepression.fr\/en\/label\/manic-depression\/\" rel=\"tag\">Manic Depression<\/a>\n\t<span class=\"price\"><I><a href=\"https:\/\/www.manicdepression.fr\/en\/categorie-produit\/cd\/cd-crystal\/\" rel=\"tag\">CD Crystal<\/a><\/I><\/span>\n\t<span class=\"price\"><I><a href=\"https:\/\/www.manicdepression.fr\/en\/etiquette-produit\/batcave\/\" rel=\"tag\">Batcave<\/a><\/I><\/span>\n\n\n\t<span class=\"price\"><span class=\"woocommerce-Price-amount amount\"><bdi>10,00<span class=\"woocommerce-Price-currencySymbol\">&euro;<\/span><\/bdi><\/span><\/span>\n\n\n<\/a><a href=\"\/en\/wp-json\/wp\/v2\/pages\/6911?add-to-cart=4328\" aria-describedby=\"woocommerce_loop_add_to_cart_link_describedby_4328\" data-quantity=\"1\" class=\"button product_type_simple add_to_cart_button ajax_add_to_cart\" data-product_id=\"4328\" data-product_sku=\"6b42e940e1c7\" aria-label=\"Add to cart: &ldquo;Deadchovsky &quot;Spiritus Sancti Bizarre&quot;&rdquo;\" rel=\"nofollow\" data-success_message=\"&ldquo;Deadchovsky &quot;Spiritus Sancti Bizarre&quot;&rdquo; has been added to your cart\" role=\"button\">Add to cart<\/a>\t<span id=\"woocommerce_loop_add_to_cart_link_describedby_4328\" class=\"screen-reader-text\">\n\t\t\t<\/span>\n<\/li>\n<li class=\"post post-with-thumbnail post-with-thumbnail-icon product type-product post-4271 status-publish instock product_cat-cd-crystal product_tag-batcave has-post-thumbnail purchasable product-type-simple\">\n\t<a href=\"https:\/\/www.manicdepression.fr\/en\/produit\/deadchovsky-decadence-revolution\/\" class=\"woocommerce-LoopProduct-link woocommerce-loop-product__link\"><img loading=\"lazy\" decoding=\"async\" width=\"200\" height=\"197\" src=\"https:\/\/www.manicdepression.fr\/wp-content\/uploads\/2019\/08\/deadchovsky_cover_200.jpg\" class=\"attachment-woocommerce_thumbnail size-woocommerce_thumbnail\" alt=\"Deadchovsky - Decadence Revolution\" srcset=\"https:\/\/www.manicdepression.fr\/wp-content\/uploads\/2019\/08\/deadchovsky_cover_200.jpg 200w, https:\/\/www.manicdepression.fr\/wp-content\/uploads\/2019\/08\/deadchovsky_cover_200-100x100.jpg 100w\" sizes=\"auto, (max-width: 200px) 100vw, 200px\" \/><h2 class=\"woocommerce-loop-product__title\">Deadchovsky &#8220;Decadence Revolution&#8221;<\/h2> <a href=\"https:\/\/www.manicdepression.fr\/en\/label\/manic-depression\/\" rel=\"tag\">Manic Depression<\/a>\n\t<span class=\"price\"><I><a href=\"https:\/\/www.manicdepression.fr\/en\/categorie-produit\/cd\/cd-crystal\/\" rel=\"tag\">CD Crystal<\/a><\/I><\/span>\n\t<span class=\"price\"><I><a href=\"https:\/\/www.manicdepression.fr\/en\/etiquette-produit\/batcave\/\" rel=\"tag\">Batcave<\/a><\/I><\/span>\n\n\n\t<span class=\"price\"><span class=\"woocommerce-Price-amount amount\"><bdi>5,00<span class=\"woocommerce-Price-currencySymbol\">&euro;<\/span><\/bdi><\/span><\/span>\n\n\n<\/a><a href=\"\/en\/wp-json\/wp\/v2\/pages\/6911?add-to-cart=4271\" aria-describedby=\"woocommerce_loop_add_to_cart_link_describedby_4271\" data-quantity=\"1\" class=\"button product_type_simple add_to_cart_button ajax_add_to_cart\" data-product_id=\"4271\" data-product_sku=\"e01e6fae8100\" aria-label=\"Add to cart: &ldquo;Deadchovsky &quot;Decadence Revolution&quot;&rdquo;\" rel=\"nofollow\" data-success_message=\"&ldquo;Deadchovsky &quot;Decadence Revolution&quot;&rdquo; has been added to your cart\" role=\"button\">Add to cart<\/a>\t<span id=\"woocommerce_loop_add_to_cart_link_describedby_4271\" class=\"screen-reader-text\">\n\t\t\t<\/span>\n<\/li>\n<\/ul>\n<\/div>\n<p><iframe loading=\"lazy\" title=\"Deadchovsky   Sol\u00e9ne Is a Batcave    YouTube\" width=\"720\" height=\"540\" src=\"https:\/\/www.youtube.com\/embed\/dgUqFwJziSM?feature=oembed\" frameborder=\"0\" allow=\"accelerometer; autoplay; encrypted-media; gyroscope; picture-in-picture\" allowfullscreen><\/iframe><br \/>\n<iframe loading=\"lazy\" title=\"Deadchovsky G\u00e9n\u00e9ration Tchernobyl.wmv\" width=\"720\" height=\"540\" src=\"https:\/\/www.youtube.com\/embed\/C5oA8GwfUhY?feature=oembed\" frameborder=\"0\" allow=\"accelerometer; autoplay; encrypted-media; gyroscope; picture-in-picture\" allowfullscreen><\/iframe><br \/>\nhttps:\/\/youtu.be\/dqnKsQt-iP8","protected":false},"excerpt":{"rendered":"<p>[:fr][su_image_carousel source=\"media: 7719,7723,7722,7721,7720\"]<br>Tout commen\u00e7a avec Igor le proph\u00e8te\/clochard venu d\u2019ailleurs. Vivant dans une dimension parall\u00e8le \u00e0 la n\u00f4tre, il \u00e9cume les squats d\u2019une Europe de l\u2019Est quadridimensionnelle afin de r\u00e9pandre le message de la r\u00e9volution de la d\u00e9cadence. Apr\u00e8s l\u2019utilisation \u00e0 bon escient d\u2019une bouteille de vodka bon march\u00e9, il d\u00e9couvre que les deux h\u00e9misph\u00e8res de son cerveau peuvent l\u2019aider \u00e0 sa propagande dans le monde normal et tridimensionnel.<br>A la fin de l\u2019\u00e9t\u00e9 2003, Lois John Slut (guitare) et Afterglauk (basse une corde\/une corde vocale) r\u00e9alisent qu\u2019ils sont les h\u00e9misph\u00e8res du cerveau d\u2019Igor. Ils n\u2019en sont pas totalement conscients, mais assez pour quitter le groupe de cold-wave Trespass et cr\u00e9er Deadchovsky.<br>Les d\u00e9buts du groupe sont un non-sens total : ils enregistrent le titre \u00abFalling Curtain\u00bb pour faire une blague aux Sleeping Children. Fiers de leur connerie, ils donnent le m\u00eame titre \u00e0 Lionel de Manic Depression, en lui faisant croire que c\u2019est un groupe inconnu d\u2019Europe de l\u2019Est. Non content de cela, ils utilisent une photo du groupe G\u00f6tterdammerung sur leur site internet. Mais le projet devient s\u00e9rieux\u2026<br>En d\u00e9cembre 2003 : Le Bab (claviers) et Albator (batterie), du groupe de new-wave Malaise Rouge, joignent le groupe. Ils enregistrent le d\u00e9ment et labyrinthique \u00ab Decadence Revolution \u00bb en novembre de l\u2019an de gr\u00e2ce 2004 sur Manic Depression Records (les seuls qui veulent bien les signer, mais qui croient encore que c\u2019est un groupe polonais\u2026).<br>La musique peut rappeler Neva, Sex Gang Children, Violet Stigmata, Le Sourire D\u00e9cousu, Alien Sex Fiend, Killing Joke, Joy Division et plein d\u2019autres\u2026 \u00ab Decadence Revolution \u00bb b\u00e9n\u00e9ficie de bons retours dans la presse internationale (seulement sur la sc\u00e8ne death-rock\/batcave \u00e9videmment !).&hellip;<\/p>","protected":false},"author":1,"featured_media":0,"parent":66,"menu_order":0,"comment_status":"closed","ping_status":"open","template":"","meta":{"footnotes":""},"class_list":["post-6911","page","type-page","status-publish","hentry","post"],"_links":{"self":[{"href":"https:\/\/www.manicdepression.fr\/en\/wp-json\/wp\/v2\/pages\/6911","targetHints":{"allow":["GET"]}}],"collection":[{"href":"https:\/\/www.manicdepression.fr\/en\/wp-json\/wp\/v2\/pages"}],"about":[{"href":"https:\/\/www.manicdepression.fr\/en\/wp-json\/wp\/v2\/types\/page"}],"author":[{"embeddable":true,"href":"https:\/\/www.manicdepression.fr\/en\/wp-json\/wp\/v2\/users\/1"}],"replies":[{"embeddable":true,"href":"https:\/\/www.manicdepression.fr\/en\/wp-json\/wp\/v2\/comments?post=6911"}],"version-history":[{"count":0,"href":"https:\/\/www.manicdepression.fr\/en\/wp-json\/wp\/v2\/pages\/6911\/revisions"}],"up":[{"embeddable":true,"href":"https:\/\/www.manicdepression.fr\/en\/wp-json\/wp\/v2\/pages\/66"}],"wp:attachment":[{"href":"https:\/\/www.manicdepression.fr\/en\/wp-json\/wp\/v2\/media?parent=6911"}],"curies":[{"name":"wp","href":"https:\/\/api.w.org\/{rel}","templated":true}]}}