{"id":10707,"date":"2019-09-09T14:13:28","date_gmt":"2019-09-09T12:13:28","guid":{"rendered":"https:\/\/www.manicdepression.fr\/?page_id=10707"},"modified":"2020-07-23T17:46:22","modified_gmt":"2020-07-23T15:46:22","slug":"events","status":"publish","type":"page","link":"https:\/\/www.manicdepression.fr\/en\/events\/","title":{"rendered":"Events"},"content":{"rendered":"<div id=\"fb-root\"><\/div>\n<p><script async defer crossorigin=\"anonymous\" src=\"https:\/\/connect.facebook.net\/fr_FR\/sdk.js#xfbml=1&#038;version=v7.0&#038;appId=162692927141044&#038;autoLogAppEvents=1\" nonce=\"x5LOMtAo\"><\/script>This page tries to gather the different concerts of the label&#8217;s bands and the events we support, not the events we organize&#8230;.<\/p>\n<div class=\"fb-page\" data-href=\"https:\/\/www.facebook.com\/manicdepressionrecords\/\" data-tabs=\"events\" data-width=\"800\" data-height=\"1500\" data-small-header=\"false\" data-adapt-container-width=\"true\" data-hide-cover=\"true\" data-show-facepile=\"true\">\n<blockquote cite=\"https:\/\/www.facebook.com\/manicdepressionrecords\/\" class=\"fb-xfbml-parse-ignore\"><p><a href=\"https:\/\/www.facebook.com\/manicdepressionrecords\/\">Manic Depression Records &amp; Events<\/a><\/p><\/blockquote>\n<\/div>","protected":false},"excerpt":{"rendered":"<p>[:fr]<br>Cette page tente de rassembler les diff\u00e9rents concerts des groupes du label et les \u00e9v\u00e9nements que nous soutenons, pas les \u00e9v\u00e9nements que nous organisons\u2026<br>Manic Depression Records & Events[:en]<br>This page tries to gather the different concerts of the label's bands and the events we support, not the events we organize....<br>Manic Depression Records & Events[:]&hellip;<\/p>","protected":false},"author":1,"featured_media":0,"parent":0,"menu_order":0,"comment_status":"closed","ping_status":"closed","template":"home-panels.php","meta":{"footnotes":""},"class_list":["post-10707","page","type-page","status-publish","hentry","post"],"_links":{"self":[{"href":"https:\/\/www.manicdepression.fr\/en\/wp-json\/wp\/v2\/pages\/10707","targetHints":{"allow":["GET"]}}],"collection":[{"href":"https:\/\/www.manicdepression.fr\/en\/wp-json\/wp\/v2\/pages"}],"about":[{"href":"https:\/\/www.manicdepression.fr\/en\/wp-json\/wp\/v2\/types\/page"}],"author":[{"embeddable":true,"href":"https:\/\/www.manicdepression.fr\/en\/wp-json\/wp\/v2\/users\/1"}],"replies":[{"embeddable":true,"href":"https:\/\/www.manicdepression.fr\/en\/wp-json\/wp\/v2\/comments?post=10707"}],"version-history":[{"count":0,"href":"https:\/\/www.manicdepression.fr\/en\/wp-json\/wp\/v2\/pages\/10707\/revisions"}],"wp:attachment":[{"href":"https:\/\/www.manicdepression.fr\/en\/wp-json\/wp\/v2\/media?parent=10707"}],"curies":[{"name":"wp","href":"https:\/\/api.w.org\/{rel}","templated":true}]}}